{"id":175,"date":"2021-04-08T12:26:14","date_gmt":"2021-04-08T10:26:14","guid":{"rendered":"https:\/\/wordpress.nibis.de\/ovakara\/?page_id=175"},"modified":"2025-10-09T10:52:47","modified_gmt":"2025-10-09T08:52:47","slug":"ganztagsschule","status":"publish","type":"page","link":"https:\/\/wordpress.nibis.de\/ovakara\/ganztagsschule\/","title":{"rendered":"Ganztag"},"content":{"rendered":"\n<div class=\"wp-block-image\"><figure class=\"alignright\"><img loading=\"lazy\" decoding=\"async\" width=\"375\" height=\"380\" src=\"https:\/\/wordpress.nibis.de\/ovakara\/files\/2021\/04\/LOGO-Ganztag.png\" alt=\"\" class=\"wp-image-95\" srcset=\"https:\/\/wordpress.nibis.de\/ovakara\/files\/2021\/04\/LOGO-Ganztag.png 375w, https:\/\/wordpress.nibis.de\/ovakara\/files\/2021\/04\/LOGO-Ganztag-296x300.png 296w, https:\/\/wordpress.nibis.de\/ovakara\/files\/2021\/04\/LOGO-Ganztag-80x80.png 80w\" sizes=\"auto, (max-width: 375px) 100vw, 375px\" \/><\/figure><\/div>\n\n\n\n<p>Seit 2012 haben alle Kinder unserer Schule die M\u00f6glichkeit von Montag bis Donnerstag an ein bis vier Tagen in der Woche in der Zeit von 13:00 bis 15:30 Uhr an unserem Ganztagsangebot teilzunehmen.<\/p>\n\n\n\n<p><\/p>\n\n\n\n<p>Unser Ganztagsteam betreut die teilnehmenden Kinder aktuell in 6 Stammgruppen, sodass die Jahrg\u00e4nge untereinander nicht gemischt werden. Das Team besteht aus einer Verantwortlichen f\u00fcr den Ganztagsbereich und 6 Stammgruppenbetreuerinnen.<\/p>\n\n\n\n<figure class=\"wp-block-image size-large is-resized\"><img loading=\"lazy\" decoding=\"async\" src=\"https:\/\/wordpress.nibis.de\/ovakara\/files\/2025\/10\/2025__Ovakara_KuK_KB_00106922-1024x683.jpg\" alt=\"\" class=\"wp-image-3805\" width=\"670\" height=\"446\" srcset=\"https:\/\/wordpress.nibis.de\/ovakara\/files\/2025\/10\/2025__Ovakara_KuK_KB_00106922-1024x683.jpg 1024w, https:\/\/wordpress.nibis.de\/ovakara\/files\/2025\/10\/2025__Ovakara_KuK_KB_00106922-300x200.jpg 300w, https:\/\/wordpress.nibis.de\/ovakara\/files\/2025\/10\/2025__Ovakara_KuK_KB_00106922-768x512.jpg 768w, https:\/\/wordpress.nibis.de\/ovakara\/files\/2025\/10\/2025__Ovakara_KuK_KB_00106922-1536x1024.jpg 1536w, https:\/\/wordpress.nibis.de\/ovakara\/files\/2025\/10\/2025__Ovakara_KuK_KB_00106922-2048x1365.jpg 2048w\" sizes=\"auto, (max-width: 670px) 100vw, 670px\" \/><\/figure>\n\n\n\n<p><\/p>\n\n\n\n<p>Unser Ganztagsteam: Ulrike Brockmann, Tanja Schrader, Petra Reich, Ute Liebhold, Valentina Klein, Sabine Wende, Elena Schemeit<\/p>\n\n\n\n<p>F\u00fcr die Kinder gliedert sich der Nachmittag in 3 Bereiche: Mittagessen, Hausaufgabenzeit und AG-Zeit. Am Dienstag findet zus\u00e4tzlich eine Wegbegleitung zur \u00f6rtlichen Kirche zum Unterricht f\u00fcr Konfi 3\/4 statt. In jedem Halbjahr k\u00f6nnen die Kinder aus abwechslungsreichen AG- Angeboten ausw\u00e4hlen und so ihren Interessen nachgehen oder Neues ausprobieren. Die Teilnahme am Ganztagsangebot ist freiwillig. Die Anmeldung verpflichtet f\u00fcr die Dauer eines Schulhalbjahres oder eines Schuljahres zur regelm\u00e4\u00dfigen Teilnahme.<\/p>\n\n\n\n<p>Bei R\u00fcckfragen erreichen Sie Petra Reich \u00fcber IServ , telefonisch unter 05373 9813902 &nbsp;oder per Email: <a href=\"m&#97;&#105;&#x6c;&#x74;&#x6f;:&#114;&#101;&#x69;&#x63;&#x68;&#46;p&#101;&#x74;&#x72;&#x61;&#64;s&#103;&#45;&#x6d;&#x65;&#x69;n&#101;&#114;&#x73;&#x65;&#x6e;&#46;&#100;&#101;\">&#x72;&#x65;&#x69;&#x63;&#x68;&#x2e;&#112;&#101;&#116;&#114;a&#64;sg&#x2d;&#x6d;&#x65;&#x69;&#x6e;&#x65;&#114;&#115;&#101;&#110;&#46;de<\/a><\/p>\n","protected":false},"excerpt":{"rendered":"<p>Seit 2012 haben alle Kinder unserer Schule die M\u00f6glichkeit von Montag bis Donnerstag an ein bis vier Tagen in der Woche in der Zeit von 13:00 bis 15:30 Uhr an unserem Ganztagsangebot teilzunehmen. Unser Ganztagsteam betreut die teilnehmenden Kinder aktuell in 6 Stammgruppen, sodass die Jahrg\u00e4nge untereinander nicht gemischt werden. Das Team besteht aus einer [&hellip;]<\/p>\n","protected":false},"author":9193785,"featured_media":0,"parent":0,"menu_order":0,"comment_status":"closed","ping_status":"closed","template":"","meta":{"footnotes":""},"class_list":["post-175","page","type-page","status-publish","hentry"],"_links":{"self":[{"href":"https:\/\/wordpress.nibis.de\/ovakara\/wp-json\/wp\/v2\/pages\/175","targetHints":{"allow":["GET"]}}],"collection":[{"href":"https:\/\/wordpress.nibis.de\/ovakara\/wp-json\/wp\/v2\/pages"}],"about":[{"href":"https:\/\/wordpress.nibis.de\/ovakara\/wp-json\/wp\/v2\/types\/page"}],"author":[{"embeddable":true,"href":"https:\/\/wordpress.nibis.de\/ovakara\/wp-json\/wp\/v2\/users\/9193785"}],"replies":[{"embeddable":true,"href":"https:\/\/wordpress.nibis.de\/ovakara\/wp-json\/wp\/v2\/comments?post=175"}],"version-history":[{"count":24,"href":"https:\/\/wordpress.nibis.de\/ovakara\/wp-json\/wp\/v2\/pages\/175\/revisions"}],"predecessor-version":[{"id":3807,"href":"https:\/\/wordpress.nibis.de\/ovakara\/wp-json\/wp\/v2\/pages\/175\/revisions\/3807"}],"wp:attachment":[{"href":"https:\/\/wordpress.nibis.de\/ovakara\/wp-json\/wp\/v2\/media?parent=175"}],"curies":[{"name":"wp","href":"https:\/\/api.w.org\/{rel}","templated":true}]}}