{"id":1803,"date":"2022-11-11T11:18:27","date_gmt":"2022-11-11T10:18:27","guid":{"rendered":"https:\/\/wordpress.nibis.de\/ovakara\/?page_id=1803"},"modified":"2024-08-30T11:13:18","modified_gmt":"2024-08-30T09:13:18","slug":"gll-gesund-leben-lernen","status":"publish","type":"page","link":"https:\/\/wordpress.nibis.de\/ovakara\/gll-gesund-leben-lernen\/","title":{"rendered":"GLL Gesund Leben Lernen"},"content":{"rendered":"\n<p><\/p>\n\n\n<p>\u00a0<\/p>\n<p>Wir als Ovakara Grundschule nehmen seit dem Schuljahr 2021\/22 am nieders\u00e4chsischen Gesundheitsmanageprogramm f\u00fcr Schulen &#8222;Gesund Leben Lernen (GLL)&#8220; teil. Dieses Programm wird uns als Schule die n\u00e4chsten 2 Jahre begleiten. Bei &#8222;Gesund Leben Lernen&#8220; handelt es sich um ein Kooperationsprogramm zwischen den gesetzlichen Krankenkassen und der Landesvereinigung f\u00fcr Gesundheit und Akademie f\u00fcr Sozialmedizin Niedersachsen unter der Programmleitung des nieders\u00e4chsischen Kultusministeriums. Das Programm hat das Ziel, mit der Einf\u00fchrung eines Gesundheitsmanagements den &#8222;Lern- und Arbeitsort Schule&#8220; dauerhaft zu einer m\u00f6glichst gesunden Lebenswelt zu entwickeln &#8211; f\u00fcr Sch\u00fclerinnen und Sch\u00fcler und Lehrkr\u00e4fte gleicherma\u00dfen.<br \/>Um herauszufinden, welche Aspekte gesunder Lebens- und Arbeitsverh\u00e4ltnisse wir als erstes an unserer Schule verwirklichen wollen, wurde in KW 09 mit allen Sch\u00fclerinnen und Sch\u00fcler unserer Schule eine Klimakonferenz durchgef\u00fchrt. Die Klimakonferenz ist eine erprobte Methode, mit m\u00f6glichst vielen Sch\u00fclerinnen und Sch\u00fclern ins Gespr\u00e4ch zu kommen, Antworten und Ideen zu b\u00fcndeln, und gemeinsam an abgestimmten Aktivit\u00e4ten zu arbeiten.<\/p>\n\n\n<figure class=\"wp-block-image size-large\"><img loading=\"lazy\" decoding=\"async\" width=\"1024\" height=\"576\" src=\"https:\/\/wordpress.nibis.de\/ovakara\/files\/2022\/03\/Symbole-1024x576.png\" alt=\"\" class=\"wp-image-1430\" \/><\/figure>\n\n\n\n<p>Nachdem die Fragen von jedem Kind innerhalb einer Klasse beantwortet und L\u00f6sungsvorschl\u00e4ge gemacht wurden, trafen sich die Klassensprecher aller Klassen. Gemeinsam haben sie sich dar\u00fcber ausgetauscht, welche Top 4 Themen in ihrer Klasse entstanden sind. Aber auch weitere wichtige Themen der Klassen wurden genannt und auf einer Pinnwand gesammelt.<\/p>\n\n\n\n<figure class=\"wp-block-gallery has-nested-images columns-default is-cropped wp-block-gallery-1 is-layout-flex wp-block-gallery-is-layout-flex\">\n<figure class=\"wp-block-image size-large\"><img loading=\"lazy\" decoding=\"async\" width=\"1280\" height=\"720\" data-id=\"1434\" src=\"https:\/\/wordpress.nibis.de\/ovakara\/files\/2022\/03\/Auswertung-GLL.png\" alt=\"\" class=\"wp-image-1434\" srcset=\"https:\/\/wordpress.nibis.de\/ovakara\/files\/2022\/03\/Auswertung-GLL.png 1280w, https:\/\/wordpress.nibis.de\/ovakara\/files\/2022\/03\/Auswertung-GLL-300x169.png 300w, https:\/\/wordpress.nibis.de\/ovakara\/files\/2022\/03\/Auswertung-GLL-1024x576.png 1024w, https:\/\/wordpress.nibis.de\/ovakara\/files\/2022\/03\/Auswertung-GLL-768x432.png 768w\" sizes=\"auto, (max-width: 1280px) 100vw, 1280px\" \/><\/figure>\n\n\n\n<figure class=\"wp-block-image size-large\"><img loading=\"lazy\" decoding=\"async\" width=\"2448\" height=\"2448\" data-id=\"1432\" src=\"https:\/\/wordpress.nibis.de\/ovakara\/files\/2022\/03\/755C46B5-8249-41C0-8608-93DE064AF62D-rotated.jpeg\" alt=\"\" class=\"wp-image-1432\" srcset=\"https:\/\/wordpress.nibis.de\/ovakara\/files\/2022\/03\/755C46B5-8249-41C0-8608-93DE064AF62D-rotated.jpeg 2448w, https:\/\/wordpress.nibis.de\/ovakara\/files\/2022\/03\/755C46B5-8249-41C0-8608-93DE064AF62D-300x300.jpeg 300w, https:\/\/wordpress.nibis.de\/ovakara\/files\/2022\/03\/755C46B5-8249-41C0-8608-93DE064AF62D-1024x1024.jpeg 1024w, https:\/\/wordpress.nibis.de\/ovakara\/files\/2022\/03\/755C46B5-8249-41C0-8608-93DE064AF62D-150x150.jpeg 150w, https:\/\/wordpress.nibis.de\/ovakara\/files\/2022\/03\/755C46B5-8249-41C0-8608-93DE064AF62D-768x768.jpeg 768w, https:\/\/wordpress.nibis.de\/ovakara\/files\/2022\/03\/755C46B5-8249-41C0-8608-93DE064AF62D-1536x1536.jpeg 1536w, https:\/\/wordpress.nibis.de\/ovakara\/files\/2022\/03\/755C46B5-8249-41C0-8608-93DE064AF62D-2048x2048.jpeg 2048w, https:\/\/wordpress.nibis.de\/ovakara\/files\/2022\/03\/755C46B5-8249-41C0-8608-93DE064AF62D-80x80.jpeg 80w, https:\/\/wordpress.nibis.de\/ovakara\/files\/2022\/03\/755C46B5-8249-41C0-8608-93DE064AF62D-320x320.jpeg 320w\" sizes=\"auto, (max-width: 2448px) 100vw, 2448px\" \/><\/figure>\n<\/figure>\n\n\n","protected":false},"excerpt":{"rendered":"<p>\u00a0 Wir als Ovakara Grundschule nehmen seit dem Schuljahr 2021\/22 am nieders\u00e4chsischen Gesundheitsmanageprogramm f\u00fcr Schulen &#8222;Gesund Leben Lernen (GLL)&#8220; teil. Dieses Programm wird uns als Schule die n\u00e4chsten 2 Jahre begleiten. Bei &#8222;Gesund Leben Lernen&#8220; handelt es sich um ein Kooperationsprogramm zwischen den gesetzlichen Krankenkassen und der Landesvereinigung f\u00fcr Gesundheit und Akademie f\u00fcr Sozialmedizin Niedersachsen [&hellip;]<\/p>\n","protected":false},"author":9193774,"featured_media":1422,"parent":0,"menu_order":0,"comment_status":"closed","ping_status":"closed","template":"","meta":{"footnotes":""},"class_list":["post-1803","page","type-page","status-publish","has-post-thumbnail","hentry"],"_links":{"self":[{"href":"https:\/\/wordpress.nibis.de\/ovakara\/wp-json\/wp\/v2\/pages\/1803","targetHints":{"allow":["GET"]}}],"collection":[{"href":"https:\/\/wordpress.nibis.de\/ovakara\/wp-json\/wp\/v2\/pages"}],"about":[{"href":"https:\/\/wordpress.nibis.de\/ovakara\/wp-json\/wp\/v2\/types\/page"}],"author":[{"embeddable":true,"href":"https:\/\/wordpress.nibis.de\/ovakara\/wp-json\/wp\/v2\/users\/9193774"}],"replies":[{"embeddable":true,"href":"https:\/\/wordpress.nibis.de\/ovakara\/wp-json\/wp\/v2\/comments?post=1803"}],"version-history":[{"count":6,"href":"https:\/\/wordpress.nibis.de\/ovakara\/wp-json\/wp\/v2\/pages\/1803\/revisions"}],"predecessor-version":[{"id":3183,"href":"https:\/\/wordpress.nibis.de\/ovakara\/wp-json\/wp\/v2\/pages\/1803\/revisions\/3183"}],"wp:featuredmedia":[{"embeddable":true,"href":"https:\/\/wordpress.nibis.de\/ovakara\/wp-json\/wp\/v2\/media\/1422"}],"wp:attachment":[{"href":"https:\/\/wordpress.nibis.de\/ovakara\/wp-json\/wp\/v2\/media?parent=1803"}],"curies":[{"name":"wp","href":"https:\/\/api.w.org\/{rel}","templated":true}]}}