{"id":206,"date":"2021-04-09T09:21:47","date_gmt":"2021-04-09T07:21:47","guid":{"rendered":"https:\/\/wordpress.nibis.de\/ovakara\/?page_id=206"},"modified":"2021-04-29T13:01:51","modified_gmt":"2021-04-29T11:01:51","slug":"unsere-schule","status":"publish","type":"page","link":"https:\/\/wordpress.nibis.de\/ovakara\/unsere-schule\/","title":{"rendered":"Unsere Schule"},"content":{"rendered":"<p><span style=\"font-family: arial, helvetica, sans-serif;color: #3366ff\"><strong>GEGENSEITIG ST\u00c4RKEN \u00a0 \u00a0\u00a0 GEMEINSAM LERNEN<\/strong><\/span><\/p>\n<p><span style=\"font-family: arial, helvetica, sans-serif\">Wir achten darauf, dass der gemeinsame Umgang von Toleranz, Respekt und R\u00fccksichtnahme gepr\u00e4gt ist.<\/span><\/p>\n<p><span style=\"font-family: arial, helvetica, sans-serif\">Wir pflegen die vertrauensvolle Zusammenarbeit mit allen, die an der Erziehung und der Bildung beteiligt sind.<\/span><\/p>\n<p><span style=\"font-family: arial, helvetica, sans-serif\">Wir f\u00f6rdern und fordern die Sch\u00fcler und Sch\u00fclerinnen gezielt nach ihren Begabungen sowie in ihrer Selbstst\u00e4ndigkeit, Eigenverantwortlichkeit und Hilfsbereitschaft.<\/span><\/p>\n<p><span style=\"font-family: arial, helvetica, sans-serif\">Wir legen besonderen Wert auf eine f\u00f6rderliche Umgebung und schaffen ein Lern- und Arbeitsklima, das die Lernfreude aller unterst\u00fctzt.<\/span><\/p>\n<p><span style=\"font-family: arial, helvetica, sans-serif\">Wir schaffen einen Ort des Lernens und des Zusammenlebens, der die Individualit\u00e4t aller ber\u00fccksichtigt und nutzt.<\/span><\/p>\n<p><span style=\"color: #00ccff\"><strong>WIR STEHEN F\u00dcR VERTRAUEN UND VERANTWORTUNG!<\/strong><\/span><\/p>\n","protected":false},"excerpt":{"rendered":"<p>GEGENSEITIG ST\u00c4RKEN \u00a0 \u00a0\u00a0 GEMEINSAM LERNEN Wir achten darauf, dass der gemeinsame Umgang von Toleranz, Respekt und R\u00fccksichtnahme gepr\u00e4gt ist. Wir pflegen die vertrauensvolle Zusammenarbeit mit allen, die an der Erziehung und der Bildung beteiligt sind. Wir f\u00f6rdern und fordern die Sch\u00fcler und Sch\u00fclerinnen gezielt nach ihren Begabungen sowie in ihrer Selbstst\u00e4ndigkeit, Eigenverantwortlichkeit und Hilfsbereitschaft. [&hellip;]<\/p>\n","protected":false},"author":9193774,"featured_media":0,"parent":0,"menu_order":0,"comment_status":"closed","ping_status":"closed","template":"","meta":{"footnotes":""},"class_list":["post-206","page","type-page","status-publish","hentry"],"_links":{"self":[{"href":"https:\/\/wordpress.nibis.de\/ovakara\/wp-json\/wp\/v2\/pages\/206","targetHints":{"allow":["GET"]}}],"collection":[{"href":"https:\/\/wordpress.nibis.de\/ovakara\/wp-json\/wp\/v2\/pages"}],"about":[{"href":"https:\/\/wordpress.nibis.de\/ovakara\/wp-json\/wp\/v2\/types\/page"}],"author":[{"embeddable":true,"href":"https:\/\/wordpress.nibis.de\/ovakara\/wp-json\/wp\/v2\/users\/9193774"}],"replies":[{"embeddable":true,"href":"https:\/\/wordpress.nibis.de\/ovakara\/wp-json\/wp\/v2\/comments?post=206"}],"version-history":[{"count":16,"href":"https:\/\/wordpress.nibis.de\/ovakara\/wp-json\/wp\/v2\/pages\/206\/revisions"}],"predecessor-version":[{"id":1682,"href":"https:\/\/wordpress.nibis.de\/ovakara\/wp-json\/wp\/v2\/pages\/206\/revisions\/1682"}],"wp:attachment":[{"href":"https:\/\/wordpress.nibis.de\/ovakara\/wp-json\/wp\/v2\/media?parent=206"}],"curies":[{"name":"wp","href":"https:\/\/api.w.org\/{rel}","templated":true}]}}