{"id":238,"date":"2021-04-09T10:58:48","date_gmt":"2021-04-09T08:58:48","guid":{"rendered":"https:\/\/wordpress.nibis.de\/ovakara\/?page_id=238"},"modified":"2025-04-25T12:55:50","modified_gmt":"2025-04-25T10:55:50","slug":"infos","status":"publish","type":"page","link":"https:\/\/wordpress.nibis.de\/ovakara\/infos\/","title":{"rendered":"Infos"},"content":{"rendered":"<ul class=\"wp-block-latest-posts__list has-dates aligncenter wp-block-latest-posts\"><li><a class=\"wp-block-latest-posts__post-title\" href=\"https:\/\/wordpress.nibis.de\/ovakara\/neuer-kopierer\/\">Neuer Kopierer<\/a><time datetime=\"2025-12-08T12:05:38+01:00\" class=\"wp-block-latest-posts__post-date\">8. Dezember 2025<\/time><div class=\"wp-block-latest-posts__post-excerpt\">Heute bekamen wir endlich unseren neuen Kopierer. Er durfte in den alten Kopierraum einziehen und wurde bereits von allen mit Begeisterung erwartet.<\/div><\/li>\n<li><div class=\"wp-block-latest-posts__featured-image alignleft\"><img loading=\"lazy\" decoding=\"async\" width=\"150\" height=\"150\" src=\"https:\/\/wordpress.nibis.de\/ovakara\/files\/2024\/09\/2024_Gesundes_Fruehstueck-150x150.jpg\" class=\"attachment-thumbnail size-thumbnail wp-post-image\" alt=\"\" style=\"\" srcset=\"https:\/\/wordpress.nibis.de\/ovakara\/files\/2024\/09\/2024_Gesundes_Fruehstueck-150x150.jpg 150w, https:\/\/wordpress.nibis.de\/ovakara\/files\/2024\/09\/2024_Gesundes_Fruehstueck-80x80.jpg 80w, https:\/\/wordpress.nibis.de\/ovakara\/files\/2024\/09\/2024_Gesundes_Fruehstueck-320x320.jpg 320w\" sizes=\"auto, (max-width: 150px) 100vw, 150px\" \/><\/div><a class=\"wp-block-latest-posts__post-title\" href=\"https:\/\/wordpress.nibis.de\/ovakara\/termine-gesundes-fruehstueck-2023-24\/\">Termine &#8222;Gesundes Fr\u00fchst\u00fcck&#8220; 2025\/26<\/a><time datetime=\"2025-09-01T08:45:00+02:00\" class=\"wp-block-latest-posts__post-date\">1. September 2025<\/time><div class=\"wp-block-latest-posts__post-excerpt\">Dienstag: 09.09.2025, 23.09.2025, 04.11.2025, 18.11.2025, 02.12.2025, 16.12.2025, 13.01.2026, 27.01.2026, 10.02.2026, 24.02.2026, 10.03.2026, 21.04.2026, 05.05.2026, 19.05.2026, 02.06.2026 und 16.06.2026<\/div><\/li>\n<li><div class=\"wp-block-latest-posts__featured-image alignleft\"><img loading=\"lazy\" decoding=\"async\" width=\"150\" height=\"150\" src=\"https:\/\/wordpress.nibis.de\/ovakara\/files\/2025\/06\/184-014-Logo_210427-2048x582-1-e1750847131163-150x150.png\" class=\"attachment-thumbnail size-thumbnail wp-post-image\" alt=\"\" style=\"\" srcset=\"https:\/\/wordpress.nibis.de\/ovakara\/files\/2025\/06\/184-014-Logo_210427-2048x582-1-e1750847131163-150x150.png 150w, https:\/\/wordpress.nibis.de\/ovakara\/files\/2025\/06\/184-014-Logo_210427-2048x582-1-e1750847131163-80x80.png 80w, https:\/\/wordpress.nibis.de\/ovakara\/files\/2025\/06\/184-014-Logo_210427-2048x582-1-e1750847131163-320x320.png 320w\" sizes=\"auto, (max-width: 150px) 100vw, 150px\" \/><\/div><a class=\"wp-block-latest-posts__post-title\" href=\"https:\/\/wordpress.nibis.de\/ovakara\/freiday-startet-nach-den-sommerferien\/\">FreiDay startet nach den Sommerferien<\/a><time datetime=\"2025-06-25T12:27:13+02:00\" class=\"wp-block-latest-posts__post-date\">25. Juni 2025<\/time><div class=\"wp-block-latest-posts__post-excerpt\">\u201eDer FreiDay ist ein Lernformat, in dem das Leben die Fragen stellt.\u201c Mit dem Start ins neue Schuljahr beginnt an der Ovakara Grundschule ein ganz besonderes Projekt: Der FreiDay. Ab dem 27. August 2025 findet dieser innovative Projekttag in der 3. und 4. Stunde jeden Mittwoch statt . Was ist der FreiDay? Der FreiDay ist\u2026\u00a0<a class=\"wp-block-latest-posts__read-more\" href=\"https:\/\/wordpress.nibis.de\/ovakara\/freiday-startet-nach-den-sommerferien\/\" rel=\"noopener noreferrer\"><span class=\"screen-reader-text\">FreiDay startet nach den Sommerferien <\/span>weiterlesen<\/a><\/div><\/li>\n<li><div class=\"wp-block-latest-posts__featured-image alignleft\"><img loading=\"lazy\" decoding=\"async\" width=\"150\" height=\"150\" src=\"https:\/\/wordpress.nibis.de\/ovakara\/files\/2025\/06\/WalkingBus_Logo-150x150.jpg\" class=\"attachment-thumbnail size-thumbnail wp-post-image\" alt=\"\" style=\"\" srcset=\"https:\/\/wordpress.nibis.de\/ovakara\/files\/2025\/06\/WalkingBus_Logo-150x150.jpg 150w, https:\/\/wordpress.nibis.de\/ovakara\/files\/2025\/06\/WalkingBus_Logo-80x80.jpg 80w, https:\/\/wordpress.nibis.de\/ovakara\/files\/2025\/06\/WalkingBus_Logo-320x320.jpg 320w\" sizes=\"auto, (max-width: 150px) 100vw, 150px\" \/><\/div><a class=\"wp-block-latest-posts__post-title\" href=\"https:\/\/wordpress.nibis.de\/ovakara\/start-des-walkingbus-nach-den-herbstferien\/\">Start des WalkingBus\u00b4 nach den Herbstferien<\/a><time datetime=\"2025-06-25T12:09:08+02:00\" class=\"wp-block-latest-posts__post-date\">25. Juni 2025<\/time><div class=\"wp-block-latest-posts__post-excerpt\">\u201eZu Fu\u00df zur Schule \u2013 gemeinsam und sicher!\u201cUnter diesem Motto startet die Grundschule Hillerse nach den Herbstferien gemeinsam mit dem TSV Hillerse das Projekt WalkingBus Gerade in der dunklen Jahreszeit ist ein sicherer Schulweg besonders wichtig. Der WalkingBus ist eine organisierte Laufgruppe, bei der Kinder morgens zu festgelegten Zeiten und Strecken gemeinsam mit ehrenamtlichen Begleitpersonen\u2026\u00a0<a class=\"wp-block-latest-posts__read-more\" href=\"https:\/\/wordpress.nibis.de\/ovakara\/start-des-walkingbus-nach-den-herbstferien\/\" rel=\"noopener noreferrer\"><span class=\"screen-reader-text\">Start des WalkingBus\u00b4 nach den Herbstferien <\/span>weiterlesen<\/a><\/div><\/li>\n<li><div class=\"wp-block-latest-posts__featured-image alignleft\"><img loading=\"lazy\" decoding=\"async\" width=\"150\" height=\"150\" src=\"https:\/\/wordpress.nibis.de\/ovakara\/files\/2024\/10\/ein-geschen-fuer-gifhorn-150x150.jpg\" class=\"attachment-thumbnail size-thumbnail wp-post-image\" alt=\"\" style=\"\" srcset=\"https:\/\/wordpress.nibis.de\/ovakara\/files\/2024\/10\/ein-geschen-fuer-gifhorn-150x150.jpg 150w, https:\/\/wordpress.nibis.de\/ovakara\/files\/2024\/10\/ein-geschen-fuer-gifhorn-80x80.jpg 80w, https:\/\/wordpress.nibis.de\/ovakara\/files\/2024\/10\/ein-geschen-fuer-gifhorn-320x320.jpg 320w\" sizes=\"auto, (max-width: 150px) 100vw, 150px\" \/><\/div><a class=\"wp-block-latest-posts__post-title\" href=\"https:\/\/wordpress.nibis.de\/ovakara\/dankeschoen-fuer-14-geschenke\/\">Dankesch\u00f6n f\u00fcr 14 Geschenke<\/a><time datetime=\"2024-11-25T13:28:42+01:00\" class=\"wp-block-latest-posts__post-date\">25. November 2024<\/time><div class=\"wp-block-latest-posts__post-excerpt\">Am 25.11.2024 konnten wir 14 gepackte Geschenke \u00fcbergeben. Frau Gwosdz kam extra mit dem Auto, um die Geschenke pers\u00f6nlich abzuholen. \u00dcber den Verein &#8222;ein Geschenk f\u00fcr Gifhorn&#8220; werden die Geschenke nun an bed\u00fcrftige Kinder in Gifhorn verteilt.<\/div><\/li>\n<li><div class=\"wp-block-latest-posts__featured-image alignleft\"><img loading=\"lazy\" decoding=\"async\" width=\"150\" height=\"150\" src=\"https:\/\/wordpress.nibis.de\/ovakara\/files\/2024\/11\/Beitrag-150x150.jpg\" class=\"attachment-thumbnail size-thumbnail wp-post-image\" alt=\"\" style=\"\" srcset=\"https:\/\/wordpress.nibis.de\/ovakara\/files\/2024\/11\/Beitrag-150x150.jpg 150w, https:\/\/wordpress.nibis.de\/ovakara\/files\/2024\/11\/Beitrag-80x80.jpg 80w, https:\/\/wordpress.nibis.de\/ovakara\/files\/2024\/11\/Beitrag-320x320.jpg 320w\" sizes=\"auto, (max-width: 150px) 100vw, 150px\" \/><\/div><a class=\"wp-block-latest-posts__post-title\" href=\"https:\/\/wordpress.nibis.de\/ovakara\/danke\/\">DANKE!<\/a><time datetime=\"2024-11-05T12:57:24+01:00\" class=\"wp-block-latest-posts__post-date\">5. November 2024<\/time><div class=\"wp-block-latest-posts__post-excerpt\">Danke f\u00fcr 204,20 \u20ac Spenden f\u00fcr unsere Tulpen. Dieses Geld kommt bed\u00fcrftigen Kindern in \u00c4thiopien, Orang-Utan-Waisen auf Borneo und der Kinderkrebshilfe zugute!! Danke an die Organisation durch Hilka Hilleke und die beteiligten Kinder und Eltern unserre Schule. Ihre Melanie Siemund<\/div><\/li>\n<li><div class=\"wp-block-latest-posts__featured-image alignleft\"><img loading=\"lazy\" decoding=\"async\" width=\"150\" height=\"150\" src=\"https:\/\/wordpress.nibis.de\/ovakara\/files\/2024\/09\/Unsere-Highlights-OVAKARA-2-150x150.jpg\" class=\"attachment-thumbnail size-thumbnail wp-post-image\" alt=\"\" style=\"\" srcset=\"https:\/\/wordpress.nibis.de\/ovakara\/files\/2024\/09\/Unsere-Highlights-OVAKARA-2-150x150.jpg 150w, https:\/\/wordpress.nibis.de\/ovakara\/files\/2024\/09\/Unsere-Highlights-OVAKARA-2-80x80.jpg 80w, https:\/\/wordpress.nibis.de\/ovakara\/files\/2024\/09\/Unsere-Highlights-OVAKARA-2-320x320.jpg 320w\" sizes=\"auto, (max-width: 150px) 100vw, 150px\" \/><\/div><a class=\"wp-block-latest-posts__post-title\" href=\"https:\/\/wordpress.nibis.de\/ovakara\/ovakara-grundschule-fuer-aktives-gesundheitsmanagement-ausgezeichnet\/\">OVAKARA Grundschule f\u00fcr aktives Gesundheitsmanagement ausgezeichnet<\/a><time datetime=\"2024-09-12T10:52:00+02:00\" class=\"wp-block-latest-posts__post-date\">12. September 2024<\/time><div class=\"wp-block-latest-posts__post-excerpt\">Die OVAKARA Grundschule in Hillerse ist f\u00fcr ihre aktive, dreij\u00e4hrige Teilnahme an dem landesweiten Programm \u201eGesund Leben Lernen\u201c (GLL) ausgezeichnet worden. Zu diesem Anlass \u00fcberreichte AOK-Pr\u00e4ventionsexpertin Anneliese Mosch aus Gifhorn das begehrte \u201eGLL\u201c-Schild im Rahmen eines Schulfestes an den etablierten GLL-Steuerkreis der Schule und bedankte sich f\u00fcr die aktive Mitarbeit von Christina Rausch, Alide Brandes,\u2026\u00a0<a class=\"wp-block-latest-posts__read-more\" href=\"https:\/\/wordpress.nibis.de\/ovakara\/ovakara-grundschule-fuer-aktives-gesundheitsmanagement-ausgezeichnet\/\" rel=\"noopener noreferrer\"><span class=\"screen-reader-text\">OVAKARA Grundschule f\u00fcr aktives Gesundheitsmanagement ausgezeichnet <\/span>weiterlesen<\/a><\/div><\/li>\n<li><a class=\"wp-block-latest-posts__post-title\" href=\"https:\/\/wordpress.nibis.de\/ovakara\/schoene-ferien-2\/\">SCH\u00d6NE FERIEN!<\/a><time datetime=\"2024-06-28T11:23:50+02:00\" class=\"wp-block-latest-posts__post-date\">28. Juni 2024<\/time><div class=\"wp-block-latest-posts__post-excerpt\">Liebe Kinder, Eltern und Freunde der OVAKARA Grundschule, wir w\u00fcnschen euch und Ihnen erholsame Sommerferien und freuen uns auf ein Wiedersehen mit den Klassen 2, 3 und 4 am Montag, den 05.08.2024. Auf unsere neuen Erstkl\u00e4ssler*innen freuen wir uns am 10.08.2024.<\/div><\/li>\n<li><div class=\"wp-block-latest-posts__featured-image alignleft\"><img loading=\"lazy\" decoding=\"async\" width=\"150\" height=\"150\" src=\"https:\/\/wordpress.nibis.de\/ovakara\/files\/2024\/06\/30-Jahre-Bild-150x150.jpg\" class=\"attachment-thumbnail size-thumbnail wp-post-image\" alt=\"\" style=\"\" srcset=\"https:\/\/wordpress.nibis.de\/ovakara\/files\/2024\/06\/30-Jahre-Bild-150x150.jpg 150w, https:\/\/wordpress.nibis.de\/ovakara\/files\/2024\/06\/30-Jahre-Bild-80x80.jpg 80w, https:\/\/wordpress.nibis.de\/ovakara\/files\/2024\/06\/30-Jahre-Bild-320x320.jpg 320w\" sizes=\"auto, (max-width: 150px) 100vw, 150px\" \/><\/div><a class=\"wp-block-latest-posts__post-title\" href=\"https:\/\/wordpress.nibis.de\/ovakara\/30-jahre-ovakara-grundschule\/\">30 Jahre OVAKARA Grundschule<\/a><time datetime=\"2024-06-28T11:16:35+02:00\" class=\"wp-block-latest-posts__post-date\">28. Juni 2024<\/time><div class=\"wp-block-latest-posts__post-excerpt\">Liebe Sch\u00fclerinnen und Sch\u00fcler, liebe Eltern, liebe Ehemalige&#8230;. und Freunde der Grundschule, wir freuen uns sehr, Euch und Sie zu unserem 30-j\u00e4hrigen Jubil\u00e4um einzuladen! Datum: 04.09.2024Zeit: 15:00 &#8211; 18:00 UhrOrt: Schulhof der Grundschule An diesem besonderen Tag m\u00f6chten wir gemeinsam feiern und unsere Schule von ihrer besten Seite zeigen. Auf Sie warten viele tolle Aktivit\u00e4ten\u2026\u00a0<a class=\"wp-block-latest-posts__read-more\" href=\"https:\/\/wordpress.nibis.de\/ovakara\/30-jahre-ovakara-grundschule\/\" rel=\"noopener noreferrer\"><span class=\"screen-reader-text\">30 Jahre OVAKARA Grundschule <\/span>weiterlesen<\/a><\/div><\/li>\n<li><div class=\"wp-block-latest-posts__featured-image alignleft\"><img loading=\"lazy\" decoding=\"async\" width=\"150\" height=\"150\" src=\"https:\/\/wordpress.nibis.de\/ovakara\/files\/2024\/06\/logo_202-150x150.png\" class=\"attachment-thumbnail size-thumbnail wp-post-image\" alt=\"\" style=\"\" srcset=\"https:\/\/wordpress.nibis.de\/ovakara\/files\/2024\/06\/logo_202-150x150.png 150w, https:\/\/wordpress.nibis.de\/ovakara\/files\/2024\/06\/logo_202-80x80.png 80w, https:\/\/wordpress.nibis.de\/ovakara\/files\/2024\/06\/logo_202.png 200w\" sizes=\"auto, (max-width: 150px) 100vw, 150px\" \/><\/div><a class=\"wp-block-latest-posts__post-title\" href=\"https:\/\/wordpress.nibis.de\/ovakara\/siegerehrung-mathematik-olympiade-2024\/\">Siegerehrung Mathematik-Olympiade 2024<\/a><time datetime=\"2024-06-14T11:22:27+02:00\" class=\"wp-block-latest-posts__post-date\">14. Juni 2024<\/time><div class=\"wp-block-latest-posts__post-excerpt\">Am 10.06.24 fand in der Ovakara Grundschule Hillerse die Siegerehrung der 63. Mathematik-Olympiade statt. Die Mathematik-Olympiade ist ein Einzelwettbewerb, der j\u00e4hrlich bundesweit angeboten wird. Seit November 2023 haben sich die Kinder des 3. Jahrgangs in bis zu drei verschiedenen Runden den Aufgaben gestellt, die vor allem logisches Denken, Kombinationsf\u00e4higkeit und kreativen Umgang mit mathematischen Methoden\u2026\u00a0<a class=\"wp-block-latest-posts__read-more\" href=\"https:\/\/wordpress.nibis.de\/ovakara\/siegerehrung-mathematik-olympiade-2024\/\" rel=\"noopener noreferrer\"><span class=\"screen-reader-text\">Siegerehrung Mathematik-Olympiade 2024 <\/span>weiterlesen<\/a><\/div><\/li>\n<\/ul>","protected":false},"excerpt":{"rendered":"","protected":false},"author":9193785,"featured_media":0,"parent":0,"menu_order":0,"comment_status":"closed","ping_status":"closed","template":"","meta":{"footnotes":""},"class_list":["post-238","page","type-page","status-publish","hentry"],"_links":{"self":[{"href":"https:\/\/wordpress.nibis.de\/ovakara\/wp-json\/wp\/v2\/pages\/238","targetHints":{"allow":["GET"]}}],"collection":[{"href":"https:\/\/wordpress.nibis.de\/ovakara\/wp-json\/wp\/v2\/pages"}],"about":[{"href":"https:\/\/wordpress.nibis.de\/ovakara\/wp-json\/wp\/v2\/types\/page"}],"author":[{"embeddable":true,"href":"https:\/\/wordpress.nibis.de\/ovakara\/wp-json\/wp\/v2\/users\/9193785"}],"replies":[{"embeddable":true,"href":"https:\/\/wordpress.nibis.de\/ovakara\/wp-json\/wp\/v2\/comments?post=238"}],"version-history":[{"count":5,"href":"https:\/\/wordpress.nibis.de\/ovakara\/wp-json\/wp\/v2\/pages\/238\/revisions"}],"predecessor-version":[{"id":3589,"href":"https:\/\/wordpress.nibis.de\/ovakara\/wp-json\/wp\/v2\/pages\/238\/revisions\/3589"}],"wp:attachment":[{"href":"https:\/\/wordpress.nibis.de\/ovakara\/wp-json\/wp\/v2\/media?parent=238"}],"curies":[{"name":"wp","href":"https:\/\/api.w.org\/{rel}","templated":true}]}}