{"id":2524,"date":"2023-11-06T09:46:38","date_gmt":"2023-11-06T08:46:38","guid":{"rendered":"https:\/\/wordpress.nibis.de\/ovakara\/?page_id=2524"},"modified":"2026-01-30T11:18:52","modified_gmt":"2026-01-30T10:18:52","slug":"konzepte","status":"publish","type":"page","link":"https:\/\/wordpress.nibis.de\/ovakara\/konzepte\/","title":{"rendered":"Konzepte"},"content":{"rendered":"\n<p>Willkommen auf der Konzept-Seite unserer Schule!<\/p>\n\n\n\n<p><br>Hier finden Sie eine \u00dcbersicht der freigegebenen Konzepte, die unser gemeinsames Schulleben gestalten. Diese Konzepte basieren auf unserem Leitbild <strong>\u201eGegenseitig st\u00e4rken \u2013 gemeinsam lernen\u201c<\/strong> und spiegeln unsere Werte und p\u00e4dagogischen Ziele wider. Wir arbeiten kontinuierlich daran, sie weiterzuentwickeln und an aktuelle Herausforderungen anzupassen, um bestm\u00f6gliche Lern- und Entwicklungsbedingungen f\u00fcr unsere Sch\u00fclerinnen und Sch\u00fcler zu schaffen. Einige Konzepte befinden sich derzeit noch in der \u00dcberarbeitung und sind daher momentan nicht auf der Homepage verf\u00fcgbar.<\/p>\n\n\n\n<p><a rel=\"noreferrer noopener\" href=\"https:\/\/wordpress.nibis.de\/ovakara\/files\/2024\/04\/Beschwerdekonzepta.pdf\" target=\"_blank\">Beschwerdekonzept<\/a><\/p>\n\n\n\n<p><a rel=\"noreferrer noopener\" href=\"https:\/\/wordpress.nibis.de\/ovakara\/files\/2023\/11\/Betreuungskonzept-.pdf\" data-type=\"URL\" data-id=\"https:\/\/wordpress.nibis.de\/ovakara\/files\/2023\/11\/Betreuungskonzept-.pdf\" target=\"_blank\">Betreuungskonzept<\/a><\/p>\n\n\n\n<p><a rel=\"noreferrer noopener\" href=\"https:\/\/wordpress.nibis.de\/ovakara\/files\/2024\/09\/Gewaltpraeventionskonzept.pdf\" target=\"_blank\">Gewaltpraeventionskonzept<\/a><\/p>\n\n\n\n<p><a rel=\"noreferrer noopener\" href=\"https:\/\/wordpress.nibis.de\/ovakara\/files\/2024\/09\/Vertretungskonzept.pdf\" target=\"_blank\">Vertretungskonzept<\/a><\/p>\n","protected":false},"excerpt":{"rendered":"<p>Willkommen auf der Konzept-Seite unserer Schule! Hier finden Sie eine \u00dcbersicht der freigegebenen Konzepte, die unser gemeinsames Schulleben gestalten. Diese Konzepte basieren auf unserem Leitbild \u201eGegenseitig st\u00e4rken \u2013 gemeinsam lernen\u201c und spiegeln unsere Werte und p\u00e4dagogischen Ziele wider. Wir arbeiten kontinuierlich daran, sie weiterzuentwickeln und an aktuelle Herausforderungen anzupassen, um bestm\u00f6gliche Lern- und Entwicklungsbedingungen f\u00fcr [&hellip;]<\/p>\n","protected":false},"author":9193774,"featured_media":0,"parent":0,"menu_order":0,"comment_status":"closed","ping_status":"closed","template":"template-sidebar-left.php","meta":{"footnotes":""},"class_list":["post-2524","page","type-page","status-publish","hentry"],"_links":{"self":[{"href":"https:\/\/wordpress.nibis.de\/ovakara\/wp-json\/wp\/v2\/pages\/2524","targetHints":{"allow":["GET"]}}],"collection":[{"href":"https:\/\/wordpress.nibis.de\/ovakara\/wp-json\/wp\/v2\/pages"}],"about":[{"href":"https:\/\/wordpress.nibis.de\/ovakara\/wp-json\/wp\/v2\/types\/page"}],"author":[{"embeddable":true,"href":"https:\/\/wordpress.nibis.de\/ovakara\/wp-json\/wp\/v2\/users\/9193774"}],"replies":[{"embeddable":true,"href":"https:\/\/wordpress.nibis.de\/ovakara\/wp-json\/wp\/v2\/comments?post=2524"}],"version-history":[{"count":9,"href":"https:\/\/wordpress.nibis.de\/ovakara\/wp-json\/wp\/v2\/pages\/2524\/revisions"}],"predecessor-version":[{"id":3673,"href":"https:\/\/wordpress.nibis.de\/ovakara\/wp-json\/wp\/v2\/pages\/2524\/revisions\/3673"}],"wp:attachment":[{"href":"https:\/\/wordpress.nibis.de\/ovakara\/wp-json\/wp\/v2\/media?parent=2524"}],"curies":[{"name":"wp","href":"https:\/\/api.w.org\/{rel}","templated":true}]}}