{"id":308,"date":"2021-04-09T12:40:19","date_gmt":"2021-04-09T10:40:19","guid":{"rendered":"https:\/\/wordpress.nibis.de\/ovakara\/?page_id=308"},"modified":"2026-01-19T09:17:17","modified_gmt":"2026-01-19T08:17:17","slug":"ovakara-grundschule","status":"publish","type":"page","link":"https:\/\/wordpress.nibis.de\/ovakara\/ovakara-grundschule\/","title":{"rendered":"OVAKARA Grundschule"},"content":{"rendered":"\n<p><img loading=\"lazy\" decoding=\"async\" class=\"alignleft  wp-image-1489\" src=\"https:\/\/wordpress.nibis.de\/ovakara\/files\/2022\/04\/20220427_155154.jpg\" alt=\"\" width=\"302\" height=\"170\" srcset=\"https:\/\/wordpress.nibis.de\/ovakara\/files\/2022\/04\/20220427_155154.jpg 1000w, https:\/\/wordpress.nibis.de\/ovakara\/files\/2022\/04\/20220427_155154-300x169.jpg 300w, https:\/\/wordpress.nibis.de\/ovakara\/files\/2022\/04\/20220427_155154-768x432.jpg 768w\" sizes=\"auto, (max-width: 302px) 100vw, 302px\" \/><img loading=\"lazy\" decoding=\"async\" class=\"alignleft  wp-image-1491\" src=\"https:\/\/wordpress.nibis.de\/ovakara\/files\/2022\/04\/20220427_160633.jpg\" alt=\"\" width=\"298\" height=\"168\" srcset=\"https:\/\/wordpress.nibis.de\/ovakara\/files\/2022\/04\/20220427_160633.jpg 1000w, https:\/\/wordpress.nibis.de\/ovakara\/files\/2022\/04\/20220427_160633-300x169.jpg 300w, https:\/\/wordpress.nibis.de\/ovakara\/files\/2022\/04\/20220427_160633-768x432.jpg 768w\" sizes=\"auto, (max-width: 298px) 100vw, 298px\" \/><\/p>\n<p>&nbsp;<\/p>\n<p>&nbsp;<\/p>\n<p>&nbsp;<\/p>\n<p>&nbsp;<\/p>\n<p>&nbsp;<\/p>\n<p><span style=\"font-family: arial, helvetica, sans-serif;font-size: 18pt\">Unser Schulname<\/span><\/p>\n\n\n\n<p><img loading=\"lazy\" decoding=\"async\" width=\"135\" height=\"28\" class=\"alignnone wp-image-58 \" src=\"https:\/\/wordpress.nibis.de\/ovakara\/files\/2021\/04\/ovakara_logo_500-300x62.png\" alt=\"\" srcset=\"https:\/\/wordpress.nibis.de\/ovakara\/files\/2021\/04\/ovakara_logo_500-300x62.png 300w, https:\/\/wordpress.nibis.de\/ovakara\/files\/2021\/04\/ovakara_logo_500.png 500w\" sizes=\"auto, (max-width: 135px) 100vw, 135px\" \/> &#8211; <span style=\"font-family: arial, helvetica, sans-serif;font-size: 14pt\">einer der \u00e4ltesten \u00fcbermittelten Namen der Oker um 1128. <\/span><\/p>\n\n\n\n<p>Unsere Grundschule wurde am 01. September 1994 gegr\u00fcndet. Bis zu diesem Zeitpunkt wurden in unserem Geb\u00e4ude die Haupt- und Realsch\u00fcler unterrichtet.<\/p>\n\n\n\n<p><span style=\"font-size: 18pt;font-family: arial, helvetica, sans-serif\">Organigramm<\/span><\/p>\n\n\n\n<div data-wp-interactive=\"core\/file\" class=\"wp-block-file\"><object data-wp-bind--hidden=\"!state.hasPdfPreview\" hidden class=\"wp-block-file__embed\" data=\"https:\/\/wordpress.nibis.de\/ovakara\/files\/2026\/01\/250908_Organigramm-25-26b-1.pdf\" type=\"application\/pdf\" style=\"width:100%;height:600px\" aria-label=\"Einbettung von 250908_Organigramm-25-26b.\"><\/object><a id=\"wp-block-file--media-ab5f5386-184d-438c-bd59-9c85373b9f1c\" href=\"https:\/\/wordpress.nibis.de\/ovakara\/files\/2026\/01\/250908_Organigramm-25-26b-1.pdf\">250908_Organigramm-25-26b<\/a><a href=\"https:\/\/wordpress.nibis.de\/ovakara\/files\/2026\/01\/250908_Organigramm-25-26b-1.pdf\" class=\"wp-block-file__button wp-element-button\" download aria-describedby=\"wp-block-file--media-ab5f5386-184d-438c-bd59-9c85373b9f1c\">Herunterladen<\/a><\/div>\n\n\n\n<pre class=\"wp-block-code\"><code><\/code><\/pre>\n\n\n\n<p><span style=\"font-size: 18pt;font-family: arial, helvetica, sans-serif\">Unsere Schulordnung<\/span><\/p>\n\n\n\n<p><span style=\"font-size: 8pt;font-family: arial, helvetica, sans-serif\">W\u00e4hle Strg + um das Bild zu vergr\u00f6\u00dfern<\/span><\/p>\n\n\n\n<div class=\"wp-block-image\">\n<figure class=\"aligncenter size-large is-resized\"><a href=\"https:\/\/wordpress.nibis.de\/ovakara\/files\/2021\/04\/Schulordnung_Version6-neu.jpg\"><img loading=\"lazy\" decoding=\"async\" class=\"wp-image-454\" src=\"https:\/\/wordpress.nibis.de\/ovakara\/files\/2021\/04\/Schulordnung_Version6-neu-1024x709.jpg\" alt=\"\" width=\"512\" height=\"355\" srcset=\"https:\/\/wordpress.nibis.de\/ovakara\/files\/2021\/04\/Schulordnung_Version6-neu-1024x709.jpg 1024w, https:\/\/wordpress.nibis.de\/ovakara\/files\/2021\/04\/Schulordnung_Version6-neu-300x208.jpg 300w, https:\/\/wordpress.nibis.de\/ovakara\/files\/2021\/04\/Schulordnung_Version6-neu-768x532.jpg 768w, https:\/\/wordpress.nibis.de\/ovakara\/files\/2021\/04\/Schulordnung_Version6-neu.jpg 1040w\" sizes=\"auto, (max-width: 512px) 100vw, 512px\" \/><\/a><\/figure>\n<\/div>\n<p>&nbsp;<\/p>\n\n\n","protected":false},"excerpt":{"rendered":"<p>&nbsp; &nbsp; &nbsp; &nbsp; &nbsp; Unser Schulname &#8211; einer der \u00e4ltesten \u00fcbermittelten Namen der Oker um 1128. Unsere Grundschule wurde am 01. September 1994 gegr\u00fcndet. Bis zu diesem Zeitpunkt wurden in unserem Geb\u00e4ude die Haupt- und Realsch\u00fcler unterrichtet. Organigramm Unsere Schulordnung W\u00e4hle Strg + um das Bild zu vergr\u00f6\u00dfern &nbsp;<\/p>\n","protected":false},"author":9193785,"featured_media":0,"parent":0,"menu_order":0,"comment_status":"closed","ping_status":"closed","template":"template-full-width.php","meta":{"footnotes":""},"class_list":["post-308","page","type-page","status-publish","hentry"],"_links":{"self":[{"href":"https:\/\/wordpress.nibis.de\/ovakara\/wp-json\/wp\/v2\/pages\/308","targetHints":{"allow":["GET"]}}],"collection":[{"href":"https:\/\/wordpress.nibis.de\/ovakara\/wp-json\/wp\/v2\/pages"}],"about":[{"href":"https:\/\/wordpress.nibis.de\/ovakara\/wp-json\/wp\/v2\/types\/page"}],"author":[{"embeddable":true,"href":"https:\/\/wordpress.nibis.de\/ovakara\/wp-json\/wp\/v2\/users\/9193785"}],"replies":[{"embeddable":true,"href":"https:\/\/wordpress.nibis.de\/ovakara\/wp-json\/wp\/v2\/comments?post=308"}],"version-history":[{"count":21,"href":"https:\/\/wordpress.nibis.de\/ovakara\/wp-json\/wp\/v2\/pages\/308\/revisions"}],"predecessor-version":[{"id":4105,"href":"https:\/\/wordpress.nibis.de\/ovakara\/wp-json\/wp\/v2\/pages\/308\/revisions\/4105"}],"wp:attachment":[{"href":"https:\/\/wordpress.nibis.de\/ovakara\/wp-json\/wp\/v2\/media?parent=308"}],"curies":[{"name":"wp","href":"https:\/\/api.w.org\/{rel}","templated":true}]}}