{"id":320,"date":"2021-04-09T12:51:15","date_gmt":"2021-04-09T10:51:15","guid":{"rendered":"https:\/\/wordpress.nibis.de\/ovakara\/?page_id=320"},"modified":"2026-03-18T18:11:36","modified_gmt":"2026-03-18T17:11:36","slug":"schulleben","status":"publish","type":"page","link":"https:\/\/wordpress.nibis.de\/ovakara\/schulleben\/","title":{"rendered":"Schulleben"},"content":{"rendered":"<ul class=\"wp-block-latest-posts__list has-dates alignleft wp-block-latest-posts\"><li><div class=\"wp-block-latest-posts__featured-image alignleft\"><img loading=\"lazy\" decoding=\"async\" width=\"150\" height=\"150\" src=\"https:\/\/wordpress.nibis.de\/ovakara\/files\/2026\/03\/fest-150x150.jpg\" class=\"attachment-thumbnail size-thumbnail wp-post-image\" alt=\"\" style=\"\" \/><\/div><a class=\"wp-block-latest-posts__post-title\" href=\"https:\/\/wordpress.nibis.de\/ovakara\/freiday-fest-ein-nachmittag-fuer-die-zukunft\/\">FreiDay- Fest &#8211; ein Nachmittag f\u00fcr die Zukunft<\/a><time datetime=\"2026-03-19T13:06:05+01:00\" class=\"wp-block-latest-posts__post-date\">19. M\u00e4rz 2026<\/time><div class=\"wp-block-latest-posts__post-excerpt\">Was f\u00fcr ein wunderbarer Mittwochnachmittag! Unsere gesamte Schulgemeinschaft kam zusammen, um gemeinsam unseren FreiDay zu feiern \u2013 einen Tag, an dem das Lernen \u00fcber unsere Welt, Nachhaltigkeit und Umweltschutz im Mittelpunkt steht. Dass so viele Eltern, Gro\u00dfeltern und G\u00e4ste unserer Einladung gefolgt sind, hat uns riesig gefreut. Den Auftakt machten wir alle gemeinsam.Mit unserem Schullied\u2026\u00a0<a class=\"wp-block-latest-posts__read-more\" href=\"https:\/\/wordpress.nibis.de\/ovakara\/freiday-fest-ein-nachmittag-fuer-die-zukunft\/\" rel=\"noopener noreferrer\"><span class=\"screen-reader-text\">FreiDay- Fest &#8211; ein Nachmittag f\u00fcr die Zukunft <\/span>weiterlesen<\/a><\/div><\/li>\n<li><div class=\"wp-block-latest-posts__featured-image alignleft\"><img loading=\"lazy\" decoding=\"async\" width=\"150\" height=\"150\" src=\"https:\/\/wordpress.nibis.de\/ovakara\/files\/2026\/03\/eier-150x150.jpg\" class=\"attachment-thumbnail size-thumbnail wp-post-image\" alt=\"\" style=\"\" \/><\/div><a class=\"wp-block-latest-posts__post-title\" href=\"https:\/\/wordpress.nibis.de\/ovakara\/osterhase-ueberrascht-kinder-der-1-klassen\/\">Osterhase \u00fcberrascht Kinder der 1. Klassen<\/a><time datetime=\"2026-03-19T09:19:26+01:00\" class=\"wp-block-latest-posts__post-date\">19. M\u00e4rz 2026<\/time><div class=\"wp-block-latest-posts__post-excerpt\">Eine sch\u00f6ne \u00dcberraschung erlebten die Sch\u00fclerinnen und Sch\u00fclerder 1. Klassen w\u00e4hrend ihres Unterrichtsgangs am Mittwoch. Auf dem Spielplatz hatte der Osterhase viele bunte Eier versteckt. Voller Eifer erkundeten die Kinder blitzschnell das Spielplatzgel\u00e4nde und in nur wenigen Minuten war die gesamte Fl\u00e4che vollst\u00e4ndig abgesucht und jedes noch so kleine Ei gefunden. Anschlie\u00dfend wurden die Schokoladeneier\u2026\u00a0<a class=\"wp-block-latest-posts__read-more\" href=\"https:\/\/wordpress.nibis.de\/ovakara\/osterhase-ueberrascht-kinder-der-1-klassen\/\" rel=\"noopener noreferrer\"><span class=\"screen-reader-text\">Osterhase \u00fcberrascht Kinder der 1. Klassen <\/span>weiterlesen<\/a><\/div><\/li>\n<li><div class=\"wp-block-latest-posts__featured-image alignleft\"><img loading=\"lazy\" decoding=\"async\" width=\"150\" height=\"150\" src=\"https:\/\/wordpress.nibis.de\/ovakara\/files\/2026\/03\/Titel-150x150.jpg\" class=\"attachment-thumbnail size-thumbnail wp-post-image\" alt=\"\" style=\"\" \/><\/div><a class=\"wp-block-latest-posts__post-title\" href=\"https:\/\/wordpress.nibis.de\/ovakara\/vorlesewettbewerb-2\/\">Vorlesewettbewerb<\/a><time datetime=\"2026-03-18T17:57:17+01:00\" class=\"wp-block-latest-posts__post-date\">18. M\u00e4rz 2026<\/time><div class=\"wp-block-latest-posts__post-excerpt\">Am Donnerstag, den 26. Februar 2026 fand der allj\u00e4hrliche Vorlesewettbewerb der Ovakara Grundschule statt. 10 Kinder aus den Jahrg\u00e4ngen 2-4 hatten sich zuvor in ihren Klassen mit einer Buchvorstellung qualifiziert. Diese Klassensieger pr\u00e4sentierten einem sehr interessierten und neugierigen Lesepublikum ihre B\u00fccher. Eine bunte Mischung aus Tier-, Gespenster- Fantasie- und Fu\u00dfballgeschichten offenbarte die Vielfalt in der\u2026\u00a0<a class=\"wp-block-latest-posts__read-more\" href=\"https:\/\/wordpress.nibis.de\/ovakara\/vorlesewettbewerb-2\/\" rel=\"noopener noreferrer\"><span class=\"screen-reader-text\">Vorlesewettbewerb <\/span>weiterlesen<\/a><\/div><\/li>\n<li><div class=\"wp-block-latest-posts__featured-image alignleft\"><img loading=\"lazy\" decoding=\"async\" width=\"150\" height=\"150\" src=\"https:\/\/wordpress.nibis.de\/ovakara\/files\/2026\/03\/jeppesmednielsen-ball-1930198-150x150.jpg\" class=\"attachment-thumbnail size-thumbnail wp-post-image\" alt=\"\" style=\"\" \/><\/div><a class=\"wp-block-latest-posts__post-title\" href=\"https:\/\/wordpress.nibis.de\/ovakara\/zwei-1-plaetze-und-zwei-2-plaetze-beim-handballturnier-2026\/\">Zwei 1. Pl\u00e4tze und zwei 2. Pl\u00e4tze beim Handballturnier 2026<\/a><time datetime=\"2026-03-18T17:25:29+01:00\" class=\"wp-block-latest-posts__post-date\">18. M\u00e4rz 2026<\/time><div class=\"wp-block-latest-posts__post-excerpt\">30 Sch\u00fclerinnen und Sch\u00fcler des 3. und 4. Jahrgangs traten am 13.03.26 in vier verschiedenen Gruppen beim Handballturnier in M\u00fcden gegen die anderen Grundschulen aus Meinersen, M\u00fcden und Leiferde an. Am Ende erreichten die M\u00e4dchen und die Jungen des 3. Jahrgangs einen tollen zweiten Platz. Die M\u00e4dchen und die Jungen der 4. Klasse erspielten sich\u2026\u00a0<a class=\"wp-block-latest-posts__read-more\" href=\"https:\/\/wordpress.nibis.de\/ovakara\/zwei-1-plaetze-und-zwei-2-plaetze-beim-handballturnier-2026\/\" rel=\"noopener noreferrer\"><span class=\"screen-reader-text\">Zwei 1. Pl\u00e4tze und zwei 2. Pl\u00e4tze beim Handballturnier 2026 <\/span>weiterlesen<\/a><\/div><\/li>\n<li><div class=\"wp-block-latest-posts__featured-image alignleft\"><img loading=\"lazy\" decoding=\"async\" width=\"150\" height=\"150\" src=\"https:\/\/wordpress.nibis.de\/ovakara\/files\/2026\/02\/skipping-hearts-150x150.png\" class=\"attachment-thumbnail size-thumbnail wp-post-image\" alt=\"\" style=\"\" \/><\/div><a class=\"wp-block-latest-posts__post-title\" href=\"https:\/\/wordpress.nibis.de\/ovakara\/skipping-hearts\/\">Skipping Hearts<\/a><time datetime=\"2026-02-26T11:44:30+01:00\" class=\"wp-block-latest-posts__post-date\">26. Februar 2026<\/time><div class=\"wp-block-latest-posts__post-excerpt\">Im Rahmen der Skipping Hearts-Aktion der Deutsche Herzstiftung erlebte die 4. Klasse unserer Grundschule zwei sportliche und lehrreiche Stunden rund um das Thema Seilspringen. Unter der Anleitung von Frau Otto tauchten die Sch\u00fclerinnen und Sch\u00fcler mit viel Freude und Energie in die Welt der verschiedenen Sprungtechniken ein. Zu Beginn lernten die Kinder, warum Seilspringen nicht\u2026\u00a0<a class=\"wp-block-latest-posts__read-more\" href=\"https:\/\/wordpress.nibis.de\/ovakara\/skipping-hearts\/\" rel=\"noopener noreferrer\"><span class=\"screen-reader-text\">Skipping Hearts <\/span>weiterlesen<\/a><\/div><\/li>\n<li><div class=\"wp-block-latest-posts__featured-image alignleft\"><img loading=\"lazy\" decoding=\"async\" width=\"150\" height=\"150\" src=\"https:\/\/wordpress.nibis.de\/ovakara\/files\/2026\/02\/IMG_2489-150x150.jpeg\" class=\"attachment-thumbnail size-thumbnail wp-post-image\" alt=\"\" style=\"\" \/><\/div><a class=\"wp-block-latest-posts__post-title\" href=\"https:\/\/wordpress.nibis.de\/ovakara\/besuch-des-nabu-leiferde\/\">Besuch des Nabu &#8211; Leiferde<\/a><time datetime=\"2026-02-23T09:10:04+01:00\" class=\"wp-block-latest-posts__post-date\">23. Februar 2026<\/time><div class=\"wp-block-latest-posts__post-excerpt\">An einer sch\u00f6nen Aktion zum Thema Amphibien nahmen die 1. Klassen im Februar 26 teil.Der NABU-Kreisverband Gifhorn f\u00fchrte einen Workshop durch, indem die Kinder einiges Wissenswertes \u00fcber Amphibien erfuhren, mithilfe eines Bestimmungsschl\u00fcssels verschiedene Arten von Fr\u00f6schen herausfanden und eigene Gipsfr\u00f6sche gestalteten.<\/div><\/li>\n<li><div class=\"wp-block-latest-posts__featured-image alignleft\"><img loading=\"lazy\" decoding=\"async\" width=\"150\" height=\"150\" src=\"https:\/\/wordpress.nibis.de\/ovakara\/files\/2026\/02\/Screenshot-2026-02-20-at-10-06-40-IMG_2459-2.jpeg-JPEG-Grafik-4032-\u00d7-3024-Pixel-Skaliert-32-150x150.png\" class=\"attachment-thumbnail size-thumbnail wp-post-image\" alt=\"\" style=\"\" \/><\/div><a class=\"wp-block-latest-posts__post-title\" href=\"https:\/\/wordpress.nibis.de\/ovakara\/rosenmontag-an-der-ovakara-grundschule\/\">Rosenmontag an der Ovakara Grundschule<\/a><time datetime=\"2026-02-20T10:07:54+01:00\" class=\"wp-block-latest-posts__post-date\">20. Februar 2026<\/time><div class=\"wp-block-latest-posts__post-excerpt\">Am Rosenmontag verwandelte sich unsere Grundschule in ein buntes Narrenhaus. Schon am fr\u00fchen Morgen str\u00f6mten Cowboys, Prinzessinnen, Superhelden, Tiere und viele andere fantasievoll verkleidete Kinder in das Schulgeb\u00e4ude. \u00dcberall wurde gelacht, getanzt und fr\u00f6hlich gefeiert. In den Klassenr\u00e4umen hatten die Kinder gemeinsam mit ihren Lehrerinnen und Lehrern liebevoll gestaltete Buffets vorbereitet. Es gab bunte Muffins,\u2026\u00a0<a class=\"wp-block-latest-posts__read-more\" href=\"https:\/\/wordpress.nibis.de\/ovakara\/rosenmontag-an-der-ovakara-grundschule\/\" rel=\"noopener noreferrer\"><span class=\"screen-reader-text\">Rosenmontag an der Ovakara Grundschule <\/span>weiterlesen<\/a><\/div><\/li>\n<li><div class=\"wp-block-latest-posts__featured-image alignleft\"><img loading=\"lazy\" decoding=\"async\" width=\"120\" height=\"120\" src=\"https:\/\/wordpress.nibis.de\/ovakara\/files\/2026\/02\/Screenshot-2026-02-19-at-11-12-50-IW-logo-blue-yellow-250x250-1-qp6by401ijhblqmojwc84iia4ah6l2gvph6lg8cm28.webp-WEBP-Grafik-120-\u00d7-120-Pixel.png\" class=\"attachment-thumbnail size-thumbnail wp-post-image\" alt=\"\" style=\"\" srcset=\"https:\/\/wordpress.nibis.de\/ovakara\/files\/2026\/02\/Screenshot-2026-02-19-at-11-12-50-IW-logo-blue-yellow-250x250-1-qp6by401ijhblqmojwc84iia4ah6l2gvph6lg8cm28.webp-WEBP-Grafik-120-\u00d7-120-Pixel.png 120w, https:\/\/wordpress.nibis.de\/ovakara\/files\/2026\/02\/Screenshot-2026-02-19-at-11-12-50-IW-logo-blue-yellow-250x250-1-qp6by401ijhblqmojwc84iia4ah6l2gvph6lg8cm28.webp-WEBP-Grafik-120-\u00d7-120-Pixel-100x100.png 100w\" sizes=\"auto, (max-width: 120px) 100vw, 120px\" \/><\/div><a class=\"wp-block-latest-posts__post-title\" href=\"https:\/\/wordpress.nibis.de\/ovakara\/danke-innerwheel\/\">Danke Innerwheel !!<\/a><time datetime=\"2026-02-19T11:13:26+01:00\" class=\"wp-block-latest-posts__post-date\">19. Februar 2026<\/time><div class=\"wp-block-latest-posts__post-excerpt\">Am 6. Februar hatte unsere Schule Besuch des Innerwheel-Clubs Gifhorn-Wolfsburg. Die Schulkinder bekamen insgesamt 35 B\u00fccher geschenkt, welche die LehrerInnen vorher aussuchen konnten. Auch die LehrerInnen bekamen f\u00fcr den Unterrichtseinsatz der B\u00fccher Begleitmaterial. Die Kinder freuten sich riesig. Bei einigen war es das erste eigene Buch. Vielen Dank daf\u00fcr!!<\/div><\/li>\n<li><div class=\"wp-block-latest-posts__featured-image alignleft\"><img loading=\"lazy\" decoding=\"async\" width=\"150\" height=\"150\" src=\"https:\/\/wordpress.nibis.de\/ovakara\/files\/2026\/02\/handball-150x150.jpg\" class=\"attachment-thumbnail size-thumbnail wp-post-image\" alt=\"\" style=\"\" \/><\/div><a class=\"wp-block-latest-posts__post-title\" href=\"https:\/\/wordpress.nibis.de\/ovakara\/schnupperhandball-fuer-die-kleinen\/\">Schnupperhandball f\u00fcr die Kleinen<\/a><time datetime=\"2026-02-19T10:58:58+01:00\" class=\"wp-block-latest-posts__post-date\">19. Februar 2026<\/time><div class=\"wp-block-latest-posts__post-excerpt\">Am 13. und 15. Januar hatte unsere Schule Besuch von dem Handballtrainer Marvin aus M\u00fcden. Den ganzen Vormittag hat er mit den Kinder Werfen, Dribbeln und Handballspielen ge\u00fcbt und die Freude am Handball damit geweckt. Vielen Dank daf\u00fcr!<\/div><\/li>\n<li><div class=\"wp-block-latest-posts__featured-image alignleft\"><img loading=\"lazy\" decoding=\"async\" width=\"150\" height=\"150\" src=\"https:\/\/wordpress.nibis.de\/ovakara\/files\/2026\/01\/Pilze-150x150.jpg\" class=\"attachment-thumbnail size-thumbnail wp-post-image\" alt=\"\" style=\"\" \/><\/div><a class=\"wp-block-latest-posts__post-title\" href=\"https:\/\/wordpress.nibis.de\/ovakara\/vorbereitung-fuer-das-freiday-fest\/\">Vorbereitung f\u00fcr das FreiDay-Fest<\/a><time datetime=\"2026-01-30T09:13:30+01:00\" class=\"wp-block-latest-posts__post-date\">30. Januar 2026<\/time><div class=\"wp-block-latest-posts__post-excerpt\">Eine FreiDay-Gruppe arbeitet zur Zeit flei\u00dfig daran, alte Dinge zu recyceln, um daraus etwas Sch\u00f6nes f\u00fcr unser FreiDay-Fest herzustellen. Alle Fotos und auch andere Beitr\u00e4ge dazu k\u00f6nnen auch auf unserer Taskcard angesehen werden.<\/div><\/li>\n<\/ul>\n\n<div class=\"wp-block-archives-dropdown wp-block-archives\"><label for=\"wp-block-archives-1\" class=\"wp-block-archives__label\">Archiv<\/label>\n\t\t<select id=\"wp-block-archives-1\" name=\"archive-dropdown\">\n\t\t<option value=\"\">Monat ausw\u00e4hlen<\/option>\t<option value='https:\/\/wordpress.nibis.de\/ovakara\/2026\/03\/'> M\u00e4rz 2026 <\/option>\n\t<option value='https:\/\/wordpress.nibis.de\/ovakara\/2026\/02\/'> Februar 2026 <\/option>\n\t<option value='https:\/\/wordpress.nibis.de\/ovakara\/2026\/01\/'> Januar 2026 <\/option>\n\t<option value='https:\/\/wordpress.nibis.de\/ovakara\/2025\/12\/'> Dezember 2025 <\/option>\n\t<option value='https:\/\/wordpress.nibis.de\/ovakara\/2025\/10\/'> Oktober 2025 <\/option>\n\t<option value='https:\/\/wordpress.nibis.de\/ovakara\/2025\/09\/'> September 2025 <\/option>\n\t<option value='https:\/\/wordpress.nibis.de\/ovakara\/2025\/08\/'> August 2025 <\/option>\n\t<option value='https:\/\/wordpress.nibis.de\/ovakara\/2025\/07\/'> Juli 2025 <\/option>\n\t<option value='https:\/\/wordpress.nibis.de\/ovakara\/2025\/06\/'> Juni 2025 <\/option>\n\t<option value='https:\/\/wordpress.nibis.de\/ovakara\/2025\/05\/'> Mai 2025 <\/option>\n\t<option value='https:\/\/wordpress.nibis.de\/ovakara\/2025\/04\/'> April 2025 <\/option>\n\t<option value='https:\/\/wordpress.nibis.de\/ovakara\/2025\/03\/'> M\u00e4rz 2025 <\/option>\n\t<option value='https:\/\/wordpress.nibis.de\/ovakara\/2025\/02\/'> Februar 2025 <\/option>\n\t<option value='https:\/\/wordpress.nibis.de\/ovakara\/2024\/12\/'> Dezember 2024 <\/option>\n\t<option value='https:\/\/wordpress.nibis.de\/ovakara\/2024\/11\/'> November 2024 <\/option>\n\t<option value='https:\/\/wordpress.nibis.de\/ovakara\/2024\/10\/'> Oktober 2024 <\/option>\n\t<option value='https:\/\/wordpress.nibis.de\/ovakara\/2024\/09\/'> September 2024 <\/option>\n\t<option value='https:\/\/wordpress.nibis.de\/ovakara\/2024\/08\/'> August 2024 <\/option>\n\t<option value='https:\/\/wordpress.nibis.de\/ovakara\/2024\/06\/'> Juni 2024 <\/option>\n\t<option value='https:\/\/wordpress.nibis.de\/ovakara\/2024\/04\/'> April 2024 <\/option>\n\t<option value='https:\/\/wordpress.nibis.de\/ovakara\/2024\/03\/'> M\u00e4rz 2024 <\/option>\n\t<option value='https:\/\/wordpress.nibis.de\/ovakara\/2024\/02\/'> Februar 2024 <\/option>\n\t<option value='https:\/\/wordpress.nibis.de\/ovakara\/2024\/01\/'> Januar 2024 <\/option>\n\t<option value='https:\/\/wordpress.nibis.de\/ovakara\/2023\/12\/'> Dezember 2023 <\/option>\n\t<option value='https:\/\/wordpress.nibis.de\/ovakara\/2023\/11\/'> November 2023 <\/option>\n\t<option value='https:\/\/wordpress.nibis.de\/ovakara\/2023\/10\/'> Oktober 2023 <\/option>\n\t<option value='https:\/\/wordpress.nibis.de\/ovakara\/2023\/09\/'> September 2023 <\/option>\n\t<option value='https:\/\/wordpress.nibis.de\/ovakara\/2023\/08\/'> August 2023 <\/option>\n\t<option value='https:\/\/wordpress.nibis.de\/ovakara\/2023\/07\/'> Juli 2023 <\/option>\n\t<option value='https:\/\/wordpress.nibis.de\/ovakara\/2023\/06\/'> Juni 2023 <\/option>\n\t<option value='https:\/\/wordpress.nibis.de\/ovakara\/2023\/05\/'> Mai 2023 <\/option>\n\t<option value='https:\/\/wordpress.nibis.de\/ovakara\/2023\/04\/'> April 2023 <\/option>\n\t<option value='https:\/\/wordpress.nibis.de\/ovakara\/2023\/03\/'> M\u00e4rz 2023 <\/option>\n\t<option value='https:\/\/wordpress.nibis.de\/ovakara\/2022\/12\/'> Dezember 2022 <\/option>\n\t<option value='https:\/\/wordpress.nibis.de\/ovakara\/2022\/11\/'> November 2022 <\/option>\n\t<option value='https:\/\/wordpress.nibis.de\/ovakara\/2022\/10\/'> Oktober 2022 <\/option>\n\t<option value='https:\/\/wordpress.nibis.de\/ovakara\/2022\/08\/'> August 2022 <\/option>\n\t<option value='https:\/\/wordpress.nibis.de\/ovakara\/2022\/07\/'> Juli 2022 <\/option>\n\t<option value='https:\/\/wordpress.nibis.de\/ovakara\/2022\/06\/'> Juni 2022 <\/option>\n\t<option value='https:\/\/wordpress.nibis.de\/ovakara\/2022\/04\/'> April 2022 <\/option>\n\t<option value='https:\/\/wordpress.nibis.de\/ovakara\/2022\/03\/'> M\u00e4rz 2022 <\/option>\n\t<option value='https:\/\/wordpress.nibis.de\/ovakara\/2021\/12\/'> Dezember 2021 <\/option>\n\t<option value='https:\/\/wordpress.nibis.de\/ovakara\/2021\/07\/'> Juli 2021 <\/option>\n<\/select><script type=\"text\/javascript\">\n\/* <![CDATA[ *\/\n( ( [ dropdownId, homeUrl ] ) => {\n\t\tconst dropdown = document.getElementById( dropdownId );\n\t\tfunction onSelectChange() {\n\t\t\tsetTimeout( () => {\n\t\t\t\tif ( 'escape' === dropdown.dataset.lastkey ) {\n\t\t\t\t\treturn;\n\t\t\t\t}\n\t\t\t\tif ( dropdown.value ) {\n\t\t\t\t\tlocation.href = dropdown.value;\n\t\t\t\t}\n\t\t\t}, 250 );\n\t\t}\n\t\tfunction onKeyUp( event ) {\n\t\t\tif ( 'Escape' === event.key ) {\n\t\t\t\tdropdown.dataset.lastkey = 'escape';\n\t\t\t} else {\n\t\t\t\tdelete dropdown.dataset.lastkey;\n\t\t\t}\n\t\t}\n\t\tfunction onClick() {\n\t\t\tdelete dropdown.dataset.lastkey;\n\t\t}\n\t\tdropdown.addEventListener( 'keyup', onKeyUp );\n\t\tdropdown.addEventListener( 'click', onClick );\n\t\tdropdown.addEventListener( 'change', onSelectChange );\n\t} )( [\"wp-block-archives-1\",\"https:\/\/wordpress.nibis.de\/ovakara\"] );\n\/\/# sourceURL=block_core_archives_build_dropdown_script\n\/* ]]> *\/\n<\/script>\n<\/div>\n\n\n<p><\/p>\n","protected":false},"excerpt":{"rendered":"","protected":false},"author":9193785,"featured_media":0,"parent":0,"menu_order":0,"comment_status":"closed","ping_status":"closed","template":"template-full-width.php","meta":{"footnotes":""},"class_list":["post-320","page","type-page","status-publish","hentry"],"_links":{"self":[{"href":"https:\/\/wordpress.nibis.de\/ovakara\/wp-json\/wp\/v2\/pages\/320","targetHints":{"allow":["GET"]}}],"collection":[{"href":"https:\/\/wordpress.nibis.de\/ovakara\/wp-json\/wp\/v2\/pages"}],"about":[{"href":"https:\/\/wordpress.nibis.de\/ovakara\/wp-json\/wp\/v2\/types\/page"}],"author":[{"embeddable":true,"href":"https:\/\/wordpress.nibis.de\/ovakara\/wp-json\/wp\/v2\/users\/9193785"}],"replies":[{"embeddable":true,"href":"https:\/\/wordpress.nibis.de\/ovakara\/wp-json\/wp\/v2\/comments?post=320"}],"version-history":[{"count":10,"href":"https:\/\/wordpress.nibis.de\/ovakara\/wp-json\/wp\/v2\/pages\/320\/revisions"}],"predecessor-version":[{"id":4364,"href":"https:\/\/wordpress.nibis.de\/ovakara\/wp-json\/wp\/v2\/pages\/320\/revisions\/4364"}],"wp:attachment":[{"href":"https:\/\/wordpress.nibis.de\/ovakara\/wp-json\/wp\/v2\/media?parent=320"}],"curies":[{"name":"wp","href":"https:\/\/api.w.org\/{rel}","templated":true}]}}