{"id":4419,"date":"2026-04-15T11:04:02","date_gmt":"2026-04-15T09:04:02","guid":{"rendered":"https:\/\/wordpress.nibis.de\/ovakara\/?page_id=4419"},"modified":"2026-04-30T11:26:23","modified_gmt":"2026-04-30T09:26:23","slug":"schuelerlotsen","status":"publish","type":"page","link":"https:\/\/wordpress.nibis.de\/ovakara\/schuelerlotsen\/","title":{"rendered":"Sch\u00fclerlotsen"},"content":{"rendered":"\n<p>Nachdem die Schule vergeblich versucht hat \u00fcber das Projekt &#8222;Walking Bus&#8220; eine Initiative zum sicheren Schulweg f\u00fcr die Schule zu etablieren, hat sich eine Gruppe in der Elternschaft gebildet, die ein Sch\u00fclerlotsenprojekt ins Leben gerufen hat. Zur Zeit arbeiten die Eltern an der Akquise und Ausbildung der Teilnehmer. Der erste Rundgang Interessierter durch das Dorf durch einen Ausbildungsleiter ist der n\u00e4chste Schritt.&nbsp;<\/p>\n\n\n\n<p><strong>Schulweglotsen in Hillerse: Gemeinsam f\u00fcr einen sicheren Schulweg \u2013 weitere Helfer gesucht<\/strong><\/p>\n\n\n\n<p>Ein sicherer Schulweg ist f\u00fcr viele Familien eines der wichtigsten Themen im Alltag. Genau hier setzt das Schulweglotsen-Projekt an der Ovakara Grundschule Hillerse an \u2013 und es nimmt nun sichtbar Fahrt auf.<br><br>Die erste Schulung f\u00fcr unsere zuk\u00fcnftigen Verkehrshelferinnen und Verkehrshelfer fand bereits statt. Mit gro\u00dfem Engagement und viel Verantwortungsbewusstsein haben sich die ersten Freiwilligen auf ihre Aufgabe vorbereitet: Kinder morgens sicher \u00fcber die Stra\u00dfe zu begleiten und ihnen ein gutes Gef\u00fchl auf dem Weg zur Schule zu geben.<\/p>\n\n\n\n<figure class=\"wp-block-image size-full\"><img loading=\"lazy\" decoding=\"async\" width=\"602\" height=\"271\" src=\"https:\/\/wordpress.nibis.de\/ovakara\/files\/2026\/04\/image-1.jpeg\" alt=\"\" class=\"wp-image-4475\" srcset=\"https:\/\/wordpress.nibis.de\/ovakara\/files\/2026\/04\/image-1.jpeg 602w, https:\/\/wordpress.nibis.de\/ovakara\/files\/2026\/04\/image-1-300x135.jpeg 300w, https:\/\/wordpress.nibis.de\/ovakara\/files\/2026\/04\/image-1-600x271.jpeg 600w, https:\/\/wordpress.nibis.de\/ovakara\/files\/2026\/04\/image-1-100x45.jpeg 100w\" sizes=\"auto, (max-width: 602px) 100vw, 602px\" \/><\/figure>\n\n\n\n<p><strong>\u201eMit Engagement und Verantwortung im Einsatz: Die ersten freiwilligen Schulweglotsen der Ovakara Grundschule Hillerse.\u201c<\/strong><\/p>\n\n\n\n<p>Ein weiterer wichtiger Meilenstein ist erreicht: Die Genehmigung f\u00fcr die offiziellen Beschilderungen wurde erteilt. Die entsprechenden Schilder werden in den kommenden Wochen an den vorgesehenen Standorten aufgestellt. Im Anschluss kann der Einsatz der Schulweglotsen starten.<br><br>Trotz des erfolgreichen Starts werden weiterhin engagierte Helferinnen und Helfer gesucht. Der Einsatz ist flexibel planbar und umfasst in der Regel ein bis zwei Eins\u00e4tze pro Woche mit jeweils etwa 20 bis 25 Minuten am Morgen.<br><br>Was dieses Projekt besonders macht, ist das gemeinsame Engagement: Eltern, Gro\u00dfeltern und Unterst\u00fctzende aus dem Ort bringen sich ein, um die Sicherheit unserer Kinder aktiv zu st\u00e4rken. Schon ein kleiner zeitlicher Einsatz kann dabei einen gro\u00dfen Unterschied machen.<br><br>Jetzt mitmachen und unterst\u00fctzen! Bitte melden bei Marion Kaufmann:<br>\ud83d\udcde 0176 555 00 537&nbsp; \ud83d\udce7 marion_kaufm&#97;&#110;&#110;&#64;&#103;&#109;&#120;&#46;&#110;&#101;&#116;<\/p>\n\n\n\n<p>Es werden dringend noch weitere Freiwillige gesucht, die die Sch\u00fclerlotsengruppe unterst\u00fctzen w\u00fcrden.<\/p>\n\n\n\n<p>&nbsp;<\/p>\n\n\n\n<figure class=\"wp-block-image size-large\"><img loading=\"lazy\" decoding=\"async\" width=\"736\" height=\"1024\" src=\"https:\/\/wordpress.nibis.de\/ovakara\/files\/2026\/04\/IMG-20260401-WA0061-736x1024.jpg\" alt=\"\" class=\"wp-image-4420\" srcset=\"https:\/\/wordpress.nibis.de\/ovakara\/files\/2026\/04\/IMG-20260401-WA0061-736x1024.jpg 736w, https:\/\/wordpress.nibis.de\/ovakara\/files\/2026\/04\/IMG-20260401-WA0061-216x300.jpg 216w, https:\/\/wordpress.nibis.de\/ovakara\/files\/2026\/04\/IMG-20260401-WA0061-768x1068.jpg 768w, https:\/\/wordpress.nibis.de\/ovakara\/files\/2026\/04\/IMG-20260401-WA0061-100x139.jpg 100w, https:\/\/wordpress.nibis.de\/ovakara\/files\/2026\/04\/IMG-20260401-WA0061.jpg 1024w\" sizes=\"auto, (max-width: 736px) 100vw, 736px\" \/><\/figure>\n","protected":false},"excerpt":{"rendered":"<p>Nachdem die Schule vergeblich versucht hat \u00fcber das Projekt &#8222;Walking Bus&#8220; eine Initiative zum sicheren Schulweg f\u00fcr die Schule zu etablieren, hat sich eine Gruppe in der Elternschaft gebildet, die ein Sch\u00fclerlotsenprojekt ins Leben gerufen hat. Zur Zeit arbeiten die Eltern an der Akquise und Ausbildung der Teilnehmer. Der erste Rundgang Interessierter durch das Dorf [&hellip;]<\/p>\n","protected":false},"author":9193774,"featured_media":0,"parent":0,"menu_order":0,"comment_status":"closed","ping_status":"closed","template":"","meta":{"footnotes":""},"class_list":["post-4419","page","type-page","status-publish","hentry"],"_links":{"self":[{"href":"https:\/\/wordpress.nibis.de\/ovakara\/wp-json\/wp\/v2\/pages\/4419","targetHints":{"allow":["GET"]}}],"collection":[{"href":"https:\/\/wordpress.nibis.de\/ovakara\/wp-json\/wp\/v2\/pages"}],"about":[{"href":"https:\/\/wordpress.nibis.de\/ovakara\/wp-json\/wp\/v2\/types\/page"}],"author":[{"embeddable":true,"href":"https:\/\/wordpress.nibis.de\/ovakara\/wp-json\/wp\/v2\/users\/9193774"}],"replies":[{"embeddable":true,"href":"https:\/\/wordpress.nibis.de\/ovakara\/wp-json\/wp\/v2\/comments?post=4419"}],"version-history":[{"count":3,"href":"https:\/\/wordpress.nibis.de\/ovakara\/wp-json\/wp\/v2\/pages\/4419\/revisions"}],"predecessor-version":[{"id":4477,"href":"https:\/\/wordpress.nibis.de\/ovakara\/wp-json\/wp\/v2\/pages\/4419\/revisions\/4477"}],"wp:attachment":[{"href":"https:\/\/wordpress.nibis.de\/ovakara\/wp-json\/wp\/v2\/media?parent=4419"}],"curies":[{"name":"wp","href":"https:\/\/api.w.org\/{rel}","templated":true}]}}