{"id":681,"date":"2021-04-22T14:50:11","date_gmt":"2021-04-22T12:50:11","guid":{"rendered":"https:\/\/wordpress.nibis.de\/ovakara\/?page_id=681"},"modified":"2021-04-22T14:55:00","modified_gmt":"2021-04-22T12:55:00","slug":"aktuelles-vom-foerderverein","status":"publish","type":"page","link":"https:\/\/wordpress.nibis.de\/ovakara\/aktuelles-vom-foerderverein\/","title":{"rendered":"Aktuelles vom F\u00f6rderverein"},"content":{"rendered":"<ul class=\"wp-block-latest-posts__list has-dates wp-block-latest-posts\"><li><div class=\"wp-block-latest-posts__featured-image alignleft\"><img loading=\"lazy\" decoding=\"async\" width=\"150\" height=\"150\" src=\"https:\/\/wordpress.nibis.de\/ovakara\/files\/2024\/09\/2024_Gesundes_Fruehstueck-150x150.jpg\" class=\"attachment-thumbnail size-thumbnail wp-post-image\" alt=\"\" style=\"\" srcset=\"https:\/\/wordpress.nibis.de\/ovakara\/files\/2024\/09\/2024_Gesundes_Fruehstueck-150x150.jpg 150w, https:\/\/wordpress.nibis.de\/ovakara\/files\/2024\/09\/2024_Gesundes_Fruehstueck-80x80.jpg 80w, https:\/\/wordpress.nibis.de\/ovakara\/files\/2024\/09\/2024_Gesundes_Fruehstueck-320x320.jpg 320w\" sizes=\"auto, (max-width: 150px) 100vw, 150px\" \/><\/div><a class=\"wp-block-latest-posts__post-title\" href=\"https:\/\/wordpress.nibis.de\/ovakara\/termine-gesundes-fruehstueck-2023-24\/\">Termine &#8222;Gesundes Fr\u00fchst\u00fcck&#8220; 2025\/26<\/a><time datetime=\"2025-09-01T08:45:00+02:00\" class=\"wp-block-latest-posts__post-date\">1. September 2025<\/time><div class=\"wp-block-latest-posts__post-excerpt\">Dienstag: 09.09.2025, 23.09.2025, 04.11.2025, 18.11.2025, 02.12.2025, 16.12.2025, 13.01.2026, 27.01.2026, 10.02.2026, 24.02.2026, 10.03.2026, 21.04.2026, 05.05.2026, 19.05.2026, 02.06.2026 und 16.06.2026<\/div><\/li>\n<li><a class=\"wp-block-latest-posts__post-title\" href=\"https:\/\/wordpress.nibis.de\/ovakara\/herzliche-einladung-zur-jahreshauptversammlung-des-foerdervereins\/\">Herzliche Einladung zur Jahreshauptversammlung des F\u00f6rdervereins!<\/a><time datetime=\"2025-02-26T20:02:48+01:00\" class=\"wp-block-latest-posts__post-date\">26. Februar 2025<\/time><div class=\"wp-block-latest-posts__post-excerpt\">Am Donnerstag, den 13. M\u00e4rz 2025 findet um 17 Uhr die Jahreshauptversammlung des F\u00f6rdervereins im Musikraum der Schule statt. Tagesordnung: &nbsp; 1. Begr\u00fc\u00dfung &nbsp; 2. Feststellung der Beschlussf\u00e4higkeit und ordnungsgem\u00e4\u00dfen Ladung &nbsp; 3. Genehmigung der Tagesordnung &nbsp; 4. Verlesen und Genehmigung des Protokolls vom 14.03.2024 &nbsp; 5. Rechenschaftsbericht der Vorsitzenden \u00fcber die Vereinsarbeit &nbsp; 6.\u2026\u00a0<a class=\"wp-block-latest-posts__read-more\" href=\"https:\/\/wordpress.nibis.de\/ovakara\/herzliche-einladung-zur-jahreshauptversammlung-des-foerdervereins\/\" rel=\"noopener noreferrer\"><span class=\"screen-reader-text\">Herzliche Einladung zur Jahreshauptversammlung des F\u00f6rdervereins! <\/span>weiterlesen<\/a><\/div><\/li>\n<li><div class=\"wp-block-latest-posts__featured-image alignleft\"><img loading=\"lazy\" decoding=\"async\" width=\"150\" height=\"150\" src=\"https:\/\/wordpress.nibis.de\/ovakara\/files\/2023\/10\/Erster-Anstrich-Spielehaeuschen-150x150.jpg\" class=\"attachment-thumbnail size-thumbnail wp-post-image\" alt=\"\" style=\"\" srcset=\"https:\/\/wordpress.nibis.de\/ovakara\/files\/2023\/10\/Erster-Anstrich-Spielehaeuschen-150x150.jpg 150w, https:\/\/wordpress.nibis.de\/ovakara\/files\/2023\/10\/Erster-Anstrich-Spielehaeuschen-80x80.jpg 80w, https:\/\/wordpress.nibis.de\/ovakara\/files\/2023\/10\/Erster-Anstrich-Spielehaeuschen-320x320.jpg 320w\" sizes=\"auto, (max-width: 150px) 100vw, 150px\" \/><\/div><a class=\"wp-block-latest-posts__post-title\" href=\"https:\/\/wordpress.nibis.de\/ovakara\/spielehaeuschen-bekommt-neuen-anstrich\/\">Spieleh\u00e4uschen bekommt neuen Anstrich<\/a><time datetime=\"2023-10-11T13:28:36+02:00\" class=\"wp-block-latest-posts__post-date\">11. Oktober 2023<\/time><div class=\"wp-block-latest-posts__post-excerpt\">Anfang Oktober haben sich, auf Initiative des F\u00f6rdervereins, flei\u00dfige Eltern auf dem Pausenhof unserer Schule getroffen, um dem etwas in die Jahre gekommenen Spieleh\u00e4uschen einen neuen Anstrich zu geben. Dazu musste die alte Farbe erst einmal gr\u00fcndlich abgeschliffen werden. Danach wurde der erste Anstrich aufgebracht. Die kaputten Plexiglas-Fenster konnten bei der Gelegenheit auch entfernt und\u2026\u00a0<a class=\"wp-block-latest-posts__read-more\" href=\"https:\/\/wordpress.nibis.de\/ovakara\/spielehaeuschen-bekommt-neuen-anstrich\/\" rel=\"noopener noreferrer\"><span class=\"screen-reader-text\">Spieleh\u00e4uschen bekommt neuen Anstrich <\/span>weiterlesen<\/a><\/div><\/li>\n<li><div class=\"wp-block-latest-posts__featured-image alignleft\"><img loading=\"lazy\" decoding=\"async\" width=\"150\" height=\"150\" src=\"https:\/\/wordpress.nibis.de\/ovakara\/files\/2023\/08\/Soft-Fussbaelle-und-Pferdegeschirr-150x150.jpg\" class=\"attachment-thumbnail size-thumbnail wp-post-image\" alt=\"\" style=\"\" srcset=\"https:\/\/wordpress.nibis.de\/ovakara\/files\/2023\/08\/Soft-Fussbaelle-und-Pferdegeschirr-150x150.jpg 150w, https:\/\/wordpress.nibis.de\/ovakara\/files\/2023\/08\/Soft-Fussbaelle-und-Pferdegeschirr-80x80.jpg 80w, https:\/\/wordpress.nibis.de\/ovakara\/files\/2023\/08\/Soft-Fussbaelle-und-Pferdegeschirr-320x320.jpg 320w\" sizes=\"auto, (max-width: 150px) 100vw, 150px\" \/><\/div><a class=\"wp-block-latest-posts__post-title\" href=\"https:\/\/wordpress.nibis.de\/ovakara\/neue-anschaffungen-fuer-die-buecherei-und-das-spielehaeuschen\/\">Neue Anschaffungen f\u00fcr die B\u00fccherei und das Spieleh\u00e4uschen<\/a><time datetime=\"2023-08-28T19:01:07+02:00\" class=\"wp-block-latest-posts__post-date\">28. August 2023<\/time><div class=\"wp-block-latest-posts__post-excerpt\">Dank einer gro\u00dfz\u00fcgigen Spende von der Volksbank eG S\u00fcdheide &#8211; Isenhagener Land &#8211; Altmark konnte der Vorstand des F\u00f6rdervereins einige Anschaffungen auf den Weg bringen. Anfang August wurde der Geldbetrag in der Filiale in Leiferde dem Verein \u201eoffiziell\u201c \u00fcbergeben. Nachdem im letzten Jahr zwei B\u00fccherboxen f\u00fcr die Schulb\u00fccherei angeschafft wurden, konnten jetzt auch die dazugeh\u00f6rigen\u2026\u00a0<a class=\"wp-block-latest-posts__read-more\" href=\"https:\/\/wordpress.nibis.de\/ovakara\/neue-anschaffungen-fuer-die-buecherei-und-das-spielehaeuschen\/\" rel=\"noopener noreferrer\"><span class=\"screen-reader-text\">Neue Anschaffungen f\u00fcr die B\u00fccherei und das Spieleh\u00e4uschen <\/span>weiterlesen<\/a><\/div><\/li>\n<li><a class=\"wp-block-latest-posts__post-title\" href=\"https:\/\/wordpress.nibis.de\/ovakara\/renovierung-unserer-buecherei-2\/\">Die Renovierung unserer B\u00fccherei ist geschafft!<\/a><time datetime=\"2021-07-05T11:48:47+02:00\" class=\"wp-block-latest-posts__post-date\">5. Juli 2021<\/time><div class=\"wp-block-latest-posts__post-excerpt\">&#8222;Unsere Schulb\u00fccherei ist in die Jahre gekommen&#8220;, das dachte sich zumindest der Vorstand des F\u00f6rdervereins und wollte f\u00fcr frischen Wind in der B\u00fccherei sorgen. Doch zuerst einmal musste die Renovierung des Raumes und die Ausstattung mit neuen kindgerechten M\u00f6beln beim Schultr\u00e4ger beantragt werden. Im letzten Jahr war es dann soweit: Das Projekt &#8222;Unsere B\u00fccherei wird\u2026\u00a0<a class=\"wp-block-latest-posts__read-more\" href=\"https:\/\/wordpress.nibis.de\/ovakara\/renovierung-unserer-buecherei-2\/\" rel=\"noopener noreferrer\"><span class=\"screen-reader-text\">Die Renovierung unserer B\u00fccherei ist geschafft! <\/span>weiterlesen<\/a><\/div><\/li>\n<\/ul>","protected":false},"excerpt":{"rendered":"","protected":false},"author":9193785,"featured_media":0,"parent":0,"menu_order":0,"comment_status":"closed","ping_status":"closed","template":"","meta":{"footnotes":""},"class_list":["post-681","page","type-page","status-publish","hentry"],"_links":{"self":[{"href":"https:\/\/wordpress.nibis.de\/ovakara\/wp-json\/wp\/v2\/pages\/681","targetHints":{"allow":["GET"]}}],"collection":[{"href":"https:\/\/wordpress.nibis.de\/ovakara\/wp-json\/wp\/v2\/pages"}],"about":[{"href":"https:\/\/wordpress.nibis.de\/ovakara\/wp-json\/wp\/v2\/types\/page"}],"author":[{"embeddable":true,"href":"https:\/\/wordpress.nibis.de\/ovakara\/wp-json\/wp\/v2\/users\/9193785"}],"replies":[{"embeddable":true,"href":"https:\/\/wordpress.nibis.de\/ovakara\/wp-json\/wp\/v2\/comments?post=681"}],"version-history":[{"count":3,"href":"https:\/\/wordpress.nibis.de\/ovakara\/wp-json\/wp\/v2\/pages\/681\/revisions"}],"predecessor-version":[{"id":686,"href":"https:\/\/wordpress.nibis.de\/ovakara\/wp-json\/wp\/v2\/pages\/681\/revisions\/686"}],"wp:attachment":[{"href":"https:\/\/wordpress.nibis.de\/ovakara\/wp-json\/wp\/v2\/media?parent=681"}],"curies":[{"name":"wp","href":"https:\/\/api.w.org\/{rel}","templated":true}]}}