{"id":1390,"date":"2015-09-29T11:35:10","date_gmt":"2015-09-29T09:35:10","guid":{"rendered":"http:\/\/wordpress.nibis.de\/ovsvec\/?page_id=1390"},"modified":"2023-10-19T16:38:47","modified_gmt":"2023-10-19T14:38:47","slug":"schulvorstand","status":"publish","type":"page","link":"https:\/\/wordpress.nibis.de\/ovsvec\/schulvorstand\/","title":{"rendered":"Schulvorstand"},"content":{"rendered":"<p><span style=\"color: #000000\">Der Schulvorstand ist ein wichtiges Entscheidungsgremium der eigenverantwortlichen Schule, welches sich zur H\u00e4lfte aus Lehrkr\u00e4ften und zur H\u00e4lfte aus Erziehungsberechtigten zusammensetzt.<\/span><\/p>\n<p><span style=\"color: #000000\">Der Schulvorstand der Overbergschule setzt sich aus folgenden Personen zusammen:<\/span><br \/><span style=\"color: #000000\"> Vorsitzende: Frau Dieker (Rektorin)<\/span><br \/><span style=\"color: #000000\"> Lehrkr\u00e4fte: Frau Muhle-Heckmann, Frau Kathmann (Vertretung Frau Bahlmann), Frau Dieker, Frau Beuse<\/span><br \/><span style=\"color: #000000\"> Erziehungsberechtigte: Frau Willenbrink (Frau L\u00fcbbehusen), Frau D\u00f6dtmann (Frau Tegeler), Herr Herzog (Frau Gerharts), Frau H\u00f6rnemann (Frau Lohoff)<br \/><\/span><\/p>\n<p><strong><span style=\"color: #000000\">Wor\u00fcber entscheidet der Schulvorstand (Auszug aus: \u00a7 38 a Abs. 3 und 4 NSchG)?<\/span><\/strong><br \/><span style=\"color: #000000\">Der Schulvorstand entscheidet u.a. \u00fcber<\/span><br \/><span style=\"color: #000000\">&#8211; den Plan \u00fcber die Verwendung der Haushaltsmittel und die Entlastung der Schulleiterin<\/span><br \/><span style=\"color: #000000\">\u00a0\u00a0 oder des Schulleiters,<\/span><br \/><span style=\"color: #000000\">&#8211; die Zusammenarbeit mit anderen Schulen (\u00a7 25 Abs. 1),<\/span><br \/><span style=\"color: #000000\">&#8211; die Vorschl\u00e4ge an die Schulbeh\u00f6rde zur Besetzung der Stelle der Schulleiterin oder des<\/span><br \/><span style=\"color: #000000\">\u00a0\u00a0 Schulleiters, der st\u00e4ndigen Vertreterin oder des st\u00e4ndigen Vertreters sowie anderer<br \/>Bef\u00f6rderungsstellen,<\/span><br \/><span style=\"color: #000000\">&#8211; die Ausgestaltung der Stundentafel,<\/span><br \/><span style=\"color: #000000\">&#8211; Schulpartnerschaften,<\/span><br \/><span style=\"color: #000000\">&#8211; Antr\u00e4ge an die Schulbeh\u00f6rde auf Genehmigung von Schulversuchen (\u00a7 22),<\/span><br \/><span style=\"color: #000000\">&#8211; Grunds\u00e4tze f\u00fcr die T\u00e4tigkeit der p\u00e4dagogischen Mitarbeiterinnen und Mitarbeiter an<br \/>Grundschulen,<\/span><br \/><span style=\"color: #000000\">&#8211; Grunds\u00e4tze f\u00fcr die Durchf\u00fchrung von Projektwochen,<\/span><br \/><span style=\"color: #000000\">&#8211; Grunds\u00e4tze f\u00fcr die Werbung und das Sponsoring in der Schule,<\/span><br \/><span style=\"color: #000000\">&#8211; Grunds\u00e4tze f\u00fcr die j\u00e4hrliche \u00dcberpr\u00fcfung der Arbeit der Schule (d. h. Selbstevaluation).<\/span><br \/><span style=\"color: #000000\">Au\u00dferdem macht der Schulvorstand einen Vorschlag f\u00fcr das Schulprogramm und f\u00fcr die Schulordnung. <\/span><span style=\"color: #000000\">(Die Entscheidung trifft die Gesamtkonferenz im Benehmen mit dem Schulvorstand.)<\/span><\/p>\n<p><span style=\"color: #000000\"><strong>Weitere Informationen zur eigenverantw. Schule und Schulvorstand:<\/strong><br \/><a href=\"http:\/\/www.mk.niedersachsen.de\/portal\/live.php?navigation_id=1897&amp;article_id=128101&amp;_psmand=8\" target=\"_blank\" rel=\"noopener noreferrer\">www.mk.niedersachsen<\/a><\/span><\/p>\n\n\n<p><\/p>\n","protected":false},"excerpt":{"rendered":"<p>Der Schulvorstand ist ein wichtiges Entscheidungsgremium der eigenverantwortlichen Schule, welches sich zur H\u00e4lfte aus Lehrkr\u00e4ften und zur H\u00e4lfte aus Erziehungsberechtigten zusammensetzt. Der Schulvorstand der Overbergschule setzt sich aus folgenden Personen zusammen: Vorsitzende: Frau Dieker (Rektorin) Lehrkr\u00e4fte: Frau Muhle-Heckmann, Frau Kathmann &hellip; <a href=\"https:\/\/wordpress.nibis.de\/ovsvec\/schulvorstand\/\">Weiterlesen <span class=\"meta-nav\">&rarr;<\/span><\/a><\/p>\n","protected":false},"author":430,"featured_media":0,"parent":0,"menu_order":0,"comment_status":"closed","ping_status":"closed","template":"","meta":{"footnotes":""},"class_list":["post-1390","page","type-page","status-publish","hentry"],"_links":{"self":[{"href":"https:\/\/wordpress.nibis.de\/ovsvec\/wp-json\/wp\/v2\/pages\/1390","targetHints":{"allow":["GET"]}}],"collection":[{"href":"https:\/\/wordpress.nibis.de\/ovsvec\/wp-json\/wp\/v2\/pages"}],"about":[{"href":"https:\/\/wordpress.nibis.de\/ovsvec\/wp-json\/wp\/v2\/types\/page"}],"author":[{"embeddable":true,"href":"https:\/\/wordpress.nibis.de\/ovsvec\/wp-json\/wp\/v2\/users\/430"}],"replies":[{"embeddable":true,"href":"https:\/\/wordpress.nibis.de\/ovsvec\/wp-json\/wp\/v2\/comments?post=1390"}],"version-history":[{"count":20,"href":"https:\/\/wordpress.nibis.de\/ovsvec\/wp-json\/wp\/v2\/pages\/1390\/revisions"}],"predecessor-version":[{"id":6912,"href":"https:\/\/wordpress.nibis.de\/ovsvec\/wp-json\/wp\/v2\/pages\/1390\/revisions\/6912"}],"wp:attachment":[{"href":"https:\/\/wordpress.nibis.de\/ovsvec\/wp-json\/wp\/v2\/media?parent=1390"}],"curies":[{"name":"wp","href":"https:\/\/api.w.org\/{rel}","templated":true}]}}