{"id":225,"date":"2014-03-20T10:38:00","date_gmt":"2014-03-20T09:38:00","guid":{"rendered":"http:\/\/wordpress.nibis.de\/u07\/?page_id=225"},"modified":"2024-10-10T12:19:38","modified_gmt":"2024-10-10T10:19:38","slug":"schulprogramm-2","status":"publish","type":"page","link":"https:\/\/wordpress.nibis.de\/ovsvec\/identifikation\/schulprogramm-2\/","title":{"rendered":"Leitbild"},"content":{"rendered":"<p><strong>\u00a0<\/strong><\/p>\n<p style=\"text-align: center\"><strong>Leitbild der Overbergschule Vechta<\/strong><\/p>\n<p style=\"text-align: center\">\n<p style=\"text-align: center\">Die Overbergschule verfolgt einen umfassenden Erziehungs- und Bildungsauftrag:<\/p>\n<p style=\"text-align: center\">\n<p style=\"text-align: center\">Wir verstehen uns als Gemeinschaft aller Mitarbeiterinnen und Mitarbeiter, der Sch\u00fclerinnen und Sch\u00fcler und der Erziehungsberechtigten.<\/p>\n<p style=\"text-align: center\">An unserer Schule ist eine positive Beziehungsgestaltung die Grundlage f\u00fcr ein gelingendes Miteinander und ein lernf\u00f6rderliches Klima.<\/p>\n<p style=\"text-align: center\">Wir achten die Kinderrechte.<\/p>\n<p style=\"text-align: center\">Basiskompetenzen haben einen besonderen Stellenwert.<\/p>\n<p style=\"text-align: center\">Individualisierung und Differenzierung sind f\u00fcr uns selbstverst\u00e4ndlich.<\/p>\n<p style=\"text-align: center\">Wir orientieren uns am Kind und st\u00e4rken das Selbstbewusstsein und die Sozialkompetenz jedes einzelnen.<\/p>\n<p style=\"text-align: center\">Ein wertsch\u00e4tzender und umsichtiger Umgang mit sich selbst und mit anderen ist f\u00fcr uns von besonderer Bedeutung.<\/p>\n","protected":false},"excerpt":{"rendered":"<p>\u00a0 Leitbild der Overbergschule Vechta Die Overbergschule verfolgt einen umfassenden Erziehungs- und Bildungsauftrag: Wir verstehen uns als Gemeinschaft aller Mitarbeiterinnen und Mitarbeiter, der Sch\u00fclerinnen und Sch\u00fcler und der Erziehungsberechtigten. An unserer Schule ist eine positive Beziehungsgestaltung die Grundlage f\u00fcr ein &hellip; <a href=\"https:\/\/wordpress.nibis.de\/ovsvec\/identifikation\/schulprogramm-2\/\">Weiterlesen <span class=\"meta-nav\">&rarr;<\/span><\/a><\/p>\n","protected":false},"author":430,"featured_media":0,"parent":68,"menu_order":0,"comment_status":"closed","ping_status":"closed","template":"","meta":{"footnotes":""},"class_list":["post-225","page","type-page","status-publish","hentry"],"_links":{"self":[{"href":"https:\/\/wordpress.nibis.de\/ovsvec\/wp-json\/wp\/v2\/pages\/225","targetHints":{"allow":["GET"]}}],"collection":[{"href":"https:\/\/wordpress.nibis.de\/ovsvec\/wp-json\/wp\/v2\/pages"}],"about":[{"href":"https:\/\/wordpress.nibis.de\/ovsvec\/wp-json\/wp\/v2\/types\/page"}],"author":[{"embeddable":true,"href":"https:\/\/wordpress.nibis.de\/ovsvec\/wp-json\/wp\/v2\/users\/430"}],"replies":[{"embeddable":true,"href":"https:\/\/wordpress.nibis.de\/ovsvec\/wp-json\/wp\/v2\/comments?post=225"}],"version-history":[{"count":12,"href":"https:\/\/wordpress.nibis.de\/ovsvec\/wp-json\/wp\/v2\/pages\/225\/revisions"}],"predecessor-version":[{"id":7407,"href":"https:\/\/wordpress.nibis.de\/ovsvec\/wp-json\/wp\/v2\/pages\/225\/revisions\/7407"}],"up":[{"embeddable":true,"href":"https:\/\/wordpress.nibis.de\/ovsvec\/wp-json\/wp\/v2\/pages\/68"}],"wp:attachment":[{"href":"https:\/\/wordpress.nibis.de\/ovsvec\/wp-json\/wp\/v2\/media?parent=225"}],"curies":[{"name":"wp","href":"https:\/\/api.w.org\/{rel}","templated":true}]}}