{"id":311,"date":"2014-03-20T14:10:46","date_gmt":"2014-03-20T13:10:46","guid":{"rendered":"http:\/\/wordpress.nibis.de\/u07\/?page_id=311"},"modified":"2015-05-10T12:42:14","modified_gmt":"2015-05-10T10:42:14","slug":"iserv-2","status":"publish","type":"page","link":"https:\/\/wordpress.nibis.de\/ovsvec\/unterricht\/iserv-2\/","title":{"rendered":"IServ"},"content":{"rendered":"<p><a href=\"http:\/\/overbergschule-vechta.net\" target=\"_blank\" rel=\"attachment wp-att-285\"><img loading=\"lazy\" decoding=\"async\" class=\"size-thumbnail wp-image-285 alignleft\" src=\"http:\/\/wordpress.nibis.de\/ovsvec\/files\/iserv-150x150.png\" alt=\"iserv\" width=\"150\" height=\"150\" srcset=\"https:\/\/wordpress.nibis.de\/ovsvec\/files\/iserv-150x150.png 150w, https:\/\/wordpress.nibis.de\/ovsvec\/files\/iserv-300x297.png 300w, https:\/\/wordpress.nibis.de\/ovsvec\/files\/iserv.png 756w\" sizes=\"auto, (max-width: 150px) 100vw, 150px\" \/><\/a>Die Overbergschule Vechta bietet mit ihrem Portalserver \u201eIServ\u201c (<a href=\"http:\/\/www.iserv.eu\" target=\"_blank\">www.iserv.eu<\/a>) f\u00fcr die Lehrkr\u00e4fte und Mitarbeiter der Schule sowie f\u00fcr die Sch\u00fclerinnen und Sch\u00fcler eine moderne Kommunikations- und Speicherplattform an. Diese Plattform kann mit einem eigenen Zugang (\u201eAccount\u201c) sowohl \u00fcber die PCs im lokalen Schulnetzwerk als auch von jedem Computer mit Internetzugang au\u00dferhalb der\u00a0Schule genutzt werden.<\/p>\n<p>Downloads:<br \/>\n<a href=\"http:\/\/wordpress.nibis.de\/ovsvec\/files\/Gesamt-Einf\u00fchrung-Schulnetzwerkserver.pdf\" target=\"_blank\">Anleitung zur Einf\u00fchrung von IServ in der Schule<\/a><br \/>\n<a href=\"http:\/\/wordpress.nibis.de\/ovsvec\/files\/2015.04.27.OVS-IServ-Benutzererkl\u00e4rung.pdf\" target=\"_blank\">OVS IServ Benutzerordnung<br \/>\n<\/a><a href=\"http:\/\/wordpress.nibis.de\/ovsvec\/files\/2015.04.27.E-Mail-Chat-Regeln-IServ-OVS-Homepage.pdf\" target=\"_blank\">E-Mail- und Chat-Regeln im IServ<br \/>\n<\/a><a href=\"http:\/\/wordpress.nibis.de\/ovsvec\/files\/2015.04.28.Checkliste-f\u00fcr-Vorkommnisse-Homepage.pdf\">Checkliste bei Vorkommnissen im Mail-\/Chatverkehr<\/a><\/p>\n","protected":false},"excerpt":{"rendered":"<p>Die Overbergschule Vechta bietet mit ihrem Portalserver \u201eIServ\u201c (www.iserv.eu) f\u00fcr die Lehrkr\u00e4fte und Mitarbeiter der Schule sowie f\u00fcr die Sch\u00fclerinnen und Sch\u00fcler eine moderne Kommunikations- und Speicherplattform an. Diese Plattform kann mit einem eigenen Zugang (\u201eAccount\u201c) sowohl \u00fcber die PCs &hellip; <a href=\"https:\/\/wordpress.nibis.de\/ovsvec\/unterricht\/iserv-2\/\">Weiterlesen <span class=\"meta-nav\">&rarr;<\/span><\/a><\/p>\n","protected":false},"author":430,"featured_media":0,"parent":72,"menu_order":0,"comment_status":"closed","ping_status":"closed","template":"","meta":{"footnotes":""},"class_list":["post-311","page","type-page","status-publish","hentry"],"_links":{"self":[{"href":"https:\/\/wordpress.nibis.de\/ovsvec\/wp-json\/wp\/v2\/pages\/311","targetHints":{"allow":["GET"]}}],"collection":[{"href":"https:\/\/wordpress.nibis.de\/ovsvec\/wp-json\/wp\/v2\/pages"}],"about":[{"href":"https:\/\/wordpress.nibis.de\/ovsvec\/wp-json\/wp\/v2\/types\/page"}],"author":[{"embeddable":true,"href":"https:\/\/wordpress.nibis.de\/ovsvec\/wp-json\/wp\/v2\/users\/430"}],"replies":[{"embeddable":true,"href":"https:\/\/wordpress.nibis.de\/ovsvec\/wp-json\/wp\/v2\/comments?post=311"}],"version-history":[{"count":15,"href":"https:\/\/wordpress.nibis.de\/ovsvec\/wp-json\/wp\/v2\/pages\/311\/revisions"}],"predecessor-version":[{"id":5698,"href":"https:\/\/wordpress.nibis.de\/ovsvec\/wp-json\/wp\/v2\/pages\/311\/revisions\/5698"}],"up":[{"embeddable":true,"href":"https:\/\/wordpress.nibis.de\/ovsvec\/wp-json\/wp\/v2\/pages\/72"}],"wp:attachment":[{"href":"https:\/\/wordpress.nibis.de\/ovsvec\/wp-json\/wp\/v2\/media?parent=311"}],"curies":[{"name":"wp","href":"https:\/\/api.w.org\/{rel}","templated":true}]}}