{"id":316,"date":"2014-03-20T14:13:22","date_gmt":"2014-03-20T13:13:22","guid":{"rendered":"http:\/\/wordpress.nibis.de\/u07\/?page_id=316"},"modified":"2025-04-14T14:49:05","modified_gmt":"2025-04-14T12:49:05","slug":"geschichte-2","status":"publish","type":"page","link":"https:\/\/wordpress.nibis.de\/ovsvec\/identifikation\/geschichte-2\/","title":{"rendered":"Geschichte"},"content":{"rendered":"<table style=\"width: 100%;height: 1866px\" border=\"1\" cellspacing=\"0\" cellpadding=\"0\">\n<tbody>\n<tr style=\"height: 298px\">\n<td style=\"width: 13.8806%;height: 298px\" valign=\"top\"><strong>1951\u00a0<\/strong><\/td>\n<td style=\"text-align: left;width: 85.9701%;height: 298px\" valign=\"top\"><a href=\"http:\/\/wordpress.nibis.de\/ovsvec\/files\/207_0730.jpg\"><img loading=\"lazy\" decoding=\"async\" class=\"size-medium wp-image-555 aligncenter\" src=\"http:\/\/wordpress.nibis.de\/ovsvec\/files\/207_0730-300x225.jpg\" alt=\"207_0730\" width=\"300\" height=\"225\" srcset=\"https:\/\/wordpress.nibis.de\/ovsvec\/files\/207_0730-300x225.jpg 300w, https:\/\/wordpress.nibis.de\/ovsvec\/files\/207_0730.jpg 600w\" sizes=\"auto, (max-width: 300px) 100vw, 300px\" \/><\/a><span style=\"font-family: georgia, palatino;color: #000000\">Grundsteinlegung\u00a0 der Overbergschule. Geplant wurde sie als achtklassige Volksschule.<\/span><\/td>\n<\/tr>\n<tr style=\"height: 61px\">\n<td style=\"width: 13.8806%;height: 61px\" valign=\"top\"><strong>1952<\/strong><\/td>\n<td style=\"width: 85.9701%;height: 61px\" valign=\"top\"><span style=\"font-family: georgia, palatino;color: #000000\">Am 25. August erfolgten die Einweihung, die Namensgebung sowie die Schl\u00fcssel\u00fcbergabe. Nach den Herbstferien startete der Schulbetrieb.<\/span><\/td>\n<\/tr>\n<tr style=\"height: 353px\">\n<td style=\"width: 13.8806%;height: 353px\" valign=\"top\"><strong>1963<\/strong><\/td>\n<td style=\"width: 85.9701%;height: 353px\" valign=\"top\"><span style=\"color: #000000;font-family: Verdana, Arial, Helvetica, sans-serif\"><a style=\"color: #000000\" href=\"http:\/\/wordpress.nibis.de\/ovsvec\/files\/Overberg_Bernhard_Heinrich-2.jpg\"><img loading=\"lazy\" decoding=\"async\" class=\" wp-image-606 aligncenter\" src=\"http:\/\/wordpress.nibis.de\/ovsvec\/files\/Overberg_Bernhard_Heinrich-2-300x255.jpg\" alt=\"Overberg,_Bernhard_Heinrich 2\" width=\"180\" height=\"153\" srcset=\"https:\/\/wordpress.nibis.de\/ovsvec\/files\/Overberg_Bernhard_Heinrich-2-300x255.jpg 300w, https:\/\/wordpress.nibis.de\/ovsvec\/files\/Overberg_Bernhard_Heinrich-2.jpg 946w\" sizes=\"auto, (max-width: 180px) 100vw, 180px\" \/><\/a><span style=\"font-family: georgia, palatino\"><span style=\"color: #000000\">Dem p\u00e4dagogischen Bem\u00fchen unseres Namenspatrons Bernard Overberg (1754 \u2013 1826) verpflichtet entwickelte sich von Anfang an eine enge Kooperation mit der P\u00e4dagogischen Hochschule Vechta; die Overbergschule war nicht nur durch ihre eingeschossige Bauweise mit drei miteinander verbundenen Geb\u00e4udeteilen und einer Turnhalle eine sehr moderne Einrichtung, sondern auch durch die Ausgestaltung des p\u00e4dagogischen Alltags und des Schullebens.<\/span><\/span><\/span><\/td>\n<\/tr>\n<tr style=\"height: 181px\">\n<td style=\"width: 13.8806%;height: 181px\" valign=\"top\"><strong>1968<\/strong><\/td>\n<td style=\"width: 85.9701%;height: 181px\" valign=\"top\"><span style=\"font-family: georgia, palatino;color: #000000\">Fertigstellung eines zweigeschossigen Erweiterungsbaus. Damit stellte man sich auf steigende Sch\u00fclerzahlen und die Einf\u00fchrung des 9. Schuljahres ein. Es erfolgte\u00a0 ein zweiter Erweiterungsbau in der gleichen Gr\u00f6\u00dfe. Dennoch blieb die Raumnot bestehen, f\u00fcr 524 Kinder in 18 Klassen standen nur 13 Klassenr\u00e4ume und Funktionsr\u00e4ume zur Verf\u00fcgung. \u201cSchichtunterricht\u201d f\u00fcr die Grundschulkinder und \u201cWanderklassen\u201d waren die Folge.<\/span><\/td>\n<\/tr>\n<tr style=\"height: 181px\">\n<td style=\"width: 13.8806%;height: 181px\" valign=\"top\"><strong>1969<\/strong><\/td>\n<td style=\"width: 85.9701%;height: 181px\" valign=\"top\"><span style=\"font-family: georgia, palatino;color: #000000\">Die Umsetzung der Schulreform von 1967 geschah 1969 mit der Umwandlung der Overbergschule in eine selbstst\u00e4ndige katholische Grundschule und eine selbstst\u00e4ndige katholische Hauptschule. 1976 konnten die Hauptschule und die inzwischen eingerichtete Orientierungsstufe in das neu erbaute Schulzentrum Nord am Lattweg umziehen. Fortan war dies die Ludgerusschule. Die Overbergschule als katholische Grundschule blieb am Ort.<\/span><\/td>\n<\/tr>\n<tr style=\"height: 109px\">\n<td style=\"width: 13.8806%;height: 109px\" valign=\"top\"><strong>1998<\/strong><\/td>\n<td style=\"width: 85.9701%;height: 109px\" valign=\"top\"><span style=\"font-family: georgia, palatino;color: #000000\">Ende der 90er Jahre wurden gro\u00dfe Bereiche der Overbergschule saniert. Im Jahre 1998 entstand eine neue Pausenhalle mit B\u00fchne. Sie dient den Kindern als Aufenthaltsraum und wird als Aula f\u00fcr gr\u00f6\u00dfere Veranstaltungen genutzt.<\/span><\/td>\n<\/tr>\n<tr style=\"height: 61px\">\n<td style=\"width: 13.8806%;height: 61px\"><strong>2007<\/strong><\/td>\n<td style=\"width: 85.9701%;height: 61px\"><span style=\"font-family: georgia, palatino;color: #000000\">Fertigstellung eines zweigeschossigen Anbaus. Damit erhielt die Schule Platz f\u00fcr zwei weitere Klassenr\u00e4ume.<\/span><\/td>\n<\/tr>\n<tr style=\"height: 157px\">\n<td style=\"width: 13.8806%;height: 157px\"><strong>2008<\/strong><\/td>\n<td style=\"width: 85.9701%;height: 157px\"><span style=\"font-family: georgia, palatino;color: #000000\">Nach der Umgestaltung des Schulhofes durch gemeinsame Arbeit von Eltern, Kindern und Lehrkr\u00e4ften entstanden verschiedene Spielbereiche (Spielplatz, Bolzplatz, Kletterger\u00fcste) sowie viel naturnahes Gel\u00e4nde (Streuobstwiese, Insektenhotel, Buschanlagen). So wurden neue Bewegungsm\u00f6glichkeiten f\u00fcr die Kinder geschaffen ebenso wie neue Lerngelegenheiten.<\/span><\/td>\n<\/tr>\n<tr style=\"height: 85px\">\n<td style=\"width: 13.8806%;height: 85px\"><strong>2010<\/strong><\/td>\n<td style=\"width: 85.9701%;height: 85px\"><span style=\"font-family: georgia, palatino;color: #000000\">Der Eintritt in das Regionale Integrationskonzept (RIK) bedeutet die Aufnahme von Kindern mit sonderp\u00e4dagogischem Unterst\u00fctzungsbedarf und entsprechende bauliche Anpassungen (z. B. L\u00e4rmschutztechnik).<\/span><\/td>\n<\/tr>\n<tr style=\"height: 181px\">\n<td style=\"width: 13.8806%;height: 181px\"><strong>2013<\/strong><\/td>\n<td style=\"width: 85.9701%;height: 181px\"><span style=\"font-family: georgia, palatino;color: #000000\">Der Start der inklusiven Schule ersetzt das RIK. Alle Unterrichtsr\u00e4ume wurden durch die Stadt Vechta l\u00e4rmschutztechnisch saniert. Ebenso wurden die alten Trakte energetisch saniert durch den Einbau neuer Fenster und einer Deckenisolierung. Im gleichen Jahr startete die Schule das Medienprojekt \u201cZukunft\u201d und installiert Audio-\/Beamersysteme in zun\u00e4chst 6 Klassenr\u00e4umen, um so einen interaktiveren Unterricht zu erm\u00f6glichen.<\/span><\/td>\n<\/tr>\n<tr style=\"height: 37px\">\n<td style=\"width: 13.8806%;height: 37px\"><span style=\"color: #000000\"><strong>2014<\/strong><\/span><\/td>\n<td style=\"width: 85.9701%;height: 37px\"><span style=\"font-family: georgia, palatino;color: #000000\">Ausstattung aller Unterrichtsr\u00e4ume mit Audio-\/Beamersystemen.<\/span><\/td>\n<\/tr>\n<tr style=\"height: 85px\">\n<td style=\"width: 13.8806%;height: 85px\"><span style=\"color: #000000\"><strong>2018<\/strong><\/span><\/td>\n<td style=\"width: 85.9701%;height: 85px\"><span style=\"font-family: georgia, palatino;color: #000000\">Umbau des Verwaltungtraktes im Rahmen des Mehrjahresprogrammes der Stadt Vechta.<\/span><\/p>\n<p>Mai: Er\u00f6ffnung des Verwaltungstraktes und des Trakt C mit 2 Kreativwerkst\u00e4tten und 2 Sprachwerkst\u00e4tten, Geb\u00e4ude 3<\/td>\n<\/tr>\n<tr style=\"height: 77px\">\n<td style=\"width: 13.8806%;height: 77px\"><span style=\"color: #000000\"><strong>2020<br \/>\n<\/strong><\/span><\/td>\n<td style=\"width: 85.9701%;height: 77px\"><span style=\"font-family: georgia, palatino;color: #000000\">Er\u00f6ffnung Soccer Feld auf dem Schulgel\u00e4nde<\/span><\/td>\n<\/tr>\n<tr>\n<td style=\"width: 13.8806%\"><span style=\"color: #000000\"><strong>2021<\/strong><\/span><\/td>\n<td style=\"width: 85.9701%\">Bau einer Mensa im Geb\u00e4ude 2<span style=\"font-family: georgia, palatino;color: #000000\">Einrichtung OGT<\/span><\/p>\n<p><span style=\"font-family: georgia, palatino;color: #000000\">Einrichtung individueller Arbeit: Lernzeit<\/span><\/td>\n<\/tr>\n<tr>\n<td style=\"width: 13.8806%\"><span style=\"color: #000000\"><strong>2022-2023<\/strong><\/span><\/td>\n<td style=\"width: 85.9701%\"><span style=\"font-family: georgia, palatino;color: #000000\">Ausstattung aller Unterrichtsr\u00e4ume mit digitalen Boards<\/span><\/td>\n<\/tr>\n<tr>\n<td style=\"width: 13.8806%\"><span style=\"color: #000000\"><strong>2023<\/strong><\/span><\/td>\n<td style=\"width: 85.9701%\"><span style=\"font-family: georgia, palatino;color: #000000\">Zertifizierung zur Kinderrechte Schule<\/span><\/td>\n<\/tr>\n<tr>\n<td style=\"width: 13.8806%\"><span style=\"color: #000000\"><strong>2023-2024<\/strong><\/span><\/td>\n<td style=\"width: 85.9701%\"><span style=\"font-family: georgia, palatino;color: #000000\">Anschaffung neuer Spielger\u00e4te f\u00fcr den Schulhof<\/span><\/td>\n<\/tr>\n<\/tbody>\n<\/table>\n<p><strong>Schulleiter der Overbergschule:<br \/>\n<\/strong><\/p>\n<p><span style=\"color: #000000\">1952 \u2013 1964 Rektor Clemens Pundsack<\/span><\/p>\n<p><span style=\"color: #000000\"> 1964 \u2013 1976 Rektor Franz Hellbernd<\/span><\/p>\n<p><span style=\"color: #000000\"> 1976 \u2013 1994 Rektor Alfred Busse<\/span><\/p>\n<p><span style=\"color: #000000\">1994 \u2013 2000 Rektor Helmut Burwinkel<\/span><\/p>\n<p><span style=\"color: #000000\">2000 \u2013 2001 Konrektorin Ulrike Binder (kommissarisch)<\/span><\/p>\n<p><span style=\"color: #000000\">2001 \u2013 2015 Rektor Clemens Bernard Feldhaus<\/span><\/p>\n<p><span style=\"color: #000000\">2015 &#8211; 2017 Konrektorin Jutta Weisz (kommissarisch) <\/span><\/p>\n<p><span style=\"color: #000000\">2017 Kerstin Dieker (kommissarisch) <\/span><\/p>\n<p><span style=\"color: #000000\">seit 02.2018 Rektorin Kerstin Dieker<br \/>\n<\/span><\/p>\n<p style=\"text-align: justify\"><span style=\"color: #000000\">Heute ist die Overbergschule eine Verl\u00e4ssliche Katholische Grundschule der Stadt Vechta mit festgelegtem Einzugsbereich, der dem der fr\u00fcheren Kirchengemeinde Maria Frieden entspricht; eingegrenzt wird das Gebiet vom Stoppelmarkt im Norden, Rieden und Stukenborg im Westen, Klemensstra\u00dfe und Georgstra\u00dfe im S\u00fcden sowie von Botenkamp und Finkenstra\u00dfe im Osten. Unsere Sch\u00fclerschaft setzt sich etwa zu 50 % aus Kindern katholischen Bekenntnisses und zu 50 % aus Kindern anderer bzw. ohne Bekenntnis\/se zusammen. Wir nehmen alle Kinder aus unserem Einzugsbereich bei uns auf, unabh\u00e4ngig von ihrer Konfession. In allen Jahrg\u00e4ngen bieten wir konfessionell kooperativen Religionsunterricht und Unterricht Werte und Normen an. Die Sch\u00fclerschaft besteht im Schuljahr 2024-2025 aus 13 Klassen mit 265 Sch\u00fclerinnen und Sch\u00fclern. Etwa 40 Personen arbeiten an der Overbergschule. Das Team besteht aus Lehrkr\u00e4ften, p\u00e4dagogische Mitarbeiter\/innen, dem Hausmeister, der Sekret\u00e4rin, F\u00f6rderschullehrkr\u00e4fte, Sprachf\u00f6rderkr\u00e4fte, einer Schulsozialarbeit, einer Sozialp\u00e4dagogin sowie wechselnde Praktikantinnen und Praktikanten der Universit\u00e4t Vechta, vom Marienhain und von den weiterf\u00fchrenden Schulen.<\/span><\/p>\n","protected":false},"excerpt":{"rendered":"<p>1951\u00a0 Grundsteinlegung\u00a0 der Overbergschule. Geplant wurde sie als achtklassige Volksschule. 1952 Am 25. August erfolgten die Einweihung, die Namensgebung sowie die Schl\u00fcssel\u00fcbergabe. Nach den Herbstferien startete der Schulbetrieb. 1963 Dem p\u00e4dagogischen Bem\u00fchen unseres Namenspatrons Bernard Overberg (1754 \u2013 1826) verpflichtet &hellip; <a href=\"https:\/\/wordpress.nibis.de\/ovsvec\/identifikation\/geschichte-2\/\">Weiterlesen <span class=\"meta-nav\">&rarr;<\/span><\/a><\/p>\n","protected":false},"author":430,"featured_media":0,"parent":68,"menu_order":0,"comment_status":"closed","ping_status":"closed","template":"","meta":{"footnotes":""},"class_list":["post-316","page","type-page","status-publish","hentry"],"_links":{"self":[{"href":"https:\/\/wordpress.nibis.de\/ovsvec\/wp-json\/wp\/v2\/pages\/316","targetHints":{"allow":["GET"]}}],"collection":[{"href":"https:\/\/wordpress.nibis.de\/ovsvec\/wp-json\/wp\/v2\/pages"}],"about":[{"href":"https:\/\/wordpress.nibis.de\/ovsvec\/wp-json\/wp\/v2\/types\/page"}],"author":[{"embeddable":true,"href":"https:\/\/wordpress.nibis.de\/ovsvec\/wp-json\/wp\/v2\/users\/430"}],"replies":[{"embeddable":true,"href":"https:\/\/wordpress.nibis.de\/ovsvec\/wp-json\/wp\/v2\/comments?post=316"}],"version-history":[{"count":30,"href":"https:\/\/wordpress.nibis.de\/ovsvec\/wp-json\/wp\/v2\/pages\/316\/revisions"}],"predecessor-version":[{"id":7609,"href":"https:\/\/wordpress.nibis.de\/ovsvec\/wp-json\/wp\/v2\/pages\/316\/revisions\/7609"}],"up":[{"embeddable":true,"href":"https:\/\/wordpress.nibis.de\/ovsvec\/wp-json\/wp\/v2\/pages\/68"}],"wp:attachment":[{"href":"https:\/\/wordpress.nibis.de\/ovsvec\/wp-json\/wp\/v2\/media?parent=316"}],"curies":[{"name":"wp","href":"https:\/\/api.w.org\/{rel}","templated":true}]}}