{"id":318,"date":"2014-03-20T14:14:37","date_gmt":"2014-03-20T13:14:37","guid":{"rendered":"http:\/\/wordpress.nibis.de\/u07\/?page_id=318"},"modified":"2025-09-04T10:25:02","modified_gmt":"2025-09-04T08:25:02","slug":"begabtenfoerderung","status":"publish","type":"page","link":"https:\/\/wordpress.nibis.de\/ovsvec\/kooperation-2\/begabtenfoerderung\/","title":{"rendered":"Begabungsf\u00f6rderung"},"content":{"rendered":"\n<p><strong>Kooperationsverb\u00fcnde&nbsp; zur Hochbegabtenf\u00f6rderung<\/strong><\/p>\n\n\n\n<p>Niedersachsen setzt auf die individuelle F\u00f6rderung und baut&nbsp; mit der Einrichtung von Kooperationsverb\u00fcnden zur Hoch- begabungsf\u00f6rderung ein differenziertes Schulangebot auf. Ausgangspunkt und Grundlage f\u00fcr die Arbeit der Verb\u00fcnde ist die Konzeption von Schulentwicklungsvorhaben zur F\u00f6rderung von hoch begabten Sch\u00fclerinnen und Sch\u00fclern. Zielsetzung ist es, hoch Begabte fr\u00fch- und rechtzeitig wahrzunehmen, sie zu verstehen, individuell zu f\u00f6rdern und zu entwickeln sowie umfassend zu integrieren. Dabei wird die allgemeine F\u00f6rderung durch&nbsp; schulische und au\u00dferschulische Angebote erweitert.<\/p>\n\n\n\n<p><strong>Kooperationsverbund\nVechta<\/strong><\/p>\n\n\n\n<p>Ab dem Schuljahr 2006\/07 bieten die Verbundschulen (<strong>Alexanderschule Vechta, Christophorusschule Vechta, Huntetalschule Goldenstedt, Marienschule Oythe, Martin-Luther-Schule Vechta, Grundschule Hagen, Grundschule Langf\u00f6rden, Overbergschule Vechta, Gymnasium Antonianum Vechta<\/strong>) vielf\u00e4ltige Angebote zur F\u00f6rderung besonders begabter Sch\u00fclerinnen und Sch\u00fcler an. Dazu geh\u00f6ren sowohl schulbezogene als auch schul- und schulform\u00fcbergreifende F\u00f6rderangebote. Hinzu kommen F\u00f6rderma\u00dfnahmen in Kooperation mit vorschulischen Institutionen.<\/p>\n\n\n\n<p><strong>Auswahl und Aufnahme\nin ein Kursangebot<\/strong><\/p>\n\n\n\n<p>Die Verbundschulen informieren Eltern und Sch\u00fcler zum Schuljahresbeginn \u00fcber die aktuellen Kursangebote, die Aufnahmekriterien&nbsp; und das Auswahlverfahren.<\/p>\n\n\n\n<p>Sie nehmen die Meldungen entgegen\nund leiten sie der Koordinierungsgruppe zu. Diese stimmt mit den Leitern die\nDurchf\u00fchrung der Kurse ab.<\/p>\n\n\n\n<p>Grunds\u00e4tzlich k\u00f6nnen alle f\u00fcr ein\nF\u00f6rderangebot geeignete Sch\u00fclerinnen und Sch\u00fcler des Kooperationsverbundes\nVechta&nbsp; in einen Kurs aufgenommen werden.\n<\/p>\n\n\n\n<p>Die Anmeldung erfolgt \u00fcber die Eltern\/Erziehungsberechtigten oder aber direkt von den Sch\u00fclerinnen und Sch\u00fclern.  Die Klassenlehrkr\u00e4fte\/Lehrkr\u00e4fte beraten und pr\u00fcfen die Eignung. <\/p>\n\n\n\n<p>In Zweifelsf\u00e4llen entscheidet die Koordinierungsgruppe. Auch ein sp\u00e4terer Ausschluss sowie ein Nachr\u00fccken sind m\u00f6glich.<\/p>\n\n\n\n<p><strong>Konzept Kooperationsverbund Begabtenf\u00f6rderung:<\/strong><\/p>\n\n\n\n<p><a href=\"https:\/\/www.dropbox.com\/s\/pfivz8559y43qu7\/Konzept-Begabtenfoerderung-aktuell.pdf?dl=0\">https:\/\/www.dropbox.com\/s\/pfivz8559y43qu7\/Konzept-Begabtenfoerderung-aktuell.pdf?dl=0<\/a><\/p>\n<p><strong>Kursangebote im Schuljahr 2025-26<\/strong><\/p>\n<p><a href=\"https:\/\/cloudfiles.overbergschule-vechta.net\/index.php\/s\/EMCbkYxAN6tLfFt\">https:\/\/cloudfiles.overbergschule-vechta.net\/index.php\/s\/EMCbkYxAN6tLfFt<\/a><\/p>\n<p><strong>Bewerbungsformular Schuljahr 2025-26<\/strong><\/p>\n<p><a href=\"https:\/\/cloudfiles.overbergschule-vechta.net\/index.php\/s\/rN7Pn4dQDEi8s7p\">https:\/\/cloudfiles.overbergschule-vechta.net\/index.php\/s\/rN7Pn4dQDEi8s7p<\/a><\/p>\n<p><strong>Beispielvideo der Lego-AG<\/strong><\/p>\n<p><a href=\"https:\/\/cloudfiles.overbergschule-vechta.net\/index.php\/s\/TSYEiJtTERcaMsL\">https:\/\/cloudfiles.overbergschule-vechta.net\/index.php\/s\/TSYEiJtTERcaMsL<\/a><\/p>\n<p><a href=\"https:\/\/www.dropbox.com\/s\/my0u8d1n2eqh0pe\/Lego%20We%20Do%20Beispielvideo%20highway%20to%20hell.mp4?dl=0\">https:\/\/www.dropbox.com\/s\/my0u8d1n2eqh0pe\/Lego%20We%20Do%20Beispielvideo%20highway%20to%20hell.mp4?dl=0<\/a><\/p>\n<p>\u00a0<\/p>\n","protected":false},"excerpt":{"rendered":"<p>Kooperationsverb\u00fcnde&nbsp; zur Hochbegabtenf\u00f6rderung Niedersachsen setzt auf die individuelle F\u00f6rderung und baut&nbsp; mit der Einrichtung von Kooperationsverb\u00fcnden zur Hoch- begabungsf\u00f6rderung ein differenziertes Schulangebot auf. Ausgangspunkt und Grundlage f\u00fcr die Arbeit der Verb\u00fcnde ist die Konzeption von Schulentwicklungsvorhaben zur F\u00f6rderung von hoch &hellip; <a href=\"https:\/\/wordpress.nibis.de\/ovsvec\/kooperation-2\/begabtenfoerderung\/\">Weiterlesen <span class=\"meta-nav\">&rarr;<\/span><\/a><\/p>\n","protected":false},"author":430,"featured_media":0,"parent":320,"menu_order":0,"comment_status":"closed","ping_status":"closed","template":"","meta":{"footnotes":""},"class_list":["post-318","page","type-page","status-publish","hentry"],"_links":{"self":[{"href":"https:\/\/wordpress.nibis.de\/ovsvec\/wp-json\/wp\/v2\/pages\/318","targetHints":{"allow":["GET"]}}],"collection":[{"href":"https:\/\/wordpress.nibis.de\/ovsvec\/wp-json\/wp\/v2\/pages"}],"about":[{"href":"https:\/\/wordpress.nibis.de\/ovsvec\/wp-json\/wp\/v2\/types\/page"}],"author":[{"embeddable":true,"href":"https:\/\/wordpress.nibis.de\/ovsvec\/wp-json\/wp\/v2\/users\/430"}],"replies":[{"embeddable":true,"href":"https:\/\/wordpress.nibis.de\/ovsvec\/wp-json\/wp\/v2\/comments?post=318"}],"version-history":[{"count":25,"href":"https:\/\/wordpress.nibis.de\/ovsvec\/wp-json\/wp\/v2\/pages\/318\/revisions"}],"predecessor-version":[{"id":7757,"href":"https:\/\/wordpress.nibis.de\/ovsvec\/wp-json\/wp\/v2\/pages\/318\/revisions\/7757"}],"up":[{"embeddable":true,"href":"https:\/\/wordpress.nibis.de\/ovsvec\/wp-json\/wp\/v2\/pages\/320"}],"wp:attachment":[{"href":"https:\/\/wordpress.nibis.de\/ovsvec\/wp-json\/wp\/v2\/media?parent=318"}],"curies":[{"name":"wp","href":"https:\/\/api.w.org\/{rel}","templated":true}]}}