{"id":324,"date":"2014-03-20T14:18:15","date_gmt":"2014-03-20T13:18:15","guid":{"rendered":"http:\/\/wordpress.nibis.de\/u07\/?page_id=324"},"modified":"2024-01-15T10:13:55","modified_gmt":"2024-01-15T09:13:55","slug":"foerderverein","status":"publish","type":"page","link":"https:\/\/wordpress.nibis.de\/ovsvec\/kooperation-2\/foerderverein\/","title":{"rendered":"F\u00f6rderverein"},"content":{"rendered":"<p style=\"text-align: justify\"><a href=\"http:\/\/wordpress.nibis.de\/ovsvec\/files\/logo-2.png\"><img loading=\"lazy\" decoding=\"async\" class=\" wp-image-1227 alignleft\" src=\"http:\/\/wordpress.nibis.de\/ovsvec\/files\/logo-2.png\" alt=\"logo 2\" width=\"296\" height=\"145\" srcset=\"https:\/\/wordpress.nibis.de\/ovsvec\/files\/logo-2.png 585w, https:\/\/wordpress.nibis.de\/ovsvec\/files\/logo-2-300x148.png 300w\" sizes=\"auto, (max-width: 296px) 100vw, 296px\" \/><\/a><\/p>\n<p>Seit \u00fcber 25 Jahren macht es der F\u00f6rderverein der Overbergschule m\u00f6glich, vielf\u00e4ltige Angebote zu finanzieren, die aus dem Schuletat nicht bezahlt werden k\u00f6nnen. In der Zeit leerer \u00f6ffentlicher Kassen und gesteigerter Erwartungen an die Qualit\u00e4t p\u00e4dagogischer Arbeit bekommen Schulf\u00f6rdervereine eine besondere Bedeutung, die die Schule flexibel und wirkungsvoll f\u00fcr sich zu nutzen versteht.<\/p>\n<p>Wir hei\u00dfen jederzeit neue Mitglieder im F\u00f6rderverein willkommen und w\u00fcrden uns freuen, wenn wir auch Sie bald als neues Mitglied begr\u00fc\u00dfen d\u00fcrfen.\u00a0<\/p>\n<p><strong>Bei Interesse k\u00f6nnen Sie gerne mit uns per die E-Mail (&#x66;&#x6f;&#x65;&#x72;&#x64;&#x65;&#x72;&#x76;&#x65;&#x72;&#x65;&#x69;&#x6e;&#x40;&#x6f;&#x76;&#x65;&#x72;&#x62;&#x65;&#x72;&#x67;&#x73;&#x63;&#x68;&#x75;&#x6c;&#x65;&#x2d;&#x76;&#x65;&#x63;&#x68;&#x74;&#x61;&#x2e;&#x6e;&#x65;&#x74;) <\/strong><strong>Kontakt aufnehmen oder sich den aktuellen Flyer sowie die Beitrittserkl\u00e4rung \u00fcber den folgenden Link downloaden.<\/strong><\/p>\n<p><a href=\"https:\/\/wordpress.nibis.de\/ovsvec\/files\/Flyer-Foerderverein-12_23.pdf\">Flyer F\u00f6rderverein 12_23<\/a><\/p>\n<p>Da wir ein anerkannter gemeinn\u00fctziger Verein sind, k\u00f6nnen wir Ihnen bei Spenden selbstverst\u00e4ndlich eine Spendenquittung zukommen lassen. Einmalspenden k\u00f6nnen direkt auf das F\u00f6rdervereinskonto eingezahlt werden:<\/p>\n<p style=\"text-align: center\">Bank: Volksbank Vechta eG<\/p>\n<p style=\"text-align: center\">IBAN: DE56 2806 4179 0140 5500 00<\/p>\n<p style=\"text-align: center\">BIC: GENODEF1VEC<\/p>\n<p style=\"text-align: justify\"><span style=\"color: #000000\">N<\/span>achfolgend eine kleine Auswahl der Projekte, die vom F\u00f6rderverein der Overbergschule realisiert werden konnten:<\/p>\n<ul>\n<li>Boulder (Kletter-)wand<\/li>\n<li>Ausstattung von Klassenb\u00fcchereien<\/li>\n<li>Unterst\u00fctzung der digitalen Ausstattung<\/li>\n<li>Eis zum Sportfest<\/li>\n<li>Zusch\u00fcsse f\u00fcr Schulausfl\u00fcge und Theaterfahrten<\/li>\n<li>Anschaffung einer Musikanlage<\/li>\n<li>Stutenkerle zu Nikolaus<\/li>\n<li>Zusch\u00fcsse f\u00fcr Lego-AG<\/li>\n<li>Streitschlichter-Ausstattung<\/li>\n<li>Ausleihbuden mit Inventar f\u00fcr die Pausen<\/li>\n<li>F\u00f6rder- und Fordermaterialien (z.B. Montessori-Mathehilfen)<\/li>\n<li>Einschulungskaffee f\u00fcr die Eltern der Schulneulinge<\/li>\n<li>usw.<br \/>\n<div id=\"attachment_7016\" style=\"width: 357px\" class=\"wp-caption aligncenter\"><a href=\"https:\/\/wordpress.nibis.de\/ovsvec\/files\/Vorstand.jpg\"><img loading=\"lazy\" decoding=\"async\" aria-describedby=\"caption-attachment-7016\" class=\" wp-image-7016\" src=\"https:\/\/wordpress.nibis.de\/ovsvec\/files\/Vorstand.jpg\" alt=\"\" width=\"347\" height=\"463\" srcset=\"https:\/\/wordpress.nibis.de\/ovsvec\/files\/Vorstand.jpg 768w, https:\/\/wordpress.nibis.de\/ovsvec\/files\/Vorstand-225x300.jpg 225w\" sizes=\"auto, (max-width: 347px) 100vw, 347px\" \/><\/a><p id=\"caption-attachment-7016\" class=\"wp-caption-text\">Den Vorstand des F\u00f6rdervereins im Schuljahr 2023\/2024 bilden Gunnar Sch\u00e4fers (1. Vorsitzender), Markus Thoben (2. Vorsitzender) und Marc Middendorf (Kassenwart).<\/p><\/div>\n<\/li>\n<\/ul>\n\n","protected":false},"excerpt":{"rendered":"<p>Seit \u00fcber 25 Jahren macht es der F\u00f6rderverein der Overbergschule m\u00f6glich, vielf\u00e4ltige Angebote zu finanzieren, die aus dem Schuletat nicht bezahlt werden k\u00f6nnen. In der Zeit leerer \u00f6ffentlicher Kassen und gesteigerter Erwartungen an die Qualit\u00e4t p\u00e4dagogischer Arbeit bekommen Schulf\u00f6rdervereine eine &hellip; <a href=\"https:\/\/wordpress.nibis.de\/ovsvec\/kooperation-2\/foerderverein\/\">Weiterlesen <span class=\"meta-nav\">&rarr;<\/span><\/a><\/p>\n","protected":false},"author":430,"featured_media":0,"parent":320,"menu_order":0,"comment_status":"closed","ping_status":"closed","template":"","meta":{"footnotes":""},"class_list":["post-324","page","type-page","status-publish","hentry"],"_links":{"self":[{"href":"https:\/\/wordpress.nibis.de\/ovsvec\/wp-json\/wp\/v2\/pages\/324","targetHints":{"allow":["GET"]}}],"collection":[{"href":"https:\/\/wordpress.nibis.de\/ovsvec\/wp-json\/wp\/v2\/pages"}],"about":[{"href":"https:\/\/wordpress.nibis.de\/ovsvec\/wp-json\/wp\/v2\/types\/page"}],"author":[{"embeddable":true,"href":"https:\/\/wordpress.nibis.de\/ovsvec\/wp-json\/wp\/v2\/users\/430"}],"replies":[{"embeddable":true,"href":"https:\/\/wordpress.nibis.de\/ovsvec\/wp-json\/wp\/v2\/comments?post=324"}],"version-history":[{"count":42,"href":"https:\/\/wordpress.nibis.de\/ovsvec\/wp-json\/wp\/v2\/pages\/324\/revisions"}],"predecessor-version":[{"id":7029,"href":"https:\/\/wordpress.nibis.de\/ovsvec\/wp-json\/wp\/v2\/pages\/324\/revisions\/7029"}],"up":[{"embeddable":true,"href":"https:\/\/wordpress.nibis.de\/ovsvec\/wp-json\/wp\/v2\/pages\/320"}],"wp:attachment":[{"href":"https:\/\/wordpress.nibis.de\/ovsvec\/wp-json\/wp\/v2\/media?parent=324"}],"curies":[{"name":"wp","href":"https:\/\/api.w.org\/{rel}","templated":true}]}}