{"id":333,"date":"2014-03-20T14:20:33","date_gmt":"2014-03-20T13:20:33","guid":{"rendered":"http:\/\/wordpress.nibis.de\/u07\/?page_id=333"},"modified":"2014-09-17T13:11:49","modified_gmt":"2014-09-17T11:11:49","slug":"n-21","status":"publish","type":"page","link":"https:\/\/wordpress.nibis.de\/ovsvec\/kooperation-2\/n-21\/","title":{"rendered":"n-21"},"content":{"rendered":"<p>Alle Sch\u00fclerinnen und Sch\u00fcler profitieren\u00a0an unserer Schule von einem einheitlichen und\u00a0\u00fcber die Jahre entwickelten Konzept zum Einsatz von Medien im Unterricht, das Verbindlichkeiten f\u00fcr alle Kinder beinhaltet.\u00a0Diesbez\u00fcglich sind wir seit Anfang 2013 als Medienschule in das N21-Referenzschulennetzwerk eingebunden und stehen als Ansprechpartner f\u00fcr andere Schulen der Region zur Verf\u00fcgung.<\/p>\n<p>Sprechen Sie uns an oder schauen Sie auf der Seite\u00a0<a href=\"http:\/\/www.netz-21.de\" target=\"_blank\">www.netz-21.de<\/a>\u00a0vorbei!<\/p>\n<p>Unsere Aufgaben:<br \/>\n1. Wir sind Ansprechpartner f\u00fcr andere Schulen.<br \/>\n2. Wir erm\u00f6glichen Hospitationen und Beratungsgespr\u00e4che.<br \/>\n3. Wir f\u00fchren einmal j\u00e4hrlich eine halbt\u00e4gige Fortbildungsveranstaltung mit verschiedenen\u00a0Medien-Schwerpunkten durch.<br \/>\n4. Wir kooperieren mit anderen Schulen im Verbund des Referenzschulennetzwerkes und<br \/>\nerhalten so immer wieder neue Anregungen f\u00fcr die Medienarbeit.<br \/>\n5. Wir stellen Materialien zur Schul- und Unterrichtsentwicklung bereit.<\/p>\n<p>Unsere Materialien:<br \/>\n<a href=\"http:\/\/wordpress.nibis.de\/ovsvec\/files\/Gesamt-Einf\u00fchrung-Schulnetzwerkserver.pdf\" target=\"_blank\">Anleitung zur Einf\u00fchrung von IServ in der Schule<\/a><\/p>\n<p>Unsere Fortbildungen:<br \/>\n1. Veranstaltung am 26.06.2014<\/p>\n<p><strong><a href=\"http:\/\/www.n-21.de\/staticsite\/staticsite.php?menuid=338&amp;topmenu=0\" target=\"_blank\">Info-Filme von n-21<\/a><\/strong><\/p>\n","protected":false},"excerpt":{"rendered":"<p>Alle Sch\u00fclerinnen und Sch\u00fcler profitieren\u00a0an unserer Schule von einem einheitlichen und\u00a0\u00fcber die Jahre entwickelten Konzept zum Einsatz von Medien im Unterricht, das Verbindlichkeiten f\u00fcr alle Kinder beinhaltet.\u00a0Diesbez\u00fcglich sind wir seit Anfang 2013 als Medienschule in das N21-Referenzschulennetzwerk eingebunden und stehen &hellip; <a href=\"https:\/\/wordpress.nibis.de\/ovsvec\/kooperation-2\/n-21\/\">Weiterlesen <span class=\"meta-nav\">&rarr;<\/span><\/a><\/p>\n","protected":false},"author":430,"featured_media":0,"parent":320,"menu_order":0,"comment_status":"closed","ping_status":"closed","template":"","meta":{"footnotes":""},"class_list":["post-333","page","type-page","status-publish","hentry"],"_links":{"self":[{"href":"https:\/\/wordpress.nibis.de\/ovsvec\/wp-json\/wp\/v2\/pages\/333","targetHints":{"allow":["GET"]}}],"collection":[{"href":"https:\/\/wordpress.nibis.de\/ovsvec\/wp-json\/wp\/v2\/pages"}],"about":[{"href":"https:\/\/wordpress.nibis.de\/ovsvec\/wp-json\/wp\/v2\/types\/page"}],"author":[{"embeddable":true,"href":"https:\/\/wordpress.nibis.de\/ovsvec\/wp-json\/wp\/v2\/users\/430"}],"replies":[{"embeddable":true,"href":"https:\/\/wordpress.nibis.de\/ovsvec\/wp-json\/wp\/v2\/comments?post=333"}],"version-history":[{"count":10,"href":"https:\/\/wordpress.nibis.de\/ovsvec\/wp-json\/wp\/v2\/pages\/333\/revisions"}],"predecessor-version":[{"id":931,"href":"https:\/\/wordpress.nibis.de\/ovsvec\/wp-json\/wp\/v2\/pages\/333\/revisions\/931"}],"up":[{"embeddable":true,"href":"https:\/\/wordpress.nibis.de\/ovsvec\/wp-json\/wp\/v2\/pages\/320"}],"wp:attachment":[{"href":"https:\/\/wordpress.nibis.de\/ovsvec\/wp-json\/wp\/v2\/media?parent=333"}],"curies":[{"name":"wp","href":"https:\/\/api.w.org\/{rel}","templated":true}]}}