{"id":343,"date":"2014-03-20T14:23:13","date_gmt":"2014-03-20T13:23:13","guid":{"rendered":"http:\/\/wordpress.nibis.de\/u07\/?page_id=343"},"modified":"2021-09-21T16:28:16","modified_gmt":"2021-09-21T14:28:16","slug":"medienbildung","status":"publish","type":"page","link":"https:\/\/wordpress.nibis.de\/ovsvec\/unterricht\/medienbildung\/","title":{"rendered":"Neue Medien"},"content":{"rendered":"<p><span style=\"color: #000000\">Mittlerweile ist das Internet und der Umgang mit den neuen Medien nicht mehr aus unserem Alltag wegzudenken. Kinder, die zu uns an die Schule kommen, haben oft schon Erfahrungen mit iPad, Smartphone und dem Internet gemacht. Um sie kompetent auf den Umgang mit diesen digitalen Medien vorzubereiten, erhalten alle Sch\u00fclerinnen und Sch\u00fcler der Klassen 1-4 die M\u00f6glichkeit, Kompetenzen im Bereich &#8222;Digitale Medien&#8220; zu erwerben. Bereits in den Jahrg\u00e4ngen 1 und 2 wird epochal zu dem Bereich gearbeitet und Grundlagen vermittelt. In allen Klassen ist der Umgang mit den iPads m\u00f6glich und wird erg\u00e4nzend vorgenommen.&nbsp; Ebenso wird seit Sommer 2021 mit digitalen Boards (Promethean) gwinnbringend im Unterricht gearbeitet.<\/span><\/p>\n<p><strong>Links f\u00fcr Kinder:<br \/>\n<\/strong>\n<table id=\"tablepress-5\" class=\"tablepress tablepress-id-5\">\n<tbody class=\"row-striping row-hover\">\n<tr class=\"row-1\">\n\t<td class=\"column-1\"><strong>Internetseite<\/strong><\/td><td class=\"column-2\"><strong>Beschreibung<\/strong><\/td>\n<\/tr>\n<tr class=\"row-2\">\n\t<td class=\"column-1\"><\/td><td class=\"column-2\"><\/td>\n<\/tr>\n<tr class=\"row-3\">\n\t<td class=\"column-1\"><a href=\"http:\/\/www.fragfinn.de\/kinderliste.html\" target=\"_blank\" rel=\"noopener\">fragfinn.de<\/a><\/td><td class=\"column-2\">Kindersuchmaschine<\/td>\n<\/tr>\n<tr class=\"row-4\">\n\t<td class=\"column-1\"><a href=\"http:\/\/blinde-kuh.de\" target=\"_blank\" rel=\"noopener\">blinde-kuh.de<\/a><\/td><td class=\"column-2\">Kindersuchmaschine<\/td>\n<\/tr>\n<tr class=\"row-5\">\n\t<td class=\"column-1\"><a href=\"http:\/\/www.klicksafe.de\/kinder\/\" target=\"_blank\" rel=\"noopener\">Klicksafe f\u00fcr Kinder<\/a><\/td><td class=\"column-2\">Tolle Startseite f\u00fcr Kinder<\/td>\n<\/tr>\n<tr class=\"row-6\">\n\t<td class=\"column-1\"><a href=\"http:\/\/www.internet-abc.de\/kinder\/\" target=\"_blank\" rel=\"noopener\">internet-abc.de<\/a><\/td><td class=\"column-2\">Ein Internet-Portal f\u00fcr euch. Dieses nutzen wir auch in der Schule!<\/td>\n<\/tr>\n<tr class=\"row-7\">\n\t<td class=\"column-1\"><a href=\"http:\/\/www.klick-tipps.net\" target=\"_blank\" rel=\"noopener\">Klick-Tipps<\/a><\/td><td class=\"column-2\">Tolle Kinderseiten<\/td>\n<\/tr>\n<\/tbody>\n<\/table>\n<\/p>\n<p><strong>Links f\u00fcr Eltern\/Erziehungsberechtigte und Lehrkr\u00e4fte:<br \/>\n<\/strong>\n<table id=\"tablepress-4\" class=\"tablepress tablepress-id-4\">\n<tbody class=\"row-striping row-hover\">\n<tr class=\"row-1\">\n\t<td class=\"column-1\"><strong>Internetseite<\/strong><\/td><td class=\"column-2\"><strong>Beschreibung<\/strong><\/td>\n<\/tr>\n<tr class=\"row-2\">\n\t<td class=\"column-1\"><a href=\"http:\/\/www.klicksafe.de\" target=\"_blank\">Klicksafe<\/a><br \/>\n<br \/>\n<br \/>\n<a href=\"http:\/\/www.klicksafe.de\/kinder\/\" target=\"_blank\">Klicksafe f\u00fcr Kinder<\/a><\/td><td class=\"column-2\">Kampagne zur F\u00f6rderung der Medienkompetenz - empfehlenswert!!!<br \/>\n<br \/>\nTolle Startseite f\u00fcr Kinder<\/td>\n<\/tr>\n<tr class=\"row-3\">\n\t<td class=\"column-1\"><a href=\"http:\/\/www.schau-hin.info\" target=\"_blank\">Schau hin<\/a><br \/>\n<br \/>\n<a href=\"http:\/\/www.schau-hin.info\/mitmachen\/30-tage-programm.html\" target=\"_blank\">30-Tage-Programm \"Eltern, macht euch medienfit!\"<\/a><\/td><td class=\"column-2\">Medienratgeber f\u00fcr Eltern und Familien<br \/>\n<br \/>\n15 Newsletter innerhalb von 30 Tagen mit gut aufbereiteten Infos<\/td>\n<\/tr>\n<tr class=\"row-4\">\n\t<td class=\"column-1\"><a href=\"http:\/\/www.internet-abc.de\/kinder\/\" target=\"_blank\">Internet-ABC<\/a><\/td><td class=\"column-2\">Ein Internet-Portal f\u00fcr Kinder und Eltern. Dieses nutzen wir auch in der Schule!<\/td>\n<\/tr>\n<tr class=\"row-5\">\n\t<td class=\"column-1\"><a href=\"https:\/\/www.overbergschule-vechta.net\/idesk\/\" target=\"_blank\">IServ Overbergschule<\/a><\/td><td class=\"column-2\">Auf der Startseite erscheinen jeden Donnerstag neue und gute Kinderseiten<\/td>\n<\/tr>\n<tr class=\"row-6\">\n\t<td class=\"column-1\"><a href=\"http:\/\/www.klick-tipps.net\" target=\"_blank\">Klick-Tipps<\/a><\/td><td class=\"column-2\">Portal f\u00fcr gute Kinderseiten<\/td>\n<\/tr>\n<tr class=\"row-7\">\n\t<td class=\"column-1\"><br \/>\n<\/td><td class=\"column-2\"><\/td>\n<\/tr>\n<tr class=\"row-8\">\n\t<td class=\"column-1\"><a href=\"http:\/\/www.spielbar.de\/neu\/\" target=\"_blank\">Spielbar<\/a><\/td><td class=\"column-2\">Info-Seite zum Thema 'Computerspiele'<\/td>\n<\/tr>\n<tr class=\"row-9\">\n\t<td class=\"column-1\"><a href=\"http:\/\/www.polizei-praevention.de\/home.html\" target=\"_blank\">Polizei-Pr\u00e4vention<\/a><\/td><td class=\"column-2\">Ratgeber Internetkriminalit\u00e4t<\/td>\n<\/tr>\n<tr class=\"row-10\">\n\t<td class=\"column-1\"><a href=\"https:\/\/www.bsi.bund.de\/DE\/Home\/home_node.html\" target=\"_blank\">Bundesamt f\u00fcr Sicherheit in der Informationstechnik (BSI)<\/a><\/td><td class=\"column-2\">IT-Sicherheitsdienstleister des Bundes<\/td>\n<\/tr>\n<tr class=\"row-11\">\n\t<td class=\"column-1\"><a href=\"https:\/\/www.botfrei.de\" target=\"_blank\">botfrei.de<\/a><\/td><td class=\"column-2\">Beratungsseite zum Schutz vor Botnetzen<\/td>\n<\/tr>\n<tr class=\"row-12\">\n\t<td class=\"column-1\"><\/td><td class=\"column-2\"><\/td>\n<\/tr>\n<\/tbody>\n<\/table>\n<\/p>\n","protected":false},"excerpt":{"rendered":"<p>Mittlerweile ist das Internet und der Umgang mit den neuen Medien nicht mehr aus unserem Alltag wegzudenken. Kinder, die zu uns an die Schule kommen, haben oft schon Erfahrungen mit iPad, Smartphone und dem Internet gemacht. Um sie kompetent auf &hellip; <a href=\"https:\/\/wordpress.nibis.de\/ovsvec\/unterricht\/medienbildung\/\">Weiterlesen <span class=\"meta-nav\">&rarr;<\/span><\/a><\/p>\n","protected":false},"author":430,"featured_media":0,"parent":72,"menu_order":0,"comment_status":"closed","ping_status":"closed","template":"","meta":{"footnotes":""},"class_list":["post-343","page","type-page","status-publish","hentry"],"_links":{"self":[{"href":"https:\/\/wordpress.nibis.de\/ovsvec\/wp-json\/wp\/v2\/pages\/343","targetHints":{"allow":["GET"]}}],"collection":[{"href":"https:\/\/wordpress.nibis.de\/ovsvec\/wp-json\/wp\/v2\/pages"}],"about":[{"href":"https:\/\/wordpress.nibis.de\/ovsvec\/wp-json\/wp\/v2\/types\/page"}],"author":[{"embeddable":true,"href":"https:\/\/wordpress.nibis.de\/ovsvec\/wp-json\/wp\/v2\/users\/430"}],"replies":[{"embeddable":true,"href":"https:\/\/wordpress.nibis.de\/ovsvec\/wp-json\/wp\/v2\/comments?post=343"}],"version-history":[{"count":14,"href":"https:\/\/wordpress.nibis.de\/ovsvec\/wp-json\/wp\/v2\/pages\/343\/revisions"}],"predecessor-version":[{"id":5620,"href":"https:\/\/wordpress.nibis.de\/ovsvec\/wp-json\/wp\/v2\/pages\/343\/revisions\/5620"}],"up":[{"embeddable":true,"href":"https:\/\/wordpress.nibis.de\/ovsvec\/wp-json\/wp\/v2\/pages\/72"}],"wp:attachment":[{"href":"https:\/\/wordpress.nibis.de\/ovsvec\/wp-json\/wp\/v2\/media?parent=343"}],"curies":[{"name":"wp","href":"https:\/\/api.w.org\/{rel}","templated":true}]}}