{"id":5667,"date":"2021-10-10T11:55:25","date_gmt":"2021-10-10T09:55:25","guid":{"rendered":"https:\/\/wordpress.nibis.de\/ovsvec\/?page_id=5667"},"modified":"2025-06-27T14:18:32","modified_gmt":"2025-06-27T12:18:32","slug":"ganztag","status":"publish","type":"page","link":"https:\/\/wordpress.nibis.de\/ovsvec\/ganztag\/","title":{"rendered":"Ganztag"},"content":{"rendered":"\n<p>Die Overbergschule ist seit dem Schuljahr 2021-2022 eine Offene Ganztagsschule. Alle Sch\u00fclerinnen und Sch\u00fcler haben von 8.00 Uhr bis 12.45 Uhr bzw. 13.30 Uhr Unterricht.<br \/>Im Anschluss schlie\u00dft sich nach Anmeldung an maximal vier Tagen (Montag &#8211; Donnerstag) der Ganztag an. Inbegriffen ist die Teilnahme am Mittagessen und einem Nachmittagsangebot bis 15.30 Uhr. Im offenen Ganztag gibt es ein Angebot zur Bearbeitung der Lernzeit. Um 14.00 Uhr ist eine Abholzeit eingerichtet. Diese kann nur nach Anmeldung genutzt werden. Die Angebote werden von Lehrkr\u00e4ften, p\u00e4dagogischen MitarbeiterInnen oder Kooperationspartnern geleitet. Die Teilnahme ist nach Anmeldung verpflichtend. Die Anmeldung erfolgt zu Schuljahresbeginn f\u00fcr das komplette Schuljahr. Sollten sich ver\u00e4nderte Bedarfe im laufenden Schuljahr ergeben, melden Sie sich gerne telefonisch.<\/p>\n<p>Das Mittagessen erfolgt durch die CUROM Dienstleistungs-GmbH. Dabei ist die Teilnahme am warmen Mittagessen kostenpflichtig. Die Kosten f\u00fcr das Essen je Kind betragen 3,50\u20ac. Die CUROM Dienstleistungs-GmbH zieht per SEPA-Basislastschriftverfahren den monatlichen Essensbeitrag am 01. des Monats im Voraus ein.<\/p>\n\n\n\n<p><strong>Angebote<\/strong> im OGT (Schuljahr 2024-2025) finden Sie hier:<\/p>\n<p><a href=\"https:\/\/cloudfiles.overbergschule-vechta.net\/index.php\/s\/Zcy7oZ2rJa5Pi4g\">https:\/\/cloudfiles.overbergschule-vechta.net\/index.php\/s\/Zcy7oZ2rJa5Pi4g<\/a><\/p>\n<p>Das <strong>Konzept<\/strong> der Beantragung des OGT aus 2020 finden Sie hier:<\/p>\n<p><a href=\"https:\/\/wordpress.nibis.de\/ovsvec\/files\/2020_11_04-Konzept-Ganztag-1.pdf\">2020_11_04 Konzept Ganztag<\/a><\/p>\n<p>\u00a0<\/p>\n","protected":false},"excerpt":{"rendered":"<p>Die Overbergschule ist seit dem Schuljahr 2021-2022 eine Offene Ganztagsschule. Alle Sch\u00fclerinnen und Sch\u00fcler haben von 8.00 Uhr bis 12.45 Uhr bzw. 13.30 Uhr Unterricht.Im Anschluss schlie\u00dft sich nach Anmeldung an maximal vier Tagen (Montag &#8211; Donnerstag) der Ganztag an. &hellip; <a href=\"https:\/\/wordpress.nibis.de\/ovsvec\/ganztag\/\">Weiterlesen <span class=\"meta-nav\">&rarr;<\/span><\/a><\/p>\n","protected":false},"author":430,"featured_media":0,"parent":0,"menu_order":0,"comment_status":"closed","ping_status":"closed","template":"","meta":{"footnotes":""},"class_list":["post-5667","page","type-page","status-publish","hentry"],"_links":{"self":[{"href":"https:\/\/wordpress.nibis.de\/ovsvec\/wp-json\/wp\/v2\/pages\/5667","targetHints":{"allow":["GET"]}}],"collection":[{"href":"https:\/\/wordpress.nibis.de\/ovsvec\/wp-json\/wp\/v2\/pages"}],"about":[{"href":"https:\/\/wordpress.nibis.de\/ovsvec\/wp-json\/wp\/v2\/types\/page"}],"author":[{"embeddable":true,"href":"https:\/\/wordpress.nibis.de\/ovsvec\/wp-json\/wp\/v2\/users\/430"}],"replies":[{"embeddable":true,"href":"https:\/\/wordpress.nibis.de\/ovsvec\/wp-json\/wp\/v2\/comments?post=5667"}],"version-history":[{"count":11,"href":"https:\/\/wordpress.nibis.de\/ovsvec\/wp-json\/wp\/v2\/pages\/5667\/revisions"}],"predecessor-version":[{"id":7676,"href":"https:\/\/wordpress.nibis.de\/ovsvec\/wp-json\/wp\/v2\/pages\/5667\/revisions\/7676"}],"wp:attachment":[{"href":"https:\/\/wordpress.nibis.de\/ovsvec\/wp-json\/wp\/v2\/media?parent=5667"}],"curies":[{"name":"wp","href":"https:\/\/api.w.org\/{rel}","templated":true}]}}