{"id":5740,"date":"2021-10-22T15:15:41","date_gmt":"2021-10-22T13:15:41","guid":{"rendered":"https:\/\/wordpress.nibis.de\/ovsvec\/?page_id=5740"},"modified":"2021-10-27T18:53:35","modified_gmt":"2021-10-27T16:53:35","slug":"streitschlichter","status":"publish","type":"page","link":"https:\/\/wordpress.nibis.de\/ovsvec\/streitschlichter\/","title":{"rendered":"Streitschlichter"},"content":{"rendered":"\n<p style=\"text-align: center\"><strong>Die Selbstwirksamkeit von Kindern st\u00e4rken: Gemeinsam Probleme l\u00f6sen und Verantwortung \u00fcbernehmen!<\/strong><\/p>\n<p>In der 3. Klasse haben die Sch\u00fclerinnen und Sch\u00fcler die M\u00f6glichkeit, an der Streitschlichterausbildung teilzunehmen. In der freiwilligen AG wird \u00fcber ein Schuljahr der Stufenplan zum Streitschlichter in Theorie und Praxis erarbeitet. Mit dem positiven Absolvieren der Streitschlichterpr\u00fcfung am Ende der Ausbildung, \u00fcbernehmen die Kinder im Jahrgang 4 ihren Dienst. Vorweg stellen sie sich in den Klassen vor. F\u00fcr die Identifikation tragen die StreitschlichterInnen in den Pausen einen blauen Pullover. So k\u00f6nnen sie von den Mitsch\u00fclerInnen schnell gesehen und bei einem Streit aktiv angesprochen werden. Nach einem festen Ablauf wird der Streit fair und unparteiisch in der Sprachwerkstatt gekl\u00e4rt. Abschlie\u00dfend wird dazu mit den Parteien ein Vertrag aufgesetzt.<\/p>\n\n\n\n<p><a href=\"https:\/\/wordpress.nibis.de\/ovsvec\/files\/3-5.jpg\"><img loading=\"lazy\" decoding=\"async\" class=\"alignleft size-full wp-image-5751\" src=\"https:\/\/wordpress.nibis.de\/ovsvec\/files\/3-5.jpg\" alt=\"\" width=\"1620\" height=\"1080\" srcset=\"https:\/\/wordpress.nibis.de\/ovsvec\/files\/3-5.jpg 1620w, https:\/\/wordpress.nibis.de\/ovsvec\/files\/3-5-300x200.jpg 300w, https:\/\/wordpress.nibis.de\/ovsvec\/files\/3-5-1024x683.jpg 1024w, https:\/\/wordpress.nibis.de\/ovsvec\/files\/3-5-768x512.jpg 768w, https:\/\/wordpress.nibis.de\/ovsvec\/files\/3-5-1536x1024.jpg 1536w\" sizes=\"auto, (max-width: 1620px) 100vw, 1620px\" \/><\/a><\/p>\n","protected":false},"excerpt":{"rendered":"<p>Die Selbstwirksamkeit von Kindern st\u00e4rken: Gemeinsam Probleme l\u00f6sen und Verantwortung \u00fcbernehmen! In der 3. Klasse haben die Sch\u00fclerinnen und Sch\u00fcler die M\u00f6glichkeit, an der Streitschlichterausbildung teilzunehmen. In der freiwilligen AG wird \u00fcber ein Schuljahr der Stufenplan zum Streitschlichter in Theorie &hellip; <a href=\"https:\/\/wordpress.nibis.de\/ovsvec\/streitschlichter\/\">Weiterlesen <span class=\"meta-nav\">&rarr;<\/span><\/a><\/p>\n","protected":false},"author":430,"featured_media":0,"parent":0,"menu_order":0,"comment_status":"closed","ping_status":"closed","template":"","meta":{"footnotes":""},"class_list":["post-5740","page","type-page","status-publish","hentry"],"_links":{"self":[{"href":"https:\/\/wordpress.nibis.de\/ovsvec\/wp-json\/wp\/v2\/pages\/5740","targetHints":{"allow":["GET"]}}],"collection":[{"href":"https:\/\/wordpress.nibis.de\/ovsvec\/wp-json\/wp\/v2\/pages"}],"about":[{"href":"https:\/\/wordpress.nibis.de\/ovsvec\/wp-json\/wp\/v2\/types\/page"}],"author":[{"embeddable":true,"href":"https:\/\/wordpress.nibis.de\/ovsvec\/wp-json\/wp\/v2\/users\/430"}],"replies":[{"embeddable":true,"href":"https:\/\/wordpress.nibis.de\/ovsvec\/wp-json\/wp\/v2\/comments?post=5740"}],"version-history":[{"count":6,"href":"https:\/\/wordpress.nibis.de\/ovsvec\/wp-json\/wp\/v2\/pages\/5740\/revisions"}],"predecessor-version":[{"id":5787,"href":"https:\/\/wordpress.nibis.de\/ovsvec\/wp-json\/wp\/v2\/pages\/5740\/revisions\/5787"}],"wp:attachment":[{"href":"https:\/\/wordpress.nibis.de\/ovsvec\/wp-json\/wp\/v2\/media?parent=5740"}],"curies":[{"name":"wp","href":"https:\/\/api.w.org\/{rel}","templated":true}]}}