{"id":6311,"date":"2022-07-27T17:45:26","date_gmt":"2022-07-27T15:45:26","guid":{"rendered":"https:\/\/wordpress.nibis.de\/ovsvec\/?page_id=6311"},"modified":"2025-09-26T14:54:54","modified_gmt":"2025-09-26T12:54:54","slug":"aktionen","status":"publish","type":"page","link":"https:\/\/wordpress.nibis.de\/ovsvec\/aktionen\/","title":{"rendered":"Aktionen"},"content":{"rendered":"\n<h2><strong>26.09.2025 Weltkindertag &#8222;Kinderrechte-Bausteine f\u00fcr Demokratie&#8220;<\/strong><a href=\"https:\/\/wordpress.nibis.de\/ovsvec\/files\/IMG_1671-scaled.jpg\"><img loading=\"lazy\" decoding=\"async\" class=\"alignleft size-full wp-image-7801\" src=\"https:\/\/wordpress.nibis.de\/ovsvec\/files\/IMG_1671-scaled.jpg\" alt=\"\" width=\"2560\" height=\"1806\" srcset=\"https:\/\/wordpress.nibis.de\/ovsvec\/files\/IMG_1671-scaled.jpg 2560w, https:\/\/wordpress.nibis.de\/ovsvec\/files\/IMG_1671-300x212.jpg 300w, https:\/\/wordpress.nibis.de\/ovsvec\/files\/IMG_1671-1024x723.jpg 1024w, https:\/\/wordpress.nibis.de\/ovsvec\/files\/IMG_1671-768x542.jpg 768w, https:\/\/wordpress.nibis.de\/ovsvec\/files\/IMG_1671-1536x1084.jpg 1536w, https:\/\/wordpress.nibis.de\/ovsvec\/files\/IMG_1671-2048x1445.jpg 2048w\" sizes=\"auto, (max-width: 2560px) 100vw, 2560px\" \/><\/a><\/h2>\n<p>\u00a0<\/p>\n<p>\u00a0<\/p>\n<p>\u00a0<\/p>\n<p>\u00a0<\/p>\n<p>\u00a0<\/p>\n<h2>\u00a0<\/h2>\n<h2>\u00a0<\/h2>\n<h2>\u00a0<\/h2>\n<h2><strong>12.02.2025 Red Hand Day-Aufmarsch zum B\u00fcrgermeister<\/strong><a href=\"https:\/\/wordpress.nibis.de\/ovsvec\/files\/OV-Artikel-rotated.jpg\"><img loading=\"lazy\" decoding=\"async\" class=\"alignleft size-full wp-image-7563\" src=\"https:\/\/wordpress.nibis.de\/ovsvec\/files\/OV-Artikel-rotated.jpg\" alt=\"\" width=\"1302\" height=\"642\" srcset=\"https:\/\/wordpress.nibis.de\/ovsvec\/files\/OV-Artikel-rotated.jpg 1302w, https:\/\/wordpress.nibis.de\/ovsvec\/files\/OV-Artikel-300x148.jpg 300w, https:\/\/wordpress.nibis.de\/ovsvec\/files\/OV-Artikel-1024x505.jpg 1024w, https:\/\/wordpress.nibis.de\/ovsvec\/files\/OV-Artikel-768x379.jpg 768w\" sizes=\"auto, (max-width: 1302px) 100vw, 1302px\" \/><\/a><\/h2>\n<p>\u00a0<\/p>\n<p>\u00a0<\/p>\n<h2>\u00a0<\/h2>\n<h2>\u00a0<\/h2>\n<h2>\u00a0<\/h2>\n<h2><strong>20.September 2024 Weltkindertag<\/strong><a href=\"https:\/\/wordpress.nibis.de\/ovsvec\/files\/Wuensche-der-Kinder.jpg\"><img loading=\"lazy\" decoding=\"async\" class=\"alignleft size-full wp-image-7359\" src=\"https:\/\/wordpress.nibis.de\/ovsvec\/files\/Wuensche-der-Kinder.jpg\" alt=\"\" width=\"1512\" height=\"2016\" srcset=\"https:\/\/wordpress.nibis.de\/ovsvec\/files\/Wuensche-der-Kinder.jpg 1512w, https:\/\/wordpress.nibis.de\/ovsvec\/files\/Wuensche-der-Kinder-225x300.jpg 225w, https:\/\/wordpress.nibis.de\/ovsvec\/files\/Wuensche-der-Kinder-768x1024.jpg 768w, https:\/\/wordpress.nibis.de\/ovsvec\/files\/Wuensche-der-Kinder-1152x1536.jpg 1152w\" sizes=\"auto, (max-width: 1512px) 100vw, 1512px\" \/><\/a><a href=\"https:\/\/wordpress.nibis.de\/ovsvec\/files\/Puzzle-Weltkindertag-scaled.jpg\"><img loading=\"lazy\" decoding=\"async\" class=\"alignleft size-full wp-image-7357\" src=\"https:\/\/wordpress.nibis.de\/ovsvec\/files\/Puzzle-Weltkindertag-scaled.jpg\" alt=\"\" width=\"2560\" height=\"2521\" srcset=\"https:\/\/wordpress.nibis.de\/ovsvec\/files\/Puzzle-Weltkindertag-scaled.jpg 2560w, https:\/\/wordpress.nibis.de\/ovsvec\/files\/Puzzle-Weltkindertag-300x295.jpg 300w, https:\/\/wordpress.nibis.de\/ovsvec\/files\/Puzzle-Weltkindertag-1024x1008.jpg 1024w, https:\/\/wordpress.nibis.de\/ovsvec\/files\/Puzzle-Weltkindertag-768x756.jpg 768w, https:\/\/wordpress.nibis.de\/ovsvec\/files\/Puzzle-Weltkindertag-1536x1513.jpg 1536w, https:\/\/wordpress.nibis.de\/ovsvec\/files\/Puzzle-Weltkindertag-2048x2017.jpg 2048w\" sizes=\"auto, (max-width: 2560px) 100vw, 2560px\" \/><\/a><\/h2>\n<h2><strong>November 2024 Blautag<\/strong><\/h2>\n<div id=\"attachment_7444\" style=\"width: 1135px\" class=\"wp-caption alignleft\"><a href=\"https:\/\/wordpress.nibis.de\/ovsvec\/files\/Image-1-2.jpg\"><img loading=\"lazy\" decoding=\"async\" aria-describedby=\"caption-attachment-7444\" class=\"size-full wp-image-7444\" src=\"https:\/\/wordpress.nibis.de\/ovsvec\/files\/Image-1-2.jpg\" alt=\"\" width=\"1125\" height=\"1076\" srcset=\"https:\/\/wordpress.nibis.de\/ovsvec\/files\/Image-1-2.jpg 1125w, https:\/\/wordpress.nibis.de\/ovsvec\/files\/Image-1-2-300x287.jpg 300w, https:\/\/wordpress.nibis.de\/ovsvec\/files\/Image-1-2-1024x979.jpg 1024w, https:\/\/wordpress.nibis.de\/ovsvec\/files\/Image-1-2-768x735.jpg 768w\" sizes=\"auto, (max-width: 1125px) 100vw, 1125px\" \/><\/a><p id=\"caption-attachment-7444\" class=\"wp-caption-text\">2024<\/p><\/div>\n<p>\u00a0<\/p>\n<p>\u00a0<\/p>\n<h2>\u00a0<\/h2>\n<h2>\u00a0<\/h2>\n<h2>\u00a0<\/h2>\n<h2>\u00a0<\/h2>\n<h2>\u00a0<\/h2>\n<h2>\u00a0<\/h2>\n<h2>\u00a0<\/h2>\n<h2>\u00a0<\/h2>\n<h2><strong>06.06.2024 Aktionstag #IchStehAuf! &#8211; Schulen f\u00fcr Demokratie und Vielfalt<\/strong><a href=\"https:\/\/wordpress.nibis.de\/ovsvec\/files\/Piktogramm-Aktionstag.jpg\"><img loading=\"lazy\" decoding=\"async\" class=\"alignleft size-full wp-image-7196\" src=\"https:\/\/wordpress.nibis.de\/ovsvec\/files\/Piktogramm-Aktionstag.jpg\" alt=\"\" width=\"1284\" height=\"672\" srcset=\"https:\/\/wordpress.nibis.de\/ovsvec\/files\/Piktogramm-Aktionstag.jpg 1284w, https:\/\/wordpress.nibis.de\/ovsvec\/files\/Piktogramm-Aktionstag-300x157.jpg 300w, https:\/\/wordpress.nibis.de\/ovsvec\/files\/Piktogramm-Aktionstag-1024x536.jpg 1024w, https:\/\/wordpress.nibis.de\/ovsvec\/files\/Piktogramm-Aktionstag-768x402.jpg 768w\" sizes=\"auto, (max-width: 1284px) 100vw, 1284px\" \/><\/a><\/h2>\n<p><a href=\"https:\/\/www.overbergschule-vechta.de\/2024\/06\/10\/ichstehauf-schulen-fuer-demokratie-und-vielfalt\/\">https:\/\/www.overbergschule-vechta.de\/2024\/06\/10\/ichstehauf-schulen-fuer-demokratie-und-vielfalt\/<\/a><\/p>\n\n\n\n<h1><strong>\u201eAlles, was Recht ist!\u201c<\/strong><\/h1>\n<h1>Am 08.09.2022 durften die Kinder der Jahrg\u00e4nge 3 und 4 sich mit dem Thema Kinderrechte auf sehr abwechslungsreicher Ebene besch\u00e4ftigen: Ihnen wurde das interaktive Figurentheaterst\u00fcck <strong>\u201eAlles was Recht ist \u2013 Kinder haben Rechte\u201c <\/strong>pr\u00e4sentiert. <em>Durch die Geschichte von den Alien-Kindern Mowi und Sagro werden Kinder spielerisch und interaktiv die wichtigsten in der UN-Kinderrechtskonvention festgehaltenen Rechte vermittelt. Von Geburt an sind Kinder eigenst\u00e4ndige Pers\u00f6nlichkeiten und Tr\u00e4ger eigener Rechte. Leider sind sie oftmals nicht ausreichend dar\u00fcber informiert, dass es Kinderrechte gibt und was diese konkret f\u00fcr sie bedeuten. Wenn Kinder gut \u00fcber ihre Rechte aufgekl\u00e4rt sind, k\u00f6nnen sie sich besser vor Gewalt sch\u00fctzen und daf\u00fcr einsetzen, dass ihnen kein Unrecht widerf\u00e4hrt (siehe Elterninformationsschreiben).<\/em><\/h1>\n<p>Nach dem Theaterst\u00fcck fand mit den beiden Theaterp\u00e4dagogen im Klassenverband eine rege Diskussion zu der Priorisierung einzelner Kinderrechte statt.<\/p>\n<p>Eingebettet ist die Veranstaltung in den <strong>Familientag am Sonntag, den 18.09.2022 zum Thema \u201cJedes Kind ist uns wichtig. Kinder haben Rechte!\u201c<\/strong> <a href=\"https:\/\/www.vechta.de\/news\/alle-themen\/nachricht\/news\/familientag-am-18092022-im-rathaus-vechta\/\">https:\/\/www.vechta.de\/news\/alle-themen\/nachricht\/news\/familientag-am-18092022-im-rathaus-vechta\/<\/a><\/p>\n\n\n\n<h1><strong>Blau-Tag<\/strong><\/h1>\n<h1><strong>2022<\/strong><\/h1>\n<p><strong>Am 20.11.2022 war der Internationale Tag der Kinderrechte. <\/strong>Die Overbergschule hat am 18.11.2022 auf die Bedeutung der Kinderrechte aufmerksam gemacht: Passend zum Thema der bundesweiten Vorlesetages `Gemeinsam einzigartig`! Alle Kinder und Erwachsenen der Schule haben <strong>Farbe bekannt und sich in blau gekleidet<\/strong>.<\/p>\n<p>Zudem wurde in den Klassen im Unterricht an den verschiedenen Kinderrechten gearbeitet. Dieses wird nun durch eine immer bunter werdende Stellwand in der Aula zum Thema kenntlich gemacht.<\/p>\n<p><a href=\"https:\/\/www.unicef.de\/mitmachen\/tag-der-kinderrechte\">https:\/\/www.unicef.de\/mitmachen\/tag-der-kinderrechte<\/a><\/p>\n<h1><a href=\"https:\/\/wordpress.nibis.de\/ovsvec\/files\/Jahrgang-4-scaled.jpg\"><img loading=\"lazy\" decoding=\"async\" class=\"alignleft size-full wp-image-6475\" src=\"https:\/\/wordpress.nibis.de\/ovsvec\/files\/Jahrgang-4-scaled.jpg\" alt=\"\" width=\"2560\" height=\"958\" srcset=\"https:\/\/wordpress.nibis.de\/ovsvec\/files\/Jahrgang-4-scaled.jpg 2560w, https:\/\/wordpress.nibis.de\/ovsvec\/files\/Jahrgang-4-300x112.jpg 300w, https:\/\/wordpress.nibis.de\/ovsvec\/files\/Jahrgang-4-1024x383.jpg 1024w, https:\/\/wordpress.nibis.de\/ovsvec\/files\/Jahrgang-4-768x287.jpg 768w, https:\/\/wordpress.nibis.de\/ovsvec\/files\/Jahrgang-4-1536x575.jpg 1536w, https:\/\/wordpress.nibis.de\/ovsvec\/files\/Jahrgang-4-2048x766.jpg 2048w\" sizes=\"auto, (max-width: 2560px) 100vw, 2560px\" \/><\/a><\/h1>\n<p><a href=\"https:\/\/wordpress.nibis.de\/ovsvec\/files\/2-16.jpg\"><img loading=\"lazy\" decoding=\"async\" class=\"alignleft size-full wp-image-6474\" src=\"https:\/\/wordpress.nibis.de\/ovsvec\/files\/2-16.jpg\" alt=\"\" width=\"1080\" height=\"1617\" srcset=\"https:\/\/wordpress.nibis.de\/ovsvec\/files\/2-16.jpg 1080w, https:\/\/wordpress.nibis.de\/ovsvec\/files\/2-16-200x300.jpg 200w, https:\/\/wordpress.nibis.de\/ovsvec\/files\/2-16-684x1024.jpg 684w, https:\/\/wordpress.nibis.de\/ovsvec\/files\/2-16-768x1150.jpg 768w, https:\/\/wordpress.nibis.de\/ovsvec\/files\/2-16-1026x1536.jpg 1026w\" sizes=\"auto, (max-width: 1080px) 100vw, 1080px\" \/><\/a><a href=\"https:\/\/wordpress.nibis.de\/ovsvec\/files\/1-2-scaled.jpg\"><img loading=\"lazy\" decoding=\"async\" class=\"alignleft size-full wp-image-6473\" src=\"https:\/\/wordpress.nibis.de\/ovsvec\/files\/1-2-scaled.jpg\" alt=\"\" width=\"1707\" height=\"2560\" srcset=\"https:\/\/wordpress.nibis.de\/ovsvec\/files\/1-2-scaled.jpg 1707w, https:\/\/wordpress.nibis.de\/ovsvec\/files\/1-2-200x300.jpg 200w, https:\/\/wordpress.nibis.de\/ovsvec\/files\/1-2-683x1024.jpg 683w, https:\/\/wordpress.nibis.de\/ovsvec\/files\/1-2-768x1152.jpg 768w, https:\/\/wordpress.nibis.de\/ovsvec\/files\/1-2-1024x1536.jpg 1024w, https:\/\/wordpress.nibis.de\/ovsvec\/files\/1-2-1365x2048.jpg 1365w\" sizes=\"auto, (max-width: 1707px) 100vw, 1707px\" \/><\/a><\/p>\n<h1><strong>2021<\/strong><\/h1>\n<h2>Auch die Overbergschule hat an dem Internationalen Tag der Kinderrechte teilgenommen. Die Kinder haben sich selbstt\u00e4tig vielf\u00e4ltige Aktionen ausgedacht und diese am 26.11.2021 umgesetzt.<\/h2>\n<p>siehe: https:\/\/www.unicef.de\/mitmachen\/tag-der-kinderrechte<\/p>\n<h2><em>#TurnTheWorldBlue: Farbe bekennen f\u00fcr Kinderrechte!<\/em><\/h2>\n<p><em><strong>Am 20. November ist internationaler Tag der Kinderrechte<\/strong> \u2013 der Tag, an dem 1989 die UN-Kinderrechtskonvention verabschiedet wurde. Sie sichert jedem Kind \u2013 unabh\u00e4ngig von Herkunft, Geschlecht, Religion oder sozialem Status \u2013 universelle Rechte zu.<\/em><\/p>\n<p><em>Auch dieses Jahr ist der 20. November wieder ein wichtiger Aktionstag. Denn durch Krieg, Klimakrise und die Folgen der Covid-19-Pandemie ist die Lage vieler Kinder auf der Welt dramatisch. In Deutschland und auf der ganzen Welt machen sich Kinder und Jugendliche zusammen mit UNICEF f\u00fcr die Verwirklichung der Kinderrechte stark \u2013 f\u00fcr jedes Kind auf der Welt.<a href=\"https:\/\/wordpress.nibis.de\/ovsvec\/files\/DSC03306-scaled.jpg\"><img loading=\"lazy\" decoding=\"async\" class=\"alignleft size-full wp-image-6359\" src=\"https:\/\/wordpress.nibis.de\/ovsvec\/files\/DSC03306-scaled.jpg\" alt=\"\" width=\"2560\" height=\"1707\" srcset=\"https:\/\/wordpress.nibis.de\/ovsvec\/files\/DSC03306-scaled.jpg 2560w, https:\/\/wordpress.nibis.de\/ovsvec\/files\/DSC03306-300x200.jpg 300w, https:\/\/wordpress.nibis.de\/ovsvec\/files\/DSC03306-1024x683.jpg 1024w, https:\/\/wordpress.nibis.de\/ovsvec\/files\/DSC03306-768x512.jpg 768w, https:\/\/wordpress.nibis.de\/ovsvec\/files\/DSC03306-1536x1024.jpg 1536w, https:\/\/wordpress.nibis.de\/ovsvec\/files\/DSC03306-2048x1365.jpg 2048w\" sizes=\"auto, (max-width: 2560px) 100vw, 2560px\" \/><\/a><\/em><\/p>\n<p><a href=\"https:\/\/wordpress.nibis.de\/ovsvec\/files\/DSC03318-scaled.jpg\"><img loading=\"lazy\" decoding=\"async\" class=\"alignleft size-full wp-image-6360\" src=\"https:\/\/wordpress.nibis.de\/ovsvec\/files\/DSC03318-scaled.jpg\" alt=\"\" width=\"2560\" height=\"1707\" srcset=\"https:\/\/wordpress.nibis.de\/ovsvec\/files\/DSC03318-scaled.jpg 2560w, https:\/\/wordpress.nibis.de\/ovsvec\/files\/DSC03318-300x200.jpg 300w, https:\/\/wordpress.nibis.de\/ovsvec\/files\/DSC03318-1024x683.jpg 1024w, https:\/\/wordpress.nibis.de\/ovsvec\/files\/DSC03318-768x512.jpg 768w, https:\/\/wordpress.nibis.de\/ovsvec\/files\/DSC03318-1536x1024.jpg 1536w, https:\/\/wordpress.nibis.de\/ovsvec\/files\/DSC03318-2048x1365.jpg 2048w\" sizes=\"auto, (max-width: 2560px) 100vw, 2560px\" \/><\/a><\/p>\n<h1>&nbsp;<\/h1>\n<h1><strong>Lernen \u00fcber Rechte<\/strong><\/h1>\n\n\n\n<p>Am <strong>28.06.2022<\/strong> bekam die Overbergschule Besuch von 58 Studierenden, die sich in diesem Semester an der Universit\u00e4t Vechta in einem Seminar bei Herrn Otten mit der Vermittlung von Kinderrechten besch\u00e4ftigt hat. An diesem Kinderforschungstag konnten die Sch\u00fclerinnen und Sch\u00fcler der Jahrg\u00e4nge 3 und 4 insgesamt 19 Stationen durchlaufen. Der Inhalt wurde von den Studierenden im Vorfeld erarbeitet, geplant, vorbereitet und auf die Kinder des Alterns angepasst. U.a. mit Erkl\u00e4rvideos, Rollen- und Legespielen wurde das Wissen \u00fcber die Rechte der Kinder lebensnah, handlungsorientiert und umfassend vertieft. Das Feedback aller Beteiligten war durchg\u00e4ngig positiv.<\/p>\n","protected":false},"excerpt":{"rendered":"<p>26.09.2025 Weltkindertag &#8222;Kinderrechte-Bausteine f\u00fcr Demokratie&#8220; \u00a0 \u00a0 \u00a0 \u00a0 \u00a0 \u00a0 \u00a0 \u00a0 12.02.2025 Red Hand Day-Aufmarsch zum B\u00fcrgermeister \u00a0 \u00a0 \u00a0 \u00a0 \u00a0 20.September 2024 Weltkindertag November 2024 Blautag \u00a0 \u00a0 \u00a0 \u00a0 \u00a0 \u00a0 \u00a0 \u00a0 \u00a0 \u00a0 &hellip; <a href=\"https:\/\/wordpress.nibis.de\/ovsvec\/aktionen\/\">Weiterlesen <span class=\"meta-nav\">&rarr;<\/span><\/a><\/p>\n","protected":false},"author":430,"featured_media":0,"parent":0,"menu_order":0,"comment_status":"closed","ping_status":"closed","template":"","meta":{"footnotes":""},"class_list":["post-6311","page","type-page","status-publish","hentry"],"_links":{"self":[{"href":"https:\/\/wordpress.nibis.de\/ovsvec\/wp-json\/wp\/v2\/pages\/6311","targetHints":{"allow":["GET"]}}],"collection":[{"href":"https:\/\/wordpress.nibis.de\/ovsvec\/wp-json\/wp\/v2\/pages"}],"about":[{"href":"https:\/\/wordpress.nibis.de\/ovsvec\/wp-json\/wp\/v2\/types\/page"}],"author":[{"embeddable":true,"href":"https:\/\/wordpress.nibis.de\/ovsvec\/wp-json\/wp\/v2\/users\/430"}],"replies":[{"embeddable":true,"href":"https:\/\/wordpress.nibis.de\/ovsvec\/wp-json\/wp\/v2\/comments?post=6311"}],"version-history":[{"count":19,"href":"https:\/\/wordpress.nibis.de\/ovsvec\/wp-json\/wp\/v2\/pages\/6311\/revisions"}],"predecessor-version":[{"id":7810,"href":"https:\/\/wordpress.nibis.de\/ovsvec\/wp-json\/wp\/v2\/pages\/6311\/revisions\/7810"}],"wp:attachment":[{"href":"https:\/\/wordpress.nibis.de\/ovsvec\/wp-json\/wp\/v2\/media?parent=6311"}],"curies":[{"name":"wp","href":"https:\/\/api.w.org\/{rel}","templated":true}]}}