{"id":7765,"date":"2025-09-11T14:53:33","date_gmt":"2025-09-11T12:53:33","guid":{"rendered":"https:\/\/wordpress.nibis.de\/ovsvec\/?page_id=7765"},"modified":"2025-09-11T14:53:33","modified_gmt":"2025-09-11T12:53:33","slug":"projektband-jg-2-4","status":"publish","type":"page","link":"https:\/\/wordpress.nibis.de\/ovsvec\/projektband-jg-2-4\/","title":{"rendered":"Projektband Jg. 2-4"},"content":{"rendered":"\n<p>Hier erhalten Sie einen Einblick in die Themen des Projektbandes, welches regelm\u00e4\u00dfig freitags im 2. und 3. Block unter Ber\u00fccksichtigung der St\u00e4rkung der Lesekompetenz stattfindet.<\/p>\n<p><a href=\"https:\/\/cloudfiles.overbergschule-vechta.net\/index.php\/s\/8r7ESGaoXAdQtjg\">https:\/\/cloudfiles.overbergschule-vechta.net\/index.php\/s\/8r7ESGaoXAdQtjg<\/a><\/p>\n","protected":false},"excerpt":{"rendered":"<p>Hier erhalten Sie einen Einblick in die Themen des Projektbandes, welches regelm\u00e4\u00dfig freitags im 2. und 3. Block unter Ber\u00fccksichtigung der St\u00e4rkung der Lesekompetenz stattfindet. https:\/\/cloudfiles.overbergschule-vechta.net\/index.php\/s\/8r7ESGaoXAdQtjg<\/p>\n","protected":false},"author":430,"featured_media":0,"parent":0,"menu_order":0,"comment_status":"closed","ping_status":"closed","template":"","meta":{"footnotes":""},"class_list":["post-7765","page","type-page","status-publish","hentry"],"_links":{"self":[{"href":"https:\/\/wordpress.nibis.de\/ovsvec\/wp-json\/wp\/v2\/pages\/7765","targetHints":{"allow":["GET"]}}],"collection":[{"href":"https:\/\/wordpress.nibis.de\/ovsvec\/wp-json\/wp\/v2\/pages"}],"about":[{"href":"https:\/\/wordpress.nibis.de\/ovsvec\/wp-json\/wp\/v2\/types\/page"}],"author":[{"embeddable":true,"href":"https:\/\/wordpress.nibis.de\/ovsvec\/wp-json\/wp\/v2\/users\/430"}],"replies":[{"embeddable":true,"href":"https:\/\/wordpress.nibis.de\/ovsvec\/wp-json\/wp\/v2\/comments?post=7765"}],"version-history":[{"count":1,"href":"https:\/\/wordpress.nibis.de\/ovsvec\/wp-json\/wp\/v2\/pages\/7765\/revisions"}],"predecessor-version":[{"id":7766,"href":"https:\/\/wordpress.nibis.de\/ovsvec\/wp-json\/wp\/v2\/pages\/7765\/revisions\/7766"}],"wp:attachment":[{"href":"https:\/\/wordpress.nibis.de\/ovsvec\/wp-json\/wp\/v2\/media?parent=7765"}],"curies":[{"name":"wp","href":"https:\/\/api.w.org\/{rel}","templated":true}]}}