{"id":7847,"date":"2025-10-23T13:32:54","date_gmt":"2025-10-23T11:32:54","guid":{"rendered":"https:\/\/wordpress.nibis.de\/ovsvec\/?page_id=7847"},"modified":"2025-10-23T13:33:02","modified_gmt":"2025-10-23T11:33:02","slug":"schulentwicklung","status":"publish","type":"page","link":"https:\/\/wordpress.nibis.de\/ovsvec\/schulentwicklung\/","title":{"rendered":"Schulentwicklung"},"content":{"rendered":"\n<p>Gesellschaftliche Ver\u00e4nderungen erfordern Lernangebote und Unterrichtskonzepte, die die konkrete Situation vor Ort ber\u00fccksichtigen und bedarfsgerechte L\u00f6sungen anbieten. Weitere Informationen finden Sie hier:<\/p>\n<p><a href=\"https:\/\/cloudfiles.overbergschule-vechta.net\/index.php\/s\/oXpSioYd8bdbRBa\">https:\/\/cloudfiles.overbergschule-vechta.net\/index.php\/s\/oXpSioYd8bdbRBa<\/a><\/p>\n","protected":false},"excerpt":{"rendered":"<p>Gesellschaftliche Ver\u00e4nderungen erfordern Lernangebote und Unterrichtskonzepte, die die konkrete Situation vor Ort ber\u00fccksichtigen und bedarfsgerechte L\u00f6sungen anbieten. Weitere Informationen finden Sie hier: https:\/\/cloudfiles.overbergschule-vechta.net\/index.php\/s\/oXpSioYd8bdbRBa<\/p>\n","protected":false},"author":430,"featured_media":0,"parent":0,"menu_order":0,"comment_status":"closed","ping_status":"closed","template":"","meta":{"footnotes":""},"class_list":["post-7847","page","type-page","status-publish","hentry"],"_links":{"self":[{"href":"https:\/\/wordpress.nibis.de\/ovsvec\/wp-json\/wp\/v2\/pages\/7847","targetHints":{"allow":["GET"]}}],"collection":[{"href":"https:\/\/wordpress.nibis.de\/ovsvec\/wp-json\/wp\/v2\/pages"}],"about":[{"href":"https:\/\/wordpress.nibis.de\/ovsvec\/wp-json\/wp\/v2\/types\/page"}],"author":[{"embeddable":true,"href":"https:\/\/wordpress.nibis.de\/ovsvec\/wp-json\/wp\/v2\/users\/430"}],"replies":[{"embeddable":true,"href":"https:\/\/wordpress.nibis.de\/ovsvec\/wp-json\/wp\/v2\/comments?post=7847"}],"version-history":[{"count":1,"href":"https:\/\/wordpress.nibis.de\/ovsvec\/wp-json\/wp\/v2\/pages\/7847\/revisions"}],"predecessor-version":[{"id":7848,"href":"https:\/\/wordpress.nibis.de\/ovsvec\/wp-json\/wp\/v2\/pages\/7847\/revisions\/7848"}],"wp:attachment":[{"href":"https:\/\/wordpress.nibis.de\/ovsvec\/wp-json\/wp\/v2\/media?parent=7847"}],"curies":[{"name":"wp","href":"https:\/\/api.w.org\/{rel}","templated":true}]}}