{"id":136,"date":"2019-02-06T17:18:28","date_gmt":"2019-02-06T16:18:28","guid":{"rendered":"https:\/\/wordpress.nibis.de\/pestapbg\/?page_id=136"},"modified":"2024-02-20T18:22:25","modified_gmt":"2024-02-20T17:22:25","slug":"4-hauptschulabschluss","status":"publish","type":"page","link":"https:\/\/wordpress.nibis.de\/pestapbg\/4-hauptschulabschluss\/","title":{"rendered":"4. Hauptschulabschluss"},"content":{"rendered":"<p><img loading=\"lazy\" decoding=\"async\" class=\"alignnone size-full wp-image-128\" src=\"https:\/\/wordpress.nibis.de\/pestapbg\/files\/2019\/02\/Hauptschule.png\" alt=\"\" width=\"556\" height=\"501\" srcset=\"https:\/\/wordpress.nibis.de\/pestapbg\/files\/2019\/02\/Hauptschule.png 556w, https:\/\/wordpress.nibis.de\/pestapbg\/files\/2019\/02\/Hauptschule-333x300.png 333w\" sizes=\"auto, (max-width: 556px) 100vw, 556px\" \/><\/p>\n<p>Die Weiterf\u00fchrung des <strong>Klassenlehrerprinzips<\/strong>, das vertraute Umfeld und das kleine System erm\u00f6glichen eine direkte Zusammenarbeit von Lehrern mit Sch\u00fcler*innen sowie Eltern. Dieser Aspekt schafft f\u00fcr die Sch\u00fcler*innen der Pestalozzischule Papenburg Sicherheit in einem verl\u00e4sslichen Rahmen. Ein handlungsbezogener Unterricht erm\u00f6glicht den Sch\u00fcler*innen der Pestalozzischule Papenburg lebenspraktisches Lernen. Dies wird umgesetzt durch das Unterrichtsangebot von Hauswirtschaft, Technik, Textiles Gestalten und Neue Technologien sowie Erfahrungen auf Klassenfahrten und die aktive Mitgestaltung des Schullebens.<\/p>\n<p>Zur Vorbereitung auf das Leben nach dem Schulabschluss werden die Sch\u00fcler*innen der Pestalozzischule Papenburg neben dem handlungsorientierten Unterricht durch verschiedene <strong>Berufsorientierende Ma\u00dfnahmen<\/strong> begleitet. Gezielte Unterst\u00fctzung erhalten die Sch\u00fcler*innen durch eine intensive, langj\u00e4hrige Reha-Beratung der Bundesagentur f\u00fcr Arbeit (vgl. 2.10)<\/p>\n<p>Am Ende der <strong>Klasse<\/strong> <strong>10<\/strong> erwartet die Sch\u00fcler*innen der Pestalozzischule Papenburg die Hauptschulabschlusspr\u00fcfung, die den Vorgaben des Hauptschulabschlusses einer Klasse 9 entspricht. Durch die Pr\u00fcfungserfahrung des vorhergehenden F\u00f6rderschulabschlusses sind die Sch\u00fcler*innen neben der fachlichen Vorbereitung zus\u00e4tzlich ablauferprobt. Aus diesen Voraussetzungen resultiert eine nahezu 100%-ige Erfolgsquote der Hauptschulabschl\u00fcsse.<\/p>\n<p>Mit erfolgreicher Absolvierung des Hauptschulabschlusses an der Pestalozzischule Papenburg haben die Sch\u00fcler*innen eine erh\u00f6hte Chance, auf dem ersten Arbeitsmarkt eine Ausbildung zu beginnen. Auf Schulebene haben sie die M\u00f6glichkeit zum direkten Einstieg in eine h\u00f6here Schulform an der <strong>Berufsbildenden Schule<\/strong>.<\/p>\n<p>Alle aufgef\u00fchrten Aspekte bieten den Sch\u00fcler*innen ein weiteres Jahr der Reife, Pers\u00f6nlichkeitsbildung und Berufsorientierung.<\/p>\n","protected":false},"excerpt":{"rendered":"<p>Die Weiterf\u00fchrung des Klassenlehrerprinzips, das vertraute Umfeld und das kleine System erm\u00f6glichen eine direkte Zusammenarbeit von Lehrern mit Sch\u00fcler*innen sowie Eltern. Dieser Aspekt schafft f\u00fcr die Sch\u00fcler*innen der Pestalozzischule Papenburg Sicherheit in einem verl\u00e4sslichen Rahmen. Ein handlungsbezogener Unterricht erm\u00f6glicht den &hellip; <a href=\"https:\/\/wordpress.nibis.de\/pestapbg\/4-hauptschulabschluss\/\">Weiterlesen <span class=\"meta-nav\">&rarr;<\/span><\/a><\/p>\n","protected":false},"author":9192890,"featured_media":0,"parent":0,"menu_order":0,"comment_status":"closed","ping_status":"closed","template":"","meta":{"footnotes":""},"class_list":["post-136","page","type-page","status-publish","hentry"],"_links":{"self":[{"href":"https:\/\/wordpress.nibis.de\/pestapbg\/wp-json\/wp\/v2\/pages\/136","targetHints":{"allow":["GET"]}}],"collection":[{"href":"https:\/\/wordpress.nibis.de\/pestapbg\/wp-json\/wp\/v2\/pages"}],"about":[{"href":"https:\/\/wordpress.nibis.de\/pestapbg\/wp-json\/wp\/v2\/types\/page"}],"author":[{"embeddable":true,"href":"https:\/\/wordpress.nibis.de\/pestapbg\/wp-json\/wp\/v2\/users\/9192890"}],"replies":[{"embeddable":true,"href":"https:\/\/wordpress.nibis.de\/pestapbg\/wp-json\/wp\/v2\/comments?post=136"}],"version-history":[{"count":4,"href":"https:\/\/wordpress.nibis.de\/pestapbg\/wp-json\/wp\/v2\/pages\/136\/revisions"}],"predecessor-version":[{"id":892,"href":"https:\/\/wordpress.nibis.de\/pestapbg\/wp-json\/wp\/v2\/pages\/136\/revisions\/892"}],"wp:attachment":[{"href":"https:\/\/wordpress.nibis.de\/pestapbg\/wp-json\/wp\/v2\/media?parent=136"}],"curies":[{"name":"wp","href":"https:\/\/api.w.org\/{rel}","templated":true}]}}