{"id":2,"date":"2018-12-20T12:23:56","date_gmt":"2018-12-20T11:23:56","guid":{"rendered":"https:\/\/wordpress.nibis.de\/pestapbg\/?page_id=2"},"modified":"2019-01-02T12:55:20","modified_gmt":"2019-01-02T11:55:20","slug":"beispiel-seite","status":"publish","type":"page","link":"https:\/\/wordpress.nibis.de\/pestapbg\/beispiel-seite\/","title":{"rendered":"Wir \u00fcber uns"},"content":{"rendered":"<p>Die Pestalozzischule in Papenburg ist eine F\u00f6rderschule mit dem Schwerpunkt Lernen. Der Unterricht in unserer offenen Ganztagsschule findet an f\u00fcnf Tagen in der Woche statt. Dienstags, mittwochs und donnerstags k\u00f6nnen die Sch\u00fclerinnen und Sch\u00fcler freiwillig an einem Ganztagsangebot teilnehmen. Die F\u00f6rderschule umfasst 5 Klassenstufen (Klasse 5 bis 9) und endet mit dem Abschluss der F\u00f6rderschule mit dem Schwerpunkt Lernen. In der freiwilligen zehnten Klassenstufe kann der Hauptschulabschluss erworben werden.<\/p>\n<p class=\"alignjustify\"><b class=\"contentbold\">Inklusion:<\/b>\u00a0Lehrerinnen und Lehrer unserer Schule besuchen w\u00f6chentlich Regelschulen im Einzugsbereich. Dabei werden Sch\u00fcler mit Lernschwierigkeiten gef\u00f6rdert und es wird in Gespr\u00e4chen mit den Lehrkr\u00e4ften nach individuellen L\u00f6sungen und erweiterten Angeboten f\u00fcr diese Sch\u00fcler gesucht.<\/p>\n<p><b class=\"contentbold\">Mobiler Dienst:<\/b>\u00a0Die Lehrerinnen und Lehrer des mobilen Dienstes arbeiten f\u00fcr die vorbeugende und unterst\u00fctzende F\u00f6rderung von Kindern mit Beeintr\u00e4chtigungen im Bereich der emotionalen und sozialen Entwicklung.<\/p>\n","protected":false},"excerpt":{"rendered":"<p>Die Pestalozzischule in Papenburg ist eine F\u00f6rderschule mit dem Schwerpunkt Lernen. Der Unterricht in unserer offenen Ganztagsschule findet an f\u00fcnf Tagen in der Woche statt. Dienstags, mittwochs und donnerstags k\u00f6nnen die Sch\u00fclerinnen und Sch\u00fcler freiwillig an einem Ganztagsangebot teilnehmen. Die &hellip; <a href=\"https:\/\/wordpress.nibis.de\/pestapbg\/beispiel-seite\/\">Weiterlesen <span class=\"meta-nav\">&rarr;<\/span><\/a><\/p>\n","protected":false},"author":9192890,"featured_media":0,"parent":0,"menu_order":0,"comment_status":"closed","ping_status":"closed","template":"","meta":{"footnotes":""},"class_list":["post-2","page","type-page","status-publish","hentry"],"_links":{"self":[{"href":"https:\/\/wordpress.nibis.de\/pestapbg\/wp-json\/wp\/v2\/pages\/2","targetHints":{"allow":["GET"]}}],"collection":[{"href":"https:\/\/wordpress.nibis.de\/pestapbg\/wp-json\/wp\/v2\/pages"}],"about":[{"href":"https:\/\/wordpress.nibis.de\/pestapbg\/wp-json\/wp\/v2\/types\/page"}],"author":[{"embeddable":true,"href":"https:\/\/wordpress.nibis.de\/pestapbg\/wp-json\/wp\/v2\/users\/9192890"}],"replies":[{"embeddable":true,"href":"https:\/\/wordpress.nibis.de\/pestapbg\/wp-json\/wp\/v2\/comments?post=2"}],"version-history":[{"count":3,"href":"https:\/\/wordpress.nibis.de\/pestapbg\/wp-json\/wp\/v2\/pages\/2\/revisions"}],"predecessor-version":[{"id":70,"href":"https:\/\/wordpress.nibis.de\/pestapbg\/wp-json\/wp\/v2\/pages\/2\/revisions\/70"}],"wp:attachment":[{"href":"https:\/\/wordpress.nibis.de\/pestapbg\/wp-json\/wp\/v2\/media?parent=2"}],"curies":[{"name":"wp","href":"https:\/\/api.w.org\/{rel}","templated":true}]}}