{"id":41,"date":"2018-12-21T17:18:40","date_gmt":"2018-12-21T16:18:40","guid":{"rendered":"https:\/\/wordpress.nibis.de\/pestapbg\/?page_id=41"},"modified":"2019-01-02T12:34:15","modified_gmt":"2019-01-02T11:34:15","slug":"unsere-unterrichtsorganisation","status":"publish","type":"page","link":"https:\/\/wordpress.nibis.de\/pestapbg\/unsere-unterrichtsorganisation\/","title":{"rendered":"Unsere Unterrichtsorganisation"},"content":{"rendered":"<p>Eine Unterrichtsstunde dauert 45 Minuten. Nach der zweiten und der vierten Unterrichtsstunde gibt es eine l\u00e4ngere Pause von 20\u00a0\u00a0bzw. 15 Minuten. Der Unterricht beginnt um 8.20 Uhr und endet nach der 4. Stunde um 11.50 Uhr und nach der 6. Stunde um 13.40 Uhr. Der Ganztagsunterricht endet um 16.00 Uhr.<br \/>\nDie Klassen erhalten bis zu 30 Wochenstunden Unterricht. Die Sch\u00fcler werden nach dem Klassenlehrerprinzip unterrichtet. Das bedeutet, dass der Klassenlehrer m\u00f6glichst viele Stunden in der eigenen Klasse unterrichtet und so zu einer wichtigen Bezugsperson f\u00fcr die Sch\u00fclerinnen und Sch\u00fcler werden kann. Neben F\u00f6rderschullehrkr\u00e4ften geh\u00f6ren zu unserem Kollegium auch Grund- und Hauptschullehrer.<br \/>\nWir unterrichten folgende F\u00e4cher in Orientierung an den Lehrpl\u00e4nen der Grund- und Hauptschule: Deutsch, Englisch, Mathematik, Sachunterricht, Geschichte, Politik, Erdkunde, Religion, Physik, Chemie, Biologie, Wirtschaft, Technik, Hauswirtschaft, Musik, Kunst, Gestalterisches Werken, Sport, Textiles Gestalten sowie verschiedene Arbeitsgemeinschaften.<br \/>\nIm Nachmittagsbetrieb k\u00f6nnen die Sch\u00fcler an verschiedenen Angeboten teilnehmen: Es besteht die M\u00f6glichkeit, ein Mittagessen in unserer Mensa einzunehmen, die Hausaufgaben im Rahmen einer Hausaufgabenbetreuung zu erledigen und\u00a0\u00a0an einer Arbeitsgemeinschaft mitzumachen (z. B. Basteln, Bogenschie\u00dfen, Englisch, Gesellschaftsspiele, Kochen u. a.)<\/p>\n","protected":false},"excerpt":{"rendered":"<p>Eine Unterrichtsstunde dauert 45 Minuten. Nach der zweiten und der vierten Unterrichtsstunde gibt es eine l\u00e4ngere Pause von 20\u00a0\u00a0bzw. 15 Minuten. Der Unterricht beginnt um 8.20 Uhr und endet nach der 4. Stunde um 11.50 Uhr und nach der 6. &hellip; <a href=\"https:\/\/wordpress.nibis.de\/pestapbg\/unsere-unterrichtsorganisation\/\">Weiterlesen <span class=\"meta-nav\">&rarr;<\/span><\/a><\/p>\n","protected":false},"author":9192890,"featured_media":0,"parent":0,"menu_order":0,"comment_status":"closed","ping_status":"closed","template":"","meta":{"footnotes":""},"class_list":["post-41","page","type-page","status-publish","hentry"],"_links":{"self":[{"href":"https:\/\/wordpress.nibis.de\/pestapbg\/wp-json\/wp\/v2\/pages\/41","targetHints":{"allow":["GET"]}}],"collection":[{"href":"https:\/\/wordpress.nibis.de\/pestapbg\/wp-json\/wp\/v2\/pages"}],"about":[{"href":"https:\/\/wordpress.nibis.de\/pestapbg\/wp-json\/wp\/v2\/types\/page"}],"author":[{"embeddable":true,"href":"https:\/\/wordpress.nibis.de\/pestapbg\/wp-json\/wp\/v2\/users\/9192890"}],"replies":[{"embeddable":true,"href":"https:\/\/wordpress.nibis.de\/pestapbg\/wp-json\/wp\/v2\/comments?post=41"}],"version-history":[{"count":2,"href":"https:\/\/wordpress.nibis.de\/pestapbg\/wp-json\/wp\/v2\/pages\/41\/revisions"}],"predecessor-version":[{"id":55,"href":"https:\/\/wordpress.nibis.de\/pestapbg\/wp-json\/wp\/v2\/pages\/41\/revisions\/55"}],"wp:attachment":[{"href":"https:\/\/wordpress.nibis.de\/pestapbg\/wp-json\/wp\/v2\/media?parent=41"}],"curies":[{"name":"wp","href":"https:\/\/api.w.org\/{rel}","templated":true}]}}