{"id":1033,"date":"2026-04-02T15:52:52","date_gmt":"2026-04-02T13:52:52","guid":{"rendered":"https:\/\/wordpress.nibis.de\/portal-interne-evaluation-bbs\/?page_id=1033"},"modified":"2026-04-02T16:04:08","modified_gmt":"2026-04-02T14:04:08","slug":"ub-bbs-mub-bbs-ausfuellen-schuelerinnen-und-schueler","status":"publish","type":"page","link":"https:\/\/wordpress.nibis.de\/portal-interne-evaluation-bbs\/ub-bbs-mub-bbs-ausfuellen-schuelerinnen-und-schueler\/","title":{"rendered":"mUB-BBS ausf\u00fcllen (Sch\u00fclerinnen und Sch\u00fcler)"},"content":{"rendered":"\n<p>Nachdem Sie eine mehrperspektivische Unterrichtsbeobachtung angelegt haben, konnten Sie die Zug\u00e4nge f\u00fcr die Sch\u00fclerinnen und Sch\u00fcler ausdrucken. Diese Zugangsdaten enthalten einen QR-Code f\u00fcr die Nutzung mit Smartphone und Tablet. Zus\u00e4tzlich sind die Zugangsdaten auch sichtbar auf den Karten aufgedruckt, f\u00fcr den Fall, dass sie manuell eingegeben werden m\u00fcssen.<\/p>\n\n\n\n<div class=\"wp-block-file\"><a id=\"wp-block-file--media-ec8c35a7-1d18-42b3-8a6d-e286801526ee\" href=\"https:\/\/wordpress.nibis.de\/portal-interne-evaluation-bbs\/files\/2026\/04\/Kurzanleitung-mUB-BBS-ausfuellen.pdf\">Die Kurzanleitung mUB-BBS ausf\u00fcllen zum Download<\/a><\/div>\n\n\n\n<p><strong>Schritt 1:<\/strong> Geben sie die Zugangsdaten an die Sch\u00fclerinnen und Sch\u00fcler aus.<\/p>\n\n\n<div class=\"wp-block-image\">\n<figure class=\"aligncenter size-full\"><img loading=\"lazy\" decoding=\"async\" width=\"354\" height=\"216\" src=\"https:\/\/wordpress.nibis.de\/portal-interne-evaluation-bbs\/files\/2026\/04\/image-9.png\" alt=\"\" class=\"wp-image-1038\" srcset=\"https:\/\/wordpress.nibis.de\/portal-interne-evaluation-bbs\/files\/2026\/04\/image-9.png 354w, https:\/\/wordpress.nibis.de\/portal-interne-evaluation-bbs\/files\/2026\/04\/image-9-300x183.png 300w, https:\/\/wordpress.nibis.de\/portal-interne-evaluation-bbs\/files\/2026\/04\/image-9-100x61.png 100w\" sizes=\"auto, (max-width: 354px) 100vw, 354px\" \/><\/figure>\n<\/div>\n\n\n<p><strong>Schritt 2:<\/strong> Nach Eingabe der URL erscheint das Anmeldefenster. (Bei Nutzung des QR-Codes sollte dies bereits ausgef\u00fcllt sein.)<\/p>\n\n\n<div class=\"wp-block-image\">\n<figure class=\"aligncenter size-full is-resized\"><img loading=\"lazy\" decoding=\"async\" width=\"469\" height=\"699\" src=\"https:\/\/wordpress.nibis.de\/portal-interne-evaluation-bbs\/files\/2026\/04\/3EB51DED-314A-4725-A8CD-225FBD444987.png\" alt=\"\" class=\"wp-image-1039\" style=\"width:400px\" srcset=\"https:\/\/wordpress.nibis.de\/portal-interne-evaluation-bbs\/files\/2026\/04\/3EB51DED-314A-4725-A8CD-225FBD444987.png 469w, https:\/\/wordpress.nibis.de\/portal-interne-evaluation-bbs\/files\/2026\/04\/3EB51DED-314A-4725-A8CD-225FBD444987-201x300.png 201w, https:\/\/wordpress.nibis.de\/portal-interne-evaluation-bbs\/files\/2026\/04\/3EB51DED-314A-4725-A8CD-225FBD444987-100x149.png 100w\" sizes=\"auto, (max-width: 469px) 100vw, 469px\" \/><\/figure>\n<\/div>\n\n\n<p><strong>Schritt 3:<\/strong> Die Sch\u00fclerinnen und Sch\u00fcler m\u00fcssen die Zugangsdaten ggf. eingeben und im Anschluss auf \u201eAnmelden\u201c gehen.<\/p>\n\n\n<div class=\"wp-block-image\">\n<figure class=\"aligncenter size-full is-resized\"><img loading=\"lazy\" decoding=\"async\" width=\"470\" height=\"701\" src=\"https:\/\/wordpress.nibis.de\/portal-interne-evaluation-bbs\/files\/2026\/04\/64971E11-0DB3-44E0-B079-E934D8A08F93.png\" alt=\"\" class=\"wp-image-1040\" style=\"width:400px\" srcset=\"https:\/\/wordpress.nibis.de\/portal-interne-evaluation-bbs\/files\/2026\/04\/64971E11-0DB3-44E0-B079-E934D8A08F93.png 470w, https:\/\/wordpress.nibis.de\/portal-interne-evaluation-bbs\/files\/2026\/04\/64971E11-0DB3-44E0-B079-E934D8A08F93-201x300.png 201w, https:\/\/wordpress.nibis.de\/portal-interne-evaluation-bbs\/files\/2026\/04\/64971E11-0DB3-44E0-B079-E934D8A08F93-100x149.png 100w\" sizes=\"auto, (max-width: 470px) 100vw, 470px\" \/><\/figure>\n<\/div>\n\n\n<p><strong>Schritt 4: <\/strong>Nachdem sich die Sch\u00fclerinnen und Sch\u00fcler angemeldet haben, m\u00fcssen sie auf dem Dashboard auf die Schaltfl\u00e4che \u201eStarten\u201c gehen.<\/p>\n\n\n<div class=\"wp-block-image\">\n<figure class=\"aligncenter size-large is-resized\"><img loading=\"lazy\" decoding=\"async\" width=\"1024\" height=\"400\" src=\"https:\/\/wordpress.nibis.de\/portal-interne-evaluation-bbs\/files\/2026\/04\/94277F3A-8DBB-408D-8CF1-9CC24B56B12D-1024x400.png\" alt=\"\" class=\"wp-image-1041\" style=\"width:710px\" srcset=\"https:\/\/wordpress.nibis.de\/portal-interne-evaluation-bbs\/files\/2026\/04\/94277F3A-8DBB-408D-8CF1-9CC24B56B12D-1024x400.png 1024w, https:\/\/wordpress.nibis.de\/portal-interne-evaluation-bbs\/files\/2026\/04\/94277F3A-8DBB-408D-8CF1-9CC24B56B12D-300x117.png 300w, https:\/\/wordpress.nibis.de\/portal-interne-evaluation-bbs\/files\/2026\/04\/94277F3A-8DBB-408D-8CF1-9CC24B56B12D-768x300.png 768w, https:\/\/wordpress.nibis.de\/portal-interne-evaluation-bbs\/files\/2026\/04\/94277F3A-8DBB-408D-8CF1-9CC24B56B12D-100x39.png 100w, https:\/\/wordpress.nibis.de\/portal-interne-evaluation-bbs\/files\/2026\/04\/94277F3A-8DBB-408D-8CF1-9CC24B56B12D.png 1192w\" sizes=\"auto, (max-width: 1024px) 100vw, 1024px\" \/><\/figure>\n<\/div>\n\n\n<p>Der Fragebogen f\u00fcr die Sch\u00fclerinnen und Sch\u00fcler wird zur Beantwortung angezeigt. Im oberen Bereich befinden sich \u201eKarteikartenreiter\u201c (hier Lernumgebung, Lernprozesse \u2013 Lehrkraft, Unterrichtsprozess). Darunter befinden sich die jeweiligen Fragen zum Unterricht.<\/p>\n\n\n<div class=\"wp-block-image\">\n<figure class=\"aligncenter size-large is-resized\"><img loading=\"lazy\" decoding=\"async\" width=\"1024\" height=\"298\" src=\"https:\/\/wordpress.nibis.de\/portal-interne-evaluation-bbs\/files\/2026\/04\/DFFD3AB0-C201-4DCC-9344-DE9D5BEE5F0C-1024x298.png\" alt=\"\" class=\"wp-image-1042\" style=\"width:710px\" srcset=\"https:\/\/wordpress.nibis.de\/portal-interne-evaluation-bbs\/files\/2026\/04\/DFFD3AB0-C201-4DCC-9344-DE9D5BEE5F0C-1024x298.png 1024w, https:\/\/wordpress.nibis.de\/portal-interne-evaluation-bbs\/files\/2026\/04\/DFFD3AB0-C201-4DCC-9344-DE9D5BEE5F0C-300x87.png 300w, https:\/\/wordpress.nibis.de\/portal-interne-evaluation-bbs\/files\/2026\/04\/DFFD3AB0-C201-4DCC-9344-DE9D5BEE5F0C-768x224.png 768w, https:\/\/wordpress.nibis.de\/portal-interne-evaluation-bbs\/files\/2026\/04\/DFFD3AB0-C201-4DCC-9344-DE9D5BEE5F0C-100x29.png 100w, https:\/\/wordpress.nibis.de\/portal-interne-evaluation-bbs\/files\/2026\/04\/DFFD3AB0-C201-4DCC-9344-DE9D5BEE5F0C.png 1205w\" sizes=\"auto, (max-width: 1024px) 100vw, 1024px\" \/><\/figure>\n<\/div>\n\n\n<p><strong>Schritt 5:<\/strong> Die Sch\u00fclerinnen und Sch\u00fcler f\u00fcllen den Bogen mit einem Mausklick auf den Radiobutten oder den danebenstehenden Text aus.<\/p>\n\n\n<div class=\"wp-block-image\">\n<figure class=\"aligncenter size-large is-resized\"><img loading=\"lazy\" decoding=\"async\" width=\"1024\" height=\"252\" src=\"https:\/\/wordpress.nibis.de\/portal-interne-evaluation-bbs\/files\/2026\/04\/8C0618E0-15DB-4D76-90CA-770E0CD86664-1024x252.png\" alt=\"\" class=\"wp-image-1043\" style=\"width:710px\" srcset=\"https:\/\/wordpress.nibis.de\/portal-interne-evaluation-bbs\/files\/2026\/04\/8C0618E0-15DB-4D76-90CA-770E0CD86664-1024x252.png 1024w, https:\/\/wordpress.nibis.de\/portal-interne-evaluation-bbs\/files\/2026\/04\/8C0618E0-15DB-4D76-90CA-770E0CD86664-300x74.png 300w, https:\/\/wordpress.nibis.de\/portal-interne-evaluation-bbs\/files\/2026\/04\/8C0618E0-15DB-4D76-90CA-770E0CD86664-768x189.png 768w, https:\/\/wordpress.nibis.de\/portal-interne-evaluation-bbs\/files\/2026\/04\/8C0618E0-15DB-4D76-90CA-770E0CD86664-100x25.png 100w, https:\/\/wordpress.nibis.de\/portal-interne-evaluation-bbs\/files\/2026\/04\/8C0618E0-15DB-4D76-90CA-770E0CD86664.png 1197w\" sizes=\"auto, (max-width: 1024px) 100vw, 1024px\" \/><\/figure>\n<\/div>\n\n\n<p>Sollten die Sch\u00fclerinnen und Sch\u00fcler zwischendurch auf \u201eSpeichern\u201c gehen, erhalten sie die Meldung, dass der Bogen nicht vollst\u00e4ndig ausgef\u00fcllt ist.<\/p>\n\n\n<div class=\"wp-block-image\">\n<figure class=\"aligncenter size-full\"><img loading=\"lazy\" decoding=\"async\" width=\"472\" height=\"151\" src=\"https:\/\/wordpress.nibis.de\/portal-interne-evaluation-bbs\/files\/2026\/04\/image-10.png\" alt=\"\" class=\"wp-image-1045\" srcset=\"https:\/\/wordpress.nibis.de\/portal-interne-evaluation-bbs\/files\/2026\/04\/image-10.png 472w, https:\/\/wordpress.nibis.de\/portal-interne-evaluation-bbs\/files\/2026\/04\/image-10-300x96.png 300w, https:\/\/wordpress.nibis.de\/portal-interne-evaluation-bbs\/files\/2026\/04\/image-10-100x32.png 100w\" sizes=\"auto, (max-width: 472px) 100vw, 472px\" \/><\/figure>\n<\/div>\n\n\n<p>Die Fragen, die noch nicht beantwortet wurden, werden mit einem roten Rand angezeigt.<\/p>\n\n\n<div class=\"wp-block-image\">\n<figure class=\"aligncenter size-full is-resized\"><img loading=\"lazy\" decoding=\"async\" width=\"886\" height=\"109\" src=\"https:\/\/wordpress.nibis.de\/portal-interne-evaluation-bbs\/files\/2026\/04\/image-11.png\" alt=\"\" class=\"wp-image-1046\" style=\"width:710px\" srcset=\"https:\/\/wordpress.nibis.de\/portal-interne-evaluation-bbs\/files\/2026\/04\/image-11.png 886w, https:\/\/wordpress.nibis.de\/portal-interne-evaluation-bbs\/files\/2026\/04\/image-11-300x37.png 300w, https:\/\/wordpress.nibis.de\/portal-interne-evaluation-bbs\/files\/2026\/04\/image-11-768x94.png 768w, https:\/\/wordpress.nibis.de\/portal-interne-evaluation-bbs\/files\/2026\/04\/image-11-100x12.png 100w\" sizes=\"auto, (max-width: 886px) 100vw, 886px\" \/><\/figure>\n<\/div>\n\n\n<p><strong>Schritt 6:<\/strong> Nach der vollst\u00e4ndigen Beantwortung des Bogens ist der Bogen zu speichern.<\/p>\n\n\n<div class=\"wp-block-image\">\n<figure class=\"aligncenter size-full\"><img loading=\"lazy\" decoding=\"async\" width=\"472\" height=\"194\" src=\"https:\/\/wordpress.nibis.de\/portal-interne-evaluation-bbs\/files\/2026\/04\/image-12.png\" alt=\"\" class=\"wp-image-1047\" srcset=\"https:\/\/wordpress.nibis.de\/portal-interne-evaluation-bbs\/files\/2026\/04\/image-12.png 472w, https:\/\/wordpress.nibis.de\/portal-interne-evaluation-bbs\/files\/2026\/04\/image-12-300x123.png 300w, https:\/\/wordpress.nibis.de\/portal-interne-evaluation-bbs\/files\/2026\/04\/image-12-100x41.png 100w\" sizes=\"auto, (max-width: 472px) 100vw, 472px\" \/><\/figure>\n<\/div>\n\n\n<p><strong>Schritt 7:<\/strong> Die Sch\u00fclerinnen und Sch\u00fcler m\u00fcssen sich nach der Beantwortung ausloggen.<\/p>\n\n\n<div class=\"wp-block-image\">\n<figure class=\"aligncenter size-large is-resized\"><img loading=\"lazy\" decoding=\"async\" width=\"1024\" height=\"177\" src=\"https:\/\/wordpress.nibis.de\/portal-interne-evaluation-bbs\/files\/2026\/04\/4212D2E4-7034-407C-ABED-7B47010A1DD6-1024x177.png\" alt=\"\" class=\"wp-image-1048\" style=\"width:710px\" srcset=\"https:\/\/wordpress.nibis.de\/portal-interne-evaluation-bbs\/files\/2026\/04\/4212D2E4-7034-407C-ABED-7B47010A1DD6-1024x177.png 1024w, https:\/\/wordpress.nibis.de\/portal-interne-evaluation-bbs\/files\/2026\/04\/4212D2E4-7034-407C-ABED-7B47010A1DD6-300x52.png 300w, https:\/\/wordpress.nibis.de\/portal-interne-evaluation-bbs\/files\/2026\/04\/4212D2E4-7034-407C-ABED-7B47010A1DD6-768x132.png 768w, https:\/\/wordpress.nibis.de\/portal-interne-evaluation-bbs\/files\/2026\/04\/4212D2E4-7034-407C-ABED-7B47010A1DD6-100x17.png 100w, https:\/\/wordpress.nibis.de\/portal-interne-evaluation-bbs\/files\/2026\/04\/4212D2E4-7034-407C-ABED-7B47010A1DD6.png 1206w\" sizes=\"auto, (max-width: 1024px) 100vw, 1024px\" \/><\/figure>\n<\/div>","protected":false},"excerpt":{"rendered":"<p>Nachdem Sie eine mehrperspektivische Unterrichtsbeobachtung angelegt haben, konnten Sie die Zug\u00e4nge f\u00fcr die Sch\u00fclerinnen und Sch\u00fcler ausdrucken. Diese Zugangsdaten enthalten einen QR-Code f\u00fcr die Nutzung mit Smartphone und Tablet. Zus\u00e4tzlich sind die Zugangsdaten auch sichtbar auf den Karten aufgedruckt, f\u00fcr den Fall, dass sie manuell eingegeben werden m\u00fcssen. Schritt 1: Geben sie die Zugangsdaten an &hellip; <a href=\"https:\/\/wordpress.nibis.de\/portal-interne-evaluation-bbs\/ub-bbs-mub-bbs-ausfuellen-schuelerinnen-und-schueler\/\" class=\"more-link\"><span class=\"screen-reader-text\">mUB-BBS ausf\u00fcllen (Sch\u00fclerinnen und Sch\u00fcler)<\/span> weiterlesen <span class=\"meta-nav\">&rarr;<\/span><\/a><\/p>\n","protected":false},"author":9194395,"featured_media":0,"parent":0,"menu_order":0,"comment_status":"closed","ping_status":"closed","template":"","meta":{"footnotes":""},"class_list":["post-1033","page","type-page","status-publish","hentry"],"_links":{"self":[{"href":"https:\/\/wordpress.nibis.de\/portal-interne-evaluation-bbs\/wp-json\/wp\/v2\/pages\/1033","targetHints":{"allow":["GET"]}}],"collection":[{"href":"https:\/\/wordpress.nibis.de\/portal-interne-evaluation-bbs\/wp-json\/wp\/v2\/pages"}],"about":[{"href":"https:\/\/wordpress.nibis.de\/portal-interne-evaluation-bbs\/wp-json\/wp\/v2\/types\/page"}],"author":[{"embeddable":true,"href":"https:\/\/wordpress.nibis.de\/portal-interne-evaluation-bbs\/wp-json\/wp\/v2\/users\/9194395"}],"replies":[{"embeddable":true,"href":"https:\/\/wordpress.nibis.de\/portal-interne-evaluation-bbs\/wp-json\/wp\/v2\/comments?post=1033"}],"version-history":[{"count":5,"href":"https:\/\/wordpress.nibis.de\/portal-interne-evaluation-bbs\/wp-json\/wp\/v2\/pages\/1033\/revisions"}],"predecessor-version":[{"id":1052,"href":"https:\/\/wordpress.nibis.de\/portal-interne-evaluation-bbs\/wp-json\/wp\/v2\/pages\/1033\/revisions\/1052"}],"wp:attachment":[{"href":"https:\/\/wordpress.nibis.de\/portal-interne-evaluation-bbs\/wp-json\/wp\/v2\/media?parent=1033"}],"curies":[{"name":"wp","href":"https:\/\/api.w.org\/{rel}","templated":true}]}}