{"id":125,"date":"2024-08-21T14:51:46","date_gmt":"2024-08-21T12:51:46","guid":{"rendered":"https:\/\/wordpress.nibis.de\/portal-interne-evaluation-bbs\/?page_id=125"},"modified":"2026-03-31T06:17:10","modified_gmt":"2026-03-31T04:17:10","slug":"erste-schritte","status":"publish","type":"page","link":"https:\/\/wordpress.nibis.de\/portal-interne-evaluation-bbs\/erste-schritte\/","title":{"rendered":"Erste Schritte"},"content":{"rendered":"\n<p>Hier finden Sie die Anleitungen f\u00fcr Ihre erste Anmeldung an den Arbeitsbereich-BBS. Wenn Sie neu im Arbeitsbereich-BBS angemeldet wurden, m\u00fcssen Sie sich vor der Nutzung registrieren.<br>Sie k\u00f6nnen jederzeit das Passwort \u00e4ndern und ggf. \u00fcber die Funktion \u201ePasswort vergessen?\u201c Ein neues Passwort selbstst\u00e4ndig vergeben.<\/p>\n\n\n\n<p><\/p>\n","protected":false},"excerpt":{"rendered":"<p>Hier finden Sie die Anleitungen f\u00fcr Ihre erste Anmeldung an den Arbeitsbereich-BBS. Wenn Sie neu im Arbeitsbereich-BBS angemeldet wurden, m\u00fcssen Sie sich vor der Nutzung registrieren.Sie k\u00f6nnen jederzeit das Passwort \u00e4ndern und ggf. \u00fcber die Funktion \u201ePasswort vergessen?\u201c Ein neues Passwort selbstst\u00e4ndig vergeben.<\/p>\n","protected":false},"author":9194395,"featured_media":0,"parent":0,"menu_order":0,"comment_status":"closed","ping_status":"closed","template":"","meta":{"footnotes":""},"class_list":["post-125","page","type-page","status-publish","hentry"],"_links":{"self":[{"href":"https:\/\/wordpress.nibis.de\/portal-interne-evaluation-bbs\/wp-json\/wp\/v2\/pages\/125","targetHints":{"allow":["GET"]}}],"collection":[{"href":"https:\/\/wordpress.nibis.de\/portal-interne-evaluation-bbs\/wp-json\/wp\/v2\/pages"}],"about":[{"href":"https:\/\/wordpress.nibis.de\/portal-interne-evaluation-bbs\/wp-json\/wp\/v2\/types\/page"}],"author":[{"embeddable":true,"href":"https:\/\/wordpress.nibis.de\/portal-interne-evaluation-bbs\/wp-json\/wp\/v2\/users\/9194395"}],"replies":[{"embeddable":true,"href":"https:\/\/wordpress.nibis.de\/portal-interne-evaluation-bbs\/wp-json\/wp\/v2\/comments?post=125"}],"version-history":[{"count":4,"href":"https:\/\/wordpress.nibis.de\/portal-interne-evaluation-bbs\/wp-json\/wp\/v2\/pages\/125\/revisions"}],"predecessor-version":[{"id":887,"href":"https:\/\/wordpress.nibis.de\/portal-interne-evaluation-bbs\/wp-json\/wp\/v2\/pages\/125\/revisions\/887"}],"wp:attachment":[{"href":"https:\/\/wordpress.nibis.de\/portal-interne-evaluation-bbs\/wp-json\/wp\/v2\/media?parent=125"}],"curies":[{"name":"wp","href":"https:\/\/api.w.org\/{rel}","templated":true}]}}