{"id":138,"date":"2024-08-21T15:09:04","date_gmt":"2024-08-21T13:09:04","guid":{"rendered":"https:\/\/wordpress.nibis.de\/portal-interne-evaluation-bbs\/?page_id=138"},"modified":"2026-03-30T14:46:17","modified_gmt":"2026-03-30T12:46:17","slug":"neues-passwort-anfordern","status":"publish","type":"page","link":"https:\/\/wordpress.nibis.de\/portal-interne-evaluation-bbs\/neues-passwort-anfordern\/","title":{"rendered":"Neues Passwort anfordern"},"content":{"rendered":"\n<p>Sollten Sie Ihr Passwort vergessen haben k\u00f6nnen Sie die Funktion \u201ePasswort vergessen\u201c ausf\u00fchren, um ein neues Passwort anzufordern. Hierf\u00fcr m\u00fcssen Sie ihren Usernamen angeben. Sie m\u00fcssen dann erneut die Registrierung durchf\u00fchren. Ihre Daten bleiben erhalten.<\/p>\n\n\n\n<div class=\"wp-block-file\"><a id=\"wp-block-file--media-616e9b91-a2d2-4990-a1e3-0c49b710a1ce\" href=\"https:\/\/wordpress.nibis.de\/portal-interne-evaluation-bbs\/files\/2026\/03\/Kurzanleitung-neues-Passwort-anfordern.pdf\">Die Kurzanleitung neues Passwort anfordern zum Download<\/a><\/div>\n\n\n\n<p>Sie sind im Arbeitsbereich-BBS angelegt und registriert und m\u00f6chten sich an dem Arbeitsbereich-BBS der Schule anmelden.<\/p>\n\n\n\n<p><strong>Schritt 1:<\/strong> Geben Sie zun\u00e4chst die folgende URL in Ihrem Browser ein:<\/p>\n\n\n\n<p>https:\/\/XXXXX.intern-bbs.nibis.de\/login\/ Schulnummer<\/p>\n\n\n\n<p><strong>Hinweis:<\/strong><strong><em> <\/em><\/strong>Ersetzen Sie hierbei die XXXXX durch Ihre Schulnummer.<\/p>\n\n\n\n<p><strong>Schritt 2:<\/strong> Das Anmeldefenster \u00f6ffnet sich und Sie k\u00f6nnen unter Nutzername Ihren Usernamen, der Ihnen durch die Administration vergeben wurde und mit Ihrem Passwort anmelden.<\/p>\n\n\n<div class=\"wp-block-image\">\n<figure class=\"aligncenter size-large is-resized\"><img loading=\"lazy\" decoding=\"async\" width=\"1024\" height=\"633\" src=\"https:\/\/wordpress.nibis.de\/portal-interne-evaluation-bbs\/files\/2026\/03\/Neues-Passwort-anfordern-1-1024x633.png\" alt=\"\" class=\"wp-image-840\" style=\"width:710px\" srcset=\"https:\/\/wordpress.nibis.de\/portal-interne-evaluation-bbs\/files\/2026\/03\/Neues-Passwort-anfordern-1-1024x633.png 1024w, https:\/\/wordpress.nibis.de\/portal-interne-evaluation-bbs\/files\/2026\/03\/Neues-Passwort-anfordern-1-300x186.png 300w, https:\/\/wordpress.nibis.de\/portal-interne-evaluation-bbs\/files\/2026\/03\/Neues-Passwort-anfordern-1-768x475.png 768w, https:\/\/wordpress.nibis.de\/portal-interne-evaluation-bbs\/files\/2026\/03\/Neues-Passwort-anfordern-1-100x62.png 100w, https:\/\/wordpress.nibis.de\/portal-interne-evaluation-bbs\/files\/2026\/03\/Neues-Passwort-anfordern-1.png 1046w\" sizes=\"auto, (max-width: 1024px) 100vw, 1024px\" \/><\/figure>\n<\/div>\n\n\n<p>Sollten Sie Ihr <strong>Passwort vergessen<\/strong> haben k\u00f6nnen Sie die Funktion \u201ePasswort vergessen\u201c ausf\u00fchren, um ein neues Passwort anzufordern. Hierf\u00fcr m\u00fcssen Sie ihren Usernamen angeben. Ihnen geht das neue Passwort per E-Mail zu.<\/p>\n\n\n<div class=\"wp-block-image\">\n<figure class=\"aligncenter size-large is-resized\"><img loading=\"lazy\" decoding=\"async\" width=\"1024\" height=\"222\" src=\"https:\/\/wordpress.nibis.de\/portal-interne-evaluation-bbs\/files\/2026\/03\/Neues-Passwort-anfordern-2-1024x222.png\" alt=\"\" class=\"wp-image-843\" style=\"width:710px\" srcset=\"https:\/\/wordpress.nibis.de\/portal-interne-evaluation-bbs\/files\/2026\/03\/Neues-Passwort-anfordern-2-1024x222.png 1024w, https:\/\/wordpress.nibis.de\/portal-interne-evaluation-bbs\/files\/2026\/03\/Neues-Passwort-anfordern-2-300x65.png 300w, https:\/\/wordpress.nibis.de\/portal-interne-evaluation-bbs\/files\/2026\/03\/Neues-Passwort-anfordern-2-768x167.png 768w, https:\/\/wordpress.nibis.de\/portal-interne-evaluation-bbs\/files\/2026\/03\/Neues-Passwort-anfordern-2-100x22.png 100w, https:\/\/wordpress.nibis.de\/portal-interne-evaluation-bbs\/files\/2026\/03\/Neues-Passwort-anfordern-2.png 1179w\" sizes=\"auto, (max-width: 1024px) 100vw, 1024px\" \/><\/figure>\n<\/div>\n\n\n<p><strong>Schritt 3:<\/strong> Nach der Anmeldung erhalten Sie auf der Oberfl\u00e4che (Dashboard) einen \u00dcberblick \u00fcber den Bearbeitungsstand bzw. anstehende Aktivit\u00e4ten.<\/p>\n\n\n\n<p><\/p>\n","protected":false},"excerpt":{"rendered":"<p>Sollten Sie Ihr Passwort vergessen haben k\u00f6nnen Sie die Funktion \u201ePasswort vergessen\u201c ausf\u00fchren, um ein neues Passwort anzufordern. Hierf\u00fcr m\u00fcssen Sie ihren Usernamen angeben. Sie m\u00fcssen dann erneut die Registrierung durchf\u00fchren. Ihre Daten bleiben erhalten. Sie sind im Arbeitsbereich-BBS angelegt und registriert und m\u00f6chten sich an dem Arbeitsbereich-BBS der Schule anmelden. Schritt 1: Geben Sie &hellip; <a href=\"https:\/\/wordpress.nibis.de\/portal-interne-evaluation-bbs\/neues-passwort-anfordern\/\" class=\"more-link\"><span class=\"screen-reader-text\">Neues Passwort anfordern<\/span> weiterlesen <span class=\"meta-nav\">&rarr;<\/span><\/a><\/p>\n","protected":false},"author":9194395,"featured_media":0,"parent":0,"menu_order":0,"comment_status":"closed","ping_status":"closed","template":"","meta":{"footnotes":""},"class_list":["post-138","page","type-page","status-publish","hentry"],"_links":{"self":[{"href":"https:\/\/wordpress.nibis.de\/portal-interne-evaluation-bbs\/wp-json\/wp\/v2\/pages\/138","targetHints":{"allow":["GET"]}}],"collection":[{"href":"https:\/\/wordpress.nibis.de\/portal-interne-evaluation-bbs\/wp-json\/wp\/v2\/pages"}],"about":[{"href":"https:\/\/wordpress.nibis.de\/portal-interne-evaluation-bbs\/wp-json\/wp\/v2\/types\/page"}],"author":[{"embeddable":true,"href":"https:\/\/wordpress.nibis.de\/portal-interne-evaluation-bbs\/wp-json\/wp\/v2\/users\/9194395"}],"replies":[{"embeddable":true,"href":"https:\/\/wordpress.nibis.de\/portal-interne-evaluation-bbs\/wp-json\/wp\/v2\/comments?post=138"}],"version-history":[{"count":7,"href":"https:\/\/wordpress.nibis.de\/portal-interne-evaluation-bbs\/wp-json\/wp\/v2\/pages\/138\/revisions"}],"predecessor-version":[{"id":847,"href":"https:\/\/wordpress.nibis.de\/portal-interne-evaluation-bbs\/wp-json\/wp\/v2\/pages\/138\/revisions\/847"}],"wp:attachment":[{"href":"https:\/\/wordpress.nibis.de\/portal-interne-evaluation-bbs\/wp-json\/wp\/v2\/media?parent=138"}],"curies":[{"name":"wp","href":"https:\/\/api.w.org\/{rel}","templated":true}]}}