{"id":143,"date":"2024-08-21T15:14:23","date_gmt":"2024-08-21T13:14:23","guid":{"rendered":"https:\/\/wordpress.nibis.de\/portal-interne-evaluation-bbs\/?page_id=143"},"modified":"2026-03-30T14:56:32","modified_gmt":"2026-03-30T12:56:32","slug":"eigenes-passwort-vergeben-und-vom-system-abmelden-2","status":"publish","type":"page","link":"https:\/\/wordpress.nibis.de\/portal-interne-evaluation-bbs\/eigenes-passwort-vergeben-und-vom-system-abmelden-2\/","title":{"rendered":"Passwort \u00e4ndern und vom System abmelden"},"content":{"rendered":"\n<div class=\"wp-block-file\"><a id=\"wp-block-file--media-1b367784-b755-455f-83dd-b4248aa53d2b\" href=\"https:\/\/wordpress.nibis.de\/portal-interne-evaluation-bbs\/files\/2026\/03\/Kurzanleitung-Passwort-aendern-und-vom-System-abmelden.pdf\">Die Kurzanleitung Passwort \u00e4ndern und vom System abmelden zum Download<\/a><\/div>\n\n\n\n<p><strong>Schritt 1:<\/strong> Damit Sie ein <strong>neues Passwort<\/strong> vergeben k\u00f6nnen gehen Sie oben recht auf Ihren Benutzernamen. Hier \u00f6ffnet sich ein Men\u00fc. Sie k\u00f6nnen sich hier <strong>vom System abmelden <\/strong>oder Ihre Einstellungen anpassen.<\/p>\n\n\n<div class=\"wp-block-image\">\n<figure class=\"aligncenter size-full is-resized\"><img loading=\"lazy\" decoding=\"async\" width=\"839\" height=\"290\" src=\"https:\/\/wordpress.nibis.de\/portal-interne-evaluation-bbs\/files\/2026\/03\/Passwort-aendern-und-vom-System-abmelden-1.png\" alt=\"\" class=\"wp-image-849\" style=\"width:600px\" srcset=\"https:\/\/wordpress.nibis.de\/portal-interne-evaluation-bbs\/files\/2026\/03\/Passwort-aendern-und-vom-System-abmelden-1.png 839w, https:\/\/wordpress.nibis.de\/portal-interne-evaluation-bbs\/files\/2026\/03\/Passwort-aendern-und-vom-System-abmelden-1-300x104.png 300w, https:\/\/wordpress.nibis.de\/portal-interne-evaluation-bbs\/files\/2026\/03\/Passwort-aendern-und-vom-System-abmelden-1-768x265.png 768w, https:\/\/wordpress.nibis.de\/portal-interne-evaluation-bbs\/files\/2026\/03\/Passwort-aendern-und-vom-System-abmelden-1-100x35.png 100w\" sizes=\"auto, (max-width: 839px) 100vw, 839px\" \/><\/figure>\n<\/div>\n\n\n<p><strong>Schritt 2: <\/strong>Unter \u201ePers\u00f6nliche Daten\u201c k\u00f6nnen Sie Ihre Daten f\u00fcr das Account einsehen.<\/p>\n\n\n<div class=\"wp-block-image\">\n<figure class=\"aligncenter size-large is-resized\"><img loading=\"lazy\" decoding=\"async\" width=\"1024\" height=\"274\" src=\"https:\/\/wordpress.nibis.de\/portal-interne-evaluation-bbs\/files\/2026\/03\/Passwort-aendern-und-vom-System-abmelden-2-1024x274.png\" alt=\"\" class=\"wp-image-850\" style=\"width:710px\" srcset=\"https:\/\/wordpress.nibis.de\/portal-interne-evaluation-bbs\/files\/2026\/03\/Passwort-aendern-und-vom-System-abmelden-2-1024x274.png 1024w, https:\/\/wordpress.nibis.de\/portal-interne-evaluation-bbs\/files\/2026\/03\/Passwort-aendern-und-vom-System-abmelden-2-300x80.png 300w, https:\/\/wordpress.nibis.de\/portal-interne-evaluation-bbs\/files\/2026\/03\/Passwort-aendern-und-vom-System-abmelden-2-768x206.png 768w, https:\/\/wordpress.nibis.de\/portal-interne-evaluation-bbs\/files\/2026\/03\/Passwort-aendern-und-vom-System-abmelden-2-100x27.png 100w, https:\/\/wordpress.nibis.de\/portal-interne-evaluation-bbs\/files\/2026\/03\/Passwort-aendern-und-vom-System-abmelden-2-1536x411.png 1536w, https:\/\/wordpress.nibis.de\/portal-interne-evaluation-bbs\/files\/2026\/03\/Passwort-aendern-und-vom-System-abmelden-2.png 1610w\" sizes=\"auto, (max-width: 1024px) 100vw, 1024px\" \/><\/figure>\n<\/div>\n\n\n<p><strong>Schritt 3: <\/strong>Unter Passwort \u00e4ndern, k\u00f6nnen Sie Ihre Zugangsdaten anpassen. Hierzu vergeben Sie ein neues Passwort, was min. 8 Stellen beinhalten muss, hierbei m\u00fcssen Zahlen, Buchstaben und Gro\u00df- und Kleinschreibung beachten.<\/p>\n\n\n\n<p><strong>Schritt 4: <\/strong>Best\u00e4tigen Sie das neue Passwort mit \u201eSpeichern\u201c.<\/p>\n","protected":false},"excerpt":{"rendered":"<p>Schritt 1: Damit Sie ein neues Passwort vergeben k\u00f6nnen gehen Sie oben recht auf Ihren Benutzernamen. Hier \u00f6ffnet sich ein Men\u00fc. Sie k\u00f6nnen sich hier vom System abmelden oder Ihre Einstellungen anpassen. Schritt 2: Unter \u201ePers\u00f6nliche Daten\u201c k\u00f6nnen Sie Ihre Daten f\u00fcr das Account einsehen. Schritt 3: Unter Passwort \u00e4ndern, k\u00f6nnen Sie Ihre Zugangsdaten anpassen. &hellip; <a href=\"https:\/\/wordpress.nibis.de\/portal-interne-evaluation-bbs\/eigenes-passwort-vergeben-und-vom-system-abmelden-2\/\" class=\"more-link\"><span class=\"screen-reader-text\">Passwort \u00e4ndern und vom System abmelden<\/span> weiterlesen <span class=\"meta-nav\">&rarr;<\/span><\/a><\/p>\n","protected":false},"author":9194395,"featured_media":0,"parent":0,"menu_order":0,"comment_status":"closed","ping_status":"closed","template":"","meta":{"footnotes":""},"class_list":["post-143","page","type-page","status-publish","hentry"],"_links":{"self":[{"href":"https:\/\/wordpress.nibis.de\/portal-interne-evaluation-bbs\/wp-json\/wp\/v2\/pages\/143","targetHints":{"allow":["GET"]}}],"collection":[{"href":"https:\/\/wordpress.nibis.de\/portal-interne-evaluation-bbs\/wp-json\/wp\/v2\/pages"}],"about":[{"href":"https:\/\/wordpress.nibis.de\/portal-interne-evaluation-bbs\/wp-json\/wp\/v2\/types\/page"}],"author":[{"embeddable":true,"href":"https:\/\/wordpress.nibis.de\/portal-interne-evaluation-bbs\/wp-json\/wp\/v2\/users\/9194395"}],"replies":[{"embeddable":true,"href":"https:\/\/wordpress.nibis.de\/portal-interne-evaluation-bbs\/wp-json\/wp\/v2\/comments?post=143"}],"version-history":[{"count":9,"href":"https:\/\/wordpress.nibis.de\/portal-interne-evaluation-bbs\/wp-json\/wp\/v2\/pages\/143\/revisions"}],"predecessor-version":[{"id":855,"href":"https:\/\/wordpress.nibis.de\/portal-interne-evaluation-bbs\/wp-json\/wp\/v2\/pages\/143\/revisions\/855"}],"wp:attachment":[{"href":"https:\/\/wordpress.nibis.de\/portal-interne-evaluation-bbs\/wp-json\/wp\/v2\/media?parent=143"}],"curies":[{"name":"wp","href":"https:\/\/api.w.org\/{rel}","templated":true}]}}