{"id":151,"date":"2024-08-21T15:31:57","date_gmt":"2024-08-21T13:31:57","guid":{"rendered":"https:\/\/wordpress.nibis.de\/portal-interne-evaluation-bbs\/?page_id=151"},"modified":"2026-04-02T12:34:50","modified_gmt":"2026-04-02T10:34:50","slug":"user-innen-importieren","status":"publish","type":"page","link":"https:\/\/wordpress.nibis.de\/portal-interne-evaluation-bbs\/user-innen-importieren\/","title":{"rendered":"User-\/innen importieren"},"content":{"rendered":"\n<p>Damit die Kolleginnen und Kollegen mit den QM-Instrumenten des Arbeitsbereichs-BBS arbeiten k\u00f6nnen m\u00fcssen sie vorher im System angelegt werden. Hierzu k\u00f6nnen Sie alle Kolleginnen und Kollegen mit Hilfe einer CSV-Datei importieren.<\/p>\n\n\n\n<div class=\"wp-block-file\"><a id=\"wp-block-file--media-ed403cf1-9d78-406c-bd80-43fbaed8c544\" href=\"https:\/\/wordpress.nibis.de\/portal-interne-evaluation-bbs\/files\/2026\/04\/Kurzanleitung-Admin-User-importieren.pdf\">Die Kurzanleitung Admin User importieren zum Download<\/a><\/div>\n\n\n\n<p><strong>Hinweis:<\/strong> Sobald Sie die CSV-Tabelle mit den Lehrkr\u00e4ften importiert haben (s. Schritt 5), werden die Zugangsdaten automatisch an die hinterlegten E-Mail-Adressen versendet. Informieren Sie ggf. die Kolleginnen und Kollegen im Vorfeld.<\/p>\n\n\n\n<p>Sie m\u00f6chten die Lehrkr\u00e4fte Ihrer Schule im Arbeitsbereich Ihrer Schule anlegen. Hierzu melden Sie sich als Administrator\/-in an.<\/p>\n\n\n\n<p><strong>Schritt 1:<\/strong> Gehen Sie auf den Punkt \u201eUser verwalten\u201c.<\/p>\n\n\n<div class=\"wp-block-image\">\n<figure class=\"aligncenter size-large is-resized\"><img loading=\"lazy\" decoding=\"async\" width=\"1024\" height=\"531\" src=\"https:\/\/wordpress.nibis.de\/portal-interne-evaluation-bbs\/files\/2026\/04\/image-6-1024x531.png\" alt=\"\" class=\"wp-image-1018\" style=\"width:710px\" srcset=\"https:\/\/wordpress.nibis.de\/portal-interne-evaluation-bbs\/files\/2026\/04\/image-6-1024x531.png 1024w, https:\/\/wordpress.nibis.de\/portal-interne-evaluation-bbs\/files\/2026\/04\/image-6-300x155.png 300w, https:\/\/wordpress.nibis.de\/portal-interne-evaluation-bbs\/files\/2026\/04\/image-6-768x398.png 768w, https:\/\/wordpress.nibis.de\/portal-interne-evaluation-bbs\/files\/2026\/04\/image-6-100x52.png 100w, https:\/\/wordpress.nibis.de\/portal-interne-evaluation-bbs\/files\/2026\/04\/image-6.png 1237w\" sizes=\"auto, (max-width: 1024px) 100vw, 1024px\" \/><\/figure>\n<\/div>\n\n\n<p><strong>Schritt 2:<\/strong> Sie gelangen auf die Oberfl\u00e4che (Dashboard) zur Administration der User\/-innen. Im blauen Bereich finden Sie Hinweise f\u00fcr den Import der Lehrkr\u00e4fte. Gehen Sie zun\u00e4chst auf die Schaltfl\u00e4che \u201eCSV-Import\u201c.<\/p>\n\n\n<div class=\"wp-block-image\">\n<figure class=\"aligncenter size-large is-resized\"><img loading=\"lazy\" decoding=\"async\" width=\"1024\" height=\"297\" src=\"https:\/\/wordpress.nibis.de\/portal-interne-evaluation-bbs\/files\/2026\/04\/5B39DC1B-1A5C-40F8-942A-C44968CE221A-1024x297.png\" alt=\"\" class=\"wp-image-1019\" style=\"width:710px\" srcset=\"https:\/\/wordpress.nibis.de\/portal-interne-evaluation-bbs\/files\/2026\/04\/5B39DC1B-1A5C-40F8-942A-C44968CE221A-1024x297.png 1024w, https:\/\/wordpress.nibis.de\/portal-interne-evaluation-bbs\/files\/2026\/04\/5B39DC1B-1A5C-40F8-942A-C44968CE221A-300x87.png 300w, https:\/\/wordpress.nibis.de\/portal-interne-evaluation-bbs\/files\/2026\/04\/5B39DC1B-1A5C-40F8-942A-C44968CE221A-768x223.png 768w, https:\/\/wordpress.nibis.de\/portal-interne-evaluation-bbs\/files\/2026\/04\/5B39DC1B-1A5C-40F8-942A-C44968CE221A-100x29.png 100w, https:\/\/wordpress.nibis.de\/portal-interne-evaluation-bbs\/files\/2026\/04\/5B39DC1B-1A5C-40F8-942A-C44968CE221A.png 1536w\" sizes=\"auto, (max-width: 1024px) 100vw, 1024px\" \/><\/figure>\n<\/div>\n\n\n<p><strong>Schritt 3:<\/strong> Sie haben die M\u00f6glichkeit die notwendige CSV-Datei f\u00fcr den Import herunterzuladen. Gehen Sie hierzu auf den Link \u201ehier\u201c und die CSV Datei wird heruntergeladen.<\/p>\n\n\n<div class=\"wp-block-image\">\n<figure class=\"aligncenter size-full is-resized\"><img loading=\"lazy\" decoding=\"async\" width=\"700\" height=\"302\" src=\"https:\/\/wordpress.nibis.de\/portal-interne-evaluation-bbs\/files\/2026\/04\/52FF6DF4-32E0-4FAC-84F6-3D7FFD4D468D.png\" alt=\"\" class=\"wp-image-1020\" style=\"width:400px\" srcset=\"https:\/\/wordpress.nibis.de\/portal-interne-evaluation-bbs\/files\/2026\/04\/52FF6DF4-32E0-4FAC-84F6-3D7FFD4D468D.png 700w, https:\/\/wordpress.nibis.de\/portal-interne-evaluation-bbs\/files\/2026\/04\/52FF6DF4-32E0-4FAC-84F6-3D7FFD4D468D-300x129.png 300w, https:\/\/wordpress.nibis.de\/portal-interne-evaluation-bbs\/files\/2026\/04\/52FF6DF4-32E0-4FAC-84F6-3D7FFD4D468D-100x43.png 100w\" sizes=\"auto, (max-width: 700px) 100vw, 700px\" \/><\/figure>\n<\/div>\n\n\n<p><strong>Schritt 4: <\/strong>\u00d6ffnen Sie die CSV-Datei mit einem Tabellenkalkulationsprogramm. Tragen Sie in der ersten Spalte die gew\u00fcnschten Usernamen ein (z. B. mmustermann).<\/p>\n\n\n\n<p>Wenn Sie die Spalte leer lassen, wird der Username (Anmeldename) automatisch aus Nach- und Vornamen gesetzt. Speichern Sie Ihr Ergebnis ab.<\/p>\n\n\n\n<p><strong>Hinweis<\/strong>: Es ist wichtig, dass die K\u00fcrzel der Kolleginnen und Kollegen (Spalte E) eingepflegt werden. Der neue Export aus BBS-Planung sieht vor, dass die Klassenlehrkr\u00e4ftek\u00fcrzel mit exportiert werden. Mittels dieser neuen Funktion kann bei der Sch\u00fclerbefragung (Sch\u00fcBe-BBS) automatisch eine Zuordnung zu den Lerngruppen vorgenommen werden.<\/p>\n\n\n<div class=\"wp-block-image\">\n<figure class=\"aligncenter size-full is-resized\"><img loading=\"lazy\" decoding=\"async\" width=\"826\" height=\"273\" src=\"https:\/\/wordpress.nibis.de\/portal-interne-evaluation-bbs\/files\/2026\/04\/B99C861D-CB1F-42D0-B541-928A47585341.png\" alt=\"\" class=\"wp-image-1022\" style=\"width:710px\" srcset=\"https:\/\/wordpress.nibis.de\/portal-interne-evaluation-bbs\/files\/2026\/04\/B99C861D-CB1F-42D0-B541-928A47585341.png 826w, https:\/\/wordpress.nibis.de\/portal-interne-evaluation-bbs\/files\/2026\/04\/B99C861D-CB1F-42D0-B541-928A47585341-300x99.png 300w, https:\/\/wordpress.nibis.de\/portal-interne-evaluation-bbs\/files\/2026\/04\/B99C861D-CB1F-42D0-B541-928A47585341-768x254.png 768w, https:\/\/wordpress.nibis.de\/portal-interne-evaluation-bbs\/files\/2026\/04\/B99C861D-CB1F-42D0-B541-928A47585341-100x33.png 100w\" sizes=\"auto, (max-width: 826px) 100vw, 826px\" \/><\/figure>\n<\/div>\n\n\n<p><strong>Hinweis:<\/strong> Sollten Sie Funktions-Accounts vergeben (z.B. \u201eFG Deutsch\u201c f\u00fcr die Fachgruppe Deutsch), so tragen Sie \u201eFG\u201c unter Namen und \u201eDeutsch\u201c unter Vornamen ein. Dies hilft sp\u00e4ter, z.B. die Fachgruppen, Abteilungen im System besser aufzufinden.<\/p>\n\n\n\n<p><strong>Schritt 5:<\/strong> Gehen Sie in der Userverwaltung auf die Schaltfl\u00e4che \u201eCSV-Import\u201c. Es \u00f6ffnet sich das bekannte Dialogfenster. Gehen Sie auf die Schaltfl\u00e4che \u201eDatei ausw\u00e4hlen\u201c.<\/p>\n\n\n<div class=\"wp-block-image\">\n<figure class=\"aligncenter size-large is-resized\"><img loading=\"lazy\" decoding=\"async\" width=\"1024\" height=\"422\" src=\"https:\/\/wordpress.nibis.de\/portal-interne-evaluation-bbs\/files\/2026\/04\/68CC71E4-03BB-47C8-BF9B-8FA277892C51-1024x422.png\" alt=\"\" class=\"wp-image-1023\" style=\"width:710px\" srcset=\"https:\/\/wordpress.nibis.de\/portal-interne-evaluation-bbs\/files\/2026\/04\/68CC71E4-03BB-47C8-BF9B-8FA277892C51-1024x422.png 1024w, https:\/\/wordpress.nibis.de\/portal-interne-evaluation-bbs\/files\/2026\/04\/68CC71E4-03BB-47C8-BF9B-8FA277892C51-300x124.png 300w, https:\/\/wordpress.nibis.de\/portal-interne-evaluation-bbs\/files\/2026\/04\/68CC71E4-03BB-47C8-BF9B-8FA277892C51-768x317.png 768w, https:\/\/wordpress.nibis.de\/portal-interne-evaluation-bbs\/files\/2026\/04\/68CC71E4-03BB-47C8-BF9B-8FA277892C51-100x41.png 100w, https:\/\/wordpress.nibis.de\/portal-interne-evaluation-bbs\/files\/2026\/04\/68CC71E4-03BB-47C8-BF9B-8FA277892C51.png 1048w\" sizes=\"auto, (max-width: 1024px) 100vw, 1024px\" \/><\/figure>\n<\/div>\n\n\n<p><strong>Schritt 6:<\/strong> Es \u00f6ffnet sich ein Dialogfenster zur Dateiauswahl. Gehen Sie in das Verzeichnis &#8211; in dem sich die CSV-Datei befindet &#8211; ein und w\u00e4hlen Sie die Datei aus, die Sie nutzen m\u00f6chten.<\/p>\n\n\n<div class=\"wp-block-image\">\n<figure class=\"aligncenter size-full is-resized\"><img loading=\"lazy\" decoding=\"async\" width=\"502\" height=\"316\" src=\"https:\/\/wordpress.nibis.de\/portal-interne-evaluation-bbs\/files\/2026\/04\/image-7.png\" alt=\"\" class=\"wp-image-1025\" style=\"width:600px\" srcset=\"https:\/\/wordpress.nibis.de\/portal-interne-evaluation-bbs\/files\/2026\/04\/image-7.png 502w, https:\/\/wordpress.nibis.de\/portal-interne-evaluation-bbs\/files\/2026\/04\/image-7-300x189.png 300w, https:\/\/wordpress.nibis.de\/portal-interne-evaluation-bbs\/files\/2026\/04\/image-7-100x63.png 100w\" sizes=\"auto, (max-width: 502px) 100vw, 502px\" \/><\/figure>\n<\/div>\n\n\n<p><strong>Schritt 7: <\/strong>In dem Dialogfenster m\u00fcssen Sie jetzt angeben, ob die User\/-innen Namen in der ersten Spalte angegeben wurden oder ob sie vom System erstellt werden sollen. Sie best\u00e4tigen Ihre Auswahl mit einem Klick auf die Schaltfl\u00e4che \u201eImportieren\u201c und starten damit den Import.<\/p>\n\n\n\n<p><strong>Hinweis<\/strong><strong><em>: <\/em><\/strong>Sollten Sie in der <strong>ersten Spalte<\/strong> unter \u201e<strong>ID<\/strong>\u201c einen <strong>individuellen Anmeldenamen vergeben<\/strong> haben (z.B. mmustermann), so <strong>muss<\/strong> der <strong>Haken gesetzt<\/strong> werden.&nbsp; Ansonsten wird der Anmeldename aus Nach- und Vornamen zusammengesetzt (z.B. MustermannMaria).<strong><em><\/em><\/strong><\/p>\n\n\n<div class=\"wp-block-image\">\n<figure class=\"aligncenter size-full is-resized\"><img loading=\"lazy\" decoding=\"async\" width=\"986\" height=\"495\" src=\"https:\/\/wordpress.nibis.de\/portal-interne-evaluation-bbs\/files\/2026\/04\/1A0DC68D-116D-4784-87F3-D11DE4EF945E.png\" alt=\"\" class=\"wp-image-1026\" style=\"width:600px\" srcset=\"https:\/\/wordpress.nibis.de\/portal-interne-evaluation-bbs\/files\/2026\/04\/1A0DC68D-116D-4784-87F3-D11DE4EF945E.png 986w, https:\/\/wordpress.nibis.de\/portal-interne-evaluation-bbs\/files\/2026\/04\/1A0DC68D-116D-4784-87F3-D11DE4EF945E-300x151.png 300w, https:\/\/wordpress.nibis.de\/portal-interne-evaluation-bbs\/files\/2026\/04\/1A0DC68D-116D-4784-87F3-D11DE4EF945E-768x386.png 768w, https:\/\/wordpress.nibis.de\/portal-interne-evaluation-bbs\/files\/2026\/04\/1A0DC68D-116D-4784-87F3-D11DE4EF945E-100x50.png 100w\" sizes=\"auto, (max-width: 986px) 100vw, 986px\" \/><\/figure>\n<\/div>\n\n\n<p><strong>Schritt 8: <\/strong>Sie erhalten eine R\u00fcckmeldung \u00fcber den erfolgreichen Import.<\/p>\n\n\n<div class=\"wp-block-image\">\n<figure class=\"aligncenter size-full is-resized\"><img loading=\"lazy\" decoding=\"async\" width=\"667\" height=\"318\" src=\"https:\/\/wordpress.nibis.de\/portal-interne-evaluation-bbs\/files\/2026\/04\/58C06AF3-CF60-4D8D-9D24-4AF9EBE18943.png\" alt=\"\" class=\"wp-image-1027\" style=\"width:600px\" srcset=\"https:\/\/wordpress.nibis.de\/portal-interne-evaluation-bbs\/files\/2026\/04\/58C06AF3-CF60-4D8D-9D24-4AF9EBE18943.png 667w, https:\/\/wordpress.nibis.de\/portal-interne-evaluation-bbs\/files\/2026\/04\/58C06AF3-CF60-4D8D-9D24-4AF9EBE18943-300x143.png 300w, https:\/\/wordpress.nibis.de\/portal-interne-evaluation-bbs\/files\/2026\/04\/58C06AF3-CF60-4D8D-9D24-4AF9EBE18943-100x48.png 100w\" sizes=\"auto, (max-width: 667px) 100vw, 667px\" \/><\/figure>\n<\/div>\n\n\n<p><strong>Schritt 9: <\/strong>Die \u00dcbersicht enth\u00e4lt jetzt die Importierten Lehrkr\u00e4fte. Sie haben jetzt die M\u00f6glichkeit die User\/-innen mit einem Klick auf das \u201eStift-Symbol\u201c zu bearbeiten oder mit einem Klick auf den \u201eM\u00fclleimer\u201c zu l\u00f6schen.<\/p>\n\n\n<div class=\"wp-block-image\">\n<figure class=\"aligncenter size-full is-resized\"><img loading=\"lazy\" decoding=\"async\" width=\"798\" height=\"265\" src=\"https:\/\/wordpress.nibis.de\/portal-interne-evaluation-bbs\/files\/2026\/04\/image-8.png\" alt=\"\" class=\"wp-image-1029\" style=\"width:710px\" srcset=\"https:\/\/wordpress.nibis.de\/portal-interne-evaluation-bbs\/files\/2026\/04\/image-8.png 798w, https:\/\/wordpress.nibis.de\/portal-interne-evaluation-bbs\/files\/2026\/04\/image-8-300x100.png 300w, https:\/\/wordpress.nibis.de\/portal-interne-evaluation-bbs\/files\/2026\/04\/image-8-768x255.png 768w, https:\/\/wordpress.nibis.de\/portal-interne-evaluation-bbs\/files\/2026\/04\/image-8-100x33.png 100w\" sizes=\"auto, (max-width: 798px) 100vw, 798px\" \/><\/figure>\n<\/div>","protected":false},"excerpt":{"rendered":"<p>Damit die Kolleginnen und Kollegen mit den QM-Instrumenten des Arbeitsbereichs-BBS arbeiten k\u00f6nnen m\u00fcssen sie vorher im System angelegt werden. Hierzu k\u00f6nnen Sie alle Kolleginnen und Kollegen mit Hilfe einer CSV-Datei importieren. Hinweis: Sobald Sie die CSV-Tabelle mit den Lehrkr\u00e4ften importiert haben (s. Schritt 5), werden die Zugangsdaten automatisch an die hinterlegten E-Mail-Adressen versendet. Informieren Sie &hellip; <a href=\"https:\/\/wordpress.nibis.de\/portal-interne-evaluation-bbs\/user-innen-importieren\/\" class=\"more-link\"><span class=\"screen-reader-text\">User-\/innen importieren<\/span> weiterlesen <span class=\"meta-nav\">&rarr;<\/span><\/a><\/p>\n","protected":false},"author":9194395,"featured_media":0,"parent":0,"menu_order":0,"comment_status":"closed","ping_status":"closed","template":"","meta":{"footnotes":""},"class_list":["post-151","page","type-page","status-publish","hentry"],"_links":{"self":[{"href":"https:\/\/wordpress.nibis.de\/portal-interne-evaluation-bbs\/wp-json\/wp\/v2\/pages\/151","targetHints":{"allow":["GET"]}}],"collection":[{"href":"https:\/\/wordpress.nibis.de\/portal-interne-evaluation-bbs\/wp-json\/wp\/v2\/pages"}],"about":[{"href":"https:\/\/wordpress.nibis.de\/portal-interne-evaluation-bbs\/wp-json\/wp\/v2\/types\/page"}],"author":[{"embeddable":true,"href":"https:\/\/wordpress.nibis.de\/portal-interne-evaluation-bbs\/wp-json\/wp\/v2\/users\/9194395"}],"replies":[{"embeddable":true,"href":"https:\/\/wordpress.nibis.de\/portal-interne-evaluation-bbs\/wp-json\/wp\/v2\/comments?post=151"}],"version-history":[{"count":9,"href":"https:\/\/wordpress.nibis.de\/portal-interne-evaluation-bbs\/wp-json\/wp\/v2\/pages\/151\/revisions"}],"predecessor-version":[{"id":1032,"href":"https:\/\/wordpress.nibis.de\/portal-interne-evaluation-bbs\/wp-json\/wp\/v2\/pages\/151\/revisions\/1032"}],"wp:attachment":[{"href":"https:\/\/wordpress.nibis.de\/portal-interne-evaluation-bbs\/wp-json\/wp\/v2\/media?parent=151"}],"curies":[{"name":"wp","href":"https:\/\/api.w.org\/{rel}","templated":true}]}}