{"id":208,"date":"2024-09-16T07:01:09","date_gmt":"2024-09-16T05:01:09","guid":{"rendered":"https:\/\/wordpress.nibis.de\/portal-interne-evaluation-bbs\/?page_id=208"},"modified":"2026-03-30T15:17:17","modified_gmt":"2026-03-30T13:17:17","slug":"lebe-bbs-befragungen-anlegen","status":"publish","type":"page","link":"https:\/\/wordpress.nibis.de\/portal-interne-evaluation-bbs\/lebe-bbs-befragungen-anlegen\/","title":{"rendered":"LeBe-BBS Befragungen anlegen"},"content":{"rendered":"\n<p>Nachdem Sie die Befragungsgruppen f\u00fcr Ihre Schule angelegt haben, m\u00fcssen Sie die Befragung anlegen, hierzu vergeben Sie einen Namen, ordnen die Befragungsgruppen zu, legen die Qualit\u00e4tsbereiche des KAM-BBS fest und k\u00f6nnen noch zus\u00e4tzliche Fragen eintragen, die alle Lehrkr\u00e4fte der berufsbildenden Schule betreffen.<\/p>\n\n\n\n<div class=\"wp-block-file\"><a id=\"wp-block-file--media-359d5868-61ce-4aba-aa7d-9d8c08717e95\" href=\"https:\/\/wordpress.nibis.de\/portal-interne-evaluation-bbs\/files\/2026\/03\/Kurzanleitung-LeBe_Befragung-anlegen.pdf\">Die Kurzanleitung LeBe-BBS Befragung anlegen zum Download<\/a><\/div>\n\n\n\n<p><\/p>\n\n\n\n<p>Wenn Befragungsgruppen angelegt wurden, m\u00fcssen unter dem Men\u00fcpunkt \u201eLeBe erstellen\u201c weitere Einstellungen\/Angaben f\u00fcr die Befragung vorgenommen werden.<\/p>\n\n\n<div class=\"wp-block-image\">\n<figure class=\"aligncenter size-full\"><img loading=\"lazy\" decoding=\"async\" width=\"183\" height=\"118\" src=\"https:\/\/wordpress.nibis.de\/portal-interne-evaluation-bbs\/files\/2026\/03\/LeBe-BBS-anlegen-1.png\" alt=\"\" class=\"wp-image-580\" srcset=\"https:\/\/wordpress.nibis.de\/portal-interne-evaluation-bbs\/files\/2026\/03\/LeBe-BBS-anlegen-1.png 183w, https:\/\/wordpress.nibis.de\/portal-interne-evaluation-bbs\/files\/2026\/03\/LeBe-BBS-anlegen-1-100x64.png 100w\" sizes=\"auto, (max-width: 183px) 100vw, 183px\" \/><\/figure>\n<\/div>\n\n\n<p><strong>Schritt 1:<\/strong> Geben Sie den Namen der Befragung ein.<\/p>\n\n\n<div class=\"wp-block-image\">\n<figure class=\"aligncenter size-large is-resized\"><img loading=\"lazy\" decoding=\"async\" width=\"1024\" height=\"318\" src=\"https:\/\/wordpress.nibis.de\/portal-interne-evaluation-bbs\/files\/2026\/03\/LeBe-BBS-anlegen-2-1024x318.png\" alt=\"\" class=\"wp-image-581\" style=\"width:710px\" srcset=\"https:\/\/wordpress.nibis.de\/portal-interne-evaluation-bbs\/files\/2026\/03\/LeBe-BBS-anlegen-2-1024x318.png 1024w, https:\/\/wordpress.nibis.de\/portal-interne-evaluation-bbs\/files\/2026\/03\/LeBe-BBS-anlegen-2-300x93.png 300w, https:\/\/wordpress.nibis.de\/portal-interne-evaluation-bbs\/files\/2026\/03\/LeBe-BBS-anlegen-2-768x238.png 768w, https:\/\/wordpress.nibis.de\/portal-interne-evaluation-bbs\/files\/2026\/03\/LeBe-BBS-anlegen-2-100x31.png 100w, https:\/\/wordpress.nibis.de\/portal-interne-evaluation-bbs\/files\/2026\/03\/LeBe-BBS-anlegen-2.png 1367w\" sizes=\"auto, (max-width: 1024px) 100vw, 1024px\" \/><\/figure>\n<\/div>\n\n\n<p><strong>Schritt 2:<\/strong> W\u00e4hlen Sie die gew\u00fcnschten Qualit\u00e4tsbereiche aus. Der Qualit\u00e4tsbereich B \u201eBildungsangebote gestalten\u201c ist immer gesetzt und kann nicht abgew\u00e4hlt werden, da es sich um den Bereich Unterrichtsentwicklung handelt.<\/p>\n\n\n<div class=\"wp-block-image\">\n<figure class=\"aligncenter size-large is-resized\"><img loading=\"lazy\" decoding=\"async\" width=\"1024\" height=\"294\" src=\"https:\/\/wordpress.nibis.de\/portal-interne-evaluation-bbs\/files\/2026\/03\/LeBe-BBS-anlegen-3-1024x294.png\" alt=\"\" class=\"wp-image-582\" style=\"width:710px\" srcset=\"https:\/\/wordpress.nibis.de\/portal-interne-evaluation-bbs\/files\/2026\/03\/LeBe-BBS-anlegen-3-1024x294.png 1024w, https:\/\/wordpress.nibis.de\/portal-interne-evaluation-bbs\/files\/2026\/03\/LeBe-BBS-anlegen-3-300x86.png 300w, https:\/\/wordpress.nibis.de\/portal-interne-evaluation-bbs\/files\/2026\/03\/LeBe-BBS-anlegen-3-768x220.png 768w, https:\/\/wordpress.nibis.de\/portal-interne-evaluation-bbs\/files\/2026\/03\/LeBe-BBS-anlegen-3-100x29.png 100w, https:\/\/wordpress.nibis.de\/portal-interne-evaluation-bbs\/files\/2026\/03\/LeBe-BBS-anlegen-3.png 1057w\" sizes=\"auto, (max-width: 1024px) 100vw, 1024px\" \/><\/figure>\n<\/div>\n\n\n<p><strong>Schritt 3:<\/strong> Mit einem Klick auf \u201eFragen hinzuf\u00fcgen\u201c \u00f6ffnet sich das Textfeld. Geben Sie ggf. unter \u201eOptionale Fragen<strong>\u201c bis zu sieben schuleigene<\/strong> Fragen ein.<\/p>\n\n\n<div class=\"wp-block-image\">\n<figure class=\"aligncenter size-large is-resized\"><img loading=\"lazy\" decoding=\"async\" width=\"1024\" height=\"156\" src=\"https:\/\/wordpress.nibis.de\/portal-interne-evaluation-bbs\/files\/2026\/03\/LeBe-BBS-anlegen-4-1024x156.png\" alt=\"\" class=\"wp-image-583\" style=\"width:710px\" srcset=\"https:\/\/wordpress.nibis.de\/portal-interne-evaluation-bbs\/files\/2026\/03\/LeBe-BBS-anlegen-4-1024x156.png 1024w, https:\/\/wordpress.nibis.de\/portal-interne-evaluation-bbs\/files\/2026\/03\/LeBe-BBS-anlegen-4-300x46.png 300w, https:\/\/wordpress.nibis.de\/portal-interne-evaluation-bbs\/files\/2026\/03\/LeBe-BBS-anlegen-4-768x117.png 768w, https:\/\/wordpress.nibis.de\/portal-interne-evaluation-bbs\/files\/2026\/03\/LeBe-BBS-anlegen-4-100x15.png 100w, https:\/\/wordpress.nibis.de\/portal-interne-evaluation-bbs\/files\/2026\/03\/LeBe-BBS-anlegen-4.png 1098w\" sizes=\"auto, (max-width: 1024px) 100vw, 1024px\" \/><\/figure>\n<\/div>\n\n\n<p><strong>Hinweis:<\/strong><strong> <\/strong>Mit einem Kick auf das M\u00fclleimer-Symbol kann die Frage ggf. wieder gel\u00f6scht werden.<\/p>\n\n\n\n<p>Abschlie\u00dfend m\u00fcssen die Befragungsgruppen zugeordnet und die Eintragungen mit \u201eSpeichern\u201c best\u00e4tigt werden.<\/p>\n\n\n\n<p><strong>Schritt 4: <\/strong>W\u00e4hlen Sie unter Befragungsgruppen die Gruppen von Lehrkr\u00e4ften aus, die befragt werden sollen.<\/p>\n\n\n<div class=\"wp-block-image\">\n<figure class=\"aligncenter size-large is-resized\"><img loading=\"lazy\" decoding=\"async\" width=\"1024\" height=\"197\" src=\"https:\/\/wordpress.nibis.de\/portal-interne-evaluation-bbs\/files\/2026\/03\/LeBe-BBS-anlegen-5-1024x197.png\" alt=\"\" class=\"wp-image-584\" style=\"width:708px\" srcset=\"https:\/\/wordpress.nibis.de\/portal-interne-evaluation-bbs\/files\/2026\/03\/LeBe-BBS-anlegen-5-1024x197.png 1024w, https:\/\/wordpress.nibis.de\/portal-interne-evaluation-bbs\/files\/2026\/03\/LeBe-BBS-anlegen-5-300x58.png 300w, https:\/\/wordpress.nibis.de\/portal-interne-evaluation-bbs\/files\/2026\/03\/LeBe-BBS-anlegen-5-768x148.png 768w, https:\/\/wordpress.nibis.de\/portal-interne-evaluation-bbs\/files\/2026\/03\/LeBe-BBS-anlegen-5-100x19.png 100w, https:\/\/wordpress.nibis.de\/portal-interne-evaluation-bbs\/files\/2026\/03\/LeBe-BBS-anlegen-5.png 1166w\" sizes=\"auto, (max-width: 1024px) 100vw, 1024px\" \/><\/figure>\n<\/div>\n\n\n<p><strong>Schritt 5:<\/strong> Best\u00e4tigen Sie Ihre Angaben mit einem Klick auf \u201eSpeichern\u201c.<\/p>\n\n\n<div class=\"wp-block-image\">\n<figure class=\"aligncenter size-full is-resized\"><img loading=\"lazy\" decoding=\"async\" width=\"968\" height=\"201\" src=\"https:\/\/wordpress.nibis.de\/portal-interne-evaluation-bbs\/files\/2026\/03\/LeBe-BBS-anlegen-6.png\" alt=\"\" class=\"wp-image-585\" style=\"width:710px\" srcset=\"https:\/\/wordpress.nibis.de\/portal-interne-evaluation-bbs\/files\/2026\/03\/LeBe-BBS-anlegen-6.png 968w, https:\/\/wordpress.nibis.de\/portal-interne-evaluation-bbs\/files\/2026\/03\/LeBe-BBS-anlegen-6-300x62.png 300w, https:\/\/wordpress.nibis.de\/portal-interne-evaluation-bbs\/files\/2026\/03\/LeBe-BBS-anlegen-6-768x159.png 768w, https:\/\/wordpress.nibis.de\/portal-interne-evaluation-bbs\/files\/2026\/03\/LeBe-BBS-anlegen-6-100x21.png 100w\" sizes=\"auto, (max-width: 968px) 100vw, 968px\" \/><\/figure>\n<\/div>\n\n\n<p>Nach erfolgter Speicherung der Eingaben erfolgt eine R\u00fcckmeldung des Systems.<\/p>\n\n\n<div class=\"wp-block-image\">\n<figure class=\"aligncenter size-full\"><img loading=\"lazy\" decoding=\"async\" width=\"489\" height=\"181\" src=\"https:\/\/wordpress.nibis.de\/portal-interne-evaluation-bbs\/files\/2026\/03\/LeBe-BBS-anlegen-7.png\" alt=\"\" class=\"wp-image-586\" srcset=\"https:\/\/wordpress.nibis.de\/portal-interne-evaluation-bbs\/files\/2026\/03\/LeBe-BBS-anlegen-7.png 489w, https:\/\/wordpress.nibis.de\/portal-interne-evaluation-bbs\/files\/2026\/03\/LeBe-BBS-anlegen-7-300x111.png 300w, https:\/\/wordpress.nibis.de\/portal-interne-evaluation-bbs\/files\/2026\/03\/LeBe-BBS-anlegen-7-100x37.png 100w\" sizes=\"auto, (max-width: 489px) 100vw, 489px\" \/><\/figure>\n<\/div>","protected":false},"excerpt":{"rendered":"<p>Nachdem Sie die Befragungsgruppen f\u00fcr Ihre Schule angelegt haben, m\u00fcssen Sie die Befragung anlegen, hierzu vergeben Sie einen Namen, ordnen die Befragungsgruppen zu, legen die Qualit\u00e4tsbereiche des KAM-BBS fest und k\u00f6nnen noch zus\u00e4tzliche Fragen eintragen, die alle Lehrkr\u00e4fte der berufsbildenden Schule betreffen. Wenn Befragungsgruppen angelegt wurden, m\u00fcssen unter dem Men\u00fcpunkt \u201eLeBe erstellen\u201c weitere Einstellungen\/Angaben f\u00fcr &hellip; <a href=\"https:\/\/wordpress.nibis.de\/portal-interne-evaluation-bbs\/lebe-bbs-befragungen-anlegen\/\" class=\"more-link\"><span class=\"screen-reader-text\">LeBe-BBS Befragungen anlegen<\/span> weiterlesen <span class=\"meta-nav\">&rarr;<\/span><\/a><\/p>\n","protected":false},"author":9194395,"featured_media":0,"parent":0,"menu_order":0,"comment_status":"closed","ping_status":"closed","template":"","meta":{"footnotes":""},"class_list":["post-208","page","type-page","status-publish","hentry"],"_links":{"self":[{"href":"https:\/\/wordpress.nibis.de\/portal-interne-evaluation-bbs\/wp-json\/wp\/v2\/pages\/208","targetHints":{"allow":["GET"]}}],"collection":[{"href":"https:\/\/wordpress.nibis.de\/portal-interne-evaluation-bbs\/wp-json\/wp\/v2\/pages"}],"about":[{"href":"https:\/\/wordpress.nibis.de\/portal-interne-evaluation-bbs\/wp-json\/wp\/v2\/types\/page"}],"author":[{"embeddable":true,"href":"https:\/\/wordpress.nibis.de\/portal-interne-evaluation-bbs\/wp-json\/wp\/v2\/users\/9194395"}],"replies":[{"embeddable":true,"href":"https:\/\/wordpress.nibis.de\/portal-interne-evaluation-bbs\/wp-json\/wp\/v2\/comments?post=208"}],"version-history":[{"count":8,"href":"https:\/\/wordpress.nibis.de\/portal-interne-evaluation-bbs\/wp-json\/wp\/v2\/pages\/208\/revisions"}],"predecessor-version":[{"id":865,"href":"https:\/\/wordpress.nibis.de\/portal-interne-evaluation-bbs\/wp-json\/wp\/v2\/pages\/208\/revisions\/865"}],"wp:attachment":[{"href":"https:\/\/wordpress.nibis.de\/portal-interne-evaluation-bbs\/wp-json\/wp\/v2\/media?parent=208"}],"curies":[{"name":"wp","href":"https:\/\/api.w.org\/{rel}","templated":true}]}}