{"id":214,"date":"2024-09-16T07:10:12","date_gmt":"2024-09-16T05:10:12","guid":{"rendered":"https:\/\/wordpress.nibis.de\/portal-interne-evaluation-bbs\/?page_id=214"},"modified":"2026-03-30T15:18:04","modified_gmt":"2026-03-30T13:18:04","slug":"lebe-bbs-befragung-freigeben","status":"publish","type":"page","link":"https:\/\/wordpress.nibis.de\/portal-interne-evaluation-bbs\/lebe-bbs-befragung-freigeben\/","title":{"rendered":"LeBe-BBS Befragung freigeben"},"content":{"rendered":"\n<p>Nachdem die Befragung erstellt wurde, wird dies durch die Administration zur Kontrolle der Befragungsgruppen f\u00fcr die Befragungsgruppenleitungen freigegeben.<\/p>\n\n\n\n<div class=\"wp-block-file\"><a id=\"wp-block-file--media-a2338069-fd22-4ae2-a721-a1e97bfa82dd\" href=\"https:\/\/wordpress.nibis.de\/portal-interne-evaluation-bbs\/files\/2026\/03\/Kurzanleitung-LeBe_Befragung-freigeben.pdf\">Die Kurzanleitung LeBe-BBS Befragung freigeben zum Download<\/a><\/div>\n\n\n\n<p>Unter dem Men\u00fcpunkt \u201eLeBe-Status\u201c k\u00f6nnen Sie einsehen, ob eine Befragung:<\/p>\n\n\n\n<ol class=\"wp-block-list\">\n<li><strong>neu<\/strong> angelegt und noch nicht an die Gruppenleitungen freigegeben wurde,<\/li>\n\n\n\n<li><strong>aktiv<\/strong> ist, d. h., durch die Gruppenleitung best\u00e4tigt und an die Lehrkr\u00e4fte zur Einsch\u00e4tzung freigegeben wurde oder<\/li>\n\n\n\n<li><strong>beendet<\/strong> wurde und somit keine Einsch\u00e4tzungen durch die Lehrkr\u00e4fte m\u00f6glich sind.<\/li>\n<\/ol>\n\n\n<div class=\"wp-block-image\">\n<figure class=\"aligncenter size-full is-resized\"><img loading=\"lazy\" decoding=\"async\" width=\"1004\" height=\"74\" src=\"https:\/\/wordpress.nibis.de\/portal-interne-evaluation-bbs\/files\/2026\/03\/LeBe_Befragung-freigeben-1.png\" alt=\"\" class=\"wp-image-604\" style=\"width:710px\" srcset=\"https:\/\/wordpress.nibis.de\/portal-interne-evaluation-bbs\/files\/2026\/03\/LeBe_Befragung-freigeben-1.png 1004w, https:\/\/wordpress.nibis.de\/portal-interne-evaluation-bbs\/files\/2026\/03\/LeBe_Befragung-freigeben-1-300x22.png 300w, https:\/\/wordpress.nibis.de\/portal-interne-evaluation-bbs\/files\/2026\/03\/LeBe_Befragung-freigeben-1-768x57.png 768w, https:\/\/wordpress.nibis.de\/portal-interne-evaluation-bbs\/files\/2026\/03\/LeBe_Befragung-freigeben-1-100x7.png 100w\" sizes=\"auto, (max-width: 1004px) 100vw, 1004px\" \/><\/figure>\n<\/div>\n\n<div class=\"wp-block-image\">\n<figure class=\"aligncenter size-full is-resized\"><img loading=\"lazy\" decoding=\"async\" width=\"1004\" height=\"73\" src=\"https:\/\/wordpress.nibis.de\/portal-interne-evaluation-bbs\/files\/2026\/03\/LeBe_Befragung-freigeben-2.png\" alt=\"\" class=\"wp-image-605\" style=\"width:710px\" srcset=\"https:\/\/wordpress.nibis.de\/portal-interne-evaluation-bbs\/files\/2026\/03\/LeBe_Befragung-freigeben-2.png 1004w, https:\/\/wordpress.nibis.de\/portal-interne-evaluation-bbs\/files\/2026\/03\/LeBe_Befragung-freigeben-2-300x22.png 300w, https:\/\/wordpress.nibis.de\/portal-interne-evaluation-bbs\/files\/2026\/03\/LeBe_Befragung-freigeben-2-768x56.png 768w, https:\/\/wordpress.nibis.de\/portal-interne-evaluation-bbs\/files\/2026\/03\/LeBe_Befragung-freigeben-2-100x7.png 100w\" sizes=\"auto, (max-width: 1004px) 100vw, 1004px\" \/><\/figure>\n<\/div>\n\n<div class=\"wp-block-image\">\n<figure class=\"aligncenter size-full is-resized\"><img loading=\"lazy\" decoding=\"async\" width=\"1004\" height=\"73\" src=\"https:\/\/wordpress.nibis.de\/portal-interne-evaluation-bbs\/files\/2026\/03\/LeBe_Befragung-freigeben-3.png\" alt=\"\" class=\"wp-image-606\" style=\"width:710px\" srcset=\"https:\/\/wordpress.nibis.de\/portal-interne-evaluation-bbs\/files\/2026\/03\/LeBe_Befragung-freigeben-3.png 1004w, https:\/\/wordpress.nibis.de\/portal-interne-evaluation-bbs\/files\/2026\/03\/LeBe_Befragung-freigeben-3-300x22.png 300w, https:\/\/wordpress.nibis.de\/portal-interne-evaluation-bbs\/files\/2026\/03\/LeBe_Befragung-freigeben-3-768x56.png 768w, https:\/\/wordpress.nibis.de\/portal-interne-evaluation-bbs\/files\/2026\/03\/LeBe_Befragung-freigeben-3-100x7.png 100w\" sizes=\"auto, (max-width: 1004px) 100vw, 1004px\" \/><\/figure>\n<\/div>\n\n\n<p>LeBe-BBS an die Befragungsgruppenleitungen freigeben<\/p>\n\n\n\n<p><strong><em>Tipp:&nbsp;&nbsp;&nbsp;&nbsp; Wenn nur eine Befragung f\u00fcr das Gesamtkollegium angelegt wurde, so entf\u00e4llt die Freigabe an die Befragungsgruppenleitungen und die Befragung kann jederzeit durch die Administration gestartet werden.<\/em><\/strong><\/p>\n\n\n\n<p>Nachdem die Befragung angelegt und die Befragungsgruppen zugeordnet wurden, muss die Befragung an die zugeordneten Befragungsgruppenleitungen zur weiteren Befragung freigegeben werden. Erst dann k\u00f6nnen die Leitungen der Befragungsgruppen die Vollst\u00e4ndigkeit ihrer Gruppen \u00fcberpr\u00fcfen. Hierzu m\u00fcssen sich die Gruppenleitungen anmelden, den Men\u00fcpunkt \u201eLeBe-BBS\u201c ausw\u00e4hlen und die Zuordnung der Gruppenmitglieder best\u00e4tigen.<\/p>\n\n\n\n<p><strong>Schritt 1:<\/strong> Unter dem Men\u00fcpunkt \u201eLeBe-BBS Status\u201c ist die Befragung auszuw\u00e4hlen und wird mittels \u201eFreigeben\u201c f\u00fcr die Befragungsgruppenleitungen zur \u00dcberpr\u00fcfung sichtbar.<\/p>\n\n\n<div class=\"wp-block-image\">\n<figure class=\"aligncenter size-large is-resized\"><img loading=\"lazy\" decoding=\"async\" width=\"1024\" height=\"430\" src=\"https:\/\/wordpress.nibis.de\/portal-interne-evaluation-bbs\/files\/2026\/03\/LeBe_Befragung-freigeben-4-1024x430.png\" alt=\"\" class=\"wp-image-607\" style=\"width:710px\" srcset=\"https:\/\/wordpress.nibis.de\/portal-interne-evaluation-bbs\/files\/2026\/03\/LeBe_Befragung-freigeben-4-1024x430.png 1024w, https:\/\/wordpress.nibis.de\/portal-interne-evaluation-bbs\/files\/2026\/03\/LeBe_Befragung-freigeben-4-300x126.png 300w, https:\/\/wordpress.nibis.de\/portal-interne-evaluation-bbs\/files\/2026\/03\/LeBe_Befragung-freigeben-4-768x323.png 768w, https:\/\/wordpress.nibis.de\/portal-interne-evaluation-bbs\/files\/2026\/03\/LeBe_Befragung-freigeben-4-100x42.png 100w, https:\/\/wordpress.nibis.de\/portal-interne-evaluation-bbs\/files\/2026\/03\/LeBe_Befragung-freigeben-4.png 1319w\" sizes=\"auto, (max-width: 1024px) 100vw, 1024px\" \/><\/figure>\n<\/div>\n\n\n<p>Im Anschluss wird an die hinterlegte E-Mail-Adresse eine Information \u00fcber die Freigabe an die Gruppenleitungen versandt.<\/p>\n\n\n\n<p><strong><em>Status einsehen und Erinnerung senden<\/em><\/strong><\/p>\n\n\n\n<p>Sollten die Befragungsgruppenleitungen die Befragung freigegeben haben, kann dieses im Statusbericht eingesehen werden.<\/p>\n\n\n\n<p>In diesem Beispiel hat die Abteilungsleitung 1 best\u00e4tigt, w\u00e4hrend die Abteilungsleitung 2 noch keine R\u00fcckmeldung gegeben hat. An letztere kann nun eine Erinnerungs-E-Mail versendet werden, um die Befragung fristgereicht durch die Administration starten zu k\u00f6nnen.<\/p>\n\n\n<div class=\"wp-block-image\">\n<figure class=\"aligncenter size-full is-resized\"><img loading=\"lazy\" decoding=\"async\" width=\"1004\" height=\"211\" src=\"https:\/\/wordpress.nibis.de\/portal-interne-evaluation-bbs\/files\/2026\/03\/LeBe_Befragung-freigeben-5.png\" alt=\"\" class=\"wp-image-608\" style=\"width:710px\" srcset=\"https:\/\/wordpress.nibis.de\/portal-interne-evaluation-bbs\/files\/2026\/03\/LeBe_Befragung-freigeben-5.png 1004w, https:\/\/wordpress.nibis.de\/portal-interne-evaluation-bbs\/files\/2026\/03\/LeBe_Befragung-freigeben-5-300x63.png 300w, https:\/\/wordpress.nibis.de\/portal-interne-evaluation-bbs\/files\/2026\/03\/LeBe_Befragung-freigeben-5-768x161.png 768w, https:\/\/wordpress.nibis.de\/portal-interne-evaluation-bbs\/files\/2026\/03\/LeBe_Befragung-freigeben-5-100x21.png 100w\" sizes=\"auto, (max-width: 1004px) 100vw, 1004px\" \/><\/figure>\n<\/div>","protected":false},"excerpt":{"rendered":"<p>Nachdem die Befragung erstellt wurde, wird dies durch die Administration zur Kontrolle der Befragungsgruppen f\u00fcr die Befragungsgruppenleitungen freigegeben. Unter dem Men\u00fcpunkt \u201eLeBe-Status\u201c k\u00f6nnen Sie einsehen, ob eine Befragung: LeBe-BBS an die Befragungsgruppenleitungen freigeben Tipp:&nbsp;&nbsp;&nbsp;&nbsp; Wenn nur eine Befragung f\u00fcr das Gesamtkollegium angelegt wurde, so entf\u00e4llt die Freigabe an die Befragungsgruppenleitungen und die Befragung kann jederzeit &hellip; <a href=\"https:\/\/wordpress.nibis.de\/portal-interne-evaluation-bbs\/lebe-bbs-befragung-freigeben\/\" class=\"more-link\"><span class=\"screen-reader-text\">LeBe-BBS Befragung freigeben<\/span> weiterlesen <span class=\"meta-nav\">&rarr;<\/span><\/a><\/p>\n","protected":false},"author":9194395,"featured_media":0,"parent":0,"menu_order":0,"comment_status":"closed","ping_status":"closed","template":"","meta":{"footnotes":""},"class_list":["post-214","page","type-page","status-publish","hentry"],"_links":{"self":[{"href":"https:\/\/wordpress.nibis.de\/portal-interne-evaluation-bbs\/wp-json\/wp\/v2\/pages\/214","targetHints":{"allow":["GET"]}}],"collection":[{"href":"https:\/\/wordpress.nibis.de\/portal-interne-evaluation-bbs\/wp-json\/wp\/v2\/pages"}],"about":[{"href":"https:\/\/wordpress.nibis.de\/portal-interne-evaluation-bbs\/wp-json\/wp\/v2\/types\/page"}],"author":[{"embeddable":true,"href":"https:\/\/wordpress.nibis.de\/portal-interne-evaluation-bbs\/wp-json\/wp\/v2\/users\/9194395"}],"replies":[{"embeddable":true,"href":"https:\/\/wordpress.nibis.de\/portal-interne-evaluation-bbs\/wp-json\/wp\/v2\/comments?post=214"}],"version-history":[{"count":5,"href":"https:\/\/wordpress.nibis.de\/portal-interne-evaluation-bbs\/wp-json\/wp\/v2\/pages\/214\/revisions"}],"predecessor-version":[{"id":866,"href":"https:\/\/wordpress.nibis.de\/portal-interne-evaluation-bbs\/wp-json\/wp\/v2\/pages\/214\/revisions\/866"}],"wp:attachment":[{"href":"https:\/\/wordpress.nibis.de\/portal-interne-evaluation-bbs\/wp-json\/wp\/v2\/media?parent=214"}],"curies":[{"name":"wp","href":"https:\/\/api.w.org\/{rel}","templated":true}]}}