{"id":223,"date":"2024-09-17T09:41:33","date_gmt":"2024-09-17T07:41:33","guid":{"rendered":"https:\/\/wordpress.nibis.de\/portal-interne-evaluation-bbs\/?page_id=223"},"modified":"2026-03-30T11:52:06","modified_gmt":"2026-03-30T09:52:06","slug":"sebeisch-bbs-anlegen","status":"publish","type":"page","link":"https:\/\/wordpress.nibis.de\/portal-interne-evaluation-bbs\/sebeisch-bbs-anlegen\/","title":{"rendered":"SebeiSch-BBS anlegen"},"content":{"rendered":"\n<p>Um eine Selbstbewertung mit SebeiSch-BBS durchzuf\u00fchren, m\u00fcssen Sie eine SebeiSch-BBS im Arbeitsbereich anlegen. Sie k\u00f6nnen Kernaufgaben ausw\u00e4hlen, Einstellungen f\u00fcr die Prozesseinsch\u00e4tzung und Ergebniseinsch\u00e4tzung vornehmen und Kolleginnen und Kollegen dazu einladen.<\/p>\n\n\n\n<div class=\"wp-block-file\"><a id=\"wp-block-file--media-8b879d69-3565-418c-92e3-4a3b501dd3d6\" href=\"https:\/\/wordpress.nibis.de\/portal-interne-evaluation-bbs\/files\/2026\/03\/Kurzanleitung-SebeiSch-BBS-anlegen.pdf\">Die Kurzanleitung SebeiSch-BBS anlegen zum Download<\/a><\/div>\n\n\n\n<p>Um f\u00fcr Ihre Bildungsganggruppe oder Ihre Fachgruppe eine SebeiSch-BBS durchzuf\u00fchren, m\u00fcssen Sie sich zun\u00e4chst mit ihrem Funktionsaccount einloggen. Nun k\u00f6nnen Sie eine SebeiSch-BBS anlegen, Ihre Bildungsganggruppe oder Fachgruppe zur Selbstbewertung einladen und anschlie\u00dfend das Gruppenergebnis einsehen.<\/p>\n\n\n\n<p><strong>Schritt 1:<\/strong> Gehen Sie auf dem Dashboard auf den Button \u201eZur SebeiSch\u201c.<\/p>\n\n\n<div class=\"wp-block-image\">\n<figure class=\"aligncenter size-full is-resized\"><img loading=\"lazy\" decoding=\"async\" width=\"702\" height=\"684\" src=\"https:\/\/wordpress.nibis.de\/portal-interne-evaluation-bbs\/files\/2026\/03\/SebeiSch-BBS-anlegen-1.png\" alt=\"\" class=\"wp-image-787\" style=\"width:400px\" srcset=\"https:\/\/wordpress.nibis.de\/portal-interne-evaluation-bbs\/files\/2026\/03\/SebeiSch-BBS-anlegen-1.png 702w, https:\/\/wordpress.nibis.de\/portal-interne-evaluation-bbs\/files\/2026\/03\/SebeiSch-BBS-anlegen-1-300x292.png 300w, https:\/\/wordpress.nibis.de\/portal-interne-evaluation-bbs\/files\/2026\/03\/SebeiSch-BBS-anlegen-1-100x97.png 100w\" sizes=\"auto, (max-width: 702px) 100vw, 702px\" \/><\/figure>\n<\/div>\n\n\n<p><strong>Schritt 2:<\/strong> In dem Men\u00fcpunkt \u201eSebeiSch-BBS \u00dcbersicht\u201c gehen Sie auf den Button \u201e+ SebeiSch hinzuf\u00fcgen\u201c.<\/p>\n\n\n<div class=\"wp-block-image\">\n<figure class=\"aligncenter size-large is-resized\"><img loading=\"lazy\" decoding=\"async\" width=\"1024\" height=\"206\" src=\"https:\/\/wordpress.nibis.de\/portal-interne-evaluation-bbs\/files\/2026\/03\/SebeiSch-BBS-anlegen-2-1024x206.png\" alt=\"\" class=\"wp-image-788\" style=\"width:710px\" srcset=\"https:\/\/wordpress.nibis.de\/portal-interne-evaluation-bbs\/files\/2026\/03\/SebeiSch-BBS-anlegen-2-1024x206.png 1024w, https:\/\/wordpress.nibis.de\/portal-interne-evaluation-bbs\/files\/2026\/03\/SebeiSch-BBS-anlegen-2-300x60.png 300w, https:\/\/wordpress.nibis.de\/portal-interne-evaluation-bbs\/files\/2026\/03\/SebeiSch-BBS-anlegen-2-768x154.png 768w, https:\/\/wordpress.nibis.de\/portal-interne-evaluation-bbs\/files\/2026\/03\/SebeiSch-BBS-anlegen-2-100x20.png 100w, https:\/\/wordpress.nibis.de\/portal-interne-evaluation-bbs\/files\/2026\/03\/SebeiSch-BBS-anlegen-2.png 1313w\" sizes=\"auto, (max-width: 1024px) 100vw, 1024px\" \/><\/figure>\n<\/div>\n\n\n<p>Die Konfiguration f\u00fcr SebeiSch-BBS \u00f6ffnet sich.<\/p>\n\n\n<div class=\"wp-block-image\">\n<figure class=\"aligncenter size-full is-resized\"><img loading=\"lazy\" decoding=\"async\" width=\"762\" height=\"513\" src=\"https:\/\/wordpress.nibis.de\/portal-interne-evaluation-bbs\/files\/2026\/03\/SebeiSch-BBS-anlegen-3.png\" alt=\"\" class=\"wp-image-790\" style=\"width:710px\" srcset=\"https:\/\/wordpress.nibis.de\/portal-interne-evaluation-bbs\/files\/2026\/03\/SebeiSch-BBS-anlegen-3.png 762w, https:\/\/wordpress.nibis.de\/portal-interne-evaluation-bbs\/files\/2026\/03\/SebeiSch-BBS-anlegen-3-300x202.png 300w, https:\/\/wordpress.nibis.de\/portal-interne-evaluation-bbs\/files\/2026\/03\/SebeiSch-BBS-anlegen-3-100x67.png 100w\" sizes=\"auto, (max-width: 762px) 100vw, 762px\" \/><\/figure>\n<\/div>\n\n\n<p><strong>Schritt 3:<\/strong> W\u00e4hlen Sie aus, f\u00fcr wen Sie eine SebeiSch-BBS anlegen m\u00f6chten (z.B. Bildungsganggruppe, Fachgruppe o.a.)<\/p>\n\n\n\n<p><strong>Hinweis:<\/strong> Die Auswahl der Organisation hat keinen Einfluss auf eventuelle Berechtigungen! Diese Auswahl dient der Vervollst\u00e4ndigung des Namens der SebeiSch-BBS.<\/p>\n\n\n<div class=\"wp-block-image\">\n<figure class=\"aligncenter size-large is-resized\"><img loading=\"lazy\" decoding=\"async\" width=\"1024\" height=\"455\" src=\"https:\/\/wordpress.nibis.de\/portal-interne-evaluation-bbs\/files\/2026\/03\/SebeiSch-BBS-anlegen-4-1024x455.png\" alt=\"\" class=\"wp-image-792\" style=\"width:710px\" srcset=\"https:\/\/wordpress.nibis.de\/portal-interne-evaluation-bbs\/files\/2026\/03\/SebeiSch-BBS-anlegen-4-1024x455.png 1024w, https:\/\/wordpress.nibis.de\/portal-interne-evaluation-bbs\/files\/2026\/03\/SebeiSch-BBS-anlegen-4-300x133.png 300w, https:\/\/wordpress.nibis.de\/portal-interne-evaluation-bbs\/files\/2026\/03\/SebeiSch-BBS-anlegen-4-768x341.png 768w, https:\/\/wordpress.nibis.de\/portal-interne-evaluation-bbs\/files\/2026\/03\/SebeiSch-BBS-anlegen-4-100x44.png 100w, https:\/\/wordpress.nibis.de\/portal-interne-evaluation-bbs\/files\/2026\/03\/SebeiSch-BBS-anlegen-4.png 1311w\" sizes=\"auto, (max-width: 1024px) 100vw, 1024px\" \/><\/figure>\n<\/div>\n\n\n<p><strong>Schritt 4:<\/strong> W\u00e4hlen Sie aus, ob die SebeiSch-BBS anonymisiert erfolgen soll oder nicht.<\/p>\n\n\n\n<p><strong>Hinweis:<\/strong> Sollten Sie die SebeiSch-BBS mit der Aktivierung der Anonymisierung angelegt haben, dann kann dieses nicht mehr r\u00fcckg\u00e4ngig gemacht werden! Einmal anonym &#8211; immer anonym!<\/p>\n\n\n<div class=\"wp-block-image\">\n<figure class=\"aligncenter size-large is-resized\"><img loading=\"lazy\" decoding=\"async\" width=\"1024\" height=\"332\" src=\"https:\/\/wordpress.nibis.de\/portal-interne-evaluation-bbs\/files\/2026\/03\/SebeiSch-BBS-anlegen-5-1024x332.png\" alt=\"\" class=\"wp-image-794\" style=\"width:710px\" srcset=\"https:\/\/wordpress.nibis.de\/portal-interne-evaluation-bbs\/files\/2026\/03\/SebeiSch-BBS-anlegen-5-1024x332.png 1024w, https:\/\/wordpress.nibis.de\/portal-interne-evaluation-bbs\/files\/2026\/03\/SebeiSch-BBS-anlegen-5-300x97.png 300w, https:\/\/wordpress.nibis.de\/portal-interne-evaluation-bbs\/files\/2026\/03\/SebeiSch-BBS-anlegen-5-768x249.png 768w, https:\/\/wordpress.nibis.de\/portal-interne-evaluation-bbs\/files\/2026\/03\/SebeiSch-BBS-anlegen-5-100x32.png 100w, https:\/\/wordpress.nibis.de\/portal-interne-evaluation-bbs\/files\/2026\/03\/SebeiSch-BBS-anlegen-5.png 1334w\" sizes=\"auto, (max-width: 1024px) 100vw, 1024px\" \/><\/figure>\n<\/div>\n\n\n<p><strong>Schritt 5:<\/strong> W\u00e4hlen Sie aus, ob die Teilnehmenden im Vorfeld zur Vorbereitung eine individuelle Prozesseinsch\u00e4tzung vornehmen sollen.<\/p>\n\n\n\n<p><strong>Hinweis:<\/strong> \u00dcberlegen Sie vorher, ob die Kolleginnen und Kollegen die Prozesseinsch\u00e4tzung vornehmen k\u00f6nnen. Sichten Sie die Kriterien zur Prozesseinsch\u00e4tzung und besprechen Sie diese ggf. vorab mit den Kolleginnen und Kollegen.<\/p>\n\n\n\n<p>Eine Prozesseinsch\u00e4tzung f\u00fcr die gesamte Gruppe (z. B. Bildungsgangsgruppe, Schulleitungsteam) ist als abgestimmtes Ergebnis immer vorzunehmen.<\/p>\n\n\n<div class=\"wp-block-image\">\n<figure class=\"aligncenter size-large is-resized\"><img loading=\"lazy\" decoding=\"async\" width=\"1024\" height=\"340\" src=\"https:\/\/wordpress.nibis.de\/portal-interne-evaluation-bbs\/files\/2026\/03\/SebeiSch-BBS-anlegen-6-1024x340.png\" alt=\"\" class=\"wp-image-795\" style=\"width:710px\" srcset=\"https:\/\/wordpress.nibis.de\/portal-interne-evaluation-bbs\/files\/2026\/03\/SebeiSch-BBS-anlegen-6-1024x340.png 1024w, https:\/\/wordpress.nibis.de\/portal-interne-evaluation-bbs\/files\/2026\/03\/SebeiSch-BBS-anlegen-6-300x100.png 300w, https:\/\/wordpress.nibis.de\/portal-interne-evaluation-bbs\/files\/2026\/03\/SebeiSch-BBS-anlegen-6-768x255.png 768w, https:\/\/wordpress.nibis.de\/portal-interne-evaluation-bbs\/files\/2026\/03\/SebeiSch-BBS-anlegen-6-100x33.png 100w, https:\/\/wordpress.nibis.de\/portal-interne-evaluation-bbs\/files\/2026\/03\/SebeiSch-BBS-anlegen-6.png 1320w\" sizes=\"auto, (max-width: 1024px) 100vw, 1024px\" \/><\/figure>\n<\/div>\n\n\n<p><strong>Schritt 6: <\/strong>Entscheiden Sie, ob Sie im Rahmen der Selbstbewertung eine Ergebniseinsch\u00e4tzung in Ihrer Gruppe vornehmen wollen.<\/p>\n\n\n\n<p>Hinweis: Eine Ergebniseinsch\u00e4tzung ist nicht verpflichtend, d. h., wenn Sie die Ergebniseinsch\u00e4tzung deaktivieren, wird diese <strong><u>nicht<\/u><\/strong> durchgef\u00fchrt.<\/p>\n\n\n<div class=\"wp-block-image\">\n<figure class=\"aligncenter size-large is-resized\"><img loading=\"lazy\" decoding=\"async\" width=\"1024\" height=\"335\" src=\"https:\/\/wordpress.nibis.de\/portal-interne-evaluation-bbs\/files\/2026\/03\/SebeiSch-BBS-anlegen-7-1024x335.png\" alt=\"\" class=\"wp-image-797\" style=\"width:710px\" srcset=\"https:\/\/wordpress.nibis.de\/portal-interne-evaluation-bbs\/files\/2026\/03\/SebeiSch-BBS-anlegen-7-1024x335.png 1024w, https:\/\/wordpress.nibis.de\/portal-interne-evaluation-bbs\/files\/2026\/03\/SebeiSch-BBS-anlegen-7-300x98.png 300w, https:\/\/wordpress.nibis.de\/portal-interne-evaluation-bbs\/files\/2026\/03\/SebeiSch-BBS-anlegen-7-768x252.png 768w, https:\/\/wordpress.nibis.de\/portal-interne-evaluation-bbs\/files\/2026\/03\/SebeiSch-BBS-anlegen-7-100x33.png 100w, https:\/\/wordpress.nibis.de\/portal-interne-evaluation-bbs\/files\/2026\/03\/SebeiSch-BBS-anlegen-7.png 1322w\" sizes=\"auto, (max-width: 1024px) 100vw, 1024px\" \/><\/figure>\n<\/div>\n\n\n<p><strong>Schritt 8:<\/strong> Best\u00e4tigen Sie Ihre Angaben mit einem Klick auf den Button \u201eSpeichern\u201c.<\/p>\n\n\n<div class=\"wp-block-image\">\n<figure class=\"aligncenter size-large is-resized\"><img loading=\"lazy\" decoding=\"async\" width=\"1024\" height=\"251\" src=\"https:\/\/wordpress.nibis.de\/portal-interne-evaluation-bbs\/files\/2026\/03\/SebeiSch-BBS-anlegen-8-1024x251.png\" alt=\"\" class=\"wp-image-799\" style=\"width:710px\" srcset=\"https:\/\/wordpress.nibis.de\/portal-interne-evaluation-bbs\/files\/2026\/03\/SebeiSch-BBS-anlegen-8-1024x251.png 1024w, https:\/\/wordpress.nibis.de\/portal-interne-evaluation-bbs\/files\/2026\/03\/SebeiSch-BBS-anlegen-8-300x73.png 300w, https:\/\/wordpress.nibis.de\/portal-interne-evaluation-bbs\/files\/2026\/03\/SebeiSch-BBS-anlegen-8-768x188.png 768w, https:\/\/wordpress.nibis.de\/portal-interne-evaluation-bbs\/files\/2026\/03\/SebeiSch-BBS-anlegen-8-100x24.png 100w, https:\/\/wordpress.nibis.de\/portal-interne-evaluation-bbs\/files\/2026\/03\/SebeiSch-BBS-anlegen-8.png 1308w\" sizes=\"auto, (max-width: 1024px) 100vw, 1024px\" \/><\/figure>\n<\/div>\n\n\n<p><strong>Schritt 9<\/strong>: Laden Sie Lehrkr\u00e4fte ein, um an Ihrer SebeiSch-BBS teilzunehmen. Gehen Sie in der SebeiSch-BBS Konfiguration auf das Listenfeld \u201eLehrkr\u00e4fte ausw\u00e4hlen\u201c. Sie k\u00f6nnen Teile des Namens eingeben und die Liste wird automatisch angepasst.<\/p>\n\n\n<div class=\"wp-block-image\">\n<figure class=\"aligncenter size-large is-resized\"><img loading=\"lazy\" decoding=\"async\" width=\"1024\" height=\"331\" src=\"https:\/\/wordpress.nibis.de\/portal-interne-evaluation-bbs\/files\/2026\/03\/SebeiSch-BBS-anlegen-9-1024x331.png\" alt=\"\" class=\"wp-image-800\" style=\"width:710px\" srcset=\"https:\/\/wordpress.nibis.de\/portal-interne-evaluation-bbs\/files\/2026\/03\/SebeiSch-BBS-anlegen-9-1024x331.png 1024w, https:\/\/wordpress.nibis.de\/portal-interne-evaluation-bbs\/files\/2026\/03\/SebeiSch-BBS-anlegen-9-300x97.png 300w, https:\/\/wordpress.nibis.de\/portal-interne-evaluation-bbs\/files\/2026\/03\/SebeiSch-BBS-anlegen-9-768x248.png 768w, https:\/\/wordpress.nibis.de\/portal-interne-evaluation-bbs\/files\/2026\/03\/SebeiSch-BBS-anlegen-9-100x32.png 100w, https:\/\/wordpress.nibis.de\/portal-interne-evaluation-bbs\/files\/2026\/03\/SebeiSch-BBS-anlegen-9.png 1324w\" sizes=\"auto, (max-width: 1024px) 100vw, 1024px\" \/><\/figure>\n<\/div>\n\n\n<p>Best\u00e4tigen Sie Ihre Angaben mit einem Klick auf den Button \u201eSpeichern\u201c.<\/p>\n\n\n<div class=\"wp-block-image\">\n<figure class=\"aligncenter size-large is-resized\"><img loading=\"lazy\" decoding=\"async\" width=\"1024\" height=\"259\" src=\"https:\/\/wordpress.nibis.de\/portal-interne-evaluation-bbs\/files\/2026\/03\/SebeiSch-BBS-anlegen-10-1024x259.png\" alt=\"\" class=\"wp-image-802\" style=\"width:710px\" srcset=\"https:\/\/wordpress.nibis.de\/portal-interne-evaluation-bbs\/files\/2026\/03\/SebeiSch-BBS-anlegen-10-1024x259.png 1024w, https:\/\/wordpress.nibis.de\/portal-interne-evaluation-bbs\/files\/2026\/03\/SebeiSch-BBS-anlegen-10-300x76.png 300w, https:\/\/wordpress.nibis.de\/portal-interne-evaluation-bbs\/files\/2026\/03\/SebeiSch-BBS-anlegen-10-768x194.png 768w, https:\/\/wordpress.nibis.de\/portal-interne-evaluation-bbs\/files\/2026\/03\/SebeiSch-BBS-anlegen-10-100x25.png 100w, https:\/\/wordpress.nibis.de\/portal-interne-evaluation-bbs\/files\/2026\/03\/SebeiSch-BBS-anlegen-10.png 1310w\" sizes=\"auto, (max-width: 1024px) 100vw, 1024px\" \/><\/figure>\n<\/div>","protected":false},"excerpt":{"rendered":"<p>Um eine Selbstbewertung mit SebeiSch-BBS durchzuf\u00fchren, m\u00fcssen Sie eine SebeiSch-BBS im Arbeitsbereich anlegen. Sie k\u00f6nnen Kernaufgaben ausw\u00e4hlen, Einstellungen f\u00fcr die Prozesseinsch\u00e4tzung und Ergebniseinsch\u00e4tzung vornehmen und Kolleginnen und Kollegen dazu einladen. Um f\u00fcr Ihre Bildungsganggruppe oder Ihre Fachgruppe eine SebeiSch-BBS durchzuf\u00fchren, m\u00fcssen Sie sich zun\u00e4chst mit ihrem Funktionsaccount einloggen. Nun k\u00f6nnen Sie eine SebeiSch-BBS anlegen, Ihre &hellip; <a href=\"https:\/\/wordpress.nibis.de\/portal-interne-evaluation-bbs\/sebeisch-bbs-anlegen\/\" class=\"more-link\"><span class=\"screen-reader-text\">SebeiSch-BBS anlegen<\/span> weiterlesen <span class=\"meta-nav\">&rarr;<\/span><\/a><\/p>\n","protected":false},"author":9194395,"featured_media":0,"parent":0,"menu_order":0,"comment_status":"closed","ping_status":"closed","template":"","meta":{"footnotes":""},"class_list":["post-223","page","type-page","status-publish","hentry"],"_links":{"self":[{"href":"https:\/\/wordpress.nibis.de\/portal-interne-evaluation-bbs\/wp-json\/wp\/v2\/pages\/223","targetHints":{"allow":["GET"]}}],"collection":[{"href":"https:\/\/wordpress.nibis.de\/portal-interne-evaluation-bbs\/wp-json\/wp\/v2\/pages"}],"about":[{"href":"https:\/\/wordpress.nibis.de\/portal-interne-evaluation-bbs\/wp-json\/wp\/v2\/types\/page"}],"author":[{"embeddable":true,"href":"https:\/\/wordpress.nibis.de\/portal-interne-evaluation-bbs\/wp-json\/wp\/v2\/users\/9194395"}],"replies":[{"embeddable":true,"href":"https:\/\/wordpress.nibis.de\/portal-interne-evaluation-bbs\/wp-json\/wp\/v2\/comments?post=223"}],"version-history":[{"count":12,"href":"https:\/\/wordpress.nibis.de\/portal-interne-evaluation-bbs\/wp-json\/wp\/v2\/pages\/223\/revisions"}],"predecessor-version":[{"id":805,"href":"https:\/\/wordpress.nibis.de\/portal-interne-evaluation-bbs\/wp-json\/wp\/v2\/pages\/223\/revisions\/805"}],"wp:attachment":[{"href":"https:\/\/wordpress.nibis.de\/portal-interne-evaluation-bbs\/wp-json\/wp\/v2\/media?parent=223"}],"curies":[{"name":"wp","href":"https:\/\/api.w.org\/{rel}","templated":true}]}}