{"id":230,"date":"2024-09-17T11:06:18","date_gmt":"2024-09-17T09:06:18","guid":{"rendered":"https:\/\/wordpress.nibis.de\/portal-interne-evaluation-bbs\/?page_id=230"},"modified":"2026-03-30T15:16:19","modified_gmt":"2026-03-30T13:16:19","slug":"lebe-bbs-befragungsgruppen-anlegen","status":"publish","type":"page","link":"https:\/\/wordpress.nibis.de\/portal-interne-evaluation-bbs\/lebe-bbs-befragungsgruppen-anlegen\/","title":{"rendered":"LeBe-BBS Befragungsgruppen anlegen"},"content":{"rendered":"\n<p>Um eine Lehrkr\u00e4ftebefragung durchf\u00fchren zu k\u00f6nnen, m\u00fcssen im Vorfeld Befragungsgruppen angelegt werden. Sie m\u00fcssen mindestens eine Befragungsgruppe anlegen und eine Gruppenleitung bestimmen.<\/p>\n\n\n\n<div class=\"wp-block-file\"><a id=\"wp-block-file--media-30647b0d-13dc-4b07-996e-83452c610dd2\" href=\"https:\/\/wordpress.nibis.de\/portal-interne-evaluation-bbs\/files\/2026\/03\/Kurzanleitung-LeBe_Befragungsgruppen-anlegen.pdf\">Die Kurzanleitung LeBe_Befragungsgruppen anlegen zum Download<\/a><\/div>\n\n\n\n<p>Um eine Befragung der Lehrkr\u00e4fte durchzuf\u00fchren, m\u00fcssen Sie zuerst Befragungsgruppen anlegen. Diese Gruppen k\u00f6nnen z. B. Abteilungen oder auch alle Lehrkr\u00e4fte einer Schule sein.<\/p>\n\n\n\n<p><strong>Hinweis: <\/strong>Bevor Sie die LeBe-BBS anlegen k\u00f6nnen, m\u00fcssen Sie zuvor die Lehrkr\u00e4fte und ggf. Funktionsaccounts (z. B. Abteilung 1) importiert haben (s. hierzu: User-\/innen importieren).<\/p>\n\n\n\n<p><strong>Schritt 1:<\/strong> W\u00e4hlen Sie nach dem Anmelden auf dem Dashboard unter dem Bereich \u201eInstrumente-BBS\u201c den Bereich \u201eLeBe-BBS\u201c aus.<\/p>\n\n\n<div class=\"wp-block-image\">\n<figure class=\"aligncenter size-large is-resized\"><img loading=\"lazy\" decoding=\"async\" width=\"1024\" height=\"279\" src=\"https:\/\/wordpress.nibis.de\/portal-interne-evaluation-bbs\/files\/2026\/03\/LeBe-Befragungsgruppen-anlegen-1-1024x279.png\" alt=\"\" class=\"wp-image-613\" style=\"width:700px\" srcset=\"https:\/\/wordpress.nibis.de\/portal-interne-evaluation-bbs\/files\/2026\/03\/LeBe-Befragungsgruppen-anlegen-1-1024x279.png 1024w, https:\/\/wordpress.nibis.de\/portal-interne-evaluation-bbs\/files\/2026\/03\/LeBe-Befragungsgruppen-anlegen-1-300x82.png 300w, https:\/\/wordpress.nibis.de\/portal-interne-evaluation-bbs\/files\/2026\/03\/LeBe-Befragungsgruppen-anlegen-1-768x209.png 768w, https:\/\/wordpress.nibis.de\/portal-interne-evaluation-bbs\/files\/2026\/03\/LeBe-Befragungsgruppen-anlegen-1-100x27.png 100w, https:\/\/wordpress.nibis.de\/portal-interne-evaluation-bbs\/files\/2026\/03\/LeBe-Befragungsgruppen-anlegen-1.png 1055w\" sizes=\"auto, (max-width: 1024px) 100vw, 1024px\" \/><\/figure>\n<\/div>\n\n\n<p>Es \u00f6ffnet sich die Men\u00fcf\u00fchrung f\u00fcr die Lehrkr\u00e4ftebefragung (LeBe-BBS), die in den nachfolgenden Kapiteln weitergehend beschrieben wird.<\/p>\n\n\n<div class=\"wp-block-image\">\n<figure class=\"aligncenter size-full is-resized\"><img loading=\"lazy\" decoding=\"async\" width=\"898\" height=\"374\" src=\"https:\/\/wordpress.nibis.de\/portal-interne-evaluation-bbs\/files\/2026\/03\/LeBe-Befragungsgruppen-anlegen-2.png\" alt=\"\" class=\"wp-image-614\" style=\"width:710px\" srcset=\"https:\/\/wordpress.nibis.de\/portal-interne-evaluation-bbs\/files\/2026\/03\/LeBe-Befragungsgruppen-anlegen-2.png 898w, https:\/\/wordpress.nibis.de\/portal-interne-evaluation-bbs\/files\/2026\/03\/LeBe-Befragungsgruppen-anlegen-2-300x125.png 300w, https:\/\/wordpress.nibis.de\/portal-interne-evaluation-bbs\/files\/2026\/03\/LeBe-Befragungsgruppen-anlegen-2-768x320.png 768w, https:\/\/wordpress.nibis.de\/portal-interne-evaluation-bbs\/files\/2026\/03\/LeBe-Befragungsgruppen-anlegen-2-100x42.png 100w\" sizes=\"auto, (max-width: 898px) 100vw, 898px\" \/><\/figure>\n<\/div>\n\n\n<p>Unter diesem Men\u00fcpunkt \u201eLeBe-BBS Befragungsgruppen\u201c k\u00f6nnen Sie z. B. Befragungsgruppen anlegen, diese in eine neue Befragung kopieren oder \u00c4nderungen innerhalb der Gruppenzuordnung vornehmen.<\/p>\n\n\n<div class=\"wp-block-image\">\n<figure class=\"aligncenter size-full\"><img loading=\"lazy\" decoding=\"async\" width=\"371\" height=\"266\" src=\"https:\/\/wordpress.nibis.de\/portal-interne-evaluation-bbs\/files\/2026\/03\/LeBe-Befragungsgruppen-anlegen-3.png\" alt=\"\" class=\"wp-image-615\" srcset=\"https:\/\/wordpress.nibis.de\/portal-interne-evaluation-bbs\/files\/2026\/03\/LeBe-Befragungsgruppen-anlegen-3.png 371w, https:\/\/wordpress.nibis.de\/portal-interne-evaluation-bbs\/files\/2026\/03\/LeBe-Befragungsgruppen-anlegen-3-300x215.png 300w, https:\/\/wordpress.nibis.de\/portal-interne-evaluation-bbs\/files\/2026\/03\/LeBe-Befragungsgruppen-anlegen-3-100x72.png 100w\" sizes=\"auto, (max-width: 371px) 100vw, 371px\" \/><\/figure>\n<\/div>\n\n\n<p><strong>Hinweis:<\/strong> Bei Bedarf k\u00f6nnen so viele Befragungsgruppen anlegt werden, wie f\u00fcr die Lehrkr\u00e4ftebefragung an Ihrer Schule ben\u00f6tigt werden. Wiederholen Sie hierzu die nachfolgend beschriebenen Arbeitsschritte.<\/p>\n\n\n\n<p><strong>Schritt 2:<\/strong> W\u00e4hlen Sie zuerst \u201eLeBe-BBS Befragungsgruppen\u201c aus.<\/p>\n\n\n<div class=\"wp-block-image\">\n<figure class=\"aligncenter size-large is-resized\"><img loading=\"lazy\" decoding=\"async\" width=\"1024\" height=\"357\" src=\"https:\/\/wordpress.nibis.de\/portal-interne-evaluation-bbs\/files\/2026\/03\/LeBe-Befragungsgruppen-anlegen-4-1024x357.png\" alt=\"\" class=\"wp-image-616\" style=\"width:710px\" srcset=\"https:\/\/wordpress.nibis.de\/portal-interne-evaluation-bbs\/files\/2026\/03\/LeBe-Befragungsgruppen-anlegen-4-1024x357.png 1024w, https:\/\/wordpress.nibis.de\/portal-interne-evaluation-bbs\/files\/2026\/03\/LeBe-Befragungsgruppen-anlegen-4-300x105.png 300w, https:\/\/wordpress.nibis.de\/portal-interne-evaluation-bbs\/files\/2026\/03\/LeBe-Befragungsgruppen-anlegen-4-768x268.png 768w, https:\/\/wordpress.nibis.de\/portal-interne-evaluation-bbs\/files\/2026\/03\/LeBe-Befragungsgruppen-anlegen-4-100x35.png 100w, https:\/\/wordpress.nibis.de\/portal-interne-evaluation-bbs\/files\/2026\/03\/LeBe-Befragungsgruppen-anlegen-4.png 1250w\" sizes=\"auto, (max-width: 1024px) 100vw, 1024px\" \/><\/figure>\n<\/div>\n\n\n<p><strong>Schritt 3:<\/strong> Vergeben Sie einen Befragungsgruppennamen, indem Sie den Namen in das Textfeld \u201eneue Befragungsgruppe\u201c eintragen.<\/p>\n\n\n<div class=\"wp-block-image\">\n<figure class=\"aligncenter size-large is-resized\"><img loading=\"lazy\" decoding=\"async\" width=\"1024\" height=\"230\" src=\"https:\/\/wordpress.nibis.de\/portal-interne-evaluation-bbs\/files\/2026\/03\/LeBe-Befragungsgruppen-anlegen-5-1024x230.png\" alt=\"\" class=\"wp-image-617\" style=\"width:710px\" srcset=\"https:\/\/wordpress.nibis.de\/portal-interne-evaluation-bbs\/files\/2026\/03\/LeBe-Befragungsgruppen-anlegen-5-1024x230.png 1024w, https:\/\/wordpress.nibis.de\/portal-interne-evaluation-bbs\/files\/2026\/03\/LeBe-Befragungsgruppen-anlegen-5-300x68.png 300w, https:\/\/wordpress.nibis.de\/portal-interne-evaluation-bbs\/files\/2026\/03\/LeBe-Befragungsgruppen-anlegen-5-768x173.png 768w, https:\/\/wordpress.nibis.de\/portal-interne-evaluation-bbs\/files\/2026\/03\/LeBe-Befragungsgruppen-anlegen-5-100x23.png 100w, https:\/\/wordpress.nibis.de\/portal-interne-evaluation-bbs\/files\/2026\/03\/LeBe-Befragungsgruppen-anlegen-5.png 1475w\" sizes=\"auto, (max-width: 1024px) 100vw, 1024px\" \/><\/figure>\n<\/div>\n\n\n<p><strong>Hinweis:<\/strong> Um die Eingabefenster f\u00fcr die Befragungsgruppen sehen zu k\u00f6nnen, m\u00fcssen Sie ggf. nach unten scrollen.<\/p>\n\n\n\n<p><strong>Schritt 4:<\/strong> Jeder Befragungsgruppe ist anschlie\u00dfend <strong>genau eine Gruppenleitung<\/strong> zuzuordnen\/zuzuweisen&nbsp; &nbsp;(z. B. die jeweilige Abteilungsleitung). Hierzu m\u00fcssen Sie zuvor die gew\u00fcnschten Lehrkr\u00e4fte- und Funktionsaccounts importiert \/ angelegt haben (s. Anleitung User\/-innen importieren).<\/p>\n\n\n<div class=\"wp-block-image\">\n<figure class=\"aligncenter size-large is-resized\"><img loading=\"lazy\" decoding=\"async\" width=\"1024\" height=\"254\" src=\"https:\/\/wordpress.nibis.de\/portal-interne-evaluation-bbs\/files\/2026\/03\/LeBe-Befragungsgruppen-anlegen-6-1024x254.png\" alt=\"\" class=\"wp-image-618\" style=\"width:710px\" srcset=\"https:\/\/wordpress.nibis.de\/portal-interne-evaluation-bbs\/files\/2026\/03\/LeBe-Befragungsgruppen-anlegen-6-1024x254.png 1024w, https:\/\/wordpress.nibis.de\/portal-interne-evaluation-bbs\/files\/2026\/03\/LeBe-Befragungsgruppen-anlegen-6-300x74.png 300w, https:\/\/wordpress.nibis.de\/portal-interne-evaluation-bbs\/files\/2026\/03\/LeBe-Befragungsgruppen-anlegen-6-768x190.png 768w, https:\/\/wordpress.nibis.de\/portal-interne-evaluation-bbs\/files\/2026\/03\/LeBe-Befragungsgruppen-anlegen-6-100x25.png 100w, https:\/\/wordpress.nibis.de\/portal-interne-evaluation-bbs\/files\/2026\/03\/LeBe-Befragungsgruppen-anlegen-6.png 1484w\" sizes=\"auto, (max-width: 1024px) 100vw, 1024px\" \/><\/figure>\n<\/div>\n\n\n<p><strong>Schritt 5:<\/strong> Anschlie\u00dfend k\u00f6nnen Sie die Gruppenteilnehmenden bzw. Lehrkr\u00e4fte der Befragungsgruppe zuordnen.<\/p>\n\n\n<div class=\"wp-block-image\">\n<figure class=\"aligncenter size-large\"><img loading=\"lazy\" decoding=\"async\" width=\"1024\" height=\"276\" src=\"https:\/\/wordpress.nibis.de\/portal-interne-evaluation-bbs\/files\/2026\/03\/LeBe-Befragungsgruppen-anlegen-7-1024x276.png\" alt=\"\" class=\"wp-image-619\" srcset=\"https:\/\/wordpress.nibis.de\/portal-interne-evaluation-bbs\/files\/2026\/03\/LeBe-Befragungsgruppen-anlegen-7-1024x276.png 1024w, https:\/\/wordpress.nibis.de\/portal-interne-evaluation-bbs\/files\/2026\/03\/LeBe-Befragungsgruppen-anlegen-7-300x81.png 300w, https:\/\/wordpress.nibis.de\/portal-interne-evaluation-bbs\/files\/2026\/03\/LeBe-Befragungsgruppen-anlegen-7-768x207.png 768w, https:\/\/wordpress.nibis.de\/portal-interne-evaluation-bbs\/files\/2026\/03\/LeBe-Befragungsgruppen-anlegen-7-100x27.png 100w, https:\/\/wordpress.nibis.de\/portal-interne-evaluation-bbs\/files\/2026\/03\/LeBe-Befragungsgruppen-anlegen-7.png 1134w\" sizes=\"auto, (max-width: 1024px) 100vw, 1024px\" \/><\/figure>\n<\/div>\n\n\n<p><strong>Hinweis:<\/strong> Lehrkr\u00e4fte k\u00f6nnen \u2013 anders als bisher \u2013 mehreren Gruppen zugeordnet werden. Zu bedenken ist, dass diese Personen dann auch zu allen konfigurierten Qualit\u00e4tsbereichen mehrfach eine Einsch\u00e4tzung vornehmen m\u00fcssen.<\/p>\n\n\n\n<p><strong>Schritt 6:<\/strong> Die Auswahl ist mit dem Button \u201eGruppe erstellen\u201c zu best\u00e4tigen. Abschlie\u00dfend erfolgt die R\u00fcckmeldung des Systems, dass die Befragungsgruppe erstellt wurde.<\/p>\n\n\n<div class=\"wp-block-image\">\n<figure class=\"aligncenter size-large is-resized\"><img loading=\"lazy\" decoding=\"async\" width=\"1024\" height=\"214\" src=\"https:\/\/wordpress.nibis.de\/portal-interne-evaluation-bbs\/files\/2026\/03\/LeBe-Befragungsgruppen-anlegen-8-1024x214.png\" alt=\"\" class=\"wp-image-620\" style=\"width:710px\" srcset=\"https:\/\/wordpress.nibis.de\/portal-interne-evaluation-bbs\/files\/2026\/03\/LeBe-Befragungsgruppen-anlegen-8-1024x214.png 1024w, https:\/\/wordpress.nibis.de\/portal-interne-evaluation-bbs\/files\/2026\/03\/LeBe-Befragungsgruppen-anlegen-8-300x63.png 300w, https:\/\/wordpress.nibis.de\/portal-interne-evaluation-bbs\/files\/2026\/03\/LeBe-Befragungsgruppen-anlegen-8-768x160.png 768w, https:\/\/wordpress.nibis.de\/portal-interne-evaluation-bbs\/files\/2026\/03\/LeBe-Befragungsgruppen-anlegen-8-100x21.png 100w, https:\/\/wordpress.nibis.de\/portal-interne-evaluation-bbs\/files\/2026\/03\/LeBe-Befragungsgruppen-anlegen-8.png 1160w\" sizes=\"auto, (max-width: 1024px) 100vw, 1024px\" \/><\/figure>\n<\/div>\n\n<div class=\"wp-block-image\">\n<figure class=\"aligncenter size-full\"><img loading=\"lazy\" decoding=\"async\" width=\"284\" height=\"122\" src=\"https:\/\/wordpress.nibis.de\/portal-interne-evaluation-bbs\/files\/2026\/03\/LeBe-Befragungsgruppen-anlegen-9.png\" alt=\"\" class=\"wp-image-621\" srcset=\"https:\/\/wordpress.nibis.de\/portal-interne-evaluation-bbs\/files\/2026\/03\/LeBe-Befragungsgruppen-anlegen-9.png 284w, https:\/\/wordpress.nibis.de\/portal-interne-evaluation-bbs\/files\/2026\/03\/LeBe-Befragungsgruppen-anlegen-9-100x43.png 100w\" sizes=\"auto, (max-width: 284px) 100vw, 284px\" \/><\/figure>\n<\/div>","protected":false},"excerpt":{"rendered":"<p>Um eine Lehrkr\u00e4ftebefragung durchf\u00fchren zu k\u00f6nnen, m\u00fcssen im Vorfeld Befragungsgruppen angelegt werden. Sie m\u00fcssen mindestens eine Befragungsgruppe anlegen und eine Gruppenleitung bestimmen. Um eine Befragung der Lehrkr\u00e4fte durchzuf\u00fchren, m\u00fcssen Sie zuerst Befragungsgruppen anlegen. Diese Gruppen k\u00f6nnen z. B. Abteilungen oder auch alle Lehrkr\u00e4fte einer Schule sein. Hinweis: Bevor Sie die LeBe-BBS anlegen k\u00f6nnen, m\u00fcssen Sie &hellip; <a href=\"https:\/\/wordpress.nibis.de\/portal-interne-evaluation-bbs\/lebe-bbs-befragungsgruppen-anlegen\/\" class=\"more-link\"><span class=\"screen-reader-text\">LeBe-BBS Befragungsgruppen anlegen<\/span> weiterlesen <span class=\"meta-nav\">&rarr;<\/span><\/a><\/p>\n","protected":false},"author":9194395,"featured_media":0,"parent":0,"menu_order":0,"comment_status":"closed","ping_status":"closed","template":"","meta":{"footnotes":""},"class_list":["post-230","page","type-page","status-publish","hentry"],"_links":{"self":[{"href":"https:\/\/wordpress.nibis.de\/portal-interne-evaluation-bbs\/wp-json\/wp\/v2\/pages\/230","targetHints":{"allow":["GET"]}}],"collection":[{"href":"https:\/\/wordpress.nibis.de\/portal-interne-evaluation-bbs\/wp-json\/wp\/v2\/pages"}],"about":[{"href":"https:\/\/wordpress.nibis.de\/portal-interne-evaluation-bbs\/wp-json\/wp\/v2\/types\/page"}],"author":[{"embeddable":true,"href":"https:\/\/wordpress.nibis.de\/portal-interne-evaluation-bbs\/wp-json\/wp\/v2\/users\/9194395"}],"replies":[{"embeddable":true,"href":"https:\/\/wordpress.nibis.de\/portal-interne-evaluation-bbs\/wp-json\/wp\/v2\/comments?post=230"}],"version-history":[{"count":7,"href":"https:\/\/wordpress.nibis.de\/portal-interne-evaluation-bbs\/wp-json\/wp\/v2\/pages\/230\/revisions"}],"predecessor-version":[{"id":864,"href":"https:\/\/wordpress.nibis.de\/portal-interne-evaluation-bbs\/wp-json\/wp\/v2\/pages\/230\/revisions\/864"}],"wp:attachment":[{"href":"https:\/\/wordpress.nibis.de\/portal-interne-evaluation-bbs\/wp-json\/wp\/v2\/media?parent=230"}],"curies":[{"name":"wp","href":"https:\/\/api.w.org\/{rel}","templated":true}]}}