{"id":236,"date":"2024-09-17T11:15:40","date_gmt":"2024-09-17T09:15:40","guid":{"rendered":"https:\/\/wordpress.nibis.de\/portal-interne-evaluation-bbs\/?page_id=236"},"modified":"2026-04-02T07:39:12","modified_gmt":"2026-04-02T05:39:12","slug":"lebe-bbs-befragung-durch-gruppenleitung-freigeben","status":"publish","type":"page","link":"https:\/\/wordpress.nibis.de\/portal-interne-evaluation-bbs\/lebe-bbs-befragung-durch-gruppenleitung-freigeben\/","title":{"rendered":"LeBe-BBS Befragung durch Gruppenleitung freigeben"},"content":{"rendered":"\n<p>Die LeBe-BBS muss durch die Befragungsgruppenleitungen (z. B. Abteilungsleitungen) freigegeben werden. Nachdem die Freigabe aktiviert wurde pr\u00fcfen die Befragungsgruppenleitungen die Vollst\u00e4ndigkeit der Gruppen.<\/p>\n\n\n\n<div class=\"wp-block-file\"><a id=\"wp-block-file--media-a1142013-203e-45fc-a623-1a7e057590ae\" href=\"https:\/\/wordpress.nibis.de\/portal-interne-evaluation-bbs\/files\/2026\/03\/Kurzanleitung-LeBe_Befragung-durch-Gruppenleitung-freigeben.pdf\">Kurzanleitung LeBe_Befragung durch Gruppenleitung freigeben<\/a><\/div>\n\n\n\n<p>Die Administration Ihrer Schule hat eine Lehrkr\u00e4ftebefragung (LeBe-BBS) angelegt.<\/p>\n\n\n<div class=\"wp-block-image\">\n<figure class=\"aligncenter size-full is-resized\"><img loading=\"lazy\" decoding=\"async\" width=\"768\" height=\"312\" src=\"https:\/\/wordpress.nibis.de\/portal-interne-evaluation-bbs\/files\/2026\/03\/LeBe-Befraqgung-Gruppenleitung-freigeben-1.png\" alt=\"\" class=\"wp-image-593\" style=\"width:710px\" srcset=\"https:\/\/wordpress.nibis.de\/portal-interne-evaluation-bbs\/files\/2026\/03\/LeBe-Befraqgung-Gruppenleitung-freigeben-1.png 768w, https:\/\/wordpress.nibis.de\/portal-interne-evaluation-bbs\/files\/2026\/03\/LeBe-Befraqgung-Gruppenleitung-freigeben-1-300x122.png 300w, https:\/\/wordpress.nibis.de\/portal-interne-evaluation-bbs\/files\/2026\/03\/LeBe-Befraqgung-Gruppenleitung-freigeben-1-100x41.png 100w\" sizes=\"auto, (max-width: 768px) 100vw, 768px\" \/><\/figure>\n<\/div>\n\n\n<p>Diese muss durch die Befragungsgruppenleitungen (z. B. Abteilungsleitungen) freigegeben werden. Nachdem die Freigabe aktiviert wurde, pr\u00fcfen die Befragungsgruppenleitungen die Vollst\u00e4ndigkeit der Gruppen.<\/p>\n\n\n<div class=\"wp-block-image\">\n<figure class=\"aligncenter size-full is-resized\"><img loading=\"lazy\" decoding=\"async\" width=\"566\" height=\"128\" src=\"https:\/\/wordpress.nibis.de\/portal-interne-evaluation-bbs\/files\/2026\/03\/LeBe-Befraqgung-Gruppenleitung-freigeben-2.png\" alt=\"\" class=\"wp-image-595\" style=\"width:566px;height:auto\" srcset=\"https:\/\/wordpress.nibis.de\/portal-interne-evaluation-bbs\/files\/2026\/03\/LeBe-Befraqgung-Gruppenleitung-freigeben-2.png 566w, https:\/\/wordpress.nibis.de\/portal-interne-evaluation-bbs\/files\/2026\/03\/LeBe-Befraqgung-Gruppenleitung-freigeben-2-300x68.png 300w, https:\/\/wordpress.nibis.de\/portal-interne-evaluation-bbs\/files\/2026\/03\/LeBe-Befraqgung-Gruppenleitung-freigeben-2-100x23.png 100w\" sizes=\"auto, (max-width: 566px) 100vw, 566px\" \/><\/figure>\n<\/div>\n\n\n<p><strong>Schritt 1:<\/strong> Nach der Anmeldung sehen Sie auf dem Dashboard unter LeBe-BBS, die Ihnen zugewiesene Befragung. Klicken Sie die Befragung an.<\/p>\n\n\n<div class=\"wp-block-image\">\n<figure class=\"aligncenter size-large is-resized\"><img loading=\"lazy\" decoding=\"async\" width=\"1024\" height=\"339\" src=\"https:\/\/wordpress.nibis.de\/portal-interne-evaluation-bbs\/files\/2026\/03\/LeBe-Befraqgung-Gruppenleitung-freigeben-3-1024x339.png\" alt=\"\" class=\"wp-image-596\" style=\"width:710px\" srcset=\"https:\/\/wordpress.nibis.de\/portal-interne-evaluation-bbs\/files\/2026\/03\/LeBe-Befraqgung-Gruppenleitung-freigeben-3-1024x339.png 1024w, https:\/\/wordpress.nibis.de\/portal-interne-evaluation-bbs\/files\/2026\/03\/LeBe-Befraqgung-Gruppenleitung-freigeben-3-300x99.png 300w, https:\/\/wordpress.nibis.de\/portal-interne-evaluation-bbs\/files\/2026\/03\/LeBe-Befraqgung-Gruppenleitung-freigeben-3-768x254.png 768w, https:\/\/wordpress.nibis.de\/portal-interne-evaluation-bbs\/files\/2026\/03\/LeBe-Befraqgung-Gruppenleitung-freigeben-3-100x33.png 100w, https:\/\/wordpress.nibis.de\/portal-interne-evaluation-bbs\/files\/2026\/03\/LeBe-Befraqgung-Gruppenleitung-freigeben-3.png 1158w\" sizes=\"auto, (max-width: 1024px) 100vw, 1024px\" \/><\/figure>\n<\/div>\n\n\n<p><strong>Schritt 2:<\/strong> Unter dem Men\u00fcpunkt \u201eLeBe-BBS best\u00e4tigen\u201c haben Sie Einsicht in die Ihnen zugeordnete Befragungsgruppe. Sie k\u00f6nnen hier die Befragungsgruppe best\u00e4tigen und spezielle Fragen f\u00fcr <strong>Ihre<\/strong> Gruppe hinzuf\u00fcgen.<\/p>\n\n\n<div class=\"wp-block-image\">\n<figure class=\"aligncenter size-large is-resized\"><img loading=\"lazy\" decoding=\"async\" width=\"1024\" height=\"476\" src=\"https:\/\/wordpress.nibis.de\/portal-interne-evaluation-bbs\/files\/2026\/03\/LeBe-Befraqgung-Gruppenleitung-freigeben-4-1024x476.png\" alt=\"\" class=\"wp-image-597\" style=\"width:710px\" srcset=\"https:\/\/wordpress.nibis.de\/portal-interne-evaluation-bbs\/files\/2026\/03\/LeBe-Befraqgung-Gruppenleitung-freigeben-4-1024x476.png 1024w, https:\/\/wordpress.nibis.de\/portal-interne-evaluation-bbs\/files\/2026\/03\/LeBe-Befraqgung-Gruppenleitung-freigeben-4-300x139.png 300w, https:\/\/wordpress.nibis.de\/portal-interne-evaluation-bbs\/files\/2026\/03\/LeBe-Befraqgung-Gruppenleitung-freigeben-4-768x357.png 768w, https:\/\/wordpress.nibis.de\/portal-interne-evaluation-bbs\/files\/2026\/03\/LeBe-Befraqgung-Gruppenleitung-freigeben-4-100x46.png 100w, https:\/\/wordpress.nibis.de\/portal-interne-evaluation-bbs\/files\/2026\/03\/LeBe-Befraqgung-Gruppenleitung-freigeben-4.png 1139w\" sizes=\"auto, (max-width: 1024px) 100vw, 1024px\" \/><\/figure>\n<\/div>\n\n\n<p><strong>Schritt 3:<\/strong> Wenn Sie die Option nutzen und zus\u00e4tzliche Fragen f\u00fcr Ihre Befragungsgruppe hinzuf\u00fcgen m\u00f6chten, gehen Sie auf den Button \u201e+ Frage hinzuf\u00fcgen\u201c. Sie k\u00f6nnen jetzt im oberen Textfeld Ihre Frage eingeben. Um Ihre Fragen zu speichern, gehen Sie auf \u201eFragen speichern\u201c.<\/p>\n\n\n<div class=\"wp-block-image\">\n<figure class=\"aligncenter size-large is-resized\"><img loading=\"lazy\" decoding=\"async\" width=\"1024\" height=\"500\" src=\"https:\/\/wordpress.nibis.de\/portal-interne-evaluation-bbs\/files\/2026\/03\/LeBe-Befraqgung-Gruppenleitung-freigeben-5-1024x500.png\" alt=\"\" class=\"wp-image-598\" style=\"width:710px\" srcset=\"https:\/\/wordpress.nibis.de\/portal-interne-evaluation-bbs\/files\/2026\/03\/LeBe-Befraqgung-Gruppenleitung-freigeben-5-1024x500.png 1024w, https:\/\/wordpress.nibis.de\/portal-interne-evaluation-bbs\/files\/2026\/03\/LeBe-Befraqgung-Gruppenleitung-freigeben-5-300x146.png 300w, https:\/\/wordpress.nibis.de\/portal-interne-evaluation-bbs\/files\/2026\/03\/LeBe-Befraqgung-Gruppenleitung-freigeben-5-768x375.png 768w, https:\/\/wordpress.nibis.de\/portal-interne-evaluation-bbs\/files\/2026\/03\/LeBe-Befraqgung-Gruppenleitung-freigeben-5-100x49.png 100w, https:\/\/wordpress.nibis.de\/portal-interne-evaluation-bbs\/files\/2026\/03\/LeBe-Befraqgung-Gruppenleitung-freigeben-5.png 1145w\" sizes=\"auto, (max-width: 1024px) 100vw, 1024px\" \/><\/figure>\n<\/div>\n\n\n<p><strong>Schritt 4:<\/strong> Wenn Sie alle Angaben speichern und die Befragungsgruppe best\u00e4tigen m\u00f6chten, gehen Sie auf den Button \u201eBest\u00e4tigen\u201c. Eine Meldung zeigt Ihnen an, dass Ihre Eingaben gespeichert wurden.<\/p>\n\n\n<div class=\"wp-block-image\">\n<figure class=\"aligncenter size-full\"><img loading=\"lazy\" decoding=\"async\" width=\"354\" height=\"144\" src=\"https:\/\/wordpress.nibis.de\/portal-interne-evaluation-bbs\/files\/2026\/03\/LeBe-Befraqgung-Gruppenleitung-freigeben-6.png\" alt=\"\" class=\"wp-image-599\" srcset=\"https:\/\/wordpress.nibis.de\/portal-interne-evaluation-bbs\/files\/2026\/03\/LeBe-Befraqgung-Gruppenleitung-freigeben-6.png 354w, https:\/\/wordpress.nibis.de\/portal-interne-evaluation-bbs\/files\/2026\/03\/LeBe-Befraqgung-Gruppenleitung-freigeben-6-300x122.png 300w, https:\/\/wordpress.nibis.de\/portal-interne-evaluation-bbs\/files\/2026\/03\/LeBe-Befraqgung-Gruppenleitung-freigeben-6-100x41.png 100w\" sizes=\"auto, (max-width: 354px) 100vw, 354px\" \/><\/figure>\n<\/div>\n\n\n<p><strong>Schritt 5:<\/strong> Im Anschluss wird Ihnen angezeigt, dass die LeBe-BBS von Ihnen best\u00e4tigt wurde.<\/p>\n\n\n<div class=\"wp-block-image\">\n<figure class=\"aligncenter size-large is-resized\"><img loading=\"lazy\" decoding=\"async\" width=\"1024\" height=\"200\" src=\"https:\/\/wordpress.nibis.de\/portal-interne-evaluation-bbs\/files\/2026\/03\/LeBe-Befraqgung-Gruppenleitung-freigeben-7-1024x200.png\" alt=\"\" class=\"wp-image-600\" style=\"width:710px\" srcset=\"https:\/\/wordpress.nibis.de\/portal-interne-evaluation-bbs\/files\/2026\/03\/LeBe-Befraqgung-Gruppenleitung-freigeben-7-1024x200.png 1024w, https:\/\/wordpress.nibis.de\/portal-interne-evaluation-bbs\/files\/2026\/03\/LeBe-Befraqgung-Gruppenleitung-freigeben-7-300x59.png 300w, https:\/\/wordpress.nibis.de\/portal-interne-evaluation-bbs\/files\/2026\/03\/LeBe-Befraqgung-Gruppenleitung-freigeben-7-768x150.png 768w, https:\/\/wordpress.nibis.de\/portal-interne-evaluation-bbs\/files\/2026\/03\/LeBe-Befraqgung-Gruppenleitung-freigeben-7-100x20.png 100w, https:\/\/wordpress.nibis.de\/portal-interne-evaluation-bbs\/files\/2026\/03\/LeBe-Befraqgung-Gruppenleitung-freigeben-7.png 1151w\" sizes=\"auto, (max-width: 1024px) 100vw, 1024px\" \/><\/figure>\n<\/div>","protected":false},"excerpt":{"rendered":"<p>Die LeBe-BBS muss durch die Befragungsgruppenleitungen (z. B. Abteilungsleitungen) freigegeben werden. Nachdem die Freigabe aktiviert wurde pr\u00fcfen die Befragungsgruppenleitungen die Vollst\u00e4ndigkeit der Gruppen. Die Administration Ihrer Schule hat eine Lehrkr\u00e4ftebefragung (LeBe-BBS) angelegt. Diese muss durch die Befragungsgruppenleitungen (z. B. Abteilungsleitungen) freigegeben werden. Nachdem die Freigabe aktiviert wurde, pr\u00fcfen die Befragungsgruppenleitungen die Vollst\u00e4ndigkeit der Gruppen. Schritt &hellip; <a href=\"https:\/\/wordpress.nibis.de\/portal-interne-evaluation-bbs\/lebe-bbs-befragung-durch-gruppenleitung-freigeben\/\" class=\"more-link\"><span class=\"screen-reader-text\">LeBe-BBS Befragung durch Gruppenleitung freigeben<\/span> weiterlesen <span class=\"meta-nav\">&rarr;<\/span><\/a><\/p>\n","protected":false},"author":9194395,"featured_media":0,"parent":0,"menu_order":0,"comment_status":"closed","ping_status":"closed","template":"","meta":{"footnotes":""},"class_list":["post-236","page","type-page","status-publish","hentry"],"_links":{"self":[{"href":"https:\/\/wordpress.nibis.de\/portal-interne-evaluation-bbs\/wp-json\/wp\/v2\/pages\/236","targetHints":{"allow":["GET"]}}],"collection":[{"href":"https:\/\/wordpress.nibis.de\/portal-interne-evaluation-bbs\/wp-json\/wp\/v2\/pages"}],"about":[{"href":"https:\/\/wordpress.nibis.de\/portal-interne-evaluation-bbs\/wp-json\/wp\/v2\/types\/page"}],"author":[{"embeddable":true,"href":"https:\/\/wordpress.nibis.de\/portal-interne-evaluation-bbs\/wp-json\/wp\/v2\/users\/9194395"}],"replies":[{"embeddable":true,"href":"https:\/\/wordpress.nibis.de\/portal-interne-evaluation-bbs\/wp-json\/wp\/v2\/comments?post=236"}],"version-history":[{"count":7,"href":"https:\/\/wordpress.nibis.de\/portal-interne-evaluation-bbs\/wp-json\/wp\/v2\/pages\/236\/revisions"}],"predecessor-version":[{"id":1015,"href":"https:\/\/wordpress.nibis.de\/portal-interne-evaluation-bbs\/wp-json\/wp\/v2\/pages\/236\/revisions\/1015"}],"wp:attachment":[{"href":"https:\/\/wordpress.nibis.de\/portal-interne-evaluation-bbs\/wp-json\/wp\/v2\/media?parent=236"}],"curies":[{"name":"wp","href":"https:\/\/api.w.org\/{rel}","templated":true}]}}