{"id":243,"date":"2024-09-17T11:29:34","date_gmt":"2024-09-17T09:29:34","guid":{"rendered":"https:\/\/wordpress.nibis.de\/portal-interne-evaluation-bbs\/?page_id=243"},"modified":"2026-03-30T10:19:53","modified_gmt":"2026-03-30T08:19:53","slug":"schuebe-bbs-anlegen","status":"publish","type":"page","link":"https:\/\/wordpress.nibis.de\/portal-interne-evaluation-bbs\/schuebe-bbs-anlegen\/","title":{"rendered":"Sch\u00fcBe-BBS anlegen"},"content":{"rendered":"\n<p>Stellen Sie sicher, dass Sie vorher die Daten der Sch\u00fclerinnen und Sch\u00fcler im geeigneten Format vorliegen. Beachten Sie hierbei, dass die K\u00fcrzel der Lehrkr\u00e4fte im Arbeitsbereich-BBS gepflegt sind und das die CSV-Datei ebenfalls die K\u00fcrzel enth\u00e4lt.<\/p>\n\n\n\n<div class=\"wp-block-file\"><a id=\"wp-block-file--media-5d56b864-737c-4493-bd02-c5dd5fdb7519\" href=\"https:\/\/wordpress.nibis.de\/portal-interne-evaluation-bbs\/files\/2026\/03\/Kurzanleitung-SchueBe-BBS-anlegen.pdf\">Die Kurzanleitung Sch\u00fcBe-BBS anlegen zum Download<\/a><\/div>\n\n\n\n<p><strong>Schritt 1:<\/strong> Gehen Sie auf den Men\u00fcpunkt \u201eSch\u00fcBe-BBS\u201c.<\/p>\n\n\n<div class=\"wp-block-image\">\n<figure class=\"aligncenter size-large is-resized\"><img loading=\"lazy\" decoding=\"async\" width=\"1024\" height=\"576\" src=\"https:\/\/wordpress.nibis.de\/portal-interne-evaluation-bbs\/files\/2026\/03\/Admin-SchueBe-BBS-anlegen-1-1024x576.png\" alt=\"\" class=\"wp-image-717\" style=\"width:710px\" srcset=\"https:\/\/wordpress.nibis.de\/portal-interne-evaluation-bbs\/files\/2026\/03\/Admin-SchueBe-BBS-anlegen-1-1024x576.png 1024w, https:\/\/wordpress.nibis.de\/portal-interne-evaluation-bbs\/files\/2026\/03\/Admin-SchueBe-BBS-anlegen-1-300x169.png 300w, https:\/\/wordpress.nibis.de\/portal-interne-evaluation-bbs\/files\/2026\/03\/Admin-SchueBe-BBS-anlegen-1-768x432.png 768w, https:\/\/wordpress.nibis.de\/portal-interne-evaluation-bbs\/files\/2026\/03\/Admin-SchueBe-BBS-anlegen-1-100x56.png 100w, https:\/\/wordpress.nibis.de\/portal-interne-evaluation-bbs\/files\/2026\/03\/Admin-SchueBe-BBS-anlegen-1.png 1045w\" sizes=\"auto, (max-width: 1024px) 100vw, 1024px\" \/><\/figure>\n<\/div>\n\n\n<p><strong>Schritt 2:<\/strong> Gehen Sie auf den Men\u00fcpunkt \u201eSch\u00fcBe-BBS Befragungsgruppen (anlegen und verwalten)\u201c.<\/p>\n\n\n<div class=\"wp-block-image\">\n<figure class=\"aligncenter size-large is-resized\"><img loading=\"lazy\" decoding=\"async\" width=\"1024\" height=\"324\" src=\"https:\/\/wordpress.nibis.de\/portal-interne-evaluation-bbs\/files\/2026\/03\/Admin-SchueBe-BBS-anlegen-2-1024x324.png\" alt=\"\" class=\"wp-image-719\" style=\"width:710px\" srcset=\"https:\/\/wordpress.nibis.de\/portal-interne-evaluation-bbs\/files\/2026\/03\/Admin-SchueBe-BBS-anlegen-2-1024x324.png 1024w, https:\/\/wordpress.nibis.de\/portal-interne-evaluation-bbs\/files\/2026\/03\/Admin-SchueBe-BBS-anlegen-2-300x95.png 300w, https:\/\/wordpress.nibis.de\/portal-interne-evaluation-bbs\/files\/2026\/03\/Admin-SchueBe-BBS-anlegen-2-768x243.png 768w, https:\/\/wordpress.nibis.de\/portal-interne-evaluation-bbs\/files\/2026\/03\/Admin-SchueBe-BBS-anlegen-2-100x32.png 100w, https:\/\/wordpress.nibis.de\/portal-interne-evaluation-bbs\/files\/2026\/03\/Admin-SchueBe-BBS-anlegen-2.png 1038w\" sizes=\"auto, (max-width: 1024px) 100vw, 1024px\" \/><\/figure>\n<\/div>\n\n\n<p><strong>Schritt 3<\/strong>: Gehen Sie im unteren Bereich auf die Schaltfl\u00e4che \u201eDatei ausw\u00e4hlen\u201c, um die Daten der Sch\u00fclerinnen und Sch\u00fcler zu importieren.<\/p>\n\n\n<div class=\"wp-block-image\">\n<figure class=\"aligncenter size-large is-resized\"><img loading=\"lazy\" decoding=\"async\" width=\"1024\" height=\"541\" src=\"https:\/\/wordpress.nibis.de\/portal-interne-evaluation-bbs\/files\/2026\/03\/Admin-SchueBe-BBS-anlegen-3-1024x541.png\" alt=\"\" class=\"wp-image-721\" style=\"width:710px\" srcset=\"https:\/\/wordpress.nibis.de\/portal-interne-evaluation-bbs\/files\/2026\/03\/Admin-SchueBe-BBS-anlegen-3-1024x541.png 1024w, https:\/\/wordpress.nibis.de\/portal-interne-evaluation-bbs\/files\/2026\/03\/Admin-SchueBe-BBS-anlegen-3-300x158.png 300w, https:\/\/wordpress.nibis.de\/portal-interne-evaluation-bbs\/files\/2026\/03\/Admin-SchueBe-BBS-anlegen-3-768x406.png 768w, https:\/\/wordpress.nibis.de\/portal-interne-evaluation-bbs\/files\/2026\/03\/Admin-SchueBe-BBS-anlegen-3-100x53.png 100w, https:\/\/wordpress.nibis.de\/portal-interne-evaluation-bbs\/files\/2026\/03\/Admin-SchueBe-BBS-anlegen-3.png 1289w\" sizes=\"auto, (max-width: 1024px) 100vw, 1024px\" \/><\/figure>\n<\/div>\n\n\n<p><strong>Schritt 4:<\/strong> W\u00e4hlen Sie die vorbereitete CSV-Datei mit den Daten der Sch\u00fclerinnen und Sch\u00fclern aus.<\/p>\n\n\n<div class=\"wp-block-image\">\n<figure class=\"aligncenter size-large is-resized\"><img loading=\"lazy\" decoding=\"async\" width=\"1024\" height=\"556\" src=\"https:\/\/wordpress.nibis.de\/portal-interne-evaluation-bbs\/files\/2026\/03\/Admin-SchueBe-BBS-anlegen-4-1024x556.png\" alt=\"\" class=\"wp-image-723\" style=\"width:710px\" srcset=\"https:\/\/wordpress.nibis.de\/portal-interne-evaluation-bbs\/files\/2026\/03\/Admin-SchueBe-BBS-anlegen-4-1024x556.png 1024w, https:\/\/wordpress.nibis.de\/portal-interne-evaluation-bbs\/files\/2026\/03\/Admin-SchueBe-BBS-anlegen-4-300x163.png 300w, https:\/\/wordpress.nibis.de\/portal-interne-evaluation-bbs\/files\/2026\/03\/Admin-SchueBe-BBS-anlegen-4-768x417.png 768w, https:\/\/wordpress.nibis.de\/portal-interne-evaluation-bbs\/files\/2026\/03\/Admin-SchueBe-BBS-anlegen-4-100x54.png 100w, https:\/\/wordpress.nibis.de\/portal-interne-evaluation-bbs\/files\/2026\/03\/Admin-SchueBe-BBS-anlegen-4.png 1291w\" sizes=\"auto, (max-width: 1024px) 100vw, 1024px\" \/><\/figure>\n<\/div>\n\n\n<p><strong>Schritt 5:<\/strong> Gehen Sie auf den Button \u201eImportieren\u201c, damit die Daten in das System \u00fcbertragen werden.<\/p>\n\n\n<div class=\"wp-block-image\">\n<figure class=\"aligncenter size-large is-resized\"><img loading=\"lazy\" decoding=\"async\" width=\"1024\" height=\"512\" src=\"https:\/\/wordpress.nibis.de\/portal-interne-evaluation-bbs\/files\/2026\/03\/Admin-SchueBe-BBS-anlegen-5-1024x512.png\" alt=\"\" class=\"wp-image-725\" style=\"width:710px\" srcset=\"https:\/\/wordpress.nibis.de\/portal-interne-evaluation-bbs\/files\/2026\/03\/Admin-SchueBe-BBS-anlegen-5-1024x512.png 1024w, https:\/\/wordpress.nibis.de\/portal-interne-evaluation-bbs\/files\/2026\/03\/Admin-SchueBe-BBS-anlegen-5-300x150.png 300w, https:\/\/wordpress.nibis.de\/portal-interne-evaluation-bbs\/files\/2026\/03\/Admin-SchueBe-BBS-anlegen-5-768x384.png 768w, https:\/\/wordpress.nibis.de\/portal-interne-evaluation-bbs\/files\/2026\/03\/Admin-SchueBe-BBS-anlegen-5-100x50.png 100w, https:\/\/wordpress.nibis.de\/portal-interne-evaluation-bbs\/files\/2026\/03\/Admin-SchueBe-BBS-anlegen-5.png 1207w\" sizes=\"auto, (max-width: 1024px) 100vw, 1024px\" \/><\/figure>\n<\/div>\n\n\n<p><strong>Schritt 6:<\/strong> Nachdem der Import abgeschlossen ist, sind die Lerngruppen sichtbar. Diese Lerngruppen sind bereits Lehrkr\u00e4ften zugeordnet. Sollte eine Zuordnung nicht erfolgt sein, so kann sie manuell vorgenommen werden.<\/p>\n\n\n\n<p><strong>Hinweis:<\/strong> Eine Zuordnung erfolgt nur dann, wenn die Lehrkr\u00e4ftek\u00fcrzel im Arbeitsbereich-BBS gepflegt sind und wenn die Lehrkr\u00e4ftek\u00fcrzel in der CSV-Datei vorhanden sind.<\/p>\n\n\n<div class=\"wp-block-image\">\n<figure class=\"aligncenter size-large is-resized\"><img loading=\"lazy\" decoding=\"async\" width=\"1024\" height=\"301\" src=\"https:\/\/wordpress.nibis.de\/portal-interne-evaluation-bbs\/files\/2026\/03\/Admin-SchueBe-BBS-anlegen-6-1024x301.png\" alt=\"\" class=\"wp-image-727\" style=\"width:710px\" srcset=\"https:\/\/wordpress.nibis.de\/portal-interne-evaluation-bbs\/files\/2026\/03\/Admin-SchueBe-BBS-anlegen-6-1024x301.png 1024w, https:\/\/wordpress.nibis.de\/portal-interne-evaluation-bbs\/files\/2026\/03\/Admin-SchueBe-BBS-anlegen-6-300x88.png 300w, https:\/\/wordpress.nibis.de\/portal-interne-evaluation-bbs\/files\/2026\/03\/Admin-SchueBe-BBS-anlegen-6-768x226.png 768w, https:\/\/wordpress.nibis.de\/portal-interne-evaluation-bbs\/files\/2026\/03\/Admin-SchueBe-BBS-anlegen-6-100x29.png 100w, https:\/\/wordpress.nibis.de\/portal-interne-evaluation-bbs\/files\/2026\/03\/Admin-SchueBe-BBS-anlegen-6.png 1271w\" sizes=\"auto, (max-width: 1024px) 100vw, 1024px\" \/><\/figure>\n<\/div>\n\n\n<p><strong>Hinweis:<\/strong> Sie k\u00f6nnen Teile des Namens der Lehrkr\u00e4fte eingeben, um das Listenfeld zu filtern.<\/p>\n\n\n<div class=\"wp-block-image\">\n<figure class=\"aligncenter size-large is-resized\"><img loading=\"lazy\" decoding=\"async\" width=\"1024\" height=\"302\" src=\"https:\/\/wordpress.nibis.de\/portal-interne-evaluation-bbs\/files\/2026\/03\/Admin-SchueBe-BBS-anlegen-7-1024x302.png\" alt=\"\" class=\"wp-image-729\" style=\"width:710px\" srcset=\"https:\/\/wordpress.nibis.de\/portal-interne-evaluation-bbs\/files\/2026\/03\/Admin-SchueBe-BBS-anlegen-7-1024x302.png 1024w, https:\/\/wordpress.nibis.de\/portal-interne-evaluation-bbs\/files\/2026\/03\/Admin-SchueBe-BBS-anlegen-7-300x89.png 300w, https:\/\/wordpress.nibis.de\/portal-interne-evaluation-bbs\/files\/2026\/03\/Admin-SchueBe-BBS-anlegen-7-768x227.png 768w, https:\/\/wordpress.nibis.de\/portal-interne-evaluation-bbs\/files\/2026\/03\/Admin-SchueBe-BBS-anlegen-7-100x30.png 100w, https:\/\/wordpress.nibis.de\/portal-interne-evaluation-bbs\/files\/2026\/03\/Admin-SchueBe-BBS-anlegen-7.png 1256w\" sizes=\"auto, (max-width: 1024px) 100vw, 1024px\" \/><\/figure>\n<\/div>\n\n\n<p><strong>Schritt 7:<\/strong> Gehen Sie auf den Men\u00fcpunkt \u201eSch\u00fcBe-BBS\u201c erstellen.<\/p>\n\n\n<div class=\"wp-block-image\">\n<figure class=\"aligncenter size-large is-resized\"><img loading=\"lazy\" decoding=\"async\" width=\"1024\" height=\"295\" src=\"https:\/\/wordpress.nibis.de\/portal-interne-evaluation-bbs\/files\/2026\/03\/Admin-SchueBe-BBS-anlegen-8-1024x295.png\" alt=\"\" class=\"wp-image-731\" style=\"width:710px\" srcset=\"https:\/\/wordpress.nibis.de\/portal-interne-evaluation-bbs\/files\/2026\/03\/Admin-SchueBe-BBS-anlegen-8-1024x295.png 1024w, https:\/\/wordpress.nibis.de\/portal-interne-evaluation-bbs\/files\/2026\/03\/Admin-SchueBe-BBS-anlegen-8-300x87.png 300w, https:\/\/wordpress.nibis.de\/portal-interne-evaluation-bbs\/files\/2026\/03\/Admin-SchueBe-BBS-anlegen-8-768x222.png 768w, https:\/\/wordpress.nibis.de\/portal-interne-evaluation-bbs\/files\/2026\/03\/Admin-SchueBe-BBS-anlegen-8-100x29.png 100w, https:\/\/wordpress.nibis.de\/portal-interne-evaluation-bbs\/files\/2026\/03\/Admin-SchueBe-BBS-anlegen-8.png 1279w\" sizes=\"auto, (max-width: 1024px) 100vw, 1024px\" \/><\/figure>\n<\/div>\n\n\n<p><strong>Schritt 8:<\/strong> Tragen Sie den Namen Ihrer Befragung von Sch\u00fclerinnen und Sch\u00fclern (Sch\u00fcBe-BBS) ein.<\/p>\n\n\n<div class=\"wp-block-image\">\n<figure class=\"aligncenter size-large is-resized\"><img loading=\"lazy\" decoding=\"async\" width=\"1024\" height=\"356\" src=\"https:\/\/wordpress.nibis.de\/portal-interne-evaluation-bbs\/files\/2026\/03\/46BDA10E-50B2-49B0-9DF8-A7E0823F07FE-1024x356.png\" alt=\"\" class=\"wp-image-733\" style=\"width:710px\" srcset=\"https:\/\/wordpress.nibis.de\/portal-interne-evaluation-bbs\/files\/2026\/03\/46BDA10E-50B2-49B0-9DF8-A7E0823F07FE-1024x356.png 1024w, https:\/\/wordpress.nibis.de\/portal-interne-evaluation-bbs\/files\/2026\/03\/46BDA10E-50B2-49B0-9DF8-A7E0823F07FE-300x104.png 300w, https:\/\/wordpress.nibis.de\/portal-interne-evaluation-bbs\/files\/2026\/03\/46BDA10E-50B2-49B0-9DF8-A7E0823F07FE-768x267.png 768w, https:\/\/wordpress.nibis.de\/portal-interne-evaluation-bbs\/files\/2026\/03\/46BDA10E-50B2-49B0-9DF8-A7E0823F07FE-100x35.png 100w, https:\/\/wordpress.nibis.de\/portal-interne-evaluation-bbs\/files\/2026\/03\/46BDA10E-50B2-49B0-9DF8-A7E0823F07FE.png 1274w\" sizes=\"auto, (max-width: 1024px) 100vw, 1024px\" \/><\/figure>\n<\/div>\n\n\n<p><strong>Schritt 9:<\/strong> Wenn Sie als Option zus\u00e4tzliche Fragen in die Befragung aufnehmen m\u00f6chten, gehen Sie auf den Button \u201e+ Frage hinzuf\u00fcgen\u201c<\/p>\n\n\n<div class=\"wp-block-image\">\n<figure class=\"aligncenter size-large is-resized\"><img loading=\"lazy\" decoding=\"async\" width=\"1024\" height=\"197\" src=\"https:\/\/wordpress.nibis.de\/portal-interne-evaluation-bbs\/files\/2026\/03\/Admin-SchueBe-BBS-anlegen-9-1024x197.png\" alt=\"\" class=\"wp-image-734\" style=\"width:710px\" srcset=\"https:\/\/wordpress.nibis.de\/portal-interne-evaluation-bbs\/files\/2026\/03\/Admin-SchueBe-BBS-anlegen-9-1024x197.png 1024w, https:\/\/wordpress.nibis.de\/portal-interne-evaluation-bbs\/files\/2026\/03\/Admin-SchueBe-BBS-anlegen-9-300x58.png 300w, https:\/\/wordpress.nibis.de\/portal-interne-evaluation-bbs\/files\/2026\/03\/Admin-SchueBe-BBS-anlegen-9-768x148.png 768w, https:\/\/wordpress.nibis.de\/portal-interne-evaluation-bbs\/files\/2026\/03\/Admin-SchueBe-BBS-anlegen-9-100x19.png 100w, https:\/\/wordpress.nibis.de\/portal-interne-evaluation-bbs\/files\/2026\/03\/Admin-SchueBe-BBS-anlegen-9.png 1238w\" sizes=\"auto, (max-width: 1024px) 100vw, 1024px\" \/><\/figure>\n<\/div>\n\n\n<p>Best\u00e4tigen Sie Ihre Eingaben mit einem Klick auf den Button \u201eSpeichern\u201c.<\/p>\n\n\n\n<p><strong>Hinweis:<\/strong> Unter dem Men\u00fcpunkt \u201eSch\u00fcBe-BBS \u00e4ndern\u201c k\u00f6nnen Sie Ihre Befragung von Sch\u00fclerinnen und Sch\u00fclern anpassen, solange Sie diese noch nicht gestartet haben.<\/p>\n\n\n<div class=\"wp-block-image\">\n<figure class=\"aligncenter size-large is-resized\"><img loading=\"lazy\" decoding=\"async\" width=\"1024\" height=\"365\" src=\"https:\/\/wordpress.nibis.de\/portal-interne-evaluation-bbs\/files\/2026\/03\/Admin-SchueBe-BBS-anlegen-10-1024x365.png\" alt=\"\" class=\"wp-image-736\" style=\"width:710px\" srcset=\"https:\/\/wordpress.nibis.de\/portal-interne-evaluation-bbs\/files\/2026\/03\/Admin-SchueBe-BBS-anlegen-10-1024x365.png 1024w, https:\/\/wordpress.nibis.de\/portal-interne-evaluation-bbs\/files\/2026\/03\/Admin-SchueBe-BBS-anlegen-10-300x107.png 300w, https:\/\/wordpress.nibis.de\/portal-interne-evaluation-bbs\/files\/2026\/03\/Admin-SchueBe-BBS-anlegen-10-768x274.png 768w, https:\/\/wordpress.nibis.de\/portal-interne-evaluation-bbs\/files\/2026\/03\/Admin-SchueBe-BBS-anlegen-10-100x36.png 100w, https:\/\/wordpress.nibis.de\/portal-interne-evaluation-bbs\/files\/2026\/03\/Admin-SchueBe-BBS-anlegen-10.png 1270w\" sizes=\"auto, (max-width: 1024px) 100vw, 1024px\" \/><\/figure>\n<\/div>\n\n\n<p><strong>Schritt 10:<\/strong> Unter dem Men\u00fcpunkt \u201eSch\u00fcBe-BBS verwalten\u201c k\u00f6nnen Sie die Befragung von Sch\u00fclerinnen und Sch\u00fclern starten, indem Sie auf den Button \u201eFreigeben\u201c klicken.<\/p>\n\n\n<div class=\"wp-block-image\">\n<figure class=\"aligncenter size-large is-resized\"><img loading=\"lazy\" decoding=\"async\" width=\"1024\" height=\"248\" src=\"https:\/\/wordpress.nibis.de\/portal-interne-evaluation-bbs\/files\/2026\/03\/Admin-SchueBe-BBS-anlegen-11-1024x248.png\" alt=\"\" class=\"wp-image-738\" style=\"width:710px\" srcset=\"https:\/\/wordpress.nibis.de\/portal-interne-evaluation-bbs\/files\/2026\/03\/Admin-SchueBe-BBS-anlegen-11-1024x248.png 1024w, https:\/\/wordpress.nibis.de\/portal-interne-evaluation-bbs\/files\/2026\/03\/Admin-SchueBe-BBS-anlegen-11-300x73.png 300w, https:\/\/wordpress.nibis.de\/portal-interne-evaluation-bbs\/files\/2026\/03\/Admin-SchueBe-BBS-anlegen-11-768x186.png 768w, https:\/\/wordpress.nibis.de\/portal-interne-evaluation-bbs\/files\/2026\/03\/Admin-SchueBe-BBS-anlegen-11-100x24.png 100w, https:\/\/wordpress.nibis.de\/portal-interne-evaluation-bbs\/files\/2026\/03\/Admin-SchueBe-BBS-anlegen-11.png 1278w\" sizes=\"auto, (max-width: 1024px) 100vw, 1024px\" \/><\/figure>\n<\/div>","protected":false},"excerpt":{"rendered":"<p>Stellen Sie sicher, dass Sie vorher die Daten der Sch\u00fclerinnen und Sch\u00fcler im geeigneten Format vorliegen. Beachten Sie hierbei, dass die K\u00fcrzel der Lehrkr\u00e4fte im Arbeitsbereich-BBS gepflegt sind und das die CSV-Datei ebenfalls die K\u00fcrzel enth\u00e4lt. Schritt 1: Gehen Sie auf den Men\u00fcpunkt \u201eSch\u00fcBe-BBS\u201c. Schritt 2: Gehen Sie auf den Men\u00fcpunkt \u201eSch\u00fcBe-BBS Befragungsgruppen (anlegen und &hellip; <a href=\"https:\/\/wordpress.nibis.de\/portal-interne-evaluation-bbs\/schuebe-bbs-anlegen\/\" class=\"more-link\"><span class=\"screen-reader-text\">Sch\u00fcBe-BBS anlegen<\/span> weiterlesen <span class=\"meta-nav\">&rarr;<\/span><\/a><\/p>\n","protected":false},"author":9194395,"featured_media":0,"parent":0,"menu_order":0,"comment_status":"closed","ping_status":"closed","template":"","meta":{"footnotes":""},"class_list":["post-243","page","type-page","status-publish","hentry"],"_links":{"self":[{"href":"https:\/\/wordpress.nibis.de\/portal-interne-evaluation-bbs\/wp-json\/wp\/v2\/pages\/243","targetHints":{"allow":["GET"]}}],"collection":[{"href":"https:\/\/wordpress.nibis.de\/portal-interne-evaluation-bbs\/wp-json\/wp\/v2\/pages"}],"about":[{"href":"https:\/\/wordpress.nibis.de\/portal-interne-evaluation-bbs\/wp-json\/wp\/v2\/types\/page"}],"author":[{"embeddable":true,"href":"https:\/\/wordpress.nibis.de\/portal-interne-evaluation-bbs\/wp-json\/wp\/v2\/users\/9194395"}],"replies":[{"embeddable":true,"href":"https:\/\/wordpress.nibis.de\/portal-interne-evaluation-bbs\/wp-json\/wp\/v2\/comments?post=243"}],"version-history":[{"count":15,"href":"https:\/\/wordpress.nibis.de\/portal-interne-evaluation-bbs\/wp-json\/wp\/v2\/pages\/243\/revisions"}],"predecessor-version":[{"id":741,"href":"https:\/\/wordpress.nibis.de\/portal-interne-evaluation-bbs\/wp-json\/wp\/v2\/pages\/243\/revisions\/741"}],"wp:attachment":[{"href":"https:\/\/wordpress.nibis.de\/portal-interne-evaluation-bbs\/wp-json\/wp\/v2\/media?parent=243"}],"curies":[{"name":"wp","href":"https:\/\/api.w.org\/{rel}","templated":true}]}}