{"id":301,"date":"2024-11-01T10:54:12","date_gmt":"2024-11-01T09:54:12","guid":{"rendered":"https:\/\/wordpress.nibis.de\/portal-interne-evaluation-bbs\/?page_id=301"},"modified":"2026-03-27T07:15:38","modified_gmt":"2026-03-27T06:15:38","slug":"mub-bbs-auswerten","status":"publish","type":"page","link":"https:\/\/wordpress.nibis.de\/portal-interne-evaluation-bbs\/mub-bbs-auswerten\/","title":{"rendered":"mUB-BBS auswerten"},"content":{"rendered":"\n<p>Es ist m\u00f6glich eine einzelne Unterrichtsbeobachtung (eine einzelne Unterrichtsstunde) vorzunehmen und das Ergebnis darzustellen.<\/p>\n\n\n\n<p>Dar\u00fcber hinaus bieten die (UB-BBS \u2013 LK) und die Lerngruppenversion (UB-BBS \u2013&nbsp;LGr) die M\u00f6glichkeit einer mehrperspektivischen Unterrichtsbeobachtung (mUB). Hierzu kann die Lehrkraft die \u201eUB-BBS \u2013 LK\u201c zur Selbstreflexion des eigenen Unterrichts nutzen, diesen im Rahmen einer kollegialen Hospitation einsetzen sowie die Lerngruppe&nbsp;mithilfe der \u201eUB-BBS \u2013&nbsp;LGr\u201c zum Unterricht befragen. Die Ergebnisse werden in einem Profillinienvergleich angezeigt.<\/p>\n\n\n\n<div class=\"wp-block-file\"><a id=\"wp-block-file--media-56c9c02a-d48f-4d54-b3c5-cb4de9e4ff25\" href=\"https:\/\/wordpress.nibis.de\/portal-interne-evaluation-bbs\/files\/2026\/03\/Kurzanleitung-mUB-BBS-auswerten.pdf\">Die Kurzanleitung mUB-BBS auswerten zum Download<\/a><\/div>\n\n\n\n<p><strong>Schritt 1:<\/strong> Gehen Sie auf den Men\u00fcpunkt \u201eUB-BBS\u201c und w\u00e4hlen Sie die gew\u00fcnschte Unterrichtsbeobachtung aus, f\u00fcr die eine mehrperspektivische Unterrichtsbeobachtung erstellt werden soll.<\/p>\n\n\n<div class=\"wp-block-image\">\n<figure class=\"aligncenter size-large is-resized\"><img loading=\"lazy\" decoding=\"async\" width=\"1024\" height=\"480\" src=\"https:\/\/wordpress.nibis.de\/portal-interne-evaluation-bbs\/files\/2026\/03\/mUB-BBS-auswerten-1-1024x480.png\" alt=\"\" class=\"wp-image-647\" style=\"width:700px\" srcset=\"https:\/\/wordpress.nibis.de\/portal-interne-evaluation-bbs\/files\/2026\/03\/mUB-BBS-auswerten-1-1024x480.png 1024w, https:\/\/wordpress.nibis.de\/portal-interne-evaluation-bbs\/files\/2026\/03\/mUB-BBS-auswerten-1-300x141.png 300w, https:\/\/wordpress.nibis.de\/portal-interne-evaluation-bbs\/files\/2026\/03\/mUB-BBS-auswerten-1-768x360.png 768w, https:\/\/wordpress.nibis.de\/portal-interne-evaluation-bbs\/files\/2026\/03\/mUB-BBS-auswerten-1-100x47.png 100w, https:\/\/wordpress.nibis.de\/portal-interne-evaluation-bbs\/files\/2026\/03\/mUB-BBS-auswerten-1.png 1416w\" sizes=\"auto, (max-width: 1024px) 100vw, 1024px\" \/><\/figure>\n<\/div>\n\n\n<p><strong>Schritt 2:<\/strong> Gehen Sie auf den Men\u00fcpunkt \u201emUB-BBS auswerten\u201c. W\u00e4hlen Sie anschlie\u00dfend \u00fcber den Pfeil die Unterrichtsbeobachtung aus, f\u00fcr die Sie eine mehrperspektivische Unterrichtsbeobachtung im Vorfeld vorgenommen haben und nun eine Auswertung w\u00fcnschen. Sie k\u00f6nnen ebenfalls w\u00e4hlen, welche Akteure einbezogen werden sollen. Mit Hilfe des Buttons \u201eBerechnen\u201c wird die Auswertung vorgenommen.<\/p>\n\n\n<div class=\"wp-block-image\">\n<figure class=\"aligncenter size-large is-resized\"><img loading=\"lazy\" decoding=\"async\" width=\"1024\" height=\"265\" src=\"https:\/\/wordpress.nibis.de\/portal-interne-evaluation-bbs\/files\/2026\/03\/mUB-BBS-auswerten-2-1024x265.png\" alt=\"\" class=\"wp-image-648\" style=\"width:700px\" srcset=\"https:\/\/wordpress.nibis.de\/portal-interne-evaluation-bbs\/files\/2026\/03\/mUB-BBS-auswerten-2-1024x265.png 1024w, https:\/\/wordpress.nibis.de\/portal-interne-evaluation-bbs\/files\/2026\/03\/mUB-BBS-auswerten-2-300x78.png 300w, https:\/\/wordpress.nibis.de\/portal-interne-evaluation-bbs\/files\/2026\/03\/mUB-BBS-auswerten-2-768x199.png 768w, https:\/\/wordpress.nibis.de\/portal-interne-evaluation-bbs\/files\/2026\/03\/mUB-BBS-auswerten-2-100x26.png 100w, https:\/\/wordpress.nibis.de\/portal-interne-evaluation-bbs\/files\/2026\/03\/mUB-BBS-auswerten-2.png 1392w\" sizes=\"auto, (max-width: 1024px) 100vw, 1024px\" \/><\/figure>\n<\/div>\n\n\n<p><strong>Schritt 3:<\/strong> Sie k\u00f6nnen zwischen zwei verschiedenen Ansichten mit Hilfe des Schalters ausw\u00e4hlen. Ist der Haken gesetzt, werden Ihnen die Ergebnisse als erweiterte Auswertung tabellarisch dargestellt. (<strong>n<\/strong>= Anzahl der teilgenommen Sch\u00fclerinnen und Sch\u00fcler; <strong>x\u0304<\/strong>=Durchschnitt; <strong>\u03c3<\/strong>= Streuung)<\/p>\n\n\n<div class=\"wp-block-image\">\n<figure class=\"aligncenter size-large is-resized\"><img loading=\"lazy\" decoding=\"async\" width=\"1024\" height=\"527\" src=\"https:\/\/wordpress.nibis.de\/portal-interne-evaluation-bbs\/files\/2026\/03\/mUB-BBS-auswerten-3-1024x527.png\" alt=\"\" class=\"wp-image-649\" style=\"width:700px\" srcset=\"https:\/\/wordpress.nibis.de\/portal-interne-evaluation-bbs\/files\/2026\/03\/mUB-BBS-auswerten-3-1024x527.png 1024w, https:\/\/wordpress.nibis.de\/portal-interne-evaluation-bbs\/files\/2026\/03\/mUB-BBS-auswerten-3-300x154.png 300w, https:\/\/wordpress.nibis.de\/portal-interne-evaluation-bbs\/files\/2026\/03\/mUB-BBS-auswerten-3-768x395.png 768w, https:\/\/wordpress.nibis.de\/portal-interne-evaluation-bbs\/files\/2026\/03\/mUB-BBS-auswerten-3-100x51.png 100w, https:\/\/wordpress.nibis.de\/portal-interne-evaluation-bbs\/files\/2026\/03\/mUB-BBS-auswerten-3.png 1337w\" sizes=\"auto, (max-width: 1024px) 100vw, 1024px\" \/><\/figure>\n<\/div>\n\n\n<p><strong>Schritt 4: <\/strong>Wird der Haken bei der Ansicht nicht gesetzt, erhalten Sie die Ergebnisse im Profillinienvergleich. In der hier dargestellten Ansicht k\u00f6nnen Sie Abweichungen und \u00dcbereinstimmungen zwischen Ihrer eigenen und der Beobachtung Ihrer Sch\u00fclerinnen und Sch\u00fcler erkennen.<\/p>\n\n\n<div class=\"wp-block-image\">\n<figure class=\"aligncenter size-large is-resized\"><img loading=\"lazy\" decoding=\"async\" width=\"1024\" height=\"525\" src=\"https:\/\/wordpress.nibis.de\/portal-interne-evaluation-bbs\/files\/2026\/03\/mUB-BBS-auswerten-4-1024x525.png\" alt=\"\" class=\"wp-image-650\" style=\"width:700px\" srcset=\"https:\/\/wordpress.nibis.de\/portal-interne-evaluation-bbs\/files\/2026\/03\/mUB-BBS-auswerten-4-1024x525.png 1024w, https:\/\/wordpress.nibis.de\/portal-interne-evaluation-bbs\/files\/2026\/03\/mUB-BBS-auswerten-4-300x154.png 300w, https:\/\/wordpress.nibis.de\/portal-interne-evaluation-bbs\/files\/2026\/03\/mUB-BBS-auswerten-4-768x394.png 768w, https:\/\/wordpress.nibis.de\/portal-interne-evaluation-bbs\/files\/2026\/03\/mUB-BBS-auswerten-4-100x51.png 100w, https:\/\/wordpress.nibis.de\/portal-interne-evaluation-bbs\/files\/2026\/03\/mUB-BBS-auswerten-4.png 1368w\" sizes=\"auto, (max-width: 1024px) 100vw, 1024px\" \/><\/figure>\n<\/div>","protected":false},"excerpt":{"rendered":"<p>Es ist m\u00f6glich eine einzelne Unterrichtsbeobachtung (eine einzelne Unterrichtsstunde) vorzunehmen und das Ergebnis darzustellen. Dar\u00fcber hinaus bieten die (UB-BBS \u2013 LK) und die Lerngruppenversion (UB-BBS \u2013&nbsp;LGr) die M\u00f6glichkeit einer mehrperspektivischen Unterrichtsbeobachtung (mUB). Hierzu kann die Lehrkraft die \u201eUB-BBS \u2013 LK\u201c zur Selbstreflexion des eigenen Unterrichts nutzen, diesen im Rahmen einer kollegialen Hospitation einsetzen sowie die &hellip; <a href=\"https:\/\/wordpress.nibis.de\/portal-interne-evaluation-bbs\/mub-bbs-auswerten\/\" class=\"more-link\"><span class=\"screen-reader-text\">mUB-BBS auswerten<\/span> weiterlesen <span class=\"meta-nav\">&rarr;<\/span><\/a><\/p>\n","protected":false},"author":9194395,"featured_media":0,"parent":0,"menu_order":0,"comment_status":"closed","ping_status":"closed","template":"","meta":{"footnotes":""},"class_list":["post-301","page","type-page","status-publish","hentry"],"_links":{"self":[{"href":"https:\/\/wordpress.nibis.de\/portal-interne-evaluation-bbs\/wp-json\/wp\/v2\/pages\/301","targetHints":{"allow":["GET"]}}],"collection":[{"href":"https:\/\/wordpress.nibis.de\/portal-interne-evaluation-bbs\/wp-json\/wp\/v2\/pages"}],"about":[{"href":"https:\/\/wordpress.nibis.de\/portal-interne-evaluation-bbs\/wp-json\/wp\/v2\/types\/page"}],"author":[{"embeddable":true,"href":"https:\/\/wordpress.nibis.de\/portal-interne-evaluation-bbs\/wp-json\/wp\/v2\/users\/9194395"}],"replies":[{"embeddable":true,"href":"https:\/\/wordpress.nibis.de\/portal-interne-evaluation-bbs\/wp-json\/wp\/v2\/comments?post=301"}],"version-history":[{"count":5,"href":"https:\/\/wordpress.nibis.de\/portal-interne-evaluation-bbs\/wp-json\/wp\/v2\/pages\/301\/revisions"}],"predecessor-version":[{"id":671,"href":"https:\/\/wordpress.nibis.de\/portal-interne-evaluation-bbs\/wp-json\/wp\/v2\/pages\/301\/revisions\/671"}],"wp:attachment":[{"href":"https:\/\/wordpress.nibis.de\/portal-interne-evaluation-bbs\/wp-json\/wp\/v2\/media?parent=301"}],"curies":[{"name":"wp","href":"https:\/\/api.w.org\/{rel}","templated":true}]}}