{"id":307,"date":"2024-11-01T11:42:41","date_gmt":"2024-11-01T10:42:41","guid":{"rendered":"https:\/\/wordpress.nibis.de\/portal-interne-evaluation-bbs\/?page_id=307"},"modified":"2026-03-27T07:14:22","modified_gmt":"2026-03-27T06:14:22","slug":"mub-bbs-anlegen","status":"publish","type":"page","link":"https:\/\/wordpress.nibis.de\/portal-interne-evaluation-bbs\/mub-bbs-anlegen\/","title":{"rendered":"mUB-BBS anlegen"},"content":{"rendered":"\n<p>Um eine mehrperspektivische Unterrichtsbeobachtung durchzuf\u00fchren m\u00fcssen Sie zuerst eine Unterrichtsbeobachtung anlegen und speichern. Im Anschluss rufen Sie die Konfiguration des UB-BBS auf und erg\u00e4nzen die Angaben zur Lerngruppe.<\/p>\n\n\n\n<div class=\"wp-block-file\"><a id=\"wp-block-file--media-1fe3cc6c-0db6-4794-ad82-339170d4208b\" href=\"https:\/\/wordpress.nibis.de\/portal-interne-evaluation-bbs\/files\/2026\/03\/Kurzanleitung-mUB-BBS-anlegen.pdf\">Die Kurzanleitung mUB-BBS anlegen zum Download<\/a><\/div>\n\n\n\n<p><strong>Schritt 1:<\/strong> Gehen Sie auf den Men\u00fcpunkt \u201eUB-BBS\u201c und w\u00e4hlen Sie die Unterrichtsbeobachtung aus, f\u00fcr die eine <strong>m<\/strong>ehrperspektivische <strong>U<\/strong>nterrichts<strong>b<\/strong>eobachtung angelegt werden soll.<\/p>\n\n\n<div class=\"wp-block-image\">\n<figure class=\"aligncenter size-large is-resized\"><img loading=\"lazy\" decoding=\"async\" width=\"1024\" height=\"334\" src=\"https:\/\/wordpress.nibis.de\/portal-interne-evaluation-bbs\/files\/2026\/03\/mUB-BBS-anlegen-1-1024x334.png\" alt=\"\" class=\"wp-image-639\" style=\"width:700px\" srcset=\"https:\/\/wordpress.nibis.de\/portal-interne-evaluation-bbs\/files\/2026\/03\/mUB-BBS-anlegen-1-1024x334.png 1024w, https:\/\/wordpress.nibis.de\/portal-interne-evaluation-bbs\/files\/2026\/03\/mUB-BBS-anlegen-1-300x98.png 300w, https:\/\/wordpress.nibis.de\/portal-interne-evaluation-bbs\/files\/2026\/03\/mUB-BBS-anlegen-1-768x251.png 768w, https:\/\/wordpress.nibis.de\/portal-interne-evaluation-bbs\/files\/2026\/03\/mUB-BBS-anlegen-1-100x33.png 100w, https:\/\/wordpress.nibis.de\/portal-interne-evaluation-bbs\/files\/2026\/03\/mUB-BBS-anlegen-1.png 1381w\" sizes=\"auto, (max-width: 1024px) 100vw, 1024px\" \/><\/figure>\n<\/div>\n\n\n<p><strong>Schritt 2:<\/strong> Gehen Sie auf den Men\u00fcpunkt \u201eUB-BBS verwalten\u201c. W\u00e4hlen Sie anschlie\u00dfend \u00fcber das Stiftsymbol das Unterrichtsbeobachtungsvorhaben aus, das ebenfalls Ihren Sch\u00fclerinnen und Sch\u00fclern zur Einsch\u00e4tzung Ihres Unterrichtes zur Verf\u00fcgung gestellt werden soll.<\/p>\n\n\n<div class=\"wp-block-image\">\n<figure class=\"aligncenter size-large is-resized\"><img loading=\"lazy\" decoding=\"async\" width=\"1024\" height=\"226\" src=\"https:\/\/wordpress.nibis.de\/portal-interne-evaluation-bbs\/files\/2026\/03\/mUB-BBS-anlegen-2-1024x226.png\" alt=\"\" class=\"wp-image-640\" style=\"width:700px\" srcset=\"https:\/\/wordpress.nibis.de\/portal-interne-evaluation-bbs\/files\/2026\/03\/mUB-BBS-anlegen-2-1024x226.png 1024w, https:\/\/wordpress.nibis.de\/portal-interne-evaluation-bbs\/files\/2026\/03\/mUB-BBS-anlegen-2-300x66.png 300w, https:\/\/wordpress.nibis.de\/portal-interne-evaluation-bbs\/files\/2026\/03\/mUB-BBS-anlegen-2-768x170.png 768w, https:\/\/wordpress.nibis.de\/portal-interne-evaluation-bbs\/files\/2026\/03\/mUB-BBS-anlegen-2-100x22.png 100w, https:\/\/wordpress.nibis.de\/portal-interne-evaluation-bbs\/files\/2026\/03\/mUB-BBS-anlegen-2.png 1399w\" sizes=\"auto, (max-width: 1024px) 100vw, 1024px\" \/><\/figure>\n<\/div>\n\n\n<p><strong>Schritt 3:<\/strong> An dieser Stelle w\u00e4hlen Sie nun den Reiter \u201emUB-Einstellungen\u201c und die Anzahl der Sch\u00fclerinnen und Sch\u00fcler, die an der Befragung teilnehmen sollen. \u00dcber den Button \u201eAccounts generieren\u201c, werden Sch\u00fcler-Accounts mit Hilfe eines QR-Codes oder TANs zur niederschwelligen Nutzung bereitgestellt.<\/p>\n\n\n<div class=\"wp-block-image\">\n<figure class=\"aligncenter size-large is-resized\"><img loading=\"lazy\" decoding=\"async\" width=\"1024\" height=\"584\" src=\"https:\/\/wordpress.nibis.de\/portal-interne-evaluation-bbs\/files\/2026\/03\/mUB-BBS-anlegen-3-1024x584.png\" alt=\"\" class=\"wp-image-641\" style=\"width:700px\" srcset=\"https:\/\/wordpress.nibis.de\/portal-interne-evaluation-bbs\/files\/2026\/03\/mUB-BBS-anlegen-3-1024x584.png 1024w, https:\/\/wordpress.nibis.de\/portal-interne-evaluation-bbs\/files\/2026\/03\/mUB-BBS-anlegen-3-300x171.png 300w, https:\/\/wordpress.nibis.de\/portal-interne-evaluation-bbs\/files\/2026\/03\/mUB-BBS-anlegen-3-768x438.png 768w, https:\/\/wordpress.nibis.de\/portal-interne-evaluation-bbs\/files\/2026\/03\/mUB-BBS-anlegen-3-100x57.png 100w, https:\/\/wordpress.nibis.de\/portal-interne-evaluation-bbs\/files\/2026\/03\/mUB-BBS-anlegen-3.png 1310w\" sizes=\"auto, (max-width: 1024px) 100vw, 1024px\" \/><\/figure>\n<\/div>\n\n\n<p><strong>Schritt 4: <\/strong>Anschlie\u00dfend k\u00f6nnen Sie \u00fcber den Schalter ausw\u00e4hlen, ob Sie den Teilnehmenden den Zugang f\u00fcr die Befragung \u00fcber eine TAN oder den QR-Code erm\u00f6glichen m\u00f6chten. \u00dcber den Button \u201edrucken\u201c k\u00f6nnen Sie alle QR-Codes oder TANs ausdrucken und an Ihre Sch\u00fclerinnen und Sch\u00fcler verteilen.<\/p>\n\n\n<div class=\"wp-block-image\">\n<figure class=\"aligncenter size-large is-resized\"><img loading=\"lazy\" decoding=\"async\" width=\"1024\" height=\"575\" src=\"https:\/\/wordpress.nibis.de\/portal-interne-evaluation-bbs\/files\/2026\/03\/mUB-BBS-anlegen-4-1024x575.png\" alt=\"\" class=\"wp-image-642\" style=\"width:700px\" srcset=\"https:\/\/wordpress.nibis.de\/portal-interne-evaluation-bbs\/files\/2026\/03\/mUB-BBS-anlegen-4-1024x575.png 1024w, https:\/\/wordpress.nibis.de\/portal-interne-evaluation-bbs\/files\/2026\/03\/mUB-BBS-anlegen-4-300x169.png 300w, https:\/\/wordpress.nibis.de\/portal-interne-evaluation-bbs\/files\/2026\/03\/mUB-BBS-anlegen-4-768x431.png 768w, https:\/\/wordpress.nibis.de\/portal-interne-evaluation-bbs\/files\/2026\/03\/mUB-BBS-anlegen-4-100x56.png 100w, https:\/\/wordpress.nibis.de\/portal-interne-evaluation-bbs\/files\/2026\/03\/mUB-BBS-anlegen-4.png 1399w\" sizes=\"auto, (max-width: 1024px) 100vw, 1024px\" \/><\/figure>\n<\/div>","protected":false},"excerpt":{"rendered":"<p>Um eine mehrperspektivische Unterrichtsbeobachtung durchzuf\u00fchren m\u00fcssen Sie zuerst eine Unterrichtsbeobachtung anlegen und speichern. Im Anschluss rufen Sie die Konfiguration des UB-BBS auf und erg\u00e4nzen die Angaben zur Lerngruppe. Schritt 1: Gehen Sie auf den Men\u00fcpunkt \u201eUB-BBS\u201c und w\u00e4hlen Sie die Unterrichtsbeobachtung aus, f\u00fcr die eine mehrperspektivische Unterrichtsbeobachtung angelegt werden soll. Schritt 2: Gehen Sie auf &hellip; <a href=\"https:\/\/wordpress.nibis.de\/portal-interne-evaluation-bbs\/mub-bbs-anlegen\/\" class=\"more-link\"><span class=\"screen-reader-text\">mUB-BBS anlegen<\/span> weiterlesen <span class=\"meta-nav\">&rarr;<\/span><\/a><\/p>\n","protected":false},"author":9194395,"featured_media":0,"parent":0,"menu_order":0,"comment_status":"closed","ping_status":"closed","template":"","meta":{"footnotes":""},"class_list":["post-307","page","type-page","status-publish","hentry"],"_links":{"self":[{"href":"https:\/\/wordpress.nibis.de\/portal-interne-evaluation-bbs\/wp-json\/wp\/v2\/pages\/307","targetHints":{"allow":["GET"]}}],"collection":[{"href":"https:\/\/wordpress.nibis.de\/portal-interne-evaluation-bbs\/wp-json\/wp\/v2\/pages"}],"about":[{"href":"https:\/\/wordpress.nibis.de\/portal-interne-evaluation-bbs\/wp-json\/wp\/v2\/types\/page"}],"author":[{"embeddable":true,"href":"https:\/\/wordpress.nibis.de\/portal-interne-evaluation-bbs\/wp-json\/wp\/v2\/users\/9194395"}],"replies":[{"embeddable":true,"href":"https:\/\/wordpress.nibis.de\/portal-interne-evaluation-bbs\/wp-json\/wp\/v2\/comments?post=307"}],"version-history":[{"count":9,"href":"https:\/\/wordpress.nibis.de\/portal-interne-evaluation-bbs\/wp-json\/wp\/v2\/pages\/307\/revisions"}],"predecessor-version":[{"id":670,"href":"https:\/\/wordpress.nibis.de\/portal-interne-evaluation-bbs\/wp-json\/wp\/v2\/pages\/307\/revisions\/670"}],"wp:attachment":[{"href":"https:\/\/wordpress.nibis.de\/portal-interne-evaluation-bbs\/wp-json\/wp\/v2\/media?parent=307"}],"curies":[{"name":"wp","href":"https:\/\/api.w.org\/{rel}","templated":true}]}}