{"id":321,"date":"2024-11-01T12:45:31","date_gmt":"2024-11-01T11:45:31","guid":{"rendered":"https:\/\/wordpress.nibis.de\/portal-interne-evaluation-bbs\/?page_id=321"},"modified":"2026-03-30T12:36:34","modified_gmt":"2026-03-30T10:36:34","slug":"sebeisch-bbs-prozesseinschaetzung-vergleichen","status":"publish","type":"page","link":"https:\/\/wordpress.nibis.de\/portal-interne-evaluation-bbs\/sebeisch-bbs-prozesseinschaetzung-vergleichen\/","title":{"rendered":"SebeiSch-BBS Prozesseinsch\u00e4tzung vergleichen"},"content":{"rendered":"\n<p>Wenn Sie eine SebeiSch-BBS angelegt haben, k\u00f6nnen Sie die Prozesseinsch\u00e4tzungen Ihrer Teilnehmerinnen und Teilnehmer einsehen. Die Ergebnisse sollen in einer gemeinsamen Teamsitzung als Gespr\u00e4chsanlass dienen.<\/p>\n\n\n\n<div class=\"wp-block-file\"><a id=\"wp-block-file--media-e8a278e3-9290-4363-a21f-fa67dece2afb\" href=\"https:\/\/wordpress.nibis.de\/portal-interne-evaluation-bbs\/files\/2026\/03\/Kurzanleitung-SebeiSch-BBS-Prozessqualitaet-vergleichen.pdf\">Die Kurzanleitung SebeiSch-BBS Prozessqualit\u00e4t vergleichen zum Download<\/a><\/div>\n\n\n\n<p>Nachdem Sie ein SebeiSch\u2011BBS gemeinsam mit den Lehrkr\u00e4ften Ihrer Fach\u2011 \/Bildungsgangsgruppe durchgef\u00fchrt haben, m\u00f6chten Sie sich einen strukturierten \u00dcberblick \u00fcber die Einsch\u00e4tzungen zu den Kernaufgaben verschaffen. Hierf\u00fcr steht Ihnen die Funktion \u201eProzessqualit\u00e4t vergleichen\u201c zur Verf\u00fcgung.<\/p>\n\n\n\n<p><strong>Schritt 1:<\/strong> Gehen Sie auf dem Dashboard auf die gew\u00fcnschte SebeiSch-BBS.<\/p>\n\n\n<div class=\"wp-block-image\">\n<figure class=\"aligncenter size-full is-resized\"><img loading=\"lazy\" decoding=\"async\" width=\"665\" height=\"869\" src=\"https:\/\/wordpress.nibis.de\/portal-interne-evaluation-bbs\/files\/2026\/03\/SebeiSch-BBS-Prozessqualitaet-vergleichen-1.png\" alt=\"\" class=\"wp-image-822\" style=\"width:400px\" srcset=\"https:\/\/wordpress.nibis.de\/portal-interne-evaluation-bbs\/files\/2026\/03\/SebeiSch-BBS-Prozessqualitaet-vergleichen-1.png 665w, https:\/\/wordpress.nibis.de\/portal-interne-evaluation-bbs\/files\/2026\/03\/SebeiSch-BBS-Prozessqualitaet-vergleichen-1-230x300.png 230w, https:\/\/wordpress.nibis.de\/portal-interne-evaluation-bbs\/files\/2026\/03\/SebeiSch-BBS-Prozessqualitaet-vergleichen-1-100x131.png 100w\" sizes=\"auto, (max-width: 665px) 100vw, 665px\" \/><\/figure>\n<\/div>\n\n\n<p><strong>Schritt 2:<\/strong> W\u00e4hlen Sie den Button \u201eProzessqualit\u00e4t vergleichen\u201c.<\/p>\n\n\n<div class=\"wp-block-image\">\n<figure class=\"aligncenter size-full is-resized\"><img loading=\"lazy\" decoding=\"async\" width=\"673\" height=\"638\" src=\"https:\/\/wordpress.nibis.de\/portal-interne-evaluation-bbs\/files\/2026\/03\/SebeiSch-BBS-Prozessqualitaet-vergleichen-2.png\" alt=\"\" class=\"wp-image-823\" style=\"width:400px\" srcset=\"https:\/\/wordpress.nibis.de\/portal-interne-evaluation-bbs\/files\/2026\/03\/SebeiSch-BBS-Prozessqualitaet-vergleichen-2.png 673w, https:\/\/wordpress.nibis.de\/portal-interne-evaluation-bbs\/files\/2026\/03\/SebeiSch-BBS-Prozessqualitaet-vergleichen-2-300x284.png 300w, https:\/\/wordpress.nibis.de\/portal-interne-evaluation-bbs\/files\/2026\/03\/SebeiSch-BBS-Prozessqualitaet-vergleichen-2-100x95.png 100w\" sizes=\"auto, (max-width: 673px) 100vw, 673px\" \/><\/figure>\n<\/div>\n\n\n<p><strong>Schritt 3:<\/strong> W\u00e4hlen Sie anschlie\u00dfend die gew\u00fcnschte SebeiSch-BBS aus, deren Prozessqualit\u00e4t Sie vergleichen m\u00f6chten.<\/p>\n\n\n<div class=\"wp-block-image\">\n<figure class=\"aligncenter size-large is-resized\"><img loading=\"lazy\" decoding=\"async\" width=\"1024\" height=\"167\" src=\"https:\/\/wordpress.nibis.de\/portal-interne-evaluation-bbs\/files\/2026\/03\/SebeiSch-BBS-Prozessqualitaet-vergleichen-3-1024x167.png\" alt=\"\" class=\"wp-image-824\" style=\"width:710px\" srcset=\"https:\/\/wordpress.nibis.de\/portal-interne-evaluation-bbs\/files\/2026\/03\/SebeiSch-BBS-Prozessqualitaet-vergleichen-3-1024x167.png 1024w, https:\/\/wordpress.nibis.de\/portal-interne-evaluation-bbs\/files\/2026\/03\/SebeiSch-BBS-Prozessqualitaet-vergleichen-3-300x49.png 300w, https:\/\/wordpress.nibis.de\/portal-interne-evaluation-bbs\/files\/2026\/03\/SebeiSch-BBS-Prozessqualitaet-vergleichen-3-768x125.png 768w, https:\/\/wordpress.nibis.de\/portal-interne-evaluation-bbs\/files\/2026\/03\/SebeiSch-BBS-Prozessqualitaet-vergleichen-3-100x16.png 100w, https:\/\/wordpress.nibis.de\/portal-interne-evaluation-bbs\/files\/2026\/03\/SebeiSch-BBS-Prozessqualitaet-vergleichen-3.png 1507w\" sizes=\"auto, (max-width: 1024px) 100vw, 1024px\" \/><\/figure>\n<\/div>\n\n\n<p><strong>Schritt 4:<\/strong> Sie erhalten f\u00fcr Ihre gew\u00e4hlte SebeiSch-BBS eine \u00dcbersicht \u00fcber die Einsch\u00e4tzungen der Prozessqualit\u00e4t. In diesem Fall haben Stefan Schmidt und Ingrid Schulz bereits lediglich die Kernaufgabe B1 bewertet. Beide Personen sch\u00e4tzen die Kernaufgabe als \u201efundiert\u201c ein. Sie k\u00f6nnen \u00fcber den Pfeil ebenfalls eine weitere SebeiSch-BBS hinzuf\u00fcgen, um beide Ergebnisse direkt gegen\u00fcberstellen zu k\u00f6nnen.<\/p>\n\n\n<div class=\"wp-block-image\">\n<figure class=\"aligncenter size-large is-resized\"><img loading=\"lazy\" decoding=\"async\" width=\"1024\" height=\"547\" src=\"https:\/\/wordpress.nibis.de\/portal-interne-evaluation-bbs\/files\/2026\/03\/SebeiSch-BBS-Prozessqualitaet-vergleichen-4-1024x547.png\" alt=\"\" class=\"wp-image-826\" style=\"width:710px\" srcset=\"https:\/\/wordpress.nibis.de\/portal-interne-evaluation-bbs\/files\/2026\/03\/SebeiSch-BBS-Prozessqualitaet-vergleichen-4-1024x547.png 1024w, https:\/\/wordpress.nibis.de\/portal-interne-evaluation-bbs\/files\/2026\/03\/SebeiSch-BBS-Prozessqualitaet-vergleichen-4-300x160.png 300w, https:\/\/wordpress.nibis.de\/portal-interne-evaluation-bbs\/files\/2026\/03\/SebeiSch-BBS-Prozessqualitaet-vergleichen-4-768x410.png 768w, https:\/\/wordpress.nibis.de\/portal-interne-evaluation-bbs\/files\/2026\/03\/SebeiSch-BBS-Prozessqualitaet-vergleichen-4-100x53.png 100w, https:\/\/wordpress.nibis.de\/portal-interne-evaluation-bbs\/files\/2026\/03\/SebeiSch-BBS-Prozessqualitaet-vergleichen-4.png 1513w\" sizes=\"auto, (max-width: 1024px) 100vw, 1024px\" \/><\/figure>\n<\/div>","protected":false},"excerpt":{"rendered":"<p>Wenn Sie eine SebeiSch-BBS angelegt haben, k\u00f6nnen Sie die Prozesseinsch\u00e4tzungen Ihrer Teilnehmerinnen und Teilnehmer einsehen. Die Ergebnisse sollen in einer gemeinsamen Teamsitzung als Gespr\u00e4chsanlass dienen. Nachdem Sie ein SebeiSch\u2011BBS gemeinsam mit den Lehrkr\u00e4ften Ihrer Fach\u2011 \/Bildungsgangsgruppe durchgef\u00fchrt haben, m\u00f6chten Sie sich einen strukturierten \u00dcberblick \u00fcber die Einsch\u00e4tzungen zu den Kernaufgaben verschaffen. Hierf\u00fcr steht Ihnen die &hellip; <a href=\"https:\/\/wordpress.nibis.de\/portal-interne-evaluation-bbs\/sebeisch-bbs-prozesseinschaetzung-vergleichen\/\" class=\"more-link\"><span class=\"screen-reader-text\">SebeiSch-BBS Prozesseinsch\u00e4tzung vergleichen<\/span> weiterlesen <span class=\"meta-nav\">&rarr;<\/span><\/a><\/p>\n","protected":false},"author":9194395,"featured_media":0,"parent":0,"menu_order":0,"comment_status":"closed","ping_status":"closed","template":"","meta":{"footnotes":""},"class_list":["post-321","page","type-page","status-publish","hentry"],"_links":{"self":[{"href":"https:\/\/wordpress.nibis.de\/portal-interne-evaluation-bbs\/wp-json\/wp\/v2\/pages\/321","targetHints":{"allow":["GET"]}}],"collection":[{"href":"https:\/\/wordpress.nibis.de\/portal-interne-evaluation-bbs\/wp-json\/wp\/v2\/pages"}],"about":[{"href":"https:\/\/wordpress.nibis.de\/portal-interne-evaluation-bbs\/wp-json\/wp\/v2\/types\/page"}],"author":[{"embeddable":true,"href":"https:\/\/wordpress.nibis.de\/portal-interne-evaluation-bbs\/wp-json\/wp\/v2\/users\/9194395"}],"replies":[{"embeddable":true,"href":"https:\/\/wordpress.nibis.de\/portal-interne-evaluation-bbs\/wp-json\/wp\/v2\/comments?post=321"}],"version-history":[{"count":6,"href":"https:\/\/wordpress.nibis.de\/portal-interne-evaluation-bbs\/wp-json\/wp\/v2\/pages\/321\/revisions"}],"predecessor-version":[{"id":828,"href":"https:\/\/wordpress.nibis.de\/portal-interne-evaluation-bbs\/wp-json\/wp\/v2\/pages\/321\/revisions\/828"}],"wp:attachment":[{"href":"https:\/\/wordpress.nibis.de\/portal-interne-evaluation-bbs\/wp-json\/wp\/v2\/media?parent=321"}],"curies":[{"name":"wp","href":"https:\/\/api.w.org\/{rel}","templated":true}]}}