{"id":41,"date":"2024-08-01T13:54:25","date_gmt":"2024-08-01T11:54:25","guid":{"rendered":"https:\/\/wordpress.nibis.de\/portal-interne-evaluation-bbs\/?page_id=41"},"modified":"2026-03-31T06:21:39","modified_gmt":"2026-03-31T04:21:39","slug":"ub-bbs","status":"publish","type":"page","link":"https:\/\/wordpress.nibis.de\/portal-interne-evaluation-bbs\/ub-bbs\/","title":{"rendered":"UB-BBS"},"content":{"rendered":"\n<h2 class=\"wp-block-heading has-text-align-center\">UB &#8211; BBS Unterrichtsbeobachtungsbogen (Stand 2021)<\/h2>\n\n\n\n<div class=\"wp-block-file\"><a id=\"wp-block-file--media-7c1595f5-9ae4-4cb6-898a-6e3e3c54b3b1\" href=\"https:\/\/wordpress.nibis.de\/portal-interne-evaluation-bbs\/files\/2025\/09\/UB_BBS_Lehrkraft_20250716.pdf\">UB-BBS f\u00fcr Lehrkr\u00e4fte zum Download<\/a><\/div>\n\n\n\n<div class=\"wp-block-file\"><a id=\"wp-block-file--media-5ae8a535-8c0e-4652-92e1-399e1c4b5f64\" href=\"https:\/\/wordpress.nibis.de\/portal-interne-evaluation-bbs\/files\/2025\/09\/UB_BBS_LG_20250716-1.pdf\">UB-BBS f\u00fcr Lerngruppen zum Download<\/a><\/div>\n\n\n\n<p>Eine Kommission des Nieders\u00e4chsischen Kultusministerium erarbeitete unter wissenschaftlicher Begleitung durch das Nieders\u00e4chsische Landesinstitut f\u00fcr schulische Qualit\u00e4tsentwicklung (NLQ) ein Instrument zur Beobachtung \u201eHandlungsorientierten Unterrichts in berufsbildenden Schulen\u201c (<strong>UB-BBS<\/strong>) unter Ber\u00fccksichtigung des verbindlichen Qualit\u00e4tsmanagementsystems-BBS.<\/p>\n\n\n\n<p>Der Unterrichtsbeobachtungsbogen ist ein Instrument f\u00fcr die Kriterien geleitete&nbsp;Selbst- und Fremdeinsch\u00e4tzung von handlungsorientiertem Unterricht und dient zur&nbsp;<strong>Einsch\u00e4tzung der Unterrichtsqualit\u00e4t einzelner Unterrichtsstunden<\/strong>, auch aus mehreren Perspektiven (unterrichtende Lehrkraft, Beobachtende, Lerngruppe).<\/p>\n\n\n\n<p>Die&nbsp;<strong>Lerngruppen<\/strong>version (UB-BBS \u2013&nbsp;<strong>LGr<\/strong>)&nbsp;f\u00fcr die Einsch\u00e4tzung durch Sch\u00fclerinnen und Sch\u00fcler&nbsp;nimmt die Merkmale der&nbsp;<strong>Lehrkr\u00e4fte<\/strong>version (UB-BBS \u2013&nbsp;<strong>LK<\/strong>) in sprachlich angepasster und inhaltlich reduzierter Form auf. Somit werden inhaltlich jeweils die gleichen Aspekte des Unterrichts angesprochen, wie in der Lehrkr\u00e4fteversion \u2013 sprachlich jedoch in sch\u00fclergem\u00e4\u00dfer Ausdrucksweise und im Hinblick auf deren beobachtbares, einsch\u00e4tzbares Verhalten der Lehrkraft bzw. die Anlage und Gestaltung der Unterrichtsstunde.<\/p>\n\n\n\n<p>Die Unterrichtsbeobachtung wird EDV-gest\u00fctzt vorgenommen und direkt ausgewertet.&nbsp;Weiterhin wurde die M\u00f6glichkeit geschaffen, einen ausgef\u00fcllten Beobachtungsbogen als&nbsp;<strong>PDF-Dokument auszugeben<\/strong>, was z. B. im Rahmen von Hospitationen und Beratungen unterst\u00fctzend sein kann.&nbsp;<\/p>\n\n\n<div class=\"wp-block-image\">\n<figure class=\"aligncenter size-full is-resized\"><img loading=\"lazy\" decoding=\"async\" width=\"907\" height=\"642\" src=\"https:\/\/wordpress.nibis.de\/portal-interne-evaluation-bbs\/files\/2024\/09\/UB-BBS-ausfuellen.png\" alt=\"\" class=\"wp-image-265\" style=\"width:454px;height:321px\" srcset=\"https:\/\/wordpress.nibis.de\/portal-interne-evaluation-bbs\/files\/2024\/09\/UB-BBS-ausfuellen.png 907w, https:\/\/wordpress.nibis.de\/portal-interne-evaluation-bbs\/files\/2024\/09\/UB-BBS-ausfuellen-300x212.png 300w, https:\/\/wordpress.nibis.de\/portal-interne-evaluation-bbs\/files\/2024\/09\/UB-BBS-ausfuellen-768x544.png 768w\" sizes=\"auto, (max-width: 907px) 100vw, 907px\" \/><\/figure>\n<\/div>\n\n\n<p>Es ist m\u00f6glich eine <strong>einzelne Unterrichtsbeobachtung<\/strong> (eine einzelne Unterrichtsstunde) vorzunehmen und das Ergebnis darzustellen, weiterhin k\u00f6nnen <strong>mehrere Einsichtnahmen<\/strong> einer Unterrichtsstunde vorgenommen und in einem Gesamtergebnis ausgegeben werden.<\/p>\n\n\n\n<p>Dar\u00fcber hinaus bieten die (UB-BBS \u2013 LK) und die Lerngruppenversion (UB-BBS \u2013 LGr) die M\u00f6glichkeit einer <strong>mehrperspektivischen Unterrichtsbeobachtung <\/strong>(mUB). Hierzu kann die Lehrkraft die \u201eUB-BBS \u2013 LK\u201c zur Selbstreflexion des eigenen Unterrichts nutzen, diesen im Rahmen einer kollegialen Hospitation einsetzen sowie die Lerngruppe mit Hilfe der \u201eUB-BBS \u2013 LGr\u201c zum Unterricht befragen. Die Ergebnisse werden in einem <strong>Profillinienvergleich <\/strong>angezeigt.<\/p>\n\n\n<div class=\"wp-block-image\">\n<figure class=\"aligncenter size-large is-resized\"><img loading=\"lazy\" decoding=\"async\" width=\"1024\" height=\"741\" src=\"https:\/\/wordpress.nibis.de\/portal-interne-evaluation-bbs\/files\/2024\/09\/UB-BBS-Linien-1024x741.png\" alt=\"\" class=\"wp-image-269\" style=\"width:512px;height:370px\" srcset=\"https:\/\/wordpress.nibis.de\/portal-interne-evaluation-bbs\/files\/2024\/09\/UB-BBS-Linien-1024x741.png 1024w, https:\/\/wordpress.nibis.de\/portal-interne-evaluation-bbs\/files\/2024\/09\/UB-BBS-Linien-300x217.png 300w, https:\/\/wordpress.nibis.de\/portal-interne-evaluation-bbs\/files\/2024\/09\/UB-BBS-Linien-768x556.png 768w, https:\/\/wordpress.nibis.de\/portal-interne-evaluation-bbs\/files\/2024\/09\/UB-BBS-Linien.png 1215w\" sizes=\"auto, (max-width: 1024px) 100vw, 1024px\" \/><\/figure>\n<\/div>\n\n\n<p><strong>Informieren Sie sich im Vorfeld \u00fcber die Inhalte des UB-BBS.<\/strong><\/p>\n","protected":false},"excerpt":{"rendered":"<p>UB &#8211; BBS Unterrichtsbeobachtungsbogen (Stand 2021) Eine Kommission des Nieders\u00e4chsischen Kultusministerium erarbeitete unter wissenschaftlicher Begleitung durch das Nieders\u00e4chsische Landesinstitut f\u00fcr schulische Qualit\u00e4tsentwicklung (NLQ) ein Instrument zur Beobachtung \u201eHandlungsorientierten Unterrichts in berufsbildenden Schulen\u201c (UB-BBS) unter Ber\u00fccksichtigung des verbindlichen Qualit\u00e4tsmanagementsystems-BBS. Der Unterrichtsbeobachtungsbogen ist ein Instrument f\u00fcr die Kriterien geleitete&nbsp;Selbst- und Fremdeinsch\u00e4tzung von handlungsorientiertem Unterricht und dient zur&nbsp;Einsch\u00e4tzung &hellip; <a href=\"https:\/\/wordpress.nibis.de\/portal-interne-evaluation-bbs\/ub-bbs\/\" class=\"more-link\"><span class=\"screen-reader-text\">UB-BBS<\/span> weiterlesen <span class=\"meta-nav\">&rarr;<\/span><\/a><\/p>\n","protected":false},"author":9194395,"featured_media":0,"parent":0,"menu_order":0,"comment_status":"closed","ping_status":"closed","template":"","meta":{"footnotes":""},"class_list":["post-41","page","type-page","status-publish","hentry"],"_links":{"self":[{"href":"https:\/\/wordpress.nibis.de\/portal-interne-evaluation-bbs\/wp-json\/wp\/v2\/pages\/41","targetHints":{"allow":["GET"]}}],"collection":[{"href":"https:\/\/wordpress.nibis.de\/portal-interne-evaluation-bbs\/wp-json\/wp\/v2\/pages"}],"about":[{"href":"https:\/\/wordpress.nibis.de\/portal-interne-evaluation-bbs\/wp-json\/wp\/v2\/types\/page"}],"author":[{"embeddable":true,"href":"https:\/\/wordpress.nibis.de\/portal-interne-evaluation-bbs\/wp-json\/wp\/v2\/users\/9194395"}],"replies":[{"embeddable":true,"href":"https:\/\/wordpress.nibis.de\/portal-interne-evaluation-bbs\/wp-json\/wp\/v2\/comments?post=41"}],"version-history":[{"count":14,"href":"https:\/\/wordpress.nibis.de\/portal-interne-evaluation-bbs\/wp-json\/wp\/v2\/pages\/41\/revisions"}],"predecessor-version":[{"id":893,"href":"https:\/\/wordpress.nibis.de\/portal-interne-evaluation-bbs\/wp-json\/wp\/v2\/pages\/41\/revisions\/893"}],"wp:attachment":[{"href":"https:\/\/wordpress.nibis.de\/portal-interne-evaluation-bbs\/wp-json\/wp\/v2\/media?parent=41"}],"curies":[{"name":"wp","href":"https:\/\/api.w.org\/{rel}","templated":true}]}}