{"id":428,"date":"2025-07-15T09:39:02","date_gmt":"2025-07-15T07:39:02","guid":{"rendered":"https:\/\/wordpress.nibis.de\/portal-interne-evaluation-bbs\/?page_id=428"},"modified":"2026-04-01T10:26:05","modified_gmt":"2026-04-01T08:26:05","slug":"schuebe-bbs-ausfuellen","status":"publish","type":"page","link":"https:\/\/wordpress.nibis.de\/portal-interne-evaluation-bbs\/schuebe-bbs-ausfuellen\/","title":{"rendered":"Sch\u00fcBe-BBS ausf\u00fcllen"},"content":{"rendered":"\n<p>In dieser Anleitung ist kurz beschreiben wie Ihre Sch\u00fclerinnen und Sch\u00fcler die Befragung Sch\u00fcBe-BBS ausf\u00fcllen. Sie k\u00f6nnen die Anleitung auch im Vorfeld nutzen um den Sch\u00fclerinnen und Sch\u00fclern Ihrer Lerngruppe den Prozess zu erkl\u00e4ren.<\/p>\n\n\n\n<div class=\"wp-block-file\"><a id=\"wp-block-file--media-a9c27673-f7a1-4a99-bd96-85968e6729f6\" href=\"https:\/\/wordpress.nibis.de\/portal-interne-evaluation-bbs\/files\/2026\/04\/Kurzanleitung-SchueBe-BBS-ausfuellen-SuS.pdf\">Die Kurzanleitung Sch\u00fcBe-BBS ausf\u00fcllen f\u00fcr Sch\u00fclerinnen und Sch\u00fcler zum Download<\/a><\/div>\n\n\n\n<p>Nachdem die Lehrkraft die Sch\u00fcBe-BBS Zug\u00e4nge generiert hat gibt es zwei M\u00f6glichkeiten der Teilnahme.<\/p>\n\n\n\n<p><strong>M\u00f6glichkeit 1:<\/strong> Sie bekommen eine E-Mail mit der Einladung an einer Sch\u00fcBe-BBS teilzunehmen. Achten Sie bitte auch darauf, dass sich diese Mail in Ihrem Spam-Ordner befinden k\u00f6nnte.<\/p>\n\n\n<div class=\"wp-block-image\">\n<figure class=\"aligncenter size-large is-resized\"><img loading=\"lazy\" decoding=\"async\" width=\"1024\" height=\"613\" src=\"https:\/\/wordpress.nibis.de\/portal-interne-evaluation-bbs\/files\/2026\/04\/SchueBe-BBS-ausfuellen-1-1024x613.png\" alt=\"\" class=\"wp-image-921\" style=\"width:710px\" srcset=\"https:\/\/wordpress.nibis.de\/portal-interne-evaluation-bbs\/files\/2026\/04\/SchueBe-BBS-ausfuellen-1-1024x613.png 1024w, https:\/\/wordpress.nibis.de\/portal-interne-evaluation-bbs\/files\/2026\/04\/SchueBe-BBS-ausfuellen-1-300x180.png 300w, https:\/\/wordpress.nibis.de\/portal-interne-evaluation-bbs\/files\/2026\/04\/SchueBe-BBS-ausfuellen-1-768x460.png 768w, https:\/\/wordpress.nibis.de\/portal-interne-evaluation-bbs\/files\/2026\/04\/SchueBe-BBS-ausfuellen-1-100x60.png 100w, https:\/\/wordpress.nibis.de\/portal-interne-evaluation-bbs\/files\/2026\/04\/SchueBe-BBS-ausfuellen-1.png 1300w\" sizes=\"auto, (max-width: 1024px) 100vw, 1024px\" \/><\/figure>\n<\/div>\n\n\n<p><strong>M\u00f6glichkeit 2:<\/strong> Sie bekommen von Ihrer Lehrkraft ein K\u00e4rtchen mit Ihren pers\u00f6nlichen Zugangsdaten.<\/p>\n\n\n<div class=\"wp-block-image\">\n<figure class=\"aligncenter size-full\"><img loading=\"lazy\" decoding=\"async\" width=\"440\" height=\"202\" src=\"https:\/\/wordpress.nibis.de\/portal-interne-evaluation-bbs\/files\/2026\/04\/SchueBe-BBS-ausfuellen-2.png\" alt=\"\" class=\"wp-image-922\" srcset=\"https:\/\/wordpress.nibis.de\/portal-interne-evaluation-bbs\/files\/2026\/04\/SchueBe-BBS-ausfuellen-2.png 440w, https:\/\/wordpress.nibis.de\/portal-interne-evaluation-bbs\/files\/2026\/04\/SchueBe-BBS-ausfuellen-2-300x138.png 300w, https:\/\/wordpress.nibis.de\/portal-interne-evaluation-bbs\/files\/2026\/04\/SchueBe-BBS-ausfuellen-2-100x46.png 100w\" sizes=\"auto, (max-width: 440px) 100vw, 440px\" \/><\/figure>\n<\/div>\n\n\n<p><strong>Schritt 1:<\/strong> Nutzen Sie den Link oder den QR-Code. Sie kommen anschlie\u00dfend auf folgende Anmeldeseite:<\/p>\n\n\n<div class=\"wp-block-image\">\n<figure class=\"aligncenter size-full is-resized\"><img loading=\"lazy\" decoding=\"async\" width=\"480\" height=\"659\" src=\"https:\/\/wordpress.nibis.de\/portal-interne-evaluation-bbs\/files\/2026\/04\/SchueBe-BBS-ausfuellen-3.png\" alt=\"\" class=\"wp-image-925\" style=\"width:300px\" srcset=\"https:\/\/wordpress.nibis.de\/portal-interne-evaluation-bbs\/files\/2026\/04\/SchueBe-BBS-ausfuellen-3.png 480w, https:\/\/wordpress.nibis.de\/portal-interne-evaluation-bbs\/files\/2026\/04\/SchueBe-BBS-ausfuellen-3-219x300.png 219w, https:\/\/wordpress.nibis.de\/portal-interne-evaluation-bbs\/files\/2026\/04\/SchueBe-BBS-ausfuellen-3-100x137.png 100w\" sizes=\"auto, (max-width: 480px) 100vw, 480px\" \/><\/figure>\n<\/div>\n\n\n<p><strong>Schritt 2:<\/strong> Best\u00e4tigen Sie mit \u201eAnmelden\u201c<\/p>\n\n\n<div class=\"wp-block-image\">\n<figure class=\"aligncenter size-full is-resized\"><img loading=\"lazy\" decoding=\"async\" width=\"519\" height=\"718\" src=\"https:\/\/wordpress.nibis.de\/portal-interne-evaluation-bbs\/files\/2026\/04\/SchueBe-BBS-ausfuellen-4.png\" alt=\"\" class=\"wp-image-927\" style=\"width:300px\" srcset=\"https:\/\/wordpress.nibis.de\/portal-interne-evaluation-bbs\/files\/2026\/04\/SchueBe-BBS-ausfuellen-4.png 519w, https:\/\/wordpress.nibis.de\/portal-interne-evaluation-bbs\/files\/2026\/04\/SchueBe-BBS-ausfuellen-4-217x300.png 217w, https:\/\/wordpress.nibis.de\/portal-interne-evaluation-bbs\/files\/2026\/04\/SchueBe-BBS-ausfuellen-4-100x138.png 100w\" sizes=\"auto, (max-width: 519px) 100vw, 519px\" \/><\/figure>\n<\/div>\n\n\n<p><strong>Schritt 3:<\/strong> W\u00e4hlen Sie die Sch\u00fclerbefragung BBS aus, indem Sie auf \u201estarten\u201c dr\u00fccken.<\/p>\n\n\n<div class=\"wp-block-image\">\n<figure class=\"aligncenter size-large is-resized\"><img loading=\"lazy\" decoding=\"async\" width=\"1024\" height=\"572\" src=\"https:\/\/wordpress.nibis.de\/portal-interne-evaluation-bbs\/files\/2026\/04\/DAA297CE-ED15-419C-B7E8-B080C6A99ECE-1024x572.png\" alt=\"\" class=\"wp-image-930\" style=\"width:710px\" srcset=\"https:\/\/wordpress.nibis.de\/portal-interne-evaluation-bbs\/files\/2026\/04\/DAA297CE-ED15-419C-B7E8-B080C6A99ECE-1024x572.png 1024w, https:\/\/wordpress.nibis.de\/portal-interne-evaluation-bbs\/files\/2026\/04\/DAA297CE-ED15-419C-B7E8-B080C6A99ECE-300x168.png 300w, https:\/\/wordpress.nibis.de\/portal-interne-evaluation-bbs\/files\/2026\/04\/DAA297CE-ED15-419C-B7E8-B080C6A99ECE-768x429.png 768w, https:\/\/wordpress.nibis.de\/portal-interne-evaluation-bbs\/files\/2026\/04\/DAA297CE-ED15-419C-B7E8-B080C6A99ECE-100x56.png 100w, https:\/\/wordpress.nibis.de\/portal-interne-evaluation-bbs\/files\/2026\/04\/DAA297CE-ED15-419C-B7E8-B080C6A99ECE.png 1093w\" sizes=\"auto, (max-width: 1024px) 100vw, 1024px\" \/><\/figure>\n<\/div>\n\n\n<p><strong>Schritt 4:<\/strong> F\u00fcllen Sie die Befragung vollst\u00e4ndig aus. Haben Sie den angezeigten Themenbereich ausgef\u00fcllt, klicken Sie bitte auf \u201eweiter\u201c. Auf diese Weise gelangen Sie zu den weiteren Themenbereichen (R\u00fcckmeldung, Organisation, Beratung, \u2026).<\/p>\n\n\n<div class=\"wp-block-image\">\n<figure class=\"aligncenter size-full is-resized\"><img loading=\"lazy\" decoding=\"async\" width=\"667\" height=\"428\" src=\"https:\/\/wordpress.nibis.de\/portal-interne-evaluation-bbs\/files\/2026\/04\/SchueBe-BBS-ausfuellen-5.png\" alt=\"\" class=\"wp-image-929\" style=\"width:710px\" srcset=\"https:\/\/wordpress.nibis.de\/portal-interne-evaluation-bbs\/files\/2026\/04\/SchueBe-BBS-ausfuellen-5.png 667w, https:\/\/wordpress.nibis.de\/portal-interne-evaluation-bbs\/files\/2026\/04\/SchueBe-BBS-ausfuellen-5-300x193.png 300w, https:\/\/wordpress.nibis.de\/portal-interne-evaluation-bbs\/files\/2026\/04\/SchueBe-BBS-ausfuellen-5-100x64.png 100w\" sizes=\"auto, (max-width: 667px) 100vw, 667px\" \/><\/figure>\n<\/div>\n\n\n<p><strong>Schritt 5:<\/strong> Best\u00e4tigen Sie Ihre Eingaben anschlie\u00dfend, indem Sie Ihre Eintragungen \u201eabschicken\u201c.<\/p>\n\n\n<div class=\"wp-block-image\">\n<figure class=\"aligncenter size-full is-resized\"><img loading=\"lazy\" decoding=\"async\" width=\"591\" height=\"229\" src=\"https:\/\/wordpress.nibis.de\/portal-interne-evaluation-bbs\/files\/2026\/04\/SchueBe-BBS-ausfuellen-6.png\" alt=\"\" class=\"wp-image-931\" style=\"width:710px\" srcset=\"https:\/\/wordpress.nibis.de\/portal-interne-evaluation-bbs\/files\/2026\/04\/SchueBe-BBS-ausfuellen-6.png 591w, https:\/\/wordpress.nibis.de\/portal-interne-evaluation-bbs\/files\/2026\/04\/SchueBe-BBS-ausfuellen-6-300x116.png 300w, https:\/\/wordpress.nibis.de\/portal-interne-evaluation-bbs\/files\/2026\/04\/SchueBe-BBS-ausfuellen-6-100x39.png 100w\" sizes=\"auto, (max-width: 591px) 100vw, 591px\" \/><\/figure>\n<\/div>\n\n<div class=\"wp-block-image\">\n<figure class=\"aligncenter size-full\"><img loading=\"lazy\" decoding=\"async\" width=\"449\" height=\"150\" src=\"https:\/\/wordpress.nibis.de\/portal-interne-evaluation-bbs\/files\/2026\/04\/SchueBe-BBS-ausfuellen-7.png\" alt=\"\" class=\"wp-image-932\" srcset=\"https:\/\/wordpress.nibis.de\/portal-interne-evaluation-bbs\/files\/2026\/04\/SchueBe-BBS-ausfuellen-7.png 449w, https:\/\/wordpress.nibis.de\/portal-interne-evaluation-bbs\/files\/2026\/04\/SchueBe-BBS-ausfuellen-7-300x100.png 300w, https:\/\/wordpress.nibis.de\/portal-interne-evaluation-bbs\/files\/2026\/04\/SchueBe-BBS-ausfuellen-7-100x33.png 100w\" sizes=\"auto, (max-width: 449px) 100vw, 449px\" \/><\/figure>\n<\/div>\n\n\n<p><strong>Schritt 6:<\/strong> Verlassen Sie die Seite und denken Sie bitte daran, sich auszuloggen.<\/p>\n\n\n<div class=\"wp-block-image\">\n<figure class=\"aligncenter size-full is-resized\"><img loading=\"lazy\" decoding=\"async\" width=\"741\" height=\"183\" src=\"https:\/\/wordpress.nibis.de\/portal-interne-evaluation-bbs\/files\/2026\/04\/SchueBe-BBS-ausfuellen-8.png\" alt=\"\" class=\"wp-image-933\" style=\"width:710px\" srcset=\"https:\/\/wordpress.nibis.de\/portal-interne-evaluation-bbs\/files\/2026\/04\/SchueBe-BBS-ausfuellen-8.png 741w, https:\/\/wordpress.nibis.de\/portal-interne-evaluation-bbs\/files\/2026\/04\/SchueBe-BBS-ausfuellen-8-300x74.png 300w, https:\/\/wordpress.nibis.de\/portal-interne-evaluation-bbs\/files\/2026\/04\/SchueBe-BBS-ausfuellen-8-100x25.png 100w\" sizes=\"auto, (max-width: 741px) 100vw, 741px\" \/><\/figure>\n<\/div>","protected":false},"excerpt":{"rendered":"<p>In dieser Anleitung ist kurz beschreiben wie Ihre Sch\u00fclerinnen und Sch\u00fcler die Befragung Sch\u00fcBe-BBS ausf\u00fcllen. Sie k\u00f6nnen die Anleitung auch im Vorfeld nutzen um den Sch\u00fclerinnen und Sch\u00fclern Ihrer Lerngruppe den Prozess zu erkl\u00e4ren. Nachdem die Lehrkraft die Sch\u00fcBe-BBS Zug\u00e4nge generiert hat gibt es zwei M\u00f6glichkeiten der Teilnahme. M\u00f6glichkeit 1: Sie bekommen eine E-Mail mit &hellip; <a href=\"https:\/\/wordpress.nibis.de\/portal-interne-evaluation-bbs\/schuebe-bbs-ausfuellen\/\" class=\"more-link\"><span class=\"screen-reader-text\">Sch\u00fcBe-BBS ausf\u00fcllen<\/span> weiterlesen <span class=\"meta-nav\">&rarr;<\/span><\/a><\/p>\n","protected":false},"author":9194395,"featured_media":0,"parent":0,"menu_order":0,"comment_status":"closed","ping_status":"closed","template":"","meta":{"footnotes":""},"class_list":["post-428","page","type-page","status-publish","hentry"],"_links":{"self":[{"href":"https:\/\/wordpress.nibis.de\/portal-interne-evaluation-bbs\/wp-json\/wp\/v2\/pages\/428","targetHints":{"allow":["GET"]}}],"collection":[{"href":"https:\/\/wordpress.nibis.de\/portal-interne-evaluation-bbs\/wp-json\/wp\/v2\/pages"}],"about":[{"href":"https:\/\/wordpress.nibis.de\/portal-interne-evaluation-bbs\/wp-json\/wp\/v2\/types\/page"}],"author":[{"embeddable":true,"href":"https:\/\/wordpress.nibis.de\/portal-interne-evaluation-bbs\/wp-json\/wp\/v2\/users\/9194395"}],"replies":[{"embeddable":true,"href":"https:\/\/wordpress.nibis.de\/portal-interne-evaluation-bbs\/wp-json\/wp\/v2\/comments?post=428"}],"version-history":[{"count":10,"href":"https:\/\/wordpress.nibis.de\/portal-interne-evaluation-bbs\/wp-json\/wp\/v2\/pages\/428\/revisions"}],"predecessor-version":[{"id":937,"href":"https:\/\/wordpress.nibis.de\/portal-interne-evaluation-bbs\/wp-json\/wp\/v2\/pages\/428\/revisions\/937"}],"wp:attachment":[{"href":"https:\/\/wordpress.nibis.de\/portal-interne-evaluation-bbs\/wp-json\/wp\/v2\/media?parent=428"}],"curies":[{"name":"wp","href":"https:\/\/api.w.org\/{rel}","templated":true}]}}