{"id":435,"date":"2025-07-15T09:44:37","date_gmt":"2025-07-15T07:44:37","guid":{"rendered":"https:\/\/wordpress.nibis.de\/portal-interne-evaluation-bbs\/?page_id=435"},"modified":"2026-03-31T13:07:43","modified_gmt":"2026-03-31T11:07:43","slug":"schuebe-bbs-ergebnisse-auswerten","status":"publish","type":"page","link":"https:\/\/wordpress.nibis.de\/portal-interne-evaluation-bbs\/schuebe-bbs-ergebnisse-auswerten\/","title":{"rendered":"Sch\u00fcBe-BBS Ergebnisse auswerten"},"content":{"rendered":"\n<p>Beachten Sie, bevor die Auswertung stattfinden kann, muss die Sch\u00fcBe-BBS beendet worden sein.<\/p>\n\n\n\n<div class=\"wp-block-file\"><a id=\"wp-block-file--media-1ea1f410-34c7-4582-b6f4-7308a833e892\" href=\"https:\/\/wordpress.nibis.de\/portal-interne-evaluation-bbs\/files\/2026\/03\/Kurzanleitung-SchueBe-BBS-Ergebnisse-auswerten.pdf\">Die Kurzanleitung Sch\u00fcBe-BBS Ergebnisse auswerten zum Download<\/a><\/div>\n\n\n\n<p><strong>Schritt 1:<\/strong> Zur Auswertung einer Sch\u00fcBe-BBS gehen Sie zun\u00e4chst auf den Button \u201eSch\u00fcBe-BBS\u201c und w\u00e4hlen Sie eine Sch\u00fclerbefragung aus.<\/p>\n\n\n<div class=\"wp-block-image\">\n<figure class=\"aligncenter size-full is-resized\"><img loading=\"lazy\" decoding=\"async\" width=\"616\" height=\"524\" src=\"https:\/\/wordpress.nibis.de\/portal-interne-evaluation-bbs\/files\/2026\/03\/SchueBe-BBS-Ergebnisse-auswerten-1.png\" alt=\"\" class=\"wp-image-895\" style=\"width:400px\" srcset=\"https:\/\/wordpress.nibis.de\/portal-interne-evaluation-bbs\/files\/2026\/03\/SchueBe-BBS-Ergebnisse-auswerten-1.png 616w, https:\/\/wordpress.nibis.de\/portal-interne-evaluation-bbs\/files\/2026\/03\/SchueBe-BBS-Ergebnisse-auswerten-1-300x255.png 300w, https:\/\/wordpress.nibis.de\/portal-interne-evaluation-bbs\/files\/2026\/03\/SchueBe-BBS-Ergebnisse-auswerten-1-100x85.png 100w\" sizes=\"auto, (max-width: 616px) 100vw, 616px\" \/><\/figure>\n<\/div>\n\n\n<p><strong>Schritt 2:<\/strong> Gehen Sie auf Sch\u00fcBe-BBS vergleichen.<\/p>\n\n\n<div class=\"wp-block-image\">\n<figure class=\"aligncenter size-large is-resized\"><img loading=\"lazy\" decoding=\"async\" width=\"1024\" height=\"161\" src=\"https:\/\/wordpress.nibis.de\/portal-interne-evaluation-bbs\/files\/2026\/03\/SchueBe-BBS-Ergebnisse-auswerten-2-1024x161.png\" alt=\"\" class=\"wp-image-898\" style=\"width:710px\" srcset=\"https:\/\/wordpress.nibis.de\/portal-interne-evaluation-bbs\/files\/2026\/03\/SchueBe-BBS-Ergebnisse-auswerten-2-1024x161.png 1024w, https:\/\/wordpress.nibis.de\/portal-interne-evaluation-bbs\/files\/2026\/03\/SchueBe-BBS-Ergebnisse-auswerten-2-300x47.png 300w, https:\/\/wordpress.nibis.de\/portal-interne-evaluation-bbs\/files\/2026\/03\/SchueBe-BBS-Ergebnisse-auswerten-2-768x121.png 768w, https:\/\/wordpress.nibis.de\/portal-interne-evaluation-bbs\/files\/2026\/03\/SchueBe-BBS-Ergebnisse-auswerten-2-100x16.png 100w, https:\/\/wordpress.nibis.de\/portal-interne-evaluation-bbs\/files\/2026\/03\/SchueBe-BBS-Ergebnisse-auswerten-2.png 1040w\" sizes=\"auto, (max-width: 1024px) 100vw, 1024px\" \/><\/figure>\n<\/div>\n\n\n<p><strong>Schritt 3:<\/strong> Um das Gesamtergebnis zu vergleichen, w\u00e4hlen Sie die Schaltfl\u00e4che \u201eGesamtdaten aus Schulbereich\u201c aus.<\/p>\n\n\n<div class=\"wp-block-image\">\n<figure class=\"aligncenter size-large is-resized\"><img loading=\"lazy\" decoding=\"async\" width=\"1024\" height=\"192\" src=\"https:\/\/wordpress.nibis.de\/portal-interne-evaluation-bbs\/files\/2026\/03\/SchueBe-BBS-Ergebnisse-auswerten-3-1024x192.png\" alt=\"\" class=\"wp-image-900\" style=\"width:710px\" srcset=\"https:\/\/wordpress.nibis.de\/portal-interne-evaluation-bbs\/files\/2026\/03\/SchueBe-BBS-Ergebnisse-auswerten-3-1024x192.png 1024w, https:\/\/wordpress.nibis.de\/portal-interne-evaluation-bbs\/files\/2026\/03\/SchueBe-BBS-Ergebnisse-auswerten-3-300x56.png 300w, https:\/\/wordpress.nibis.de\/portal-interne-evaluation-bbs\/files\/2026\/03\/SchueBe-BBS-Ergebnisse-auswerten-3-768x144.png 768w, https:\/\/wordpress.nibis.de\/portal-interne-evaluation-bbs\/files\/2026\/03\/SchueBe-BBS-Ergebnisse-auswerten-3-100x19.png 100w, https:\/\/wordpress.nibis.de\/portal-interne-evaluation-bbs\/files\/2026\/03\/SchueBe-BBS-Ergebnisse-auswerten-3.png 1051w\" sizes=\"auto, (max-width: 1024px) 100vw, 1024px\" \/><\/figure>\n<\/div>\n\n\n<p><strong>Schritt 4:<\/strong> \u00dcber das Listenfeld \u201eGesamtauswertung Sch\u00fcBe-BBS\u201c k\u00f6nnen Sie eine abgeschlossene Sch\u00fcBe-BBS Befragung ausw\u00e4hlen.<\/p>\n\n\n<div class=\"wp-block-image\">\n<figure class=\"aligncenter size-large is-resized\"><img loading=\"lazy\" decoding=\"async\" width=\"1024\" height=\"433\" src=\"https:\/\/wordpress.nibis.de\/portal-interne-evaluation-bbs\/files\/2026\/03\/SchueBe-BBS-Ergebnisse-auswerten-4-1024x433.png\" alt=\"\" class=\"wp-image-901\" style=\"width:710px\" srcset=\"https:\/\/wordpress.nibis.de\/portal-interne-evaluation-bbs\/files\/2026\/03\/SchueBe-BBS-Ergebnisse-auswerten-4-1024x433.png 1024w, https:\/\/wordpress.nibis.de\/portal-interne-evaluation-bbs\/files\/2026\/03\/SchueBe-BBS-Ergebnisse-auswerten-4-300x127.png 300w, https:\/\/wordpress.nibis.de\/portal-interne-evaluation-bbs\/files\/2026\/03\/SchueBe-BBS-Ergebnisse-auswerten-4-768x325.png 768w, https:\/\/wordpress.nibis.de\/portal-interne-evaluation-bbs\/files\/2026\/03\/SchueBe-BBS-Ergebnisse-auswerten-4-100x42.png 100w, https:\/\/wordpress.nibis.de\/portal-interne-evaluation-bbs\/files\/2026\/03\/SchueBe-BBS-Ergebnisse-auswerten-4.png 1214w\" sizes=\"auto, (max-width: 1024px) 100vw, 1024px\" \/><\/figure>\n<\/div>\n\n<div class=\"wp-block-image\">\n<figure class=\"aligncenter size-large is-resized\"><img loading=\"lazy\" decoding=\"async\" width=\"1024\" height=\"289\" src=\"https:\/\/wordpress.nibis.de\/portal-interne-evaluation-bbs\/files\/2026\/03\/SchueBe-BBS-Ergebnisse-auswerten-5-1024x289.png\" alt=\"\" class=\"wp-image-902\" style=\"width:710px\" srcset=\"https:\/\/wordpress.nibis.de\/portal-interne-evaluation-bbs\/files\/2026\/03\/SchueBe-BBS-Ergebnisse-auswerten-5-1024x289.png 1024w, https:\/\/wordpress.nibis.de\/portal-interne-evaluation-bbs\/files\/2026\/03\/SchueBe-BBS-Ergebnisse-auswerten-5-300x85.png 300w, https:\/\/wordpress.nibis.de\/portal-interne-evaluation-bbs\/files\/2026\/03\/SchueBe-BBS-Ergebnisse-auswerten-5-768x217.png 768w, https:\/\/wordpress.nibis.de\/portal-interne-evaluation-bbs\/files\/2026\/03\/SchueBe-BBS-Ergebnisse-auswerten-5-100x28.png 100w, https:\/\/wordpress.nibis.de\/portal-interne-evaluation-bbs\/files\/2026\/03\/SchueBe-BBS-Ergebnisse-auswerten-5.png 1209w\" sizes=\"auto, (max-width: 1024px) 100vw, 1024px\" \/><\/figure>\n<\/div>\n\n\n<p><strong>Schritt 5:<\/strong> Sie k\u00f6nnen unter \u201eName\u201c das Ergebnis der Befragung benennen (Sie \u00e4ndern damit nicht den Namen der gesamten Befragung).<\/p>\n\n\n<div class=\"wp-block-image\">\n<figure class=\"aligncenter size-large is-resized\"><img loading=\"lazy\" decoding=\"async\" width=\"1024\" height=\"488\" src=\"https:\/\/wordpress.nibis.de\/portal-interne-evaluation-bbs\/files\/2026\/03\/SchueBe-BBS-Ergebnisse-auswerten-6-1024x488.png\" alt=\"\" class=\"wp-image-904\" style=\"width:710px\" srcset=\"https:\/\/wordpress.nibis.de\/portal-interne-evaluation-bbs\/files\/2026\/03\/SchueBe-BBS-Ergebnisse-auswerten-6-1024x488.png 1024w, https:\/\/wordpress.nibis.de\/portal-interne-evaluation-bbs\/files\/2026\/03\/SchueBe-BBS-Ergebnisse-auswerten-6-300x143.png 300w, https:\/\/wordpress.nibis.de\/portal-interne-evaluation-bbs\/files\/2026\/03\/SchueBe-BBS-Ergebnisse-auswerten-6-768x366.png 768w, https:\/\/wordpress.nibis.de\/portal-interne-evaluation-bbs\/files\/2026\/03\/SchueBe-BBS-Ergebnisse-auswerten-6-100x48.png 100w, https:\/\/wordpress.nibis.de\/portal-interne-evaluation-bbs\/files\/2026\/03\/SchueBe-BBS-Ergebnisse-auswerten-6.png 1216w\" sizes=\"auto, (max-width: 1024px) 100vw, 1024px\" \/><\/figure>\n<\/div>\n\n\n<p><strong>Schritt 6:<\/strong> Gehen Sie anschlie\u00dfend auf die Schaltfl\u00e4che \u201eHinzuf\u00fcgen\u201c, um Ihre Eingabe zu speichern. \u00dcber den Button \u201eAuswertung berechnen\u201c k\u00f6nnen Sie sich das Ergebnis anzeigen lassen.<\/p>\n\n\n<div class=\"wp-block-image\">\n<figure class=\"aligncenter size-large is-resized\"><img loading=\"lazy\" decoding=\"async\" width=\"1024\" height=\"225\" src=\"https:\/\/wordpress.nibis.de\/portal-interne-evaluation-bbs\/files\/2026\/03\/SchueBe-BBS-Ergebnisse-auswerten-7-1024x225.png\" alt=\"\" class=\"wp-image-906\" style=\"width:710px\" srcset=\"https:\/\/wordpress.nibis.de\/portal-interne-evaluation-bbs\/files\/2026\/03\/SchueBe-BBS-Ergebnisse-auswerten-7-1024x225.png 1024w, https:\/\/wordpress.nibis.de\/portal-interne-evaluation-bbs\/files\/2026\/03\/SchueBe-BBS-Ergebnisse-auswerten-7-300x66.png 300w, https:\/\/wordpress.nibis.de\/portal-interne-evaluation-bbs\/files\/2026\/03\/SchueBe-BBS-Ergebnisse-auswerten-7-768x169.png 768w, https:\/\/wordpress.nibis.de\/portal-interne-evaluation-bbs\/files\/2026\/03\/SchueBe-BBS-Ergebnisse-auswerten-7-100x22.png 100w, https:\/\/wordpress.nibis.de\/portal-interne-evaluation-bbs\/files\/2026\/03\/SchueBe-BBS-Ergebnisse-auswerten-7.png 1216w\" sizes=\"auto, (max-width: 1024px) 100vw, 1024px\" \/><\/figure>\n<\/div>\n\n<div class=\"wp-block-image\">\n<figure class=\"aligncenter size-full is-resized\"><img loading=\"lazy\" decoding=\"async\" width=\"698\" height=\"434\" src=\"https:\/\/wordpress.nibis.de\/portal-interne-evaluation-bbs\/files\/2026\/03\/image-2.png\" alt=\"\" class=\"wp-image-908\" style=\"width:710px\" srcset=\"https:\/\/wordpress.nibis.de\/portal-interne-evaluation-bbs\/files\/2026\/03\/image-2.png 698w, https:\/\/wordpress.nibis.de\/portal-interne-evaluation-bbs\/files\/2026\/03\/image-2-300x187.png 300w, https:\/\/wordpress.nibis.de\/portal-interne-evaluation-bbs\/files\/2026\/03\/image-2-100x62.png 100w\" sizes=\"auto, (max-width: 698px) 100vw, 698px\" \/><\/figure>\n<\/div>\n\n\n<p>Wenn Sie das Gesamtergebnis einer Sch\u00fcBe-BBS mit dem Ergebnis Ihrer Lerngruppe vergleichen m\u00f6chten, gehen Sie folgenderma\u00dfen vor.<\/p>\n\n\n\n<p><strong>Schritt 1:<\/strong> Gehen Sie auf die Schaltfl\u00e4che \u201eDaten aus einzelner Befragungsgruppe\u201c.<\/p>\n\n\n<div class=\"wp-block-image\">\n<figure class=\"aligncenter size-large is-resized\"><img loading=\"lazy\" decoding=\"async\" width=\"1024\" height=\"240\" src=\"https:\/\/wordpress.nibis.de\/portal-interne-evaluation-bbs\/files\/2026\/03\/SchueBe-BBS-Ergebnisse-auswerten-8-1024x240.png\" alt=\"\" class=\"wp-image-909\" style=\"width:710px\" srcset=\"https:\/\/wordpress.nibis.de\/portal-interne-evaluation-bbs\/files\/2026\/03\/SchueBe-BBS-Ergebnisse-auswerten-8-1024x240.png 1024w, https:\/\/wordpress.nibis.de\/portal-interne-evaluation-bbs\/files\/2026\/03\/SchueBe-BBS-Ergebnisse-auswerten-8-300x70.png 300w, https:\/\/wordpress.nibis.de\/portal-interne-evaluation-bbs\/files\/2026\/03\/SchueBe-BBS-Ergebnisse-auswerten-8-768x180.png 768w, https:\/\/wordpress.nibis.de\/portal-interne-evaluation-bbs\/files\/2026\/03\/SchueBe-BBS-Ergebnisse-auswerten-8-100x23.png 100w, https:\/\/wordpress.nibis.de\/portal-interne-evaluation-bbs\/files\/2026\/03\/SchueBe-BBS-Ergebnisse-auswerten-8.png 1222w\" sizes=\"auto, (max-width: 1024px) 100vw, 1024px\" \/><\/figure>\n<\/div>\n\n\n<p><strong>Schritt 2:<\/strong> Sie k\u00f6nnen nun Ihre Lerngruppe unter \u201eSch\u00fcBe-BBS Datens\u00e4tze meiner Sch\u00fclergruppen\u201c ausw\u00e4hlen.<\/p>\n\n\n<div class=\"wp-block-image\">\n<figure class=\"aligncenter size-large is-resized\"><img loading=\"lazy\" decoding=\"async\" width=\"1024\" height=\"426\" src=\"https:\/\/wordpress.nibis.de\/portal-interne-evaluation-bbs\/files\/2026\/03\/SchueBe-BBS-Ergebnisse-auswerten-9-1024x426.png\" alt=\"\" class=\"wp-image-910\" style=\"width:710px\" srcset=\"https:\/\/wordpress.nibis.de\/portal-interne-evaluation-bbs\/files\/2026\/03\/SchueBe-BBS-Ergebnisse-auswerten-9-1024x426.png 1024w, https:\/\/wordpress.nibis.de\/portal-interne-evaluation-bbs\/files\/2026\/03\/SchueBe-BBS-Ergebnisse-auswerten-9-300x125.png 300w, https:\/\/wordpress.nibis.de\/portal-interne-evaluation-bbs\/files\/2026\/03\/SchueBe-BBS-Ergebnisse-auswerten-9-768x319.png 768w, https:\/\/wordpress.nibis.de\/portal-interne-evaluation-bbs\/files\/2026\/03\/SchueBe-BBS-Ergebnisse-auswerten-9-100x42.png 100w, https:\/\/wordpress.nibis.de\/portal-interne-evaluation-bbs\/files\/2026\/03\/SchueBe-BBS-Ergebnisse-auswerten-9.png 1208w\" sizes=\"auto, (max-width: 1024px) 100vw, 1024px\" \/><\/figure>\n<\/div>\n\n\n<p>Wenn Sie von einer anderen Lehrkraft Daten eine Sch\u00fcBe-BBS bereitgestellt bekommen haben (z. B. von einer Parallelklasse), k\u00f6nnen Sie diese unter \u201eVon anderen Lehrkr\u00e4ften geteilte Sch\u00fcBe-BBS Datens\u00e4tze\u201c ausw\u00e4hlen.<\/p>\n\n\n\n<p><strong>Schritt 3:<\/strong> Best\u00e4tigen Sie Ihre Auswahl mit einem Klick auf \u201eHinzuf\u00fcgen\u201c<\/p>\n\n\n<div class=\"wp-block-image\">\n<figure class=\"aligncenter size-large is-resized\"><img loading=\"lazy\" decoding=\"async\" width=\"1024\" height=\"417\" src=\"https:\/\/wordpress.nibis.de\/portal-interne-evaluation-bbs\/files\/2026\/03\/SchueBe-BBS-Ergebnisse-auswerten-10-1024x417.png\" alt=\"\" class=\"wp-image-911\" style=\"width:710px\" srcset=\"https:\/\/wordpress.nibis.de\/portal-interne-evaluation-bbs\/files\/2026\/03\/SchueBe-BBS-Ergebnisse-auswerten-10-1024x417.png 1024w, https:\/\/wordpress.nibis.de\/portal-interne-evaluation-bbs\/files\/2026\/03\/SchueBe-BBS-Ergebnisse-auswerten-10-300x122.png 300w, https:\/\/wordpress.nibis.de\/portal-interne-evaluation-bbs\/files\/2026\/03\/SchueBe-BBS-Ergebnisse-auswerten-10-768x312.png 768w, https:\/\/wordpress.nibis.de\/portal-interne-evaluation-bbs\/files\/2026\/03\/SchueBe-BBS-Ergebnisse-auswerten-10-100x41.png 100w, https:\/\/wordpress.nibis.de\/portal-interne-evaluation-bbs\/files\/2026\/03\/SchueBe-BBS-Ergebnisse-auswerten-10.png 1234w\" sizes=\"auto, (max-width: 1024px) 100vw, 1024px\" \/><\/figure>\n<\/div>\n\n\n<p><strong>Schritt 4:<\/strong> Gehen Sie auf \u201eAuswertung berechnen\u201c um sich das Ergebnis anzeigen zu lassen. Die Auswertung der beiden Befragungen wird nun mit Hilfe von Vergleichslinien dargestellt.<\/p>\n\n\n<div class=\"wp-block-image\">\n<figure class=\"aligncenter size-large is-resized\"><img loading=\"lazy\" decoding=\"async\" width=\"1024\" height=\"270\" src=\"https:\/\/wordpress.nibis.de\/portal-interne-evaluation-bbs\/files\/2026\/03\/SchueBe-BBS-Ergebnisse-auswerten-11-1024x270.png\" alt=\"\" class=\"wp-image-913\" style=\"width:710px\" srcset=\"https:\/\/wordpress.nibis.de\/portal-interne-evaluation-bbs\/files\/2026\/03\/SchueBe-BBS-Ergebnisse-auswerten-11-1024x270.png 1024w, https:\/\/wordpress.nibis.de\/portal-interne-evaluation-bbs\/files\/2026\/03\/SchueBe-BBS-Ergebnisse-auswerten-11-300x79.png 300w, https:\/\/wordpress.nibis.de\/portal-interne-evaluation-bbs\/files\/2026\/03\/SchueBe-BBS-Ergebnisse-auswerten-11-768x203.png 768w, https:\/\/wordpress.nibis.de\/portal-interne-evaluation-bbs\/files\/2026\/03\/SchueBe-BBS-Ergebnisse-auswerten-11-100x26.png 100w, https:\/\/wordpress.nibis.de\/portal-interne-evaluation-bbs\/files\/2026\/03\/SchueBe-BBS-Ergebnisse-auswerten-11.png 1235w\" sizes=\"auto, (max-width: 1024px) 100vw, 1024px\" \/><\/figure>\n<\/div>\n\n\n<figure class=\"wp-block-image size-full is-resized\"><img loading=\"lazy\" decoding=\"async\" width=\"827\" height=\"135\" src=\"https:\/\/wordpress.nibis.de\/portal-interne-evaluation-bbs\/files\/2026\/03\/image-3.png\" alt=\"\" class=\"wp-image-914\" style=\"width:710px\" srcset=\"https:\/\/wordpress.nibis.de\/portal-interne-evaluation-bbs\/files\/2026\/03\/image-3.png 827w, https:\/\/wordpress.nibis.de\/portal-interne-evaluation-bbs\/files\/2026\/03\/image-3-300x49.png 300w, https:\/\/wordpress.nibis.de\/portal-interne-evaluation-bbs\/files\/2026\/03\/image-3-768x125.png 768w, https:\/\/wordpress.nibis.de\/portal-interne-evaluation-bbs\/files\/2026\/03\/image-3-100x16.png 100w\" sizes=\"auto, (max-width: 827px) 100vw, 827px\" \/><\/figure>\n\n\n<div class=\"wp-block-image\">\n<figure class=\"aligncenter size-full is-resized\"><img loading=\"lazy\" decoding=\"async\" width=\"827\" height=\"565\" src=\"https:\/\/wordpress.nibis.de\/portal-interne-evaluation-bbs\/files\/2026\/03\/image-4.png\" alt=\"\" class=\"wp-image-915\" style=\"width:710px\" srcset=\"https:\/\/wordpress.nibis.de\/portal-interne-evaluation-bbs\/files\/2026\/03\/image-4.png 827w, https:\/\/wordpress.nibis.de\/portal-interne-evaluation-bbs\/files\/2026\/03\/image-4-300x205.png 300w, https:\/\/wordpress.nibis.de\/portal-interne-evaluation-bbs\/files\/2026\/03\/image-4-768x525.png 768w, https:\/\/wordpress.nibis.de\/portal-interne-evaluation-bbs\/files\/2026\/03\/image-4-100x68.png 100w\" sizes=\"auto, (max-width: 827px) 100vw, 827px\" \/><\/figure>\n<\/div>","protected":false},"excerpt":{"rendered":"<p>Beachten Sie, bevor die Auswertung stattfinden kann, muss die Sch\u00fcBe-BBS beendet worden sein. Schritt 1: Zur Auswertung einer Sch\u00fcBe-BBS gehen Sie zun\u00e4chst auf den Button \u201eSch\u00fcBe-BBS\u201c und w\u00e4hlen Sie eine Sch\u00fclerbefragung aus. Schritt 2: Gehen Sie auf Sch\u00fcBe-BBS vergleichen. Schritt 3: Um das Gesamtergebnis zu vergleichen, w\u00e4hlen Sie die Schaltfl\u00e4che \u201eGesamtdaten aus Schulbereich\u201c aus. Schritt &hellip; <a href=\"https:\/\/wordpress.nibis.de\/portal-interne-evaluation-bbs\/schuebe-bbs-ergebnisse-auswerten\/\" class=\"more-link\"><span class=\"screen-reader-text\">Sch\u00fcBe-BBS Ergebnisse auswerten<\/span> weiterlesen <span class=\"meta-nav\">&rarr;<\/span><\/a><\/p>\n","protected":false},"author":9194395,"featured_media":0,"parent":0,"menu_order":0,"comment_status":"closed","ping_status":"closed","template":"","meta":{"footnotes":""},"class_list":["post-435","page","type-page","status-publish","hentry"],"_links":{"self":[{"href":"https:\/\/wordpress.nibis.de\/portal-interne-evaluation-bbs\/wp-json\/wp\/v2\/pages\/435","targetHints":{"allow":["GET"]}}],"collection":[{"href":"https:\/\/wordpress.nibis.de\/portal-interne-evaluation-bbs\/wp-json\/wp\/v2\/pages"}],"about":[{"href":"https:\/\/wordpress.nibis.de\/portal-interne-evaluation-bbs\/wp-json\/wp\/v2\/types\/page"}],"author":[{"embeddable":true,"href":"https:\/\/wordpress.nibis.de\/portal-interne-evaluation-bbs\/wp-json\/wp\/v2\/users\/9194395"}],"replies":[{"embeddable":true,"href":"https:\/\/wordpress.nibis.de\/portal-interne-evaluation-bbs\/wp-json\/wp\/v2\/comments?post=435"}],"version-history":[{"count":12,"href":"https:\/\/wordpress.nibis.de\/portal-interne-evaluation-bbs\/wp-json\/wp\/v2\/pages\/435\/revisions"}],"predecessor-version":[{"id":918,"href":"https:\/\/wordpress.nibis.de\/portal-interne-evaluation-bbs\/wp-json\/wp\/v2\/pages\/435\/revisions\/918"}],"wp:attachment":[{"href":"https:\/\/wordpress.nibis.de\/portal-interne-evaluation-bbs\/wp-json\/wp\/v2\/media?parent=435"}],"curies":[{"name":"wp","href":"https:\/\/api.w.org\/{rel}","templated":true}]}}