{"id":440,"date":"2025-07-15T09:53:29","date_gmt":"2025-07-15T07:53:29","guid":{"rendered":"https:\/\/wordpress.nibis.de\/portal-interne-evaluation-bbs\/?page_id=440"},"modified":"2026-03-30T15:54:06","modified_gmt":"2026-03-30T13:54:06","slug":"schuebe-bbs-zugaenge-generieren","status":"publish","type":"page","link":"https:\/\/wordpress.nibis.de\/portal-interne-evaluation-bbs\/schuebe-bbs-zugaenge-generieren\/","title":{"rendered":"Sch\u00fcBe-BBS Zug\u00e4nge generieren"},"content":{"rendered":"\n<p>Wenn Sie eine Nachricht bekommen haben, dass Sie eine Sch\u00fcBe-BBS mit Ihrer Lerngruppe durchf\u00fchren sollen, k\u00f6nnen Sie den Zeitpunkt der Durchf\u00fchrung frei w\u00e4hlen z. B. ich bin demn\u00e4chst in einem Computerraum. Sie k\u00f6nnen dann in der Stunde die Befragung f\u00fcr Ihre Lerngruppe starten. Ihre Sch\u00fclerinnen und Sch\u00fcler erhalten dann eine E-Mail und k\u00f6nnen die Befragung beginnen. Sollten keine E-Mails hinterlegt sein, k\u00f6nnen Sie K\u00e4rtchen mit den Zugangsdaten ausdrucken.<\/p>\n\n\n\n<p>Zur Vorbereitung mit Ihrer Lerngruppe k\u00f6nnen Sie das Dokument <a href=\"https:\/\/wordpress.nibis.de\/portal-interne-evaluation-bbs\/schuebe-bbs-ausfuellen\/\" data-type=\"page\" data-id=\"428\">Sch\u00fcBe-BBS ausf\u00fcllen <\/a>nutzen.<\/p>\n\n\n\n<div class=\"wp-block-file\"><a id=\"wp-block-file--media-28f1c068-2de2-4e49-9be0-efe41da5dc01\" href=\"https:\/\/wordpress.nibis.de\/portal-interne-evaluation-bbs\/files\/2026\/03\/Kurzanleitung-SchueBe-BBS-Zugaenge-generieren.pdf\">Die Kurzanleitung Sch\u00fcBe-BBS Zug\u00e4nge generieren zum Download<\/a><\/div>\n\n\n\n<p><strong>Schritt 1:<\/strong> Nach dem Anmelden neue Sch\u00fcBe-BBS sichtbar.<\/p>\n\n\n<div class=\"wp-block-image\">\n<figure class=\"aligncenter size-large is-resized\"><img loading=\"lazy\" decoding=\"async\" width=\"1024\" height=\"302\" src=\"https:\/\/wordpress.nibis.de\/portal-interne-evaluation-bbs\/files\/2026\/03\/Zugaenge-generieren-1-1024x302.png\" alt=\"\" class=\"wp-image-869\" style=\"width:710px\" srcset=\"https:\/\/wordpress.nibis.de\/portal-interne-evaluation-bbs\/files\/2026\/03\/Zugaenge-generieren-1-1024x302.png 1024w, https:\/\/wordpress.nibis.de\/portal-interne-evaluation-bbs\/files\/2026\/03\/Zugaenge-generieren-1-300x88.png 300w, https:\/\/wordpress.nibis.de\/portal-interne-evaluation-bbs\/files\/2026\/03\/Zugaenge-generieren-1-768x226.png 768w, https:\/\/wordpress.nibis.de\/portal-interne-evaluation-bbs\/files\/2026\/03\/Zugaenge-generieren-1-100x29.png 100w, https:\/\/wordpress.nibis.de\/portal-interne-evaluation-bbs\/files\/2026\/03\/Zugaenge-generieren-1.png 1516w\" sizes=\"auto, (max-width: 1024px) 100vw, 1024px\" \/><\/figure>\n<\/div>\n\n\n<p><strong>Schritt 2:<\/strong> Sch\u00fcBe-BBS aufrufen<\/p>\n\n\n<div class=\"wp-block-image\">\n<figure class=\"aligncenter size-full\"><img loading=\"lazy\" decoding=\"async\" width=\"395\" height=\"412\" src=\"https:\/\/wordpress.nibis.de\/portal-interne-evaluation-bbs\/files\/2026\/03\/Zugaenge-generieren-2.png\" alt=\"\" class=\"wp-image-870\" srcset=\"https:\/\/wordpress.nibis.de\/portal-interne-evaluation-bbs\/files\/2026\/03\/Zugaenge-generieren-2.png 395w, https:\/\/wordpress.nibis.de\/portal-interne-evaluation-bbs\/files\/2026\/03\/Zugaenge-generieren-2-288x300.png 288w, https:\/\/wordpress.nibis.de\/portal-interne-evaluation-bbs\/files\/2026\/03\/Zugaenge-generieren-2-100x104.png 100w\" sizes=\"auto, (max-width: 395px) 100vw, 395px\" \/><\/figure>\n<\/div>\n\n\n<p><strong>Schritt 3:<\/strong> Sch\u00fcBe-BBS ausw\u00e4hlen<\/p>\n\n\n<div class=\"wp-block-image\">\n<figure class=\"aligncenter size-full is-resized\"><img loading=\"lazy\" decoding=\"async\" width=\"999\" height=\"225\" src=\"https:\/\/wordpress.nibis.de\/portal-interne-evaluation-bbs\/files\/2026\/03\/Zugaenge-generieren-3.png\" alt=\"\" class=\"wp-image-871\" style=\"width:710px\" srcset=\"https:\/\/wordpress.nibis.de\/portal-interne-evaluation-bbs\/files\/2026\/03\/Zugaenge-generieren-3.png 999w, https:\/\/wordpress.nibis.de\/portal-interne-evaluation-bbs\/files\/2026\/03\/Zugaenge-generieren-3-300x68.png 300w, https:\/\/wordpress.nibis.de\/portal-interne-evaluation-bbs\/files\/2026\/03\/Zugaenge-generieren-3-768x173.png 768w, https:\/\/wordpress.nibis.de\/portal-interne-evaluation-bbs\/files\/2026\/03\/Zugaenge-generieren-3-100x23.png 100w\" sizes=\"auto, (max-width: 999px) 100vw, 999px\" \/><\/figure>\n<\/div>\n\n\n<p><strong>Schritt 4:<\/strong> Klasse ausw\u00e4hlen<\/p>\n\n\n<div class=\"wp-block-image\">\n<figure class=\"aligncenter size-large is-resized\"><img loading=\"lazy\" decoding=\"async\" width=\"1024\" height=\"248\" src=\"https:\/\/wordpress.nibis.de\/portal-interne-evaluation-bbs\/files\/2026\/03\/Zugaenge-generieren-4-1024x248.png\" alt=\"\" class=\"wp-image-873\" style=\"width:710px\" srcset=\"https:\/\/wordpress.nibis.de\/portal-interne-evaluation-bbs\/files\/2026\/03\/Zugaenge-generieren-4-1024x248.png 1024w, https:\/\/wordpress.nibis.de\/portal-interne-evaluation-bbs\/files\/2026\/03\/Zugaenge-generieren-4-300x73.png 300w, https:\/\/wordpress.nibis.de\/portal-interne-evaluation-bbs\/files\/2026\/03\/Zugaenge-generieren-4-768x186.png 768w, https:\/\/wordpress.nibis.de\/portal-interne-evaluation-bbs\/files\/2026\/03\/Zugaenge-generieren-4-100x24.png 100w, https:\/\/wordpress.nibis.de\/portal-interne-evaluation-bbs\/files\/2026\/03\/Zugaenge-generieren-4.png 1513w\" sizes=\"auto, (max-width: 1024px) 100vw, 1024px\" \/><\/figure>\n<\/div>\n\n\n<p><strong>Schritt 5:<\/strong> TAN-Liste generieren<\/p>\n\n\n<div class=\"wp-block-image\">\n<figure class=\"aligncenter size-large is-resized\"><img loading=\"lazy\" decoding=\"async\" width=\"1024\" height=\"152\" src=\"https:\/\/wordpress.nibis.de\/portal-interne-evaluation-bbs\/files\/2026\/03\/Zugaenge-generieren-5-1024x152.png\" alt=\"\" class=\"wp-image-875\" style=\"width:710px\" srcset=\"https:\/\/wordpress.nibis.de\/portal-interne-evaluation-bbs\/files\/2026\/03\/Zugaenge-generieren-5-1024x152.png 1024w, https:\/\/wordpress.nibis.de\/portal-interne-evaluation-bbs\/files\/2026\/03\/Zugaenge-generieren-5-300x45.png 300w, https:\/\/wordpress.nibis.de\/portal-interne-evaluation-bbs\/files\/2026\/03\/Zugaenge-generieren-5-768x114.png 768w, https:\/\/wordpress.nibis.de\/portal-interne-evaluation-bbs\/files\/2026\/03\/Zugaenge-generieren-5-100x15.png 100w, https:\/\/wordpress.nibis.de\/portal-interne-evaluation-bbs\/files\/2026\/03\/Zugaenge-generieren-5.png 1049w\" sizes=\"auto, (max-width: 1024px) 100vw, 1024px\" \/><\/figure>\n<\/div>\n\n\n<p>Es werden jetzt an die Sch\u00fclerinnen und Sch\u00fcler, deren E-Mail-Adresse hinterlegt ist eine Einladungsmail gesendet.<br>Die Lehrkraft bekommt eine E-Mail mit der TAN-Liste aller Sch\u00fclerinnen und Sch\u00fcler zugesendet.<\/p>\n\n\n<div class=\"wp-block-image\">\n<figure class=\"aligncenter size-large is-resized\"><img loading=\"lazy\" decoding=\"async\" width=\"1024\" height=\"403\" src=\"https:\/\/wordpress.nibis.de\/portal-interne-evaluation-bbs\/files\/2026\/03\/Zugaenge-generieren-6-1024x403.png\" alt=\"\" class=\"wp-image-876\" style=\"width:710px\" srcset=\"https:\/\/wordpress.nibis.de\/portal-interne-evaluation-bbs\/files\/2026\/03\/Zugaenge-generieren-6-1024x403.png 1024w, https:\/\/wordpress.nibis.de\/portal-interne-evaluation-bbs\/files\/2026\/03\/Zugaenge-generieren-6-300x118.png 300w, https:\/\/wordpress.nibis.de\/portal-interne-evaluation-bbs\/files\/2026\/03\/Zugaenge-generieren-6-768x302.png 768w, https:\/\/wordpress.nibis.de\/portal-interne-evaluation-bbs\/files\/2026\/03\/Zugaenge-generieren-6-100x39.png 100w, https:\/\/wordpress.nibis.de\/portal-interne-evaluation-bbs\/files\/2026\/03\/Zugaenge-generieren-6.png 1219w\" sizes=\"auto, (max-width: 1024px) 100vw, 1024px\" \/><\/figure>\n<\/div>\n\n\n<p>Diese beinhaltet eine PDF-Datei. Mit \u201eK\u00e4rtchen\u201c zum Ausschneiden, f\u00fcr den Fall, dass keine Mails hinterlegt sind.<\/p>\n\n\n<div class=\"wp-block-image\">\n<figure class=\"aligncenter size-full is-resized\"><img loading=\"lazy\" decoding=\"async\" width=\"813\" height=\"373\" src=\"https:\/\/wordpress.nibis.de\/portal-interne-evaluation-bbs\/files\/2026\/03\/D4BFF9F6-B15B-41CC-A064-5480AB265E95.png\" alt=\"\" class=\"wp-image-877\" style=\"width:500px\" srcset=\"https:\/\/wordpress.nibis.de\/portal-interne-evaluation-bbs\/files\/2026\/03\/D4BFF9F6-B15B-41CC-A064-5480AB265E95.png 813w, https:\/\/wordpress.nibis.de\/portal-interne-evaluation-bbs\/files\/2026\/03\/D4BFF9F6-B15B-41CC-A064-5480AB265E95-300x138.png 300w, https:\/\/wordpress.nibis.de\/portal-interne-evaluation-bbs\/files\/2026\/03\/D4BFF9F6-B15B-41CC-A064-5480AB265E95-768x352.png 768w, https:\/\/wordpress.nibis.de\/portal-interne-evaluation-bbs\/files\/2026\/03\/D4BFF9F6-B15B-41CC-A064-5480AB265E95-100x46.png 100w\" sizes=\"auto, (max-width: 813px) 100vw, 813px\" \/><\/figure>\n<\/div>\n\n\n<p>Die Sch\u00fclerinnen und Sch\u00fcler erhalten eine Mail mit Zugangs Daten.<\/p>\n\n\n<div class=\"wp-block-image\">\n<figure class=\"aligncenter size-large is-resized\"><img loading=\"lazy\" decoding=\"async\" width=\"1024\" height=\"512\" src=\"https:\/\/wordpress.nibis.de\/portal-interne-evaluation-bbs\/files\/2026\/03\/DAAFB7D3-DC99-4A9E-AFE5-9ABA9351F374-1024x512.png\" alt=\"\" class=\"wp-image-878\" style=\"width:710px\" srcset=\"https:\/\/wordpress.nibis.de\/portal-interne-evaluation-bbs\/files\/2026\/03\/DAAFB7D3-DC99-4A9E-AFE5-9ABA9351F374-1024x512.png 1024w, https:\/\/wordpress.nibis.de\/portal-interne-evaluation-bbs\/files\/2026\/03\/DAAFB7D3-DC99-4A9E-AFE5-9ABA9351F374-300x150.png 300w, https:\/\/wordpress.nibis.de\/portal-interne-evaluation-bbs\/files\/2026\/03\/DAAFB7D3-DC99-4A9E-AFE5-9ABA9351F374-768x384.png 768w, https:\/\/wordpress.nibis.de\/portal-interne-evaluation-bbs\/files\/2026\/03\/DAAFB7D3-DC99-4A9E-AFE5-9ABA9351F374-100x50.png 100w, https:\/\/wordpress.nibis.de\/portal-interne-evaluation-bbs\/files\/2026\/03\/DAAFB7D3-DC99-4A9E-AFE5-9ABA9351F374.png 1213w\" sizes=\"auto, (max-width: 1024px) 100vw, 1024px\" \/><\/figure>\n<\/div>\n\n\n<p>Weiterhin hat die Lehrkraft die M\u00f6glichkeit die K\u00e4rtchen direkt auszudrucken.<\/p>\n\n\n<div class=\"wp-block-image\">\n<figure class=\"aligncenter size-large is-resized\"><img loading=\"lazy\" decoding=\"async\" width=\"1024\" height=\"348\" src=\"https:\/\/wordpress.nibis.de\/portal-interne-evaluation-bbs\/files\/2026\/03\/Zugaenge-generieren-7-1024x348.png\" alt=\"\" class=\"wp-image-879\" style=\"width:710px\" srcset=\"https:\/\/wordpress.nibis.de\/portal-interne-evaluation-bbs\/files\/2026\/03\/Zugaenge-generieren-7-1024x348.png 1024w, https:\/\/wordpress.nibis.de\/portal-interne-evaluation-bbs\/files\/2026\/03\/Zugaenge-generieren-7-300x102.png 300w, https:\/\/wordpress.nibis.de\/portal-interne-evaluation-bbs\/files\/2026\/03\/Zugaenge-generieren-7-768x261.png 768w, https:\/\/wordpress.nibis.de\/portal-interne-evaluation-bbs\/files\/2026\/03\/Zugaenge-generieren-7-100x34.png 100w, https:\/\/wordpress.nibis.de\/portal-interne-evaluation-bbs\/files\/2026\/03\/Zugaenge-generieren-7.png 1216w\" sizes=\"auto, (max-width: 1024px) 100vw, 1024px\" \/><\/figure>\n<\/div>\n\n\n<p>Es erscheint ein Dialogfenster mit den Druckeinstellungen, hier die Einstellung \u201ePortrait\u201c ausw\u00e4hlen.<\/p>\n\n\n<div class=\"wp-block-image\">\n<figure class=\"aligncenter size-full is-resized\"><img loading=\"lazy\" decoding=\"async\" width=\"995\" height=\"718\" src=\"https:\/\/wordpress.nibis.de\/portal-interne-evaluation-bbs\/files\/2026\/03\/Zugaenge-generieren-8.png\" alt=\"\" class=\"wp-image-880\" style=\"width:710px\" srcset=\"https:\/\/wordpress.nibis.de\/portal-interne-evaluation-bbs\/files\/2026\/03\/Zugaenge-generieren-8.png 995w, https:\/\/wordpress.nibis.de\/portal-interne-evaluation-bbs\/files\/2026\/03\/Zugaenge-generieren-8-300x216.png 300w, https:\/\/wordpress.nibis.de\/portal-interne-evaluation-bbs\/files\/2026\/03\/Zugaenge-generieren-8-768x554.png 768w, https:\/\/wordpress.nibis.de\/portal-interne-evaluation-bbs\/files\/2026\/03\/Zugaenge-generieren-8-100x72.png 100w\" sizes=\"auto, (max-width: 995px) 100vw, 995px\" \/><\/figure>\n<\/div>\n\n\n<p>Und mit \u201eSpeichern\u201c best\u00e4tigen und Verzeichnis ausw\u00e4hlen.<\/p>\n\n\n<div class=\"wp-block-image\">\n<figure class=\"aligncenter size-full is-resized\"><img loading=\"lazy\" decoding=\"async\" width=\"591\" height=\"370\" src=\"https:\/\/wordpress.nibis.de\/portal-interne-evaluation-bbs\/files\/2026\/03\/image.png\" alt=\"\" class=\"wp-image-881\" style=\"width:600px\" srcset=\"https:\/\/wordpress.nibis.de\/portal-interne-evaluation-bbs\/files\/2026\/03\/image.png 591w, https:\/\/wordpress.nibis.de\/portal-interne-evaluation-bbs\/files\/2026\/03\/image-300x188.png 300w, https:\/\/wordpress.nibis.de\/portal-interne-evaluation-bbs\/files\/2026\/03\/image-100x63.png 100w\" sizes=\"auto, (max-width: 591px) 100vw, 591px\" \/><\/figure>\n<\/div>\n\n\n<p>Die PDF-Datei \u00f6ffnet sich und kann gedruckt werden.<\/p>\n\n\n<div class=\"wp-block-image\">\n<figure class=\"aligncenter size-full is-resized\"><img loading=\"lazy\" decoding=\"async\" width=\"709\" height=\"381\" src=\"https:\/\/wordpress.nibis.de\/portal-interne-evaluation-bbs\/files\/2026\/03\/image-1.png\" alt=\"\" class=\"wp-image-882\" style=\"width:710px\" srcset=\"https:\/\/wordpress.nibis.de\/portal-interne-evaluation-bbs\/files\/2026\/03\/image-1.png 709w, https:\/\/wordpress.nibis.de\/portal-interne-evaluation-bbs\/files\/2026\/03\/image-1-300x161.png 300w, https:\/\/wordpress.nibis.de\/portal-interne-evaluation-bbs\/files\/2026\/03\/image-1-100x54.png 100w\" sizes=\"auto, (max-width: 709px) 100vw, 709px\" \/><\/figure>\n<\/div>","protected":false},"excerpt":{"rendered":"<p>Wenn Sie eine Nachricht bekommen haben, dass Sie eine Sch\u00fcBe-BBS mit Ihrer Lerngruppe durchf\u00fchren sollen, k\u00f6nnen Sie den Zeitpunkt der Durchf\u00fchrung frei w\u00e4hlen z. B. ich bin demn\u00e4chst in einem Computerraum. Sie k\u00f6nnen dann in der Stunde die Befragung f\u00fcr Ihre Lerngruppe starten. Ihre Sch\u00fclerinnen und Sch\u00fcler erhalten dann eine E-Mail und k\u00f6nnen die Befragung &hellip; <a href=\"https:\/\/wordpress.nibis.de\/portal-interne-evaluation-bbs\/schuebe-bbs-zugaenge-generieren\/\" class=\"more-link\"><span class=\"screen-reader-text\">Sch\u00fcBe-BBS Zug\u00e4nge generieren<\/span> weiterlesen <span class=\"meta-nav\">&rarr;<\/span><\/a><\/p>\n","protected":false},"author":9194395,"featured_media":0,"parent":0,"menu_order":0,"comment_status":"closed","ping_status":"closed","template":"","meta":{"footnotes":""},"class_list":["post-440","page","type-page","status-publish","hentry"],"_links":{"self":[{"href":"https:\/\/wordpress.nibis.de\/portal-interne-evaluation-bbs\/wp-json\/wp\/v2\/pages\/440","targetHints":{"allow":["GET"]}}],"collection":[{"href":"https:\/\/wordpress.nibis.de\/portal-interne-evaluation-bbs\/wp-json\/wp\/v2\/pages"}],"about":[{"href":"https:\/\/wordpress.nibis.de\/portal-interne-evaluation-bbs\/wp-json\/wp\/v2\/types\/page"}],"author":[{"embeddable":true,"href":"https:\/\/wordpress.nibis.de\/portal-interne-evaluation-bbs\/wp-json\/wp\/v2\/users\/9194395"}],"replies":[{"embeddable":true,"href":"https:\/\/wordpress.nibis.de\/portal-interne-evaluation-bbs\/wp-json\/wp\/v2\/comments?post=440"}],"version-history":[{"count":8,"href":"https:\/\/wordpress.nibis.de\/portal-interne-evaluation-bbs\/wp-json\/wp\/v2\/pages\/440\/revisions"}],"predecessor-version":[{"id":886,"href":"https:\/\/wordpress.nibis.de\/portal-interne-evaluation-bbs\/wp-json\/wp\/v2\/pages\/440\/revisions\/886"}],"wp:attachment":[{"href":"https:\/\/wordpress.nibis.de\/portal-interne-evaluation-bbs\/wp-json\/wp\/v2\/media?parent=440"}],"curies":[{"name":"wp","href":"https:\/\/api.w.org\/{rel}","templated":true}]}}