{"id":45,"date":"2024-08-01T13:55:24","date_gmt":"2024-08-01T11:55:24","guid":{"rendered":"https:\/\/wordpress.nibis.de\/portal-interne-evaluation-bbs\/?page_id=45"},"modified":"2026-03-31T06:19:58","modified_gmt":"2026-03-31T04:19:58","slug":"schuebe-bbs","status":"publish","type":"page","link":"https:\/\/wordpress.nibis.de\/portal-interne-evaluation-bbs\/schuebe-bbs\/","title":{"rendered":"Sch\u00fcBe-BBS"},"content":{"rendered":"\n<h3 class=\"wp-block-heading has-text-align-center\"><strong>Befragung von Sch\u00fclerinnen und Sch\u00fclern berufsbildender Schulen (Sch\u00fcBe-BBS)<\/strong><\/h3>\n\n\n\n<div class=\"wp-block-file\"><a id=\"wp-block-file--media-1025c331-5906-49eb-82c1-48a41d7da714\" href=\"https:\/\/wordpress.nibis.de\/portal-interne-evaluation-bbs\/files\/2025\/09\/SchueBe_BBS_20250716.pdf\"><br>Fragen Sch\u00fcBe-BBS zum Download<\/a><\/div>\n\n\n\n<p>Im Rahmen einer Kommissionsarbeit f\u00fcr das Nieders\u00e4chsische Kultusministerium wurden eine Befragung von Sch\u00fclerinnen und Sch\u00fclern berufsbildender Schulen (Sch\u00fcBe-BBS) sowie eine Befragung von Lehrkr\u00e4ften berufsbildender Schulen (LeBe-BBS) erarbeitet, welche als Instrumente des schulischen Qualit\u00e4tsmanagements Anwendung finden k\u00f6nnen. Dabei standen die Anforderungen des Kernaufgabenmodells f\u00fcr berufsbildende Schulen in Niedersachsen (KAM-BBS) im Mittelpunkt.<\/p>\n\n\n\n<p>Im Fokus der Sch\u00fcBe-BBS stehen die Kernaufgaben des Qualit\u00e4tsbereichs B \u201eBildungsangebote gestalten\u201c. Entsprechende Fragestellungen in der LeBe-BBS zum Qualit\u00e4tsbereich B erm\u00f6glichen einen Abgleich der Sichtweisen von Lehrenden und Lernenden einer Schule in der Auswertung.<\/p>\n\n\n\n<p>Die Auswertung der Befragung liefert Hinweise, welche Qualit\u00e4tsbereiche bzw. Kernaufgaben St\u00e4rken oder Verbesserungspotentiale in der schulischen Arbeit darstellen. Die Ergebnisse eignen sich beispielsweise als Grundlage von schulischen Strategieentwicklungsprozessen, Zielvereinbarungsgespr\u00e4chen auf allen Ebenen sowie zur Unterst\u00fctzung im Rahmen von Selbstbewertungen, z. B. mittels SebeiSch.<\/p>\n\n\n\n<p>Mit der neuen Version von BBS-Planung haben Sie die M\u00f6glichkeit die Daten der Sch\u00fclerinnen und Sch\u00fcler in das f\u00fcr das Portal notwendige Format zu exportieren. Die Daten k\u00f6nnen dann ohne Aufwand per Importfunktion in den Arbeitsbereich-BBS \u00fcbernommen werden.<\/p>\n\n\n\n<p><\/p>\n","protected":false},"excerpt":{"rendered":"<p>Befragung von Sch\u00fclerinnen und Sch\u00fclern berufsbildender Schulen (Sch\u00fcBe-BBS) Im Rahmen einer Kommissionsarbeit f\u00fcr das Nieders\u00e4chsische Kultusministerium wurden eine Befragung von Sch\u00fclerinnen und Sch\u00fclern berufsbildender Schulen (Sch\u00fcBe-BBS) sowie eine Befragung von Lehrkr\u00e4ften berufsbildender Schulen (LeBe-BBS) erarbeitet, welche als Instrumente des schulischen Qualit\u00e4tsmanagements Anwendung finden k\u00f6nnen. Dabei standen die Anforderungen des Kernaufgabenmodells f\u00fcr berufsbildende Schulen in Niedersachsen &hellip; <a href=\"https:\/\/wordpress.nibis.de\/portal-interne-evaluation-bbs\/schuebe-bbs\/\" class=\"more-link\"><span class=\"screen-reader-text\">Sch\u00fcBe-BBS<\/span> weiterlesen <span class=\"meta-nav\">&rarr;<\/span><\/a><\/p>\n","protected":false},"author":9194395,"featured_media":0,"parent":0,"menu_order":0,"comment_status":"closed","ping_status":"closed","template":"","meta":{"footnotes":""},"class_list":["post-45","page","type-page","status-publish","hentry"],"_links":{"self":[{"href":"https:\/\/wordpress.nibis.de\/portal-interne-evaluation-bbs\/wp-json\/wp\/v2\/pages\/45","targetHints":{"allow":["GET"]}}],"collection":[{"href":"https:\/\/wordpress.nibis.de\/portal-interne-evaluation-bbs\/wp-json\/wp\/v2\/pages"}],"about":[{"href":"https:\/\/wordpress.nibis.de\/portal-interne-evaluation-bbs\/wp-json\/wp\/v2\/types\/page"}],"author":[{"embeddable":true,"href":"https:\/\/wordpress.nibis.de\/portal-interne-evaluation-bbs\/wp-json\/wp\/v2\/users\/9194395"}],"replies":[{"embeddable":true,"href":"https:\/\/wordpress.nibis.de\/portal-interne-evaluation-bbs\/wp-json\/wp\/v2\/comments?post=45"}],"version-history":[{"count":7,"href":"https:\/\/wordpress.nibis.de\/portal-interne-evaluation-bbs\/wp-json\/wp\/v2\/pages\/45\/revisions"}],"predecessor-version":[{"id":891,"href":"https:\/\/wordpress.nibis.de\/portal-interne-evaluation-bbs\/wp-json\/wp\/v2\/pages\/45\/revisions\/891"}],"wp:attachment":[{"href":"https:\/\/wordpress.nibis.de\/portal-interne-evaluation-bbs\/wp-json\/wp\/v2\/media?parent=45"}],"curies":[{"name":"wp","href":"https:\/\/api.w.org\/{rel}","templated":true}]}}