{"id":494,"date":"2025-10-24T12:03:27","date_gmt":"2025-10-24T10:03:27","guid":{"rendered":"https:\/\/wordpress.nibis.de\/portal-interne-evaluation-bbs\/?page_id=494"},"modified":"2026-02-20T14:46:02","modified_gmt":"2026-02-20T13:46:02","slug":"willkommen-im-hilfebereich-zum-pie-bbs","status":"publish","type":"page","link":"https:\/\/wordpress.nibis.de\/portal-interne-evaluation-bbs\/","title":{"rendered":"Willkommen im Hilfebereich zum PIE-BBS"},"content":{"rendered":"\n<p>Neben den ausf\u00fchrlichen Informationen, die Sie auf dem Portal f\u00fcr interne Evaluation-BBS finden, informiert und ber\u00e4t&nbsp;Sie der Fachbereich 21 gerne via Telefon, E-Mail oder schulischem Videokonferenzsystem.<\/p>\n\n\n\n<figure class=\"wp-block-image\"><img loading=\"lazy\" decoding=\"async\" width=\"728\" height=\"391\" src=\"https:\/\/wordpress.nibis.de\/portal-interne-evaluation-bbs\/files\/2024\/10\/Hotline-1.png\" alt=\"\" class=\"wp-image-297\" srcset=\"https:\/\/wordpress.nibis.de\/portal-interne-evaluation-bbs\/files\/2024\/10\/Hotline-1.png 728w, https:\/\/wordpress.nibis.de\/portal-interne-evaluation-bbs\/files\/2024\/10\/Hotline-1-300x161.png 300w\" sizes=\"auto, (max-width: 728px) 100vw, 728px\" \/><\/figure>\n\n\n\n<p><strong>Kontakt und Telefonzeiten:<\/strong><\/p>\n\n\n\n<p>E-Mail: <a href=\"mai&#108;&#116;&#111;&#x3a;&#x70;&#x6f;&#x72;&#x74;&#x61;l-i&#110;&#116;&#101;&#114;&#x6e;&#x65;&#x2d;&#x65;&#x76;&#x61;lua&#116;&#105;&#111;&#x6e;&#x2d;&#x62;&#x62;&#x73;&#x40;nib&#105;&#115;&#46;&#100;&#x65;\">&#112;o&#114;t&#97;l&#x2d;i&#x6e;t&#x65;r&#x6e;e&#x2d;e&#x76;a&#x6c;u&#x61;t&#x69;o&#x6e;&#45;&#x62;&#98;&#x73;&#64;&#x6e;&#105;&#x62;&#105;&#x73;&#46;&#x64;&#101;<\/a><\/p>\n\n\n\n<p>oder<\/p>\n\n\n\n<p>Telefon:\u00a0<strong>+49 163 8730288<\/strong><\/p>\n\n\n\n<p>Mo \u2013 Do*: 09:00 \u2013 12:00 Uhr und 13:00 \u2013 15:00 Uhr<\/p>\n\n\n\n<p>Fr:&nbsp;&nbsp;&nbsp;&nbsp;&nbsp;&nbsp;&nbsp;&nbsp;&nbsp; 09:00 \u2013 12:00 Uhr<\/p>\n\n\n\n<p>* oder nach Vereinbarung<\/p>\n\n\n\n<p><\/p>\n\n\n\n<h2 class=\"wp-block-heading\">Neuste Beitr\u00e4ge<\/h2>\n\n\n<ul class=\"wp-block-latest-posts__list has-dates is-style-tw-posts-card wp-block-latest-posts\"><li><a class=\"wp-block-latest-posts__post-title\" href=\"https:\/\/wordpress.nibis.de\/portal-interne-evaluation-bbs\/2025\/07\/30\/weiterentwickelte-qm-instrumente-ab-schuljahr-2025-26\/\">+++Weiterentwickelte QM-Instrumente ab Schuljahr 2025\/26+++<\/a><time datetime=\"2025-07-30T14:13:57+02:00\" class=\"wp-block-latest-posts__post-date\">30. Juli 2025<\/time><div class=\"wp-block-latest-posts__post-excerpt\">Liebe Kolleginnen und Kollegen,in der Kommission zur \u00dcberarbeitung und Weiterentwicklung der Qualit\u00e4tsmanagement-Instrumente, an der sowohl Lehrkr\u00e4fte als auch Fachberatungen, Fachleitungen, QM-Beauftragte sowie wissenschaftliche Mitarbeiterinnen und Mitarbeiter des NLQ beteiligt waren, wurden die Instrumente LeBe-BBS, Sch\u00fcBe-BBS und UB-BBS umfassend \u00fcberarbeitet. Die &hellip; <a href=\"https:\/\/wordpress.nibis.de\/portal-interne-evaluation-bbs\/2025\/07\/30\/weiterentwickelte-qm-instrumente-ab-schuljahr-2025-26\/\" class=\"more-link\"><span class=\"screen-reader-text\">+++Weiterentwickelte QM-Instrumente ab Schuljahr 2025\/26+++<\/span> weiterlesen <span class=\"meta-nav\">&rarr;<\/span><\/a><\/div><\/li>\n<li><a class=\"wp-block-latest-posts__post-title\" href=\"https:\/\/wordpress.nibis.de\/portal-interne-evaluation-bbs\/2024\/09\/20\/roll-out\/\">Roll Out<\/a><time datetime=\"2024-09-20T07:31:09+02:00\" class=\"wp-block-latest-posts__post-date\">20. September 2024<\/time><div class=\"wp-block-latest-posts__post-excerpt\">Ab dem 23.09.2024 steht Ihnen der neue Arbeitsbereich-BBS zur Verf\u00fcgung. Hierf\u00fcr m\u00fcssen sie auch einen neue Internetadresse verwenden.https:\/\/XXXXX.intern-bbs.nibis.de\/ hierbei steht XXXXX f\u00fcr Ihre Schulnummer.<\/div><\/li>\n<li><a class=\"wp-block-latest-posts__post-title\" href=\"https:\/\/wordpress.nibis.de\/portal-interne-evaluation-bbs\/2024\/09\/20\/doppelanmeldung\/\">Doppelanmeldung<\/a><time datetime=\"2024-09-20T07:16:41+02:00\" class=\"wp-block-latest-posts__post-date\">20. September 2024<\/time><div class=\"wp-block-latest-posts__post-excerpt\">Durch die Technik waren wir gezwungen, eine Doppelanmeldung vor den Arbeitsbereich-BBS zu schalten. Durch die Neuprogrammierung f\u00e4llt diese nun weg.Dies f\u00fchrt zu Erleichterungen bei der Durchf\u00fchrung der Sch\u00fclerinnen und Sch\u00fclerbefragung (Sch\u00fcBe-BSS) und bei der Durchf\u00fchrung von mehrperspektivischen Unterrichtsbeobachtungen.<\/div><\/li>\n<li><a class=\"wp-block-latest-posts__post-title\" href=\"https:\/\/wordpress.nibis.de\/portal-interne-evaluation-bbs\/2024\/09\/10\/qr-code-fuer-mub-bbs-und-schuebe-bbs\/\">QR-Code f\u00fcr mUB-BBS und Sch\u00fcBe-BBS<\/a><time datetime=\"2024-09-10T07:37:45+02:00\" class=\"wp-block-latest-posts__post-date\">10. September 2024<\/time><div class=\"wp-block-latest-posts__post-excerpt\">Mit der Einf\u00fchrung des neu entwickelten Arbeitsbereichs-BBS steht Ihnen f\u00fcr alle Befragungen, an denen Sch\u00fclerinnen und Sch\u00fcler teilnehmen, die Nutzung von QR-Codes zur Verf\u00fcgung. Hierdurch erhoffen wir uns, dass sie problemloser Befragungen durchf\u00fchren k\u00f6nnen.<\/div><\/li>\n<li><a class=\"wp-block-latest-posts__post-title\" href=\"https:\/\/wordpress.nibis.de\/portal-interne-evaluation-bbs\/2024\/08\/29\/automatische-zuordnung-der-lehrkraefte-zu-schuebe-bbs-befragungsgruppen\/\">Automatische Zuordnung der Lehrkr\u00e4fte zu Sch\u00fcBe-BBS Befragungsgruppen<\/a><time datetime=\"2024-08-29T07:57:14+02:00\" class=\"wp-block-latest-posts__post-date\">29. August 2024<\/time><div class=\"wp-block-latest-posts__post-excerpt\">In der Vergangenheit mussten im Rahmen der Sch\u00fclerinnen- und Sch\u00fclerbefragung (Sch\u00fcbe-BBS) die Lerngruppen manuell den Lehrkr\u00e4ften zugeordnet werden. Sie haben jetzt die M\u00f6glichkeit, bei den Accounts f\u00fcr die Lehrkr\u00e4fte das Feld &#8222;K\u00fcrzel&#8220; zu pflegen. Wenn die Import-Datei in der letzten &hellip; <a href=\"https:\/\/wordpress.nibis.de\/portal-interne-evaluation-bbs\/2024\/08\/29\/automatische-zuordnung-der-lehrkraefte-zu-schuebe-bbs-befragungsgruppen\/\" class=\"more-link\"><span class=\"screen-reader-text\">Automatische Zuordnung der Lehrkr\u00e4fte zu Sch\u00fcBe-BBS Befragungsgruppen<\/span> weiterlesen <span class=\"meta-nav\">&rarr;<\/span><\/a><\/div><\/li>\n<li><a class=\"wp-block-latest-posts__post-title\" href=\"https:\/\/wordpress.nibis.de\/portal-interne-evaluation-bbs\/2024\/08\/21\/durchgaengige-e-mail-benachrichtigung-der-user-innen\/\">Durchg\u00e4ngige E-Mail Benachrichtigung der User\/-innen<\/a><time datetime=\"2024-08-21T15:26:38+02:00\" class=\"wp-block-latest-posts__post-date\">21. August 2024<\/time><div class=\"wp-block-latest-posts__post-excerpt\">Bei jeder \u00c4nderung an Userkonten werden E-Mails an die betroffenen User\/-innen versendet z. B. bei der \u00c4nderung eines Passwortes. Sollten Sie f\u00fcr eine Hospitation eingeladen worden sein oder an einer Befragung teilnehmen, bekommen Sie die Information an das im System &hellip; <a href=\"https:\/\/wordpress.nibis.de\/portal-interne-evaluation-bbs\/2024\/08\/21\/durchgaengige-e-mail-benachrichtigung-der-user-innen\/\" class=\"more-link\"><span class=\"screen-reader-text\">Durchg\u00e4ngige E-Mail Benachrichtigung der User\/-innen<\/span> weiterlesen <span class=\"meta-nav\">&rarr;<\/span><\/a><\/div><\/li>\n<li><a class=\"wp-block-latest-posts__post-title\" href=\"https:\/\/wordpress.nibis.de\/portal-interne-evaluation-bbs\/2024\/08\/12\/anleitungen\/\">Anleitungen<\/a><time datetime=\"2024-08-12T13:10:50+02:00\" class=\"wp-block-latest-posts__post-date\">12. August 2024<\/time><div class=\"wp-block-latest-posts__post-excerpt\">Sie werden jetzt unter den unterschiedlichen Men\u00fcpunkten die ersten Anleitungen zum neu programmierten Arbeitsbereich-BBS finden.<\/div><\/li>\n<li><a class=\"wp-block-latest-posts__post-title\" href=\"https:\/\/wordpress.nibis.de\/portal-interne-evaluation-bbs\/2024\/08\/05\/loeschen-von-lehkraeftebefragungen\/\">L\u00f6schen von Lehkr\u00e4ftebefragungen<\/a><time datetime=\"2024-08-05T21:42:33+02:00\" class=\"wp-block-latest-posts__post-date\">5. August 2024<\/time><div class=\"wp-block-latest-posts__post-excerpt\">Der Wunsch vieler Administrator\/-innen und Administratoren, die bereits mit den Lehrkr\u00e4ftebefragung (LeBe-BBS) gearbeitet haben, konnte umgesetzt werden: Befragungen, die z. B. zu Testzwecken konfiguriert wurden, k\u00f6nnen gel\u00f6scht werden.<\/div><\/li>\n<li><a class=\"wp-block-latest-posts__post-title\" href=\"https:\/\/wordpress.nibis.de\/portal-interne-evaluation-bbs\/2024\/07\/25\/testbeitrag\/\">Die neue Oberfl\u00e4che<\/a><time datetime=\"2024-07-25T15:56:15+02:00\" class=\"wp-block-latest-posts__post-date\">25. Juli 2024<\/time><div class=\"wp-block-latest-posts__post-excerpt\">Der Arbeitsbereich-BBS hat eine neue Oberfl\u00e4che erhalten, hier ist es m\u00f6glich, einen schnellen \u00dcberblick \u00fcber die anstehenden Aufgaben zu bekommen.Auf dem Dashboard wird der Status der einzelnen QM-Instrumente angezeigt z. B. sollte an einer Lehrkr\u00e4ftebefragung (LeBe-BBS) teilgenommen werden.<\/div><\/li>\n<li><a class=\"wp-block-latest-posts__post-title\" href=\"https:\/\/wordpress.nibis.de\/portal-interne-evaluation-bbs\/2024\/07\/24\/hallo-welt\/\">\u00dcberarbeitung des Arbeitsbereichs-BBS<\/a><time datetime=\"2024-07-24T07:12:49+02:00\" class=\"wp-block-latest-posts__post-date\">24. Juli 2024<\/time><div class=\"wp-block-latest-posts__post-excerpt\">Derzeit wird der gesamte Arbeitsbereich-BBS mit seinen QM-Instrumenten SebeiSch-BBS, LeBe-BBS, Sch\u00fcBe-BBS und UB-BBS \u00fcberarbeitet. Sie werden hier in n\u00e4chster Zeit Information, News und Anleitungen rund um den Arbeitsbereich-BBS vorfinden.<\/div><\/li>\n<\/ul>","protected":false},"excerpt":{"rendered":"<p>Neben den ausf\u00fchrlichen Informationen, die Sie auf dem Portal f\u00fcr interne Evaluation-BBS finden, informiert und ber\u00e4t&nbsp;Sie der Fachbereich 21 gerne via Telefon, E-Mail oder schulischem Videokonferenzsystem. Kontakt und Telefonzeiten: E-Mail: p&#111;&#114;&#x74;&#x61;l&#45;&#105;&#x6e;&#x74;&#x65;r&#110;&#101;&#x2d;&#x65;va&#108;&#x75;&#x61;&#x74;i&#111;&#110;&#x2d;&#x62;bs&#64;&#x6e;&#x69;&#x62;i&#115;&#46;&#x64;&#x65; oder Telefon:\u00a0+49 163 8730288 Mo \u2013 Do*: 09:00 \u2013 12:00 Uhr und 13:00 \u2013 15:00 Uhr Fr:&nbsp;&nbsp;&nbsp;&nbsp;&nbsp;&nbsp;&nbsp;&nbsp;&nbsp; 09:00 \u2013 12:00 Uhr * oder nach &hellip; <a href=\"https:\/\/wordpress.nibis.de\/portal-interne-evaluation-bbs\/\" class=\"more-link\"><span class=\"screen-reader-text\">Willkommen im Hilfebereich zum PIE-BBS<\/span> weiterlesen <span class=\"meta-nav\">&rarr;<\/span><\/a><\/p>\n","protected":false},"author":9194705,"featured_media":0,"parent":0,"menu_order":0,"comment_status":"closed","ping_status":"closed","template":"","meta":{"footnotes":""},"class_list":["post-494","page","type-page","status-publish","hentry"],"_links":{"self":[{"href":"https:\/\/wordpress.nibis.de\/portal-interne-evaluation-bbs\/wp-json\/wp\/v2\/pages\/494","targetHints":{"allow":["GET"]}}],"collection":[{"href":"https:\/\/wordpress.nibis.de\/portal-interne-evaluation-bbs\/wp-json\/wp\/v2\/pages"}],"about":[{"href":"https:\/\/wordpress.nibis.de\/portal-interne-evaluation-bbs\/wp-json\/wp\/v2\/types\/page"}],"author":[{"embeddable":true,"href":"https:\/\/wordpress.nibis.de\/portal-interne-evaluation-bbs\/wp-json\/wp\/v2\/users\/9194705"}],"replies":[{"embeddable":true,"href":"https:\/\/wordpress.nibis.de\/portal-interne-evaluation-bbs\/wp-json\/wp\/v2\/comments?post=494"}],"version-history":[{"count":4,"href":"https:\/\/wordpress.nibis.de\/portal-interne-evaluation-bbs\/wp-json\/wp\/v2\/pages\/494\/revisions"}],"predecessor-version":[{"id":555,"href":"https:\/\/wordpress.nibis.de\/portal-interne-evaluation-bbs\/wp-json\/wp\/v2\/pages\/494\/revisions\/555"}],"wp:attachment":[{"href":"https:\/\/wordpress.nibis.de\/portal-interne-evaluation-bbs\/wp-json\/wp\/v2\/media?parent=494"}],"curies":[{"name":"wp","href":"https:\/\/api.w.org\/{rel}","templated":true}]}}