{"id":558,"date":"2026-03-03T06:56:32","date_gmt":"2026-03-03T05:56:32","guid":{"rendered":"https:\/\/wordpress.nibis.de\/portal-interne-evaluation-bbs\/?page_id=558"},"modified":"2026-03-30T12:05:29","modified_gmt":"2026-03-30T10:05:29","slug":"sebeisch-bbs-ergaenzende-angaben-auswerten-2","status":"publish","type":"page","link":"https:\/\/wordpress.nibis.de\/portal-interne-evaluation-bbs\/sebeisch-bbs-ergaenzende-angaben-auswerten-2\/","title":{"rendered":"SebeiSch-BBS erg\u00e4nzende Angaben auswerten"},"content":{"rendered":"\n<p>Wenn Sie eine SebeiSch-BBS angelegt haben, k\u00f6nnen Sie die erg\u00e4nzten Angaben (Texteingaben) der Teilnehmenden einsehen. Diese sind nur einzusehen, wenn die SebeiSch-BBS \u201enicht anonymisiert\u201c angelegt wurde. Die Ergebnisse k\u00f6nnen so in einer gemeinsamen Teamsitzung als Gespr\u00e4chsanlass dienen, um ein Gesamtergebnis der Befragungsgruppe festzuhalten oder gemeinsame Entwicklungsziele festzulegen.<\/p>\n\n\n\n<div class=\"wp-block-file\"><a id=\"wp-block-file--media-d13096db-c3f5-42e0-88a2-6efab6c2c45a\" href=\"https:\/\/wordpress.nibis.de\/portal-interne-evaluation-bbs\/files\/2026\/03\/Kurzanleitung-SebeiSch-BBS-ergaenzende-Angaben-auswerten.pdf\">Die Kurzanleitung SebeiSch-BBS erg\u00e4nzende Angaben auswerten zum Download<\/a><\/div>\n\n\n\n<p><strong>Schritt 1:<\/strong> Gehen Sie auf dem Dashboard auf die gew\u00fcnschte SebeiSch-BBS.<\/p>\n\n\n<div class=\"wp-block-image\">\n<figure class=\"aligncenter size-full is-resized\"><img loading=\"lazy\" decoding=\"async\" width=\"488\" height=\"634\" src=\"https:\/\/wordpress.nibis.de\/portal-interne-evaluation-bbs\/files\/2026\/03\/SebeiSch-BBS-ergaenzende-Angaben-auswerten-1.png\" alt=\"\" class=\"wp-image-807\" style=\"width:400px\" srcset=\"https:\/\/wordpress.nibis.de\/portal-interne-evaluation-bbs\/files\/2026\/03\/SebeiSch-BBS-ergaenzende-Angaben-auswerten-1.png 488w, https:\/\/wordpress.nibis.de\/portal-interne-evaluation-bbs\/files\/2026\/03\/SebeiSch-BBS-ergaenzende-Angaben-auswerten-1-231x300.png 231w, https:\/\/wordpress.nibis.de\/portal-interne-evaluation-bbs\/files\/2026\/03\/SebeiSch-BBS-ergaenzende-Angaben-auswerten-1-100x130.png 100w\" sizes=\"auto, (max-width: 488px) 100vw, 488px\" \/><\/figure>\n<\/div>\n\n\n<p><strong>Schritt 2:<\/strong> W\u00e4hlen Sie den Button \u201eerg\u00e4nzende Angaben auswerten\u201c.<\/p>\n\n\n<div class=\"wp-block-image\">\n<figure class=\"aligncenter size-full is-resized\"><img loading=\"lazy\" decoding=\"async\" width=\"546\" height=\"495\" src=\"https:\/\/wordpress.nibis.de\/portal-interne-evaluation-bbs\/files\/2026\/03\/SebeiSch-BBS-ergaenzende-Angaben-auswerten-2.png\" alt=\"\" class=\"wp-image-808\" style=\"width:400px\" srcset=\"https:\/\/wordpress.nibis.de\/portal-interne-evaluation-bbs\/files\/2026\/03\/SebeiSch-BBS-ergaenzende-Angaben-auswerten-2.png 546w, https:\/\/wordpress.nibis.de\/portal-interne-evaluation-bbs\/files\/2026\/03\/SebeiSch-BBS-ergaenzende-Angaben-auswerten-2-300x272.png 300w, https:\/\/wordpress.nibis.de\/portal-interne-evaluation-bbs\/files\/2026\/03\/SebeiSch-BBS-ergaenzende-Angaben-auswerten-2-100x91.png 100w\" sizes=\"auto, (max-width: 546px) 100vw, 546px\" \/><\/figure>\n<\/div>\n\n\n<p>W\u00e4hlen Sie anschlie\u00dfend die gew\u00fcnschte SebeiSch-BBS aus, deren Angaben Sie gemeinsam einsehen und auswerten m\u00f6chten.<\/p>\n\n\n<div class=\"wp-block-image\">\n<figure class=\"aligncenter size-large is-resized\"><img loading=\"lazy\" decoding=\"async\" width=\"1024\" height=\"81\" src=\"https:\/\/wordpress.nibis.de\/portal-interne-evaluation-bbs\/files\/2026\/03\/SebeiSch-BBS-ergaenzende-Angaben-auswerten-3-1024x81.png\" alt=\"\" class=\"wp-image-810\" style=\"width:710px\" srcset=\"https:\/\/wordpress.nibis.de\/portal-interne-evaluation-bbs\/files\/2026\/03\/SebeiSch-BBS-ergaenzende-Angaben-auswerten-3-1024x81.png 1024w, https:\/\/wordpress.nibis.de\/portal-interne-evaluation-bbs\/files\/2026\/03\/SebeiSch-BBS-ergaenzende-Angaben-auswerten-3-300x24.png 300w, https:\/\/wordpress.nibis.de\/portal-interne-evaluation-bbs\/files\/2026\/03\/SebeiSch-BBS-ergaenzende-Angaben-auswerten-3-768x60.png 768w, https:\/\/wordpress.nibis.de\/portal-interne-evaluation-bbs\/files\/2026\/03\/SebeiSch-BBS-ergaenzende-Angaben-auswerten-3-100x8.png 100w, https:\/\/wordpress.nibis.de\/portal-interne-evaluation-bbs\/files\/2026\/03\/SebeiSch-BBS-ergaenzende-Angaben-auswerten-3.png 1511w\" sizes=\"auto, (max-width: 1024px) 100vw, 1024px\" \/><\/figure>\n<\/div>\n\n\n<p><strong>Schritt 3:<\/strong> W\u00e4hlen Sie nun die Kernaufgabe aus. Wurde im Vorfeld entschieden, die Eintragungen nicht anonymisiert zu speichern, besteht an dieser Stelle dennoch die Option, die Namen der Teilnehmenden, z.B. f\u00fcr einen gemeinsamen Blick auf die Ergebnisse, auszublenden.<\/p>\n\n\n<div class=\"wp-block-image\">\n<figure class=\"aligncenter size-large is-resized\"><img loading=\"lazy\" decoding=\"async\" width=\"1024\" height=\"195\" src=\"https:\/\/wordpress.nibis.de\/portal-interne-evaluation-bbs\/files\/2026\/03\/SebeiSch-BBS-ergaenzende-Angaben-auswerten-4-1024x195.png\" alt=\"\" class=\"wp-image-812\" style=\"width:710px\" srcset=\"https:\/\/wordpress.nibis.de\/portal-interne-evaluation-bbs\/files\/2026\/03\/SebeiSch-BBS-ergaenzende-Angaben-auswerten-4-1024x195.png 1024w, https:\/\/wordpress.nibis.de\/portal-interne-evaluation-bbs\/files\/2026\/03\/SebeiSch-BBS-ergaenzende-Angaben-auswerten-4-300x57.png 300w, https:\/\/wordpress.nibis.de\/portal-interne-evaluation-bbs\/files\/2026\/03\/SebeiSch-BBS-ergaenzende-Angaben-auswerten-4-768x146.png 768w, https:\/\/wordpress.nibis.de\/portal-interne-evaluation-bbs\/files\/2026\/03\/SebeiSch-BBS-ergaenzende-Angaben-auswerten-4-100x19.png 100w, https:\/\/wordpress.nibis.de\/portal-interne-evaluation-bbs\/files\/2026\/03\/SebeiSch-BBS-ergaenzende-Angaben-auswerten-4.png 1522w\" sizes=\"auto, (max-width: 1024px) 100vw, 1024px\" \/><\/figure>\n<\/div>\n\n\n<p>Nun k\u00f6nnen Sie die Texte (St\u00e4rken, Verbesserungspotentiale, Anregungen, Anmerkungen) einsehen, die die Teilnehmenden zu Ihrer, im Vorfeld festgelegten, Kernaufgabe dokumentiert haben.<\/p>\n\n\n<div class=\"wp-block-image\">\n<figure class=\"aligncenter size-large is-resized\"><img loading=\"lazy\" decoding=\"async\" width=\"1024\" height=\"421\" src=\"https:\/\/wordpress.nibis.de\/portal-interne-evaluation-bbs\/files\/2026\/03\/A17812E1-01B8-4CDC-9814-A0AA95CF56CB-1024x421.png\" alt=\"\" class=\"wp-image-814\" style=\"width:710px\" srcset=\"https:\/\/wordpress.nibis.de\/portal-interne-evaluation-bbs\/files\/2026\/03\/A17812E1-01B8-4CDC-9814-A0AA95CF56CB-1024x421.png 1024w, https:\/\/wordpress.nibis.de\/portal-interne-evaluation-bbs\/files\/2026\/03\/A17812E1-01B8-4CDC-9814-A0AA95CF56CB-300x123.png 300w, https:\/\/wordpress.nibis.de\/portal-interne-evaluation-bbs\/files\/2026\/03\/A17812E1-01B8-4CDC-9814-A0AA95CF56CB-768x316.png 768w, https:\/\/wordpress.nibis.de\/portal-interne-evaluation-bbs\/files\/2026\/03\/A17812E1-01B8-4CDC-9814-A0AA95CF56CB-100x41.png 100w, https:\/\/wordpress.nibis.de\/portal-interne-evaluation-bbs\/files\/2026\/03\/A17812E1-01B8-4CDC-9814-A0AA95CF56CB.png 1509w\" sizes=\"auto, (max-width: 1024px) 100vw, 1024px\" \/><\/figure>\n<\/div>\n\n\n<p>Auf die gleiche Weise k\u00f6nnen Sie nun mit allen, von Ihnen festgelegten Kernaufgaben verfahren und die dokumentierten Angaben einsehen.<\/p>\n","protected":false},"excerpt":{"rendered":"<p>Wenn Sie eine SebeiSch-BBS angelegt haben, k\u00f6nnen Sie die erg\u00e4nzten Angaben (Texteingaben) der Teilnehmenden einsehen. Diese sind nur einzusehen, wenn die SebeiSch-BBS \u201enicht anonymisiert\u201c angelegt wurde. Die Ergebnisse k\u00f6nnen so in einer gemeinsamen Teamsitzung als Gespr\u00e4chsanlass dienen, um ein Gesamtergebnis der Befragungsgruppe festzuhalten oder gemeinsame Entwicklungsziele festzulegen. Schritt 1: Gehen Sie auf dem Dashboard auf &hellip; <a href=\"https:\/\/wordpress.nibis.de\/portal-interne-evaluation-bbs\/sebeisch-bbs-ergaenzende-angaben-auswerten-2\/\" class=\"more-link\"><span class=\"screen-reader-text\">SebeiSch-BBS erg\u00e4nzende Angaben auswerten<\/span> weiterlesen <span class=\"meta-nav\">&rarr;<\/span><\/a><\/p>\n","protected":false},"author":9194395,"featured_media":0,"parent":0,"menu_order":0,"comment_status":"closed","ping_status":"closed","template":"","meta":{"footnotes":""},"class_list":["post-558","page","type-page","status-publish","hentry"],"_links":{"self":[{"href":"https:\/\/wordpress.nibis.de\/portal-interne-evaluation-bbs\/wp-json\/wp\/v2\/pages\/558","targetHints":{"allow":["GET"]}}],"collection":[{"href":"https:\/\/wordpress.nibis.de\/portal-interne-evaluation-bbs\/wp-json\/wp\/v2\/pages"}],"about":[{"href":"https:\/\/wordpress.nibis.de\/portal-interne-evaluation-bbs\/wp-json\/wp\/v2\/types\/page"}],"author":[{"embeddable":true,"href":"https:\/\/wordpress.nibis.de\/portal-interne-evaluation-bbs\/wp-json\/wp\/v2\/users\/9194395"}],"replies":[{"embeddable":true,"href":"https:\/\/wordpress.nibis.de\/portal-interne-evaluation-bbs\/wp-json\/wp\/v2\/comments?post=558"}],"version-history":[{"count":8,"href":"https:\/\/wordpress.nibis.de\/portal-interne-evaluation-bbs\/wp-json\/wp\/v2\/pages\/558\/revisions"}],"predecessor-version":[{"id":818,"href":"https:\/\/wordpress.nibis.de\/portal-interne-evaluation-bbs\/wp-json\/wp\/v2\/pages\/558\/revisions\/818"}],"wp:attachment":[{"href":"https:\/\/wordpress.nibis.de\/portal-interne-evaluation-bbs\/wp-json\/wp\/v2\/media?parent=558"}],"curies":[{"name":"wp","href":"https:\/\/api.w.org\/{rel}","templated":true}]}}