{"id":563,"date":"2026-03-03T10:32:14","date_gmt":"2026-03-03T09:32:14","guid":{"rendered":"https:\/\/wordpress.nibis.de\/portal-interne-evaluation-bbs\/?page_id=563"},"modified":"2026-03-30T11:14:55","modified_gmt":"2026-03-30T09:14:55","slug":"sebeisch-bbs-ergaenzende-anforderungen-hinzufuegen","status":"publish","type":"page","link":"https:\/\/wordpress.nibis.de\/portal-interne-evaluation-bbs\/sebeisch-bbs-ergaenzende-anforderungen-hinzufuegen\/","title":{"rendered":"SebeiSch-BBS erg\u00e4nzende Anforderungen hinzuf\u00fcgen"},"content":{"rendered":"\n<p>Sie k\u00f6nnen als Administrator\/in zus\u00e4tzliche schulweite Anforderungen einstellen. Beachten Sie hierbei, dass diese Anforderungen die Prozesseinsch\u00e4tzungen beeinflussen kann.<\/p>\n\n\n\n<div class=\"wp-block-file\"><a id=\"wp-block-file--media-d97c0fca-865b-48c0-9183-7c7113b48735\" href=\"https:\/\/wordpress.nibis.de\/portal-interne-evaluation-bbs\/files\/2026\/03\/Kurzanleitung-SebeiSch-BBS-als-Admin-ergaenzende-Angaben-hinzufuegen.pdf\">Die Kurzanleitung SebeiSch-BBS als Admin erg\u00e4nzende Angaben hinzuf\u00fcgen zum Download<\/a><\/div>\n\n\n\n<p><strong>Schritt 1:<\/strong> Um als Administrator Ihrer SebeiSch-BBS \u201eerg\u00e4nzende Angaben\u201c hinzuzuf\u00fcgen, w\u00e4hlen Sie auf dem Dashboard den Button \u201eSebeiSch-BBS\u201c. Beachten Sie, dass jede neue SebeiSch-BBS fortan diese Anforderungen enthalten wird.<\/p>\n\n\n\n<p>Weitere wichtige Hinweise erhalten Sie auf dem <a href=\"https:\/\/wordpress.nibis.de\/portal-interne-evaluation-bbs\/sebeisch-bbs\/\">OnePager_Info_SebeiSch-2022<\/a>.<\/p>\n\n\n<div class=\"wp-block-image\">\n<figure class=\"aligncenter size-large is-resized\"><img loading=\"lazy\" decoding=\"async\" width=\"1024\" height=\"494\" src=\"https:\/\/wordpress.nibis.de\/portal-interne-evaluation-bbs\/files\/2026\/03\/SebeiSch-BBS-als-Admin-ergaenzende-Angaben-hinzufuegen-1-1024x494.png\" alt=\"\" class=\"wp-image-775\" style=\"width:710px\" srcset=\"https:\/\/wordpress.nibis.de\/portal-interne-evaluation-bbs\/files\/2026\/03\/SebeiSch-BBS-als-Admin-ergaenzende-Angaben-hinzufuegen-1-1024x494.png 1024w, https:\/\/wordpress.nibis.de\/portal-interne-evaluation-bbs\/files\/2026\/03\/SebeiSch-BBS-als-Admin-ergaenzende-Angaben-hinzufuegen-1-300x145.png 300w, https:\/\/wordpress.nibis.de\/portal-interne-evaluation-bbs\/files\/2026\/03\/SebeiSch-BBS-als-Admin-ergaenzende-Angaben-hinzufuegen-1-768x370.png 768w, https:\/\/wordpress.nibis.de\/portal-interne-evaluation-bbs\/files\/2026\/03\/SebeiSch-BBS-als-Admin-ergaenzende-Angaben-hinzufuegen-1-100x48.png 100w, https:\/\/wordpress.nibis.de\/portal-interne-evaluation-bbs\/files\/2026\/03\/SebeiSch-BBS-als-Admin-ergaenzende-Angaben-hinzufuegen-1-1536x740.png 1536w, https:\/\/wordpress.nibis.de\/portal-interne-evaluation-bbs\/files\/2026\/03\/SebeiSch-BBS-als-Admin-ergaenzende-Angaben-hinzufuegen-1.png 1562w\" sizes=\"auto, (max-width: 1024px) 100vw, 1024px\" \/><\/figure>\n<\/div>\n\n\n<p><strong>Schritt 2:<\/strong> \u00dcber das Auswahlfeld k\u00f6nnen Sie eine oder mehrere Kernaufgaben ausw\u00e4hlen, f\u00fcr die Sie zus\u00e4tzliche Anforderungen eintragen m\u00f6chten.<\/p>\n\n\n<div class=\"wp-block-image\">\n<figure class=\"aligncenter size-large is-resized\"><img loading=\"lazy\" decoding=\"async\" width=\"1024\" height=\"220\" src=\"https:\/\/wordpress.nibis.de\/portal-interne-evaluation-bbs\/files\/2026\/03\/SebeiSch-BBS-als-Admin-ergaenzende-Angaben-hinzufuegen-2-1024x220.png\" alt=\"\" class=\"wp-image-778\" style=\"width:710px\" srcset=\"https:\/\/wordpress.nibis.de\/portal-interne-evaluation-bbs\/files\/2026\/03\/SebeiSch-BBS-als-Admin-ergaenzende-Angaben-hinzufuegen-2-1024x220.png 1024w, https:\/\/wordpress.nibis.de\/portal-interne-evaluation-bbs\/files\/2026\/03\/SebeiSch-BBS-als-Admin-ergaenzende-Angaben-hinzufuegen-2-300x64.png 300w, https:\/\/wordpress.nibis.de\/portal-interne-evaluation-bbs\/files\/2026\/03\/SebeiSch-BBS-als-Admin-ergaenzende-Angaben-hinzufuegen-2-768x165.png 768w, https:\/\/wordpress.nibis.de\/portal-interne-evaluation-bbs\/files\/2026\/03\/SebeiSch-BBS-als-Admin-ergaenzende-Angaben-hinzufuegen-2-100x21.png 100w, https:\/\/wordpress.nibis.de\/portal-interne-evaluation-bbs\/files\/2026\/03\/SebeiSch-BBS-als-Admin-ergaenzende-Angaben-hinzufuegen-2.png 1537w\" sizes=\"auto, (max-width: 1024px) 100vw, 1024px\" \/><\/figure>\n<\/div>\n\n\n<p><strong>Schritt 3:<\/strong> F\u00fcgen Sie eine Anforderung an die Kernaufgabe zu und speichern Sie Ihre Eingabe ab. Dies k\u00f6nnen Sie durch den Button \u201ehinzuf\u00fcgen\u201c f\u00fcr weitere gew\u00fcnschte Anforderungen erg\u00e4nzen. Diesen Vorgang k\u00f6nnen Sie f\u00fcr weitere Kernaufgaben Ihrer Wahl wiederholen.<\/p>\n\n\n\n<p>Beachten Sie, Ihre Eingaben \u00fcber den Button \u201espeichern\u201c zu sichern.<\/p>\n\n\n<div class=\"wp-block-image\">\n<figure class=\"aligncenter size-large is-resized\"><img loading=\"lazy\" decoding=\"async\" width=\"1024\" height=\"592\" src=\"https:\/\/wordpress.nibis.de\/portal-interne-evaluation-bbs\/files\/2026\/03\/SebeiSch-BBS-als-Admin-ergaenzende-Angaben-hinzufuegen-3-1024x592.png\" alt=\"\" class=\"wp-image-780\" style=\"width:710px\" srcset=\"https:\/\/wordpress.nibis.de\/portal-interne-evaluation-bbs\/files\/2026\/03\/SebeiSch-BBS-als-Admin-ergaenzende-Angaben-hinzufuegen-3-1024x592.png 1024w, https:\/\/wordpress.nibis.de\/portal-interne-evaluation-bbs\/files\/2026\/03\/SebeiSch-BBS-als-Admin-ergaenzende-Angaben-hinzufuegen-3-300x173.png 300w, https:\/\/wordpress.nibis.de\/portal-interne-evaluation-bbs\/files\/2026\/03\/SebeiSch-BBS-als-Admin-ergaenzende-Angaben-hinzufuegen-3-768x444.png 768w, https:\/\/wordpress.nibis.de\/portal-interne-evaluation-bbs\/files\/2026\/03\/SebeiSch-BBS-als-Admin-ergaenzende-Angaben-hinzufuegen-3-100x58.png 100w, https:\/\/wordpress.nibis.de\/portal-interne-evaluation-bbs\/files\/2026\/03\/SebeiSch-BBS-als-Admin-ergaenzende-Angaben-hinzufuegen-3.png 1499w\" sizes=\"auto, (max-width: 1024px) 100vw, 1024px\" \/><\/figure>\n<\/div>\n\n<div class=\"wp-block-image\">\n<figure class=\"aligncenter size-large is-resized\"><img loading=\"lazy\" decoding=\"async\" width=\"1024\" height=\"181\" src=\"https:\/\/wordpress.nibis.de\/portal-interne-evaluation-bbs\/files\/2026\/03\/SebeiSch-BBS-als-Admin-ergaenzende-Angaben-hinzufuegen-4-1024x181.png\" alt=\"\" class=\"wp-image-782\" style=\"width:710px\" srcset=\"https:\/\/wordpress.nibis.de\/portal-interne-evaluation-bbs\/files\/2026\/03\/SebeiSch-BBS-als-Admin-ergaenzende-Angaben-hinzufuegen-4-1024x181.png 1024w, https:\/\/wordpress.nibis.de\/portal-interne-evaluation-bbs\/files\/2026\/03\/SebeiSch-BBS-als-Admin-ergaenzende-Angaben-hinzufuegen-4-300x53.png 300w, https:\/\/wordpress.nibis.de\/portal-interne-evaluation-bbs\/files\/2026\/03\/SebeiSch-BBS-als-Admin-ergaenzende-Angaben-hinzufuegen-4-768x135.png 768w, https:\/\/wordpress.nibis.de\/portal-interne-evaluation-bbs\/files\/2026\/03\/SebeiSch-BBS-als-Admin-ergaenzende-Angaben-hinzufuegen-4-100x18.png 100w, https:\/\/wordpress.nibis.de\/portal-interne-evaluation-bbs\/files\/2026\/03\/SebeiSch-BBS-als-Admin-ergaenzende-Angaben-hinzufuegen-4.png 1520w\" sizes=\"auto, (max-width: 1024px) 100vw, 1024px\" \/><\/figure>\n<\/div>","protected":false},"excerpt":{"rendered":"<p>Sie k\u00f6nnen als Administrator\/in zus\u00e4tzliche schulweite Anforderungen einstellen. Beachten Sie hierbei, dass diese Anforderungen die Prozesseinsch\u00e4tzungen beeinflussen kann. Schritt 1: Um als Administrator Ihrer SebeiSch-BBS \u201eerg\u00e4nzende Angaben\u201c hinzuzuf\u00fcgen, w\u00e4hlen Sie auf dem Dashboard den Button \u201eSebeiSch-BBS\u201c. Beachten Sie, dass jede neue SebeiSch-BBS fortan diese Anforderungen enthalten wird. Weitere wichtige Hinweise erhalten Sie auf dem OnePager_Info_SebeiSch-2022. &hellip; <a href=\"https:\/\/wordpress.nibis.de\/portal-interne-evaluation-bbs\/sebeisch-bbs-ergaenzende-anforderungen-hinzufuegen\/\" class=\"more-link\"><span class=\"screen-reader-text\">SebeiSch-BBS erg\u00e4nzende Anforderungen hinzuf\u00fcgen<\/span> weiterlesen <span class=\"meta-nav\">&rarr;<\/span><\/a><\/p>\n","protected":false},"author":9194395,"featured_media":0,"parent":0,"menu_order":0,"comment_status":"closed","ping_status":"closed","template":"","meta":{"footnotes":""},"class_list":["post-563","page","type-page","status-publish","hentry"],"_links":{"self":[{"href":"https:\/\/wordpress.nibis.de\/portal-interne-evaluation-bbs\/wp-json\/wp\/v2\/pages\/563","targetHints":{"allow":["GET"]}}],"collection":[{"href":"https:\/\/wordpress.nibis.de\/portal-interne-evaluation-bbs\/wp-json\/wp\/v2\/pages"}],"about":[{"href":"https:\/\/wordpress.nibis.de\/portal-interne-evaluation-bbs\/wp-json\/wp\/v2\/types\/page"}],"author":[{"embeddable":true,"href":"https:\/\/wordpress.nibis.de\/portal-interne-evaluation-bbs\/wp-json\/wp\/v2\/users\/9194395"}],"replies":[{"embeddable":true,"href":"https:\/\/wordpress.nibis.de\/portal-interne-evaluation-bbs\/wp-json\/wp\/v2\/comments?post=563"}],"version-history":[{"count":8,"href":"https:\/\/wordpress.nibis.de\/portal-interne-evaluation-bbs\/wp-json\/wp\/v2\/pages\/563\/revisions"}],"predecessor-version":[{"id":785,"href":"https:\/\/wordpress.nibis.de\/portal-interne-evaluation-bbs\/wp-json\/wp\/v2\/pages\/563\/revisions\/785"}],"wp:attachment":[{"href":"https:\/\/wordpress.nibis.de\/portal-interne-evaluation-bbs\/wp-json\/wp\/v2\/media?parent=563"}],"curies":[{"name":"wp","href":"https:\/\/api.w.org\/{rel}","templated":true}]}}