{"id":59,"date":"2024-08-01T14:12:14","date_gmt":"2024-08-01T12:12:14","guid":{"rendered":"https:\/\/wordpress.nibis.de\/portal-interne-evaluation-bbs\/?page_id=59"},"modified":"2024-08-20T12:34:33","modified_gmt":"2024-08-20T10:34:33","slug":"qm-instrumente","status":"publish","type":"page","link":"https:\/\/wordpress.nibis.de\/portal-interne-evaluation-bbs\/qm-instrumente\/","title":{"rendered":"QM-Instrumente"},"content":{"rendered":"\n<figure class=\"wp-block-table is-style-stripes\"><table><thead><tr><td><strong>Instrumente des schulischen<\/strong><br><strong>Qualit\u00e4tsmanagements<\/strong><\/td><td><strong>Teilnehmerinnen<\/strong><br><strong>und Teilnehmer<\/strong><\/td><td><strong>Bezugszeitraum<\/strong><\/td><\/tr><\/thead><tbody><tr><td><strong>SebeiSch&nbsp;&#8211; BBS 2022<\/strong><br>(Selbstbewertung in berufsbildenden Schulen)<\/td><td>Selbstbewertungen auf allen Ebenen der Schulorganisation durch&nbsp;<strong>frei w\u00e4hlbare Bewertungsgruppen und schulindividuell zusammengestellte Kernaufgaben<\/strong>, z. B. durch Schulleitungsteams<br>Bildungsgangsgruppen<br>Fachgruppen<\/td><td>schul- oder gruppenspezifischer Turnus<\/td><\/tr><tr><td><strong>Sch\u00fcBe-BBS<\/strong><br>(Befragung der Sch\u00fclerinnen und Sch\u00fcler)<\/td><td>Alle Sch\u00fclerinnen und Sch\u00fcler der Schule<\/td><td>i. d. R. das Schuljahr<\/td><\/tr><tr><td><strong>LeBe-BBS<\/strong><br>(Befragung der Lehrkr\u00e4fte)<\/td><td>Alle Lehrkr\u00e4fte der Schule<\/td><td>schulspezifischer Turnus<\/td><\/tr><tr><td><strong>UB-BBS f\u00fcr Lehrkr\u00e4fte<\/strong><br>(Unterrichtsbeobachtungsbogen f\u00fcr Lehrkr\u00e4fte)<\/td><td>Lehrkraft der Lerngruppe und ggf. Kollegin oder Kollege<\/td><td>Unterrichtsstunde<\/td><\/tr><tr><td><strong>UB-BBS f\u00fcr Lerngruppen<\/strong><br>(Unterrichtsbeobachtungsbogen f\u00fcr Sch\u00fclerinnen und Sch\u00fcler)<\/td><td>Lerngruppe<\/td><td>Unterrichtsstunde<\/td><\/tr><\/tbody><\/table><\/figure>\n","protected":false},"excerpt":{"rendered":"<p>Instrumente des schulischenQualit\u00e4tsmanagements Teilnehmerinnenund Teilnehmer Bezugszeitraum SebeiSch&nbsp;&#8211; BBS 2022(Selbstbewertung in berufsbildenden Schulen) Selbstbewertungen auf allen Ebenen der Schulorganisation durch&nbsp;frei w\u00e4hlbare Bewertungsgruppen und schulindividuell zusammengestellte Kernaufgaben, z. B. durch SchulleitungsteamsBildungsgangsgruppenFachgruppen schul- oder gruppenspezifischer Turnus Sch\u00fcBe-BBS(Befragung der Sch\u00fclerinnen und Sch\u00fcler) Alle Sch\u00fclerinnen und Sch\u00fcler der Schule i. d. R. das Schuljahr LeBe-BBS(Befragung der Lehrkr\u00e4fte) Alle Lehrkr\u00e4fte der &hellip; <a href=\"https:\/\/wordpress.nibis.de\/portal-interne-evaluation-bbs\/qm-instrumente\/\" class=\"more-link\"><span class=\"screen-reader-text\">QM-Instrumente<\/span> weiterlesen <span class=\"meta-nav\">&rarr;<\/span><\/a><\/p>\n","protected":false},"author":9194395,"featured_media":0,"parent":0,"menu_order":0,"comment_status":"closed","ping_status":"closed","template":"","meta":{"footnotes":""},"class_list":["post-59","page","type-page","status-publish","hentry"],"_links":{"self":[{"href":"https:\/\/wordpress.nibis.de\/portal-interne-evaluation-bbs\/wp-json\/wp\/v2\/pages\/59","targetHints":{"allow":["GET"]}}],"collection":[{"href":"https:\/\/wordpress.nibis.de\/portal-interne-evaluation-bbs\/wp-json\/wp\/v2\/pages"}],"about":[{"href":"https:\/\/wordpress.nibis.de\/portal-interne-evaluation-bbs\/wp-json\/wp\/v2\/types\/page"}],"author":[{"embeddable":true,"href":"https:\/\/wordpress.nibis.de\/portal-interne-evaluation-bbs\/wp-json\/wp\/v2\/users\/9194395"}],"replies":[{"embeddable":true,"href":"https:\/\/wordpress.nibis.de\/portal-interne-evaluation-bbs\/wp-json\/wp\/v2\/comments?post=59"}],"version-history":[{"count":8,"href":"https:\/\/wordpress.nibis.de\/portal-interne-evaluation-bbs\/wp-json\/wp\/v2\/pages\/59\/revisions"}],"predecessor-version":[{"id":94,"href":"https:\/\/wordpress.nibis.de\/portal-interne-evaluation-bbs\/wp-json\/wp\/v2\/pages\/59\/revisions\/94"}],"wp:attachment":[{"href":"https:\/\/wordpress.nibis.de\/portal-interne-evaluation-bbs\/wp-json\/wp\/v2\/media?parent=59"}],"curies":[{"name":"wp","href":"https:\/\/api.w.org\/{rel}","templated":true}]}}