{"id":624,"date":"2026-03-26T06:21:07","date_gmt":"2026-03-26T05:21:07","guid":{"rendered":"https:\/\/wordpress.nibis.de\/portal-interne-evaluation-bbs\/?page_id=624"},"modified":"2026-03-30T15:18:59","modified_gmt":"2026-03-30T13:18:59","slug":"lebe-bbs-beteiligungsquote-pruefen","status":"publish","type":"page","link":"https:\/\/wordpress.nibis.de\/portal-interne-evaluation-bbs\/lebe-bbs-beteiligungsquote-pruefen\/","title":{"rendered":"LeBe-BBS: Beteiligungsquote pr\u00fcfen"},"content":{"rendered":"\n<p>W\u00e4hrend einer laufenden LeBe-BBS Befragung k\u00f6nnen Sie pr\u00fcfen, wie viele Lehrkr\u00e4fte bereits an der Befragung teilgenommen haben.<\/p>\n\n\n\n<div class=\"wp-block-file\"><a id=\"wp-block-file--media-b97c6b68-31a0-4237-9805-9e87d427074a\" href=\"https:\/\/wordpress.nibis.de\/portal-interne-evaluation-bbs\/files\/2026\/03\/Kurzanleitung-LeBe-BBS-Beteiligungsquote-pruefen-Admin.pdf\">Die Kurzanleitung LeBe-BBS Beteiligungsquote pr\u00fcfen Admin zum Download<\/a><\/div>\n\n\n\n<p><strong>Schritt 1:<\/strong> Gehen Sie mit einem Klick in den Men\u00fcpunkt LeBe-BBS Befragung.<\/p>\n\n\n<div class=\"wp-block-image\">\n<figure class=\"aligncenter size-full is-resized\"><img loading=\"lazy\" decoding=\"async\" width=\"756\" height=\"538\" src=\"https:\/\/wordpress.nibis.de\/portal-interne-evaluation-bbs\/files\/2026\/03\/LeBe-BBS-Beteiligungsquote-pruefen-1.png\" alt=\"\" class=\"wp-image-625\" style=\"aspect-ratio:1.4052294372294372;width:416px;height:auto\" srcset=\"https:\/\/wordpress.nibis.de\/portal-interne-evaluation-bbs\/files\/2026\/03\/LeBe-BBS-Beteiligungsquote-pruefen-1.png 756w, https:\/\/wordpress.nibis.de\/portal-interne-evaluation-bbs\/files\/2026\/03\/LeBe-BBS-Beteiligungsquote-pruefen-1-300x213.png 300w, https:\/\/wordpress.nibis.de\/portal-interne-evaluation-bbs\/files\/2026\/03\/LeBe-BBS-Beteiligungsquote-pruefen-1-100x71.png 100w\" sizes=\"auto, (max-width: 756px) 100vw, 756px\" \/><\/figure>\n<\/div>\n\n\n<p><strong>Schritt 2:<\/strong> Gehen Sie auf den Men\u00fcpunkt \u201eLeBe-BBS Status\u201c.<\/p>\n\n\n<div class=\"wp-block-image\">\n<figure class=\"aligncenter size-large is-resized\"><img loading=\"lazy\" decoding=\"async\" width=\"1024\" height=\"242\" src=\"https:\/\/wordpress.nibis.de\/portal-interne-evaluation-bbs\/files\/2026\/03\/LeBe-BBS-Beteiligungsquote-pruefen-2-1024x242.png\" alt=\"\" class=\"wp-image-626\" style=\"width:710px\" srcset=\"https:\/\/wordpress.nibis.de\/portal-interne-evaluation-bbs\/files\/2026\/03\/LeBe-BBS-Beteiligungsquote-pruefen-2-1024x242.png 1024w, https:\/\/wordpress.nibis.de\/portal-interne-evaluation-bbs\/files\/2026\/03\/LeBe-BBS-Beteiligungsquote-pruefen-2-300x71.png 300w, https:\/\/wordpress.nibis.de\/portal-interne-evaluation-bbs\/files\/2026\/03\/LeBe-BBS-Beteiligungsquote-pruefen-2-768x181.png 768w, https:\/\/wordpress.nibis.de\/portal-interne-evaluation-bbs\/files\/2026\/03\/LeBe-BBS-Beteiligungsquote-pruefen-2-100x24.png 100w, https:\/\/wordpress.nibis.de\/portal-interne-evaluation-bbs\/files\/2026\/03\/LeBe-BBS-Beteiligungsquote-pruefen-2.png 1308w\" sizes=\"auto, (max-width: 1024px) 100vw, 1024px\" \/><\/figure>\n<\/div>\n\n\n<p><strong>Schritt 3: <\/strong>In der \u00dcbersicht \u00fcber die LeBe-BBS Befragungen k\u00f6nnen Sie w\u00e4hrend der laufenden Befragung sehen, wie viele Lehrkr\u00e4fte an der Befragung teilgenommen haben (hier: 0 von 10).<\/p>\n\n\n<div class=\"wp-block-image\">\n<figure class=\"aligncenter size-large is-resized\"><img loading=\"lazy\" decoding=\"async\" width=\"1024\" height=\"506\" src=\"https:\/\/wordpress.nibis.de\/portal-interne-evaluation-bbs\/files\/2026\/03\/LeBe-BBS-Beteiligungsquote-pruefen-3-1024x506.png\" alt=\"\" class=\"wp-image-627\" style=\"width:710px\" srcset=\"https:\/\/wordpress.nibis.de\/portal-interne-evaluation-bbs\/files\/2026\/03\/LeBe-BBS-Beteiligungsquote-pruefen-3-1024x506.png 1024w, https:\/\/wordpress.nibis.de\/portal-interne-evaluation-bbs\/files\/2026\/03\/LeBe-BBS-Beteiligungsquote-pruefen-3-300x148.png 300w, https:\/\/wordpress.nibis.de\/portal-interne-evaluation-bbs\/files\/2026\/03\/LeBe-BBS-Beteiligungsquote-pruefen-3-768x379.png 768w, https:\/\/wordpress.nibis.de\/portal-interne-evaluation-bbs\/files\/2026\/03\/LeBe-BBS-Beteiligungsquote-pruefen-3-100x49.png 100w, https:\/\/wordpress.nibis.de\/portal-interne-evaluation-bbs\/files\/2026\/03\/LeBe-BBS-Beteiligungsquote-pruefen-3.png 1306w\" sizes=\"auto, (max-width: 1024px) 100vw, 1024px\" \/><\/figure>\n<\/div>\n\n\n<p><strong>Schritt 4: <\/strong>Um weitere Details zur Teilnahme einzusehen, gehen Sie auf die laufende Befragung (Aktiv). Sie k\u00f6nnen hier die Beteiligung der einzelnen Befragungsgruppen einsehen (z. B. AbtPflege).<\/p>\n\n\n<div class=\"wp-block-image\">\n<figure class=\"aligncenter size-large is-resized\"><img loading=\"lazy\" decoding=\"async\" width=\"1024\" height=\"491\" src=\"https:\/\/wordpress.nibis.de\/portal-interne-evaluation-bbs\/files\/2026\/03\/LeBe-BBS-Beteiligungsquote-pruefen-4-1024x491.png\" alt=\"\" class=\"wp-image-628\" style=\"width:710px\" srcset=\"https:\/\/wordpress.nibis.de\/portal-interne-evaluation-bbs\/files\/2026\/03\/LeBe-BBS-Beteiligungsquote-pruefen-4-1024x491.png 1024w, https:\/\/wordpress.nibis.de\/portal-interne-evaluation-bbs\/files\/2026\/03\/LeBe-BBS-Beteiligungsquote-pruefen-4-300x144.png 300w, https:\/\/wordpress.nibis.de\/portal-interne-evaluation-bbs\/files\/2026\/03\/LeBe-BBS-Beteiligungsquote-pruefen-4-768x369.png 768w, https:\/\/wordpress.nibis.de\/portal-interne-evaluation-bbs\/files\/2026\/03\/LeBe-BBS-Beteiligungsquote-pruefen-4-100x48.png 100w, https:\/\/wordpress.nibis.de\/portal-interne-evaluation-bbs\/files\/2026\/03\/LeBe-BBS-Beteiligungsquote-pruefen-4.png 1315w\" sizes=\"auto, (max-width: 1024px) 100vw, 1024px\" \/><\/figure>\n<\/div>","protected":false},"excerpt":{"rendered":"<p>W\u00e4hrend einer laufenden LeBe-BBS Befragung k\u00f6nnen Sie pr\u00fcfen, wie viele Lehrkr\u00e4fte bereits an der Befragung teilgenommen haben. Schritt 1: Gehen Sie mit einem Klick in den Men\u00fcpunkt LeBe-BBS Befragung. Schritt 2: Gehen Sie auf den Men\u00fcpunkt \u201eLeBe-BBS Status\u201c. Schritt 3: In der \u00dcbersicht \u00fcber die LeBe-BBS Befragungen k\u00f6nnen Sie w\u00e4hrend der laufenden Befragung sehen, wie &hellip; <a href=\"https:\/\/wordpress.nibis.de\/portal-interne-evaluation-bbs\/lebe-bbs-beteiligungsquote-pruefen\/\" class=\"more-link\"><span class=\"screen-reader-text\">LeBe-BBS: Beteiligungsquote pr\u00fcfen<\/span> weiterlesen <span class=\"meta-nav\">&rarr;<\/span><\/a><\/p>\n","protected":false},"author":9194395,"featured_media":0,"parent":0,"menu_order":0,"comment_status":"closed","ping_status":"closed","template":"","meta":{"footnotes":""},"class_list":["post-624","page","type-page","status-publish","hentry"],"_links":{"self":[{"href":"https:\/\/wordpress.nibis.de\/portal-interne-evaluation-bbs\/wp-json\/wp\/v2\/pages\/624","targetHints":{"allow":["GET"]}}],"collection":[{"href":"https:\/\/wordpress.nibis.de\/portal-interne-evaluation-bbs\/wp-json\/wp\/v2\/pages"}],"about":[{"href":"https:\/\/wordpress.nibis.de\/portal-interne-evaluation-bbs\/wp-json\/wp\/v2\/types\/page"}],"author":[{"embeddable":true,"href":"https:\/\/wordpress.nibis.de\/portal-interne-evaluation-bbs\/wp-json\/wp\/v2\/users\/9194395"}],"replies":[{"embeddable":true,"href":"https:\/\/wordpress.nibis.de\/portal-interne-evaluation-bbs\/wp-json\/wp\/v2\/comments?post=624"}],"version-history":[{"count":4,"href":"https:\/\/wordpress.nibis.de\/portal-interne-evaluation-bbs\/wp-json\/wp\/v2\/pages\/624\/revisions"}],"predecessor-version":[{"id":867,"href":"https:\/\/wordpress.nibis.de\/portal-interne-evaluation-bbs\/wp-json\/wp\/v2\/pages\/624\/revisions\/867"}],"wp:attachment":[{"href":"https:\/\/wordpress.nibis.de\/portal-interne-evaluation-bbs\/wp-json\/wp\/v2\/media?parent=624"}],"curies":[{"name":"wp","href":"https:\/\/api.w.org\/{rel}","templated":true}]}}