{"id":674,"date":"2026-03-30T08:41:16","date_gmt":"2026-03-30T06:41:16","guid":{"rendered":"https:\/\/wordpress.nibis.de\/portal-interne-evaluation-bbs\/?page_id=674"},"modified":"2026-03-30T08:52:52","modified_gmt":"2026-03-30T06:52:52","slug":"ub-bbs-ausfuellen","status":"publish","type":"page","link":"https:\/\/wordpress.nibis.de\/portal-interne-evaluation-bbs\/ub-bbs-ausfuellen\/","title":{"rendered":"UB-BBS ausf\u00fcllen"},"content":{"rendered":"\n<div class=\"wp-block-file\"><a id=\"wp-block-file--media-eb111e7d-fb24-424c-bd5c-9e26c81216e3\" href=\"https:\/\/wordpress.nibis.de\/portal-interne-evaluation-bbs\/files\/2026\/03\/Kurzanleitung-UB-BBS-ausfuellen.pdf\">Die Kurzanleitung UB-BBS ausf\u00fcllen zum Download<\/a><\/div>\n\n\n\n<p><strong>Schritt 1:<\/strong> Gehen Sie auf den Men\u00fcpunkt \u201eUB-BBS\u201c und w\u00e4hlen Sie die gew\u00fcnschte Unterrichtsbeobachtung-BBS aus.<\/p>\n\n\n\n<figure class=\"wp-block-image size-large is-resized\"><img loading=\"lazy\" decoding=\"async\" width=\"1024\" height=\"327\" src=\"https:\/\/wordpress.nibis.de\/portal-interne-evaluation-bbs\/files\/2026\/03\/UB-BBS-ausfuellen-1-1024x327.png\" alt=\"Dashboard Ansicht Auswahl UB-BBS\" class=\"wp-image-675\" style=\"width:715px\" srcset=\"https:\/\/wordpress.nibis.de\/portal-interne-evaluation-bbs\/files\/2026\/03\/UB-BBS-ausfuellen-1-1024x327.png 1024w, https:\/\/wordpress.nibis.de\/portal-interne-evaluation-bbs\/files\/2026\/03\/UB-BBS-ausfuellen-1-300x96.png 300w, https:\/\/wordpress.nibis.de\/portal-interne-evaluation-bbs\/files\/2026\/03\/UB-BBS-ausfuellen-1-768x245.png 768w, https:\/\/wordpress.nibis.de\/portal-interne-evaluation-bbs\/files\/2026\/03\/UB-BBS-ausfuellen-1-100x32.png 100w, https:\/\/wordpress.nibis.de\/portal-interne-evaluation-bbs\/files\/2026\/03\/UB-BBS-ausfuellen-1.png 1319w\" sizes=\"auto, (max-width: 1024px) 100vw, 1024px\" \/><\/figure>\n\n\n\n<p><strong>Schritt 2:<\/strong> Gehen Sie auf den Men\u00fcpunkt \u201eUB-BBS ausf\u00fcllen\u201c. W\u00e4hlen Sie anschlie\u00dfend \u00fcber den Pfeil die Unterrichtsbeobachtung aus, mit der Sie gerne arbeiten m\u00f6chten.<\/p>\n\n\n\n<figure class=\"wp-block-image size-large is-resized\"><img loading=\"lazy\" decoding=\"async\" width=\"1024\" height=\"217\" src=\"https:\/\/wordpress.nibis.de\/portal-interne-evaluation-bbs\/files\/2026\/03\/UB-BBS-ausfuellen-2-1024x217.png\" alt=\"\" class=\"wp-image-681\" style=\"width:715px\" srcset=\"https:\/\/wordpress.nibis.de\/portal-interne-evaluation-bbs\/files\/2026\/03\/UB-BBS-ausfuellen-2-1024x217.png 1024w, https:\/\/wordpress.nibis.de\/portal-interne-evaluation-bbs\/files\/2026\/03\/UB-BBS-ausfuellen-2-300x63.png 300w, https:\/\/wordpress.nibis.de\/portal-interne-evaluation-bbs\/files\/2026\/03\/UB-BBS-ausfuellen-2-768x162.png 768w, https:\/\/wordpress.nibis.de\/portal-interne-evaluation-bbs\/files\/2026\/03\/UB-BBS-ausfuellen-2-100x21.png 100w, https:\/\/wordpress.nibis.de\/portal-interne-evaluation-bbs\/files\/2026\/03\/UB-BBS-ausfuellen-2.png 1314w\" sizes=\"auto, (max-width: 1024px) 100vw, 1024px\" \/><\/figure>\n\n\n\n<p><strong>Schritt 3:<\/strong> \u00dcber den Stift-Button k\u00f6nnen Sie nun die von Ihnen gew\u00e4hlte Unterrichtsbeobachtung vornehmen und den Unterrichtsbeobachtungsbogen ausf\u00fcllen.<\/p>\n\n\n\n<figure class=\"wp-block-image size-large is-resized\"><img loading=\"lazy\" decoding=\"async\" width=\"1024\" height=\"222\" src=\"https:\/\/wordpress.nibis.de\/portal-interne-evaluation-bbs\/files\/2026\/03\/UB-BBS-ausfuellen-3-1024x222.png\" alt=\"\" class=\"wp-image-683\" style=\"width:715px\" srcset=\"https:\/\/wordpress.nibis.de\/portal-interne-evaluation-bbs\/files\/2026\/03\/UB-BBS-ausfuellen-3-1024x222.png 1024w, https:\/\/wordpress.nibis.de\/portal-interne-evaluation-bbs\/files\/2026\/03\/UB-BBS-ausfuellen-3-300x65.png 300w, https:\/\/wordpress.nibis.de\/portal-interne-evaluation-bbs\/files\/2026\/03\/UB-BBS-ausfuellen-3-768x166.png 768w, https:\/\/wordpress.nibis.de\/portal-interne-evaluation-bbs\/files\/2026\/03\/UB-BBS-ausfuellen-3-100x22.png 100w, https:\/\/wordpress.nibis.de\/portal-interne-evaluation-bbs\/files\/2026\/03\/UB-BBS-ausfuellen-3.png 1316w\" sizes=\"auto, (max-width: 1024px) 100vw, 1024px\" \/><\/figure>\n\n\n\n<p><strong>Schritt 4<\/strong>: Beantworten Sie hier alle notwendigen Fragen. Best\u00e4tigen Sie Ihre Eingaben \u00fcber den \u201eSpeichern-Button\u201c, daraufhin wird ein gr\u00fcner Haken auf der Reiterebene f\u00fcr die jeweils ausgef\u00fcllte Kategorie erscheinen. Wenn Sie den Pfeil auf \u201eIndikatoren anzeigen\u201c bet\u00e4tigen, \u00f6ffnet sich eine Auflistung von Indikatoren.<\/p>\n\n\n\n<figure class=\"wp-block-image size-large is-resized\"><img loading=\"lazy\" decoding=\"async\" width=\"1024\" height=\"431\" src=\"https:\/\/wordpress.nibis.de\/portal-interne-evaluation-bbs\/files\/2026\/03\/UB-BBS-ausfuellen-4-1024x431.png\" alt=\"\" class=\"wp-image-685\" style=\"width:715px\" srcset=\"https:\/\/wordpress.nibis.de\/portal-interne-evaluation-bbs\/files\/2026\/03\/UB-BBS-ausfuellen-4-1024x431.png 1024w, https:\/\/wordpress.nibis.de\/portal-interne-evaluation-bbs\/files\/2026\/03\/UB-BBS-ausfuellen-4-300x126.png 300w, https:\/\/wordpress.nibis.de\/portal-interne-evaluation-bbs\/files\/2026\/03\/UB-BBS-ausfuellen-4-768x323.png 768w, https:\/\/wordpress.nibis.de\/portal-interne-evaluation-bbs\/files\/2026\/03\/UB-BBS-ausfuellen-4-100x42.png 100w, https:\/\/wordpress.nibis.de\/portal-interne-evaluation-bbs\/files\/2026\/03\/UB-BBS-ausfuellen-4.png 1341w\" sizes=\"auto, (max-width: 1024px) 100vw, 1024px\" \/><\/figure>\n\n\n\n<p>Die Indikatoren geben Ihnen hier eine Orientierung, welche Verhaltensweisen zu beobachten sein sollten, um das Item als zutreffend zu bewerten. Es m\u00fcssen dabei nicht alle Indikatoren erf\u00fcllt sein, um bei einem Item \u201etrifft zu\u201c anzukreuzen. Es k\u00f6nnen auch zwei Indikatoren so stark ausgepr\u00e4gt sein, dass der Beobachtende das Item als zutreffend einsch\u00e4tzt.<\/p>\n\n\n\n<figure class=\"wp-block-image size-large is-resized\"><img loading=\"lazy\" decoding=\"async\" width=\"1024\" height=\"287\" src=\"https:\/\/wordpress.nibis.de\/portal-interne-evaluation-bbs\/files\/2026\/03\/UB-BBS-ausfuellen-5-1024x287.png\" alt=\"\" class=\"wp-image-687\" style=\"width:715px\" srcset=\"https:\/\/wordpress.nibis.de\/portal-interne-evaluation-bbs\/files\/2026\/03\/UB-BBS-ausfuellen-5-1024x287.png 1024w, https:\/\/wordpress.nibis.de\/portal-interne-evaluation-bbs\/files\/2026\/03\/UB-BBS-ausfuellen-5-300x84.png 300w, https:\/\/wordpress.nibis.de\/portal-interne-evaluation-bbs\/files\/2026\/03\/UB-BBS-ausfuellen-5-768x215.png 768w, https:\/\/wordpress.nibis.de\/portal-interne-evaluation-bbs\/files\/2026\/03\/UB-BBS-ausfuellen-5-100x28.png 100w, https:\/\/wordpress.nibis.de\/portal-interne-evaluation-bbs\/files\/2026\/03\/UB-BBS-ausfuellen-5.png 1331w\" sizes=\"auto, (max-width: 1024px) 100vw, 1024px\" \/><\/figure>\n\n\n\n<p><strong>Schritt 5: <\/strong>Best\u00e4tigen Sie Ihre Eingaben durch \u201eSpeichern\u201c<\/p>\n\n\n\n<p><\/p>\n","protected":false},"excerpt":{"rendered":"<p>Schritt 1: Gehen Sie auf den Men\u00fcpunkt \u201eUB-BBS\u201c und w\u00e4hlen Sie die gew\u00fcnschte Unterrichtsbeobachtung-BBS aus. Schritt 2: Gehen Sie auf den Men\u00fcpunkt \u201eUB-BBS ausf\u00fcllen\u201c. W\u00e4hlen Sie anschlie\u00dfend \u00fcber den Pfeil die Unterrichtsbeobachtung aus, mit der Sie gerne arbeiten m\u00f6chten. Schritt 3: \u00dcber den Stift-Button k\u00f6nnen Sie nun die von Ihnen gew\u00e4hlte Unterrichtsbeobachtung vornehmen und den &hellip; <a href=\"https:\/\/wordpress.nibis.de\/portal-interne-evaluation-bbs\/ub-bbs-ausfuellen\/\" class=\"more-link\"><span class=\"screen-reader-text\">UB-BBS ausf\u00fcllen<\/span> weiterlesen <span class=\"meta-nav\">&rarr;<\/span><\/a><\/p>\n","protected":false},"author":9194395,"featured_media":0,"parent":0,"menu_order":0,"comment_status":"closed","ping_status":"closed","template":"","meta":{"footnotes":""},"class_list":["post-674","page","type-page","status-publish","hentry"],"_links":{"self":[{"href":"https:\/\/wordpress.nibis.de\/portal-interne-evaluation-bbs\/wp-json\/wp\/v2\/pages\/674","targetHints":{"allow":["GET"]}}],"collection":[{"href":"https:\/\/wordpress.nibis.de\/portal-interne-evaluation-bbs\/wp-json\/wp\/v2\/pages"}],"about":[{"href":"https:\/\/wordpress.nibis.de\/portal-interne-evaluation-bbs\/wp-json\/wp\/v2\/types\/page"}],"author":[{"embeddable":true,"href":"https:\/\/wordpress.nibis.de\/portal-interne-evaluation-bbs\/wp-json\/wp\/v2\/users\/9194395"}],"replies":[{"embeddable":true,"href":"https:\/\/wordpress.nibis.de\/portal-interne-evaluation-bbs\/wp-json\/wp\/v2\/comments?post=674"}],"version-history":[{"count":10,"href":"https:\/\/wordpress.nibis.de\/portal-interne-evaluation-bbs\/wp-json\/wp\/v2\/pages\/674\/revisions"}],"predecessor-version":[{"id":691,"href":"https:\/\/wordpress.nibis.de\/portal-interne-evaluation-bbs\/wp-json\/wp\/v2\/pages\/674\/revisions\/691"}],"wp:attachment":[{"href":"https:\/\/wordpress.nibis.de\/portal-interne-evaluation-bbs\/wp-json\/wp\/v2\/media?parent=674"}],"curies":[{"name":"wp","href":"https:\/\/api.w.org\/{rel}","templated":true}]}}